{"id":8943,"date":"2025-03-27T17:49:12","date_gmt":"2025-03-27T06:49:12","guid":{"rendered":"https:\/\/workerchecks.com\/?post_type=product&#038;p=8943"},"modified":"2025-11-17T13:37:31","modified_gmt":"2025-11-17T02:37:31","slug":"xac-minh-danh-tinh","status":"publish","type":"product","link":"https:\/\/workerchecks.com\/vi\/product\/verification-of-identity\/","title":{"rendered":"X\u00e1c minh danh t\u00ednh"},"content":{"rendered":"<div>\n<h3 id=\"verificationofidentityvoicheck\">X\u00e1c minh danh t\u00ednh (VOI) \u2013 X\u00e1c minh danh t\u00ednh sinh tr\u1eafc h\u1ecdc tr\u1ef1c tuy\u1ebfn<\/h3>\n<h4 id=\"howdoesworkerchecksverifymyidentity\">Worker Checks x\u00e1c minh danh t\u00ednh c\u1ee7a t\u00f4i tr\u1ef1c tuy\u1ebfn nh\u01b0 th\u1ebf n\u00e0o?<\/h4>\n<p>\n    Worker Checks s\u1eed d\u1ee5ng c\u00f4ng ngh\u1ec7 x\u00e1c th\u1ef1c danh t\u00ednh sinh tr\u1eafc h\u1ecdc an to\u00e0n \u0111\u1ec3 so s\u00e1nh khu\u00f4n m\u1eb7t c\u1ee7a b\u1ea1n v\u1edbi t\u00e0i li\u1ec7u x\u00e1c th\u1ef1c danh t\u00ednh \u0111\u00e3 \u0111\u01b0\u1ee3c x\u00e1c minh.<br \/>\n    To\u00e0n b\u1ed9 quy tr\u00ecnh X\u00e1c minh Danh t\u00ednh (VOI) \u0111\u01b0\u1ee3c th\u1ef1c hi\u1ec7n tr\u1ef1c tuy\u1ebfn th\u00f4ng qua \u0111i\u1ec7n tho\u1ea1i di \u0111\u1ed9ng c\u1ee7a b\u1ea1n.\n  <\/p>\n<ol>\n<li><strong>B\u1eaft \u0111\u1ea7u x\u00e1c minh<\/strong>Nh\u1eadn li\u00ean k\u1ebft qua tin nh\u1eafn SMS v\u00e0 b\u1eaft \u0111\u1ea7u quy tr\u00ecnh VOI tr\u00ean \u0111i\u1ec7n tho\u1ea1i di \u0111\u1ed9ng ho\u1eb7c m\u00e1y t\u00ednh b\u1ea3ng c\u1ee7a b\u1ea1n.<\/li>\n<li><strong>Ch\u1ee5p \u1ea3nh selfie tr\u1ef1c ti\u1ebfp<\/strong>Ch\u1ee5p m\u1ed9t b\u1ee9c \u1ea3nh selfie th\u00f4ng th\u01b0\u1eddng v\u00e0 m\u1ed9t b\u1ee9c \u1ea3nh selfie c\u01b0\u1eddi \u0111\u1ec3 h\u1ec7 th\u1ed1ng c\u1ee7a ch\u00fang t\u00f4i c\u00f3 th\u1ec3 x\u00e1c minh \u201c\u0111\u1ed9 s\u1ed1ng \u0111\u1ed9ng\u201d v\u00e0 ng\u0103n ch\u1eb7n vi\u1ec7c gi\u1ea3 m\u1ea1o.<\/li>\n<li><strong>T\u1ea3i l\u00ean gi\u1ea5y t\u1edd t\u00f9y th\u00e2n c\u1ee7a b\u1ea1n<\/strong>Ch\u1ee5p \u1ea3nh h\u1ed9 chi\u1ebfu ho\u1eb7c gi\u1ea5y ph\u00e9p l\u00e1i xe c\u1ee7a b\u1ea1n. T\u00e0i li\u1ec7u s\u1ebd \u0111\u01b0\u1ee3c ki\u1ec3m tra th\u00f4ng qua D\u1ecbch v\u1ee5 X\u00e1c minh T\u00e0i li\u1ec7u c\u1ee7a Ch\u00ednh ph\u1ee7 \u00dac (DVS) v\u00e0 \u0111\u00e1nh gi\u00e1 v\u1ec1 t\u00ednh x\u00e1c th\u1ef1c.<\/li>\n<li><strong>Nh\u1eadn k\u1ebft qu\u1ea3 VOI c\u1ee7a b\u1ea1n<\/strong>Sau khi x\u00e1c minh, b\u1ea1n s\u1ebd nh\u1eadn \u0111\u01b0\u1ee3c tin nh\u1eafn SMS v\u00e0 email. K\u1ebft qu\u1ea3 VOI c\u1ee7a b\u1ea1n \u0111\u01b0\u1ee3c l\u01b0u tr\u1eef trong portal Worker Checks an to\u00e0n c\u1ee7a b\u1ea1n \u0111\u1ec3 in ho\u1eb7c chia s\u1ebb tr\u1ef1c tuy\u1ebfn v\u1edbi nh\u00e0 tuy\u1ec3n d\u1ee5ng v\u00e0 t\u1ed5 ch\u1ee9c.<\/li>\n<\/ol>\n<h4 id=\"mobilephonerequirement\">C\u1ea7n c\u00f3 \u0111i\u1ec7n tho\u1ea1i di \u0111\u1ed9ng ho\u1eb7c m\u00e1y t\u00ednh b\u1ea3ng.<\/h4>\n<p>\n    \u0110\u1ec3 ho\u00e0n t\u1ea5t qu\u00e1 tr\u00ecnh X\u00e1c minh Danh t\u00ednh tr\u1ef1c tuy\u1ebfn, b\u1ea1n c\u1ea7n c\u00f3 m\u1ed9t \u0111i\u1ec7n tho\u1ea1i di \u0111\u1ed9ng ho\u1eb7c m\u00e1y t\u00ednh b\u1ea3ng c\u00f3 camera ho\u1ea1t \u0111\u1ed9ng.<br \/>\n    Thi\u1ebft b\u1ecb c\u1ee7a b\u1ea1n \u0111\u01b0\u1ee3c s\u1eed d\u1ee5ng \u0111\u1ec3 ch\u1ee5p \u1ea3nh c\u00e1c gi\u1ea5y t\u1edd t\u00f9y th\u00e2n v\u00e0 \u1ea3nh selfie c\u1ee7a b\u1ea1n, sau \u0111\u00f3 c\u00e1c h\u00ecnh \u1ea3nh n\u00e0y s\u1ebd \u0111\u01b0\u1ee3c x\u1eed l\u00fd b\u1eb1ng c\u00f4ng ngh\u1ec7 nh\u1eadn di\u1ec7n khu\u00f4n m\u1eb7t v\u00e0 c\u00f4ng ngh\u1ec7 nh\u1eadn d\u1ea1ng k\u00fd t\u1ef1 quang h\u1ecdc (OCR) \u0111\u1ec3 x\u00e1c minh danh t\u00ednh c\u1ee7a b\u1ea1n.\n  <\/p>\n<h4 id=\"whyverifyyouridentityonline\">T\u1ea1i sao n\u00ean th\u1ef1c hi\u1ec7n ki\u1ec3m tra VOI tr\u1ef1c tuy\u1ebfn?<\/h4>\n<p>\n    Ki\u1ec3m tra x\u00e1c minh danh t\u00ednh ng\u00e0y c\u00e0ng \u0111\u01b0\u1ee3c y\u00eau c\u1ea7u b\u1edfi c\u00e1c nh\u00e0 tuy\u1ec3n d\u1ee5ng, c\u00f4ng ty tuy\u1ec3n d\u1ee5ng, c\u01a1 s\u1edf gi\u00e1o d\u1ee5c v\u00e0 c\u00e1c t\u1ed5 ch\u1ee9c kh\u00e1c t\u1ea1i \u00dac.<br \/>\n    \u0110\u1ec3 x\u00e1c minh danh t\u00ednh c\u1ee7a m\u1ed9t ng\u01b0\u1eddi trong qu\u00e1 tr\u00ecnh s\u00e0ng l\u1ecdc tr\u01b0\u1edbc khi tuy\u1ec3n d\u1ee5ng, qu\u00e1 tr\u00ecnh onboarding, tuy\u1ec3n d\u1ee5ng t\u1eeb xa v\u00e0 t\u1ea1o h\u1ed3 s\u01a1 tr\u1ef1c tuy\u1ebfn.<br \/>\n    M\u1ed9t giao d\u1ecbch tr\u1ef1c tuy\u1ebfn VOI v\u1edbi Worker Checks gi\u00fap qu\u00e1 tr\u00ecnh n\u00e0y di\u1ec5n ra nhanh ch\u00f3ng h\u01a1n, an to\u00e0n h\u01a1n v\u00e0 ho\u00e0n to\u00e0n s\u1ed1 h\u00f3a.\n  <\/p>\n<h4 id=\"requireddocuments\">C\u00e1c t\u00e0i li\u1ec7u c\u1ea7n thi\u1ebft \u2013 M\u1ed9t trong c\u00e1c t\u00e0i li\u1ec7u sau:<\/h4>\n<ul>\n<li><strong>H\u1ed9 chi\u1ebfu \u00dac<\/strong> (c\u00f3 th\u1ec3 ch\u1ea5p nh\u1eadn h\u1ebft h\u1ea1n \u0111\u1ebfn 3 n\u0103m)<\/li>\n<li><strong>H\u1ed9 chi\u1ebfu n\u01b0\u1edbc ngo\u00e0i<\/strong> (ch\u1ec9 hi\u1ec7n t\u1ea1i)<\/li>\n<li><strong>Gi\u1ea5y ph\u00e9p l\u00e1i xe \u00dac<\/strong>, Gi\u1ea5y ph\u00e9p h\u1ecdc l\u00e1i xe, ho\u1eb7c Gi\u1ea5y ph\u00e9p l\u00e1i xe t\u1ea1m th\u1eddi<\/li>\n<\/ul>\n<h4 id=\"verificationdetails\">Nh\u1eefng th\u00f4ng tin n\u00e0o \u0111\u01b0\u1ee3c bao g\u1ed3m trong k\u1ebft qu\u1ea3 x\u00e1c minh danh t\u00ednh c\u1ee7a b\u1ea1n?<\/h4>\n<p>B\u00e1o c\u00e1o VOI c\u1ee7a b\u1ea1n bao g\u1ed3m h\u00ecnh \u1ea3nh c\u1ee7a t\u00e0i li\u1ec7u nh\u1eadn d\u1ea1ng sinh tr\u1eafc h\u1ecdc \u0111\u01b0\u1ee3c s\u1eed d\u1ee5ng c\u00f9ng v\u1edbi c\u00e1c chi ti\u1ebft \u0111\u00e3 \u0111\u01b0\u1ee3c x\u00e1c minh sau \u0111\u00e2y:<\/p>\n<ul>\n<li>T\u00ean \u0111\u1ea7y \u0111\u1ee7 theo ph\u00e1p lu\u1eadt<\/li>\n<li>Ng\u00e0y sinh<\/li>\n<li>\u0110\u1ecba ch\u1ec9 (n\u1ebfu c\u00f3)<\/li>\n<li>T\u00e0i li\u1ec7u \u0111\u01b0\u1ee3c s\u1eed d\u1ee5ng cho vi\u1ec7c \u0111\u1ed1i chi\u1ebfu sinh tr\u1eafc h\u1ecdc<\/li>\n<li>Ng\u00e0y v\u00e0 gi\u1edd \u0111\u00e3 \u0111\u01b0\u1ee3c x\u00e1c minh<\/li>\n<\/ul>\n<h4 id=\"aboutworkerchecks\">V\u1ec1 Worker Checks \u2013 X\u00e1c minh danh t\u00ednh \u0111\u00e1ng tin c\u1eady v\u00e0 ki\u1ec3m tra l\u00fd l\u1ecbch lao \u0111\u1ed9ng<\/h4>\n<p>\n    Worker Checks Pty Ltd, c\u00f3 tr\u1ee5 s\u1edf t\u1ea1i Melbourne, \u00dac, l\u00e0 nh\u00e0 cung c\u1ea5p chuy\u00ean nghi\u1ec7p c\u00e1c d\u1ecbch v\u1ee5 ki\u1ec3m tra l\u00fd l\u1ecbch c\u1ea3nh s\u00e1t v\u00e0 s\u00e0ng l\u1ecdc nh\u00e2n s\u1ef1 li\u00ean quan \u0111\u1ebfn vi\u1ec7c tuy\u1ec3n d\u1ee5ng, bao g\u1ed3m:\n  <\/p>\n<ul>\n<li>Ki\u1ec3m tra l\u00fd l\u1ecbch h\u00ecnh s\u1ef1 \u0111\u01b0\u1ee3c ph\u1ed1i h\u1ee3p tr\u00ean to\u00e0n qu\u1ed1c (NCCHC)<\/li>\n<li>Ki\u1ec3m tra C\u1ea3nh s\u00e1t AFP<\/li>\n<li>Ki\u1ec3m tra C\u1ea3nh s\u00e1t Qu\u1ed1c t\u1ebf<\/li>\n<li>VEVO Ki\u1ec3m tra quy\u1ec1n l\u00e0m vi\u1ec7c (VISA)<\/li>\n<li>X\u00e1c minh danh t\u00ednh tr\u1ef1c tuy\u1ebfn (VOI)<\/li>\n<\/ul>\n<p>\n    \u0110\u1ec3 x\u00e1c minh danh t\u00ednh nhanh ch\u00f3ng, \u0111\u00e1ng tin c\u1eady v\u00e0 ho\u00e0n to\u00e0n tr\u1ef1c tuy\u1ebfn, h\u00e3y ch\u1ecdn Worker Checks cho d\u1ecbch v\u1ee5 X\u00e1c minh Danh t\u00ednh (VOI) c\u1ee7a b\u1ea1n.\n  <\/p>\n<p>  [button text=\u201dTh\u00eam v\u00e0o gi\u1ecf h\u00e0ng &gt;\u201d radius=\u201d28\u2033 expand=\u201dtrue\u201d icon=\u201dicon-angle-right\u201d link=\u201d<a href=\"https:\/\/workerchecks.com\/vi\/product-category\/identity-checks\/?add-to-cart=8995&#8243;%5D\">https:\/\/workerchecks.com\/product-category\/identity-checks\/?add-to-cart=8995&#8243;%5D<\/a>\n<\/p><\/div>","protected":false},"excerpt":{"rendered":"<p>X\u00e1c minh danh t\u00ednh (VOI) \u2013 X\u00e1c minh danh t\u00ednh sinh tr\u1eafc h\u1ecdc tr\u1ef1c tuy\u1ebfn Worker Checks x\u00e1c minh danh t\u00ednh c\u1ee7a t\u00f4i tr\u1ef1c tuy\u1ebfn nh\u01b0 th\u1ebf n\u00e0o? Worker Checks s\u1eed d\u1ee5ng c\u00f4ng ngh\u1ec7 x\u00e1c minh danh t\u00ednh sinh tr\u1eafc h\u1ecdc an to\u00e0n \u0111\u1ec3 so s\u00e1nh khu\u00f4n m\u1eb7t c\u1ee7a b\u1ea1n v\u1edbi t\u00e0i li\u1ec7u x\u00e1c minh danh t\u00ednh \u0111\u00e3 \u0111\u01b0\u1ee3c x\u00e1c th\u1ef1c. To\u00e0n b\u1ed9 quy tr\u00ecnh x\u00e1c minh danh t\u00ednh (VOI) \u0111\u01b0\u1ee3c th\u1ef1c hi\u1ec7n tr\u1ef1c tuy\u1ebfn th\u00f4ng qua \u0111i\u1ec7n tho\u1ea1i di \u0111\u1ed9ng c\u1ee7a b\u1ea1n. B\u1eaft \u0111\u1ea7u x\u00e1c minh: Nh\u1eadn li\u00ean k\u1ebft SMS v\u00e0\u2026<\/p>","protected":false},"featured_media":8942,"template":"","meta":{"_kadence_starter_templates_imported_post":false,"_kad_post_transparent":"default","_kad_post_title":"","_kad_post_layout":"default","_kad_post_sidebar_id":"","_kad_post_content_style":"default","_kad_post_vertical_padding":"default","_kad_post_feature":"","_kad_post_feature_position":"","_kad_post_header":false,"_kad_post_footer":false,"_kad_post_classname":""},"product_brand":[],"product_cat":[1353627],"product_tag":[1353593],"class_list":{"0":"post-8943","1":"product","2":"type-product","3":"status-publish","4":"has-post-thumbnail","6":"product_cat-identity-eligibility-checks","7":"product_tag-verification-of-identity","9":"first","10":"instock","11":"virtual","12":"taxable","13":"purchasable","14":"product-type-simple","15":"entry","16":"content-bg","17":"loop-entry"},"_links":{"self":[{"href":"https:\/\/workerchecks.com\/vi\/wp-json\/wp\/v2\/product\/8943","targetHints":{"allow":["GET"]}}],"collection":[{"href":"https:\/\/workerchecks.com\/vi\/wp-json\/wp\/v2\/product"}],"about":[{"href":"https:\/\/workerchecks.com\/vi\/wp-json\/wp\/v2\/types\/product"}],"wp:featuredmedia":[{"embeddable":true,"href":"https:\/\/workerchecks.com\/vi\/wp-json\/wp\/v2\/media\/8942"}],"wp:attachment":[{"href":"https:\/\/workerchecks.com\/vi\/wp-json\/wp\/v2\/media?parent=8943"}],"wp:term":[{"taxonomy":"product_brand","embeddable":true,"href":"https:\/\/workerchecks.com\/vi\/wp-json\/wp\/v2\/product_brand?post=8943"},{"taxonomy":"product_cat","embeddable":true,"href":"https:\/\/workerchecks.com\/vi\/wp-json\/wp\/v2\/product_cat?post=8943"},{"taxonomy":"product_tag","embeddable":true,"href":"https:\/\/workerchecks.com\/vi\/wp-json\/wp\/v2\/product_tag?post=8943"}],"curies":[{"name":"wp","href":"https:\/\/api.w.org\/{rel}","templated":true}]}}