{"id":7026,"date":"2024-05-13T20:57:41","date_gmt":"2024-05-13T10:57:41","guid":{"rendered":"https:\/\/workerchecks.com\/?post_type=product&#038;p=7026"},"modified":"2026-05-05T12:02:20","modified_gmt":"2026-05-05T02:02:20","slug":"kiem-tra-canh-sat-quoc-te","status":"publish","type":"product","link":"https:\/\/workerchecks.com\/vi\/product\/international-police-check\/","title":{"rendered":"Ki\u1ec3m tra c\u1ea3nh s\u00e1t qu\u1ed1c t\u1ebf"},"content":{"rendered":"<div>\n<hr \/>\n<h3 id=\"internationalpolicecheckinternationalcriminalhistorycheck\">Ki\u1ec3m tra l\u00fd l\u1ecbch t\u01b0 ph\u00e1p qu\u1ed1c t\u1ebf (Ki\u1ec3m tra l\u00fd l\u1ecbch t\u01b0 ph\u00e1p qu\u1ed1c t\u1ebf)<\/h3>\n<h4 id=\"whygetaninternationalpolicecheck\">T\u1ea1i sao ph\u1ea3i ki\u1ec3m tra l\u00fd l\u1ecbch t\u01b0 ph\u00e1p qu\u1ed1c t\u1ebf?<\/h4>\n<p>N\u1ebfu b\u1ea1n m\u1edbi \u0111\u1ebfn \u00dac ho\u1eb7c \u0111\u00e3 \u1edf n\u01b0\u1edbc ngo\u00e0i h\u01a1n s\u00e1u th\u00e1ng, nh\u00e0 tuy\u1ec3n d\u1ee5ng c\u00f3 th\u1ec3 y\u00eau c\u1ea7u b\u1ea1n l\u00e0m Ki\u1ec3m tra L\u00fd l\u1ecbch T\u01b0 ph\u00e1p Qu\u1ed1c t\u1ebf \u0111\u1ec3 s\u00e0ng l\u1ecdc tr\u01b0\u1edbc khi tuy\u1ec3n d\u1ee5ng. Ki\u1ec3m tra n\u00e0y c\u00f2n \u0111\u01b0\u1ee3c g\u1ecdi l\u00e0 l\u00fd l\u1ecbch t\u01b0 ph\u00e1p \u1edf n\u01b0\u1edbc ngo\u00e0i ho\u1eb7c ki\u1ec3m tra l\u00fd l\u1ecbch t\u01b0 ph\u00e1p.<\/p>\n<h4 id=\"workerchecksprovides\">Worker Checks cung c\u1ea5p:<\/h4>\n<ul>\n<li><strong>Quy tr\u00ecnh tr\u1ef1c tuy\u1ebfn 100%<\/strong>: T\u1ea3i l\u00ean v\u00e0 g\u1eedi t\u00e0i li\u1ec7u k\u1ef9 thu\u1eadt s\u1ed1 an to\u00e0n th\u00f4ng qua c\u1ed5ng th\u00f4ng tin c\u00e1 nh\u00e2n c\u1ee7a b\u1ea1n.<\/li>\n<li><strong>Ti\u00eau chu\u1ea9n cao<\/strong>: Th\u00edch h\u1ee3p cho sinh vi\u00ean, gi\u00e1o vi\u00ean v\u00e0 nh\u00e2n vi\u00ean y t\u1ebf.<\/li>\n<\/ul>\n<p><strong>Ghi ch\u00fa<\/strong>: Vi\u1ec7c ki\u1ec3m tra c\u1ee7a ch\u00fang t\u00f4i ch\u1ec9 nh\u1eb1m m\u1ee5c \u0111\u00edch s\u00e0ng l\u1ecdc l\u00fd l\u1ecbch (vi\u1ec7c l\u00e0m, tuy\u1ec3n d\u1ee5ng, thu\u00ea m\u01b0\u1edbn) v\u00e0 c\u00f3 th\u1ec3 kh\u00f4ng ph\u00f9 h\u1ee3p cho m\u1ee5c \u0111\u00edch xin th\u1ecb th\u1ef1c v\u00e0 nh\u1eadp c\u01b0. Vui l\u00f2ng ki\u1ec3m tra c\u00e1c y\u00eau c\u1ea7u c\u1ee5 th\u1ec3 tr\u01b0\u1edbc khi ti\u1ebfn h\u00e0nh.<\/p>\n<h4 id=\"whoneedsanoverseaspolicecheck\">Ai c\u1ea7n ki\u1ec3m tra l\u00fd l\u1ecbch t\u01b0 ph\u00e1p \u1edf n\u01b0\u1edbc ngo\u00e0i?<\/h4>\n<ul>\n<li>Sinh vi\u00ean qu\u1ed1c t\u1ebf<\/li>\n<li>Gi\u00e1o vi\u00ean<\/li>\n<li>C\u00e1c b\u00e1c s\u0129 v\u00e0 \u0111i\u1ec1u d\u01b0\u1ee1ng vi\u00ean<\/li>\n<li>Ng\u01b0\u1eddi lao \u0111\u1ed9ng trong n\u1ec1n kinh t\u1ebf chia s\u1ebb (v\u00ed d\u1ee5: Uber)<\/li>\n<li>B\u1ea5t k\u1ef3 ai \u0111\u00e3 s\u1ed1ng ho\u1eb7c l\u00e0m vi\u1ec7c \u1edf n\u01b0\u1edbc ngo\u00e0i trong h\u01a1n s\u00e1u th\u00e1ng<\/li>\n<\/ul>\n<h4 id=\"howtoobtainaninternationalpolicecheck\">L\u00e0m th\u1ebf n\u00e0o \u0111\u1ec3 c\u00f3 \u0111\u01b0\u1ee3c Gi\u1ea5y ki\u1ec3m tra c\u1ea3nh s\u00e1t qu\u1ed1c t\u1ebf:<\/h4>\n<ol>\n<li><strong>\u0110\u1eb7t h\u00e0ng v\u00e0 thanh to\u00e1n<\/strong>: B\u1eaft \u0111\u1ea7u n\u1ed9p \u0111\u01a1n tr\u1ef1c tuy\u1ebfn.<\/li>\n<li><strong>Ho\u00e0n th\u00e0nh \u0111\u01a1n \u0111\u0103ng k\u00fd<\/strong>: Cung c\u1ea5p th\u00f4ng tin c\u00e1 nh\u00e2n ch\u00ednh x\u00e1c v\u00e0 x\u00e1c minh danh t\u00ednh c\u1ee7a b\u1ea1n b\u1eb1ng h\u1ed9 chi\u1ebfu hi\u1ec7n h\u00e0nh.<\/li>\n<li><strong>Nh\u1eadn ch\u1ee9ng ch\u1ec9 c\u1ee7a b\u1ea1n<\/strong>: Truy c\u1eadp ch\u1ee9ng ch\u1ec9 c\u1ee7a b\u1ea1n tr\u00ean c\u1ed5ng th\u00f4ng tin tr\u1ef1c tuy\u1ebfn Worker Checks, in d\u01b0\u1edbi d\u1ea1ng PDF ho\u1eb7c chia s\u1ebb \u0111i\u1ec7n t\u1eed.<\/li>\n<\/ol>\n<h4 id=\"requiredidentification\">Gi\u1ea5y t\u1edd t\u00f9y th\u00e2n b\u1eaft bu\u1ed9c:<\/h4>\n<ul>\n<li>H\u1ed9 chi\u1ebfu \u00dac ho\u1eb7c n\u01b0\u1edbc ngo\u00e0i hi\u1ec7n t\u1ea1i<\/li>\n<li>\u0110\u1ea3m b\u1ea3o m\u1ecdi th\u00f4ng tin \u0111\u1ec1u kh\u1edbp v\u1edbi \u0111\u01a1n \u0111\u0103ng k\u00fd c\u1ee7a b\u1ea1n. Cung c\u1ea5p gi\u1ea5y t\u1edd ch\u1ee9ng minh vi\u1ec7c \u0111\u1ed5i t\u00ean n\u1ebfu c\u1ea7n.<\/li>\n<\/ul>\n<h4 id=\"processingtime\">Th\u1eddi gian x\u1eed l\u00fd:<\/h4>\n<ul>\n<li><strong>5 \u0111\u1ebfn 15 ng\u00e0y l\u00e0m vi\u1ec7c<\/strong>: M\u1ed9t s\u1ed1 l\u1ea7n ki\u1ec3m tra c\u00f3 th\u1ec3 m\u1ea5t nhi\u1ec1u th\u1eddi gian h\u01a1n t\u00f9y thu\u1ed9c v\u00e0o th\u1eddi gian x\u1eed l\u00fd c\u1ee7a c\u00e1c c\u01a1 quan ch\u00ednh ph\u1ee7 \u1edf m\u1ed7i qu\u1ed1c gia.<\/li>\n<\/ul>\n<h4 id=\"certificatedetails\">Chi ti\u1ebft ch\u1ee9ng ch\u1ec9:<\/h4>\n<ul>\n<li><strong>Gi\u1ea5y ch\u1ee9ng nh\u1eadn c\u00f3 th\u1ec3 in<\/strong>: C\u00f3 s\u1eb5n trong t\u00e0i kho\u1ea3n c\u00e1 nh\u00e2n c\u1ee7a b\u1ea1n v\u1edbi t\u00ednh n\u0103ng x\u00e1c th\u1ef1c \u0111\u1ec3 x\u00e1c minh.<\/li>\n<li><strong>Chia s\u1ebb d\u1ec5 d\u00e0ng<\/strong>: Chia s\u1ebb k\u1ebft qu\u1ea3 ki\u1ec3m tra c\u1ee7a b\u1ea1n qua email tr\u1ef1c ti\u1ebfp t\u1eeb c\u1ed5ng th\u00f4ng tin c\u1ee7a b\u1ea1n.<\/li>\n<\/ul>\n<h4 id=\"refundpolicy\">Ch\u00ednh s\u00e1ch ho\u00e0n ti\u1ec1n:<\/h4>\n<ul>\n<li><strong>Kh\u00f4ng ho\u00e0n l\u1ea1i ti\u1ec1n<\/strong>: Sau khi n\u1ed9p \u0111\u01a1n v\u00e0 thanh to\u00e1n, qu\u00e1 tr\u00ecnh s\u1ebd \u0111\u01b0\u1ee3c b\u1eaft \u0111\u1ea7u v\u00e0 kh\u00f4ng \u0111\u01b0\u1ee3c ho\u00e0n l\u1ea1i ti\u1ec1n.<\/li>\n<\/ul>\n<h4 id=\"accessibility\">Kh\u1ea3 n\u0103ng ti\u1ebfp c\u1eadn:<\/h4>\n<ul>\n<li><strong>100% Tr\u1ef1c tuy\u1ebfn<\/strong>: N\u1ed9p \u0111\u01a1n t\u1eeb b\u1ea5t k\u1ef3 n\u01a1i n\u00e0o t\u1ea1i \u00dac.<\/li>\n<\/ul>\n<h4 id=\"validity\">T\u00ednh h\u1ee3p l\u1ec7:<\/h4>\n<ul>\n<li><strong>Ki\u1ec3m tra \u0111i\u1ec3m th\u1eddi gian<\/strong>: Kh\u00f4ng c\u00f3 ng\u00e0y h\u1ebft h\u1ea1n, nh\u01b0ng th\u1eddi h\u1ea1n hi\u1ec7u l\u1ef1c ph\u1ee5 thu\u1ed9c v\u00e0o ch\u00ednh s\u00e1ch c\u1ee7a ng\u01b0\u1eddi s\u1eed d\u1ee5ng lao \u0111\u1ed9ng.<\/li>\n<\/ul>\n<p>\u0110\u1ec3 ki\u1ec3m tra c\u1ea3nh s\u00e1t qu\u1ed1c t\u1ebf nhanh ch\u00f3ng, d\u1ec5 d\u00e0ng v\u00e0 ho\u00e0n to\u00e0n tr\u1ef1c tuy\u1ebfn, h\u00e3y ch\u1ecdn Worker Checks!<\/p>\n<hr \/>\n<\/div>","protected":false},"excerpt":{"rendered":"<p><span style=\"color: #282828;\"><span class=\"x-el x-el-span c1-11 c1-12 c1-b c1-5x c1-3c c1-2y c1-5y\">Ki\u1ec3m tra C\u1ea3nh s\u00e1t Qu\u1ed1c t\u1ebf d\u1ec5 d\u00e0ng v\u1edbi Ki\u1ec3m tra Ng\u01b0\u1eddi lao \u0111\u1ed9ng! Quy tr\u00ecnh tr\u1ef1c tuy\u1ebfn 100% tr\u00ean thi\u1ebft b\u1ecb di \u0111\u1ed9ng. X\u00e1c th\u1ef1c Danh t\u00ednh Sinh tr\u1eafc h\u1ecdc<br \/>\n<\/span><\/span><\/p>\n<p><span class=\"x-el x-el-span c1-11 c1-12 c1-b c1-5x c1-3c c1-2y c1-5y\" style=\"color: #282828;\">\u00a0<\/span><\/p>","protected":false},"featured_media":6020,"template":"","meta":{"_kadence_starter_templates_imported_post":false,"_kad_post_transparent":"default","_kad_post_title":"","_kad_post_layout":"default","_kad_post_sidebar_id":"","_kad_post_content_style":"default","_kad_post_vertical_padding":"default","_kad_post_feature":"","_kad_post_feature_position":"","_kad_post_header":false,"_kad_post_footer":false,"_kad_post_classname":""},"product_brand":[],"product_cat":[1353630],"product_tag":[1353583,1353585,1352720,1353586,1353229,1353228,1353575,1353584],"class_list":{"0":"post-7026","1":"product","2":"type-product","3":"status-publish","4":"has-post-thumbnail","6":"product_cat-police-checks","7":"product_tag-indian-pcc","8":"product_tag-international-criminal-history-check","9":"product_tag-international-police-check","10":"product_tag-overseas-criminal-check","11":"product_tag-overseas-police-check","12":"product_tag-police-check","13":"product_tag-police-clearance","14":"product_tag-uk-police-check","16":"first","17":"instock","18":"taxable","19":"shipping-taxable","20":"purchasable","21":"product-type-variable","22":"entry","23":"content-bg","24":"loop-entry"},"_links":{"self":[{"href":"https:\/\/workerchecks.com\/vi\/wp-json\/wp\/v2\/product\/7026","targetHints":{"allow":["GET"]}}],"collection":[{"href":"https:\/\/workerchecks.com\/vi\/wp-json\/wp\/v2\/product"}],"about":[{"href":"https:\/\/workerchecks.com\/vi\/wp-json\/wp\/v2\/types\/product"}],"wp:featuredmedia":[{"embeddable":true,"href":"https:\/\/workerchecks.com\/vi\/wp-json\/wp\/v2\/media\/6020"}],"wp:attachment":[{"href":"https:\/\/workerchecks.com\/vi\/wp-json\/wp\/v2\/media?parent=7026"}],"wp:term":[{"taxonomy":"product_brand","embeddable":true,"href":"https:\/\/workerchecks.com\/vi\/wp-json\/wp\/v2\/product_brand?post=7026"},{"taxonomy":"product_cat","embeddable":true,"href":"https:\/\/workerchecks.com\/vi\/wp-json\/wp\/v2\/product_cat?post=7026"},{"taxonomy":"product_tag","embeddable":true,"href":"https:\/\/workerchecks.com\/vi\/wp-json\/wp\/v2\/product_tag?post=7026"}],"curies":[{"name":"wp","href":"https:\/\/api.w.org\/{rel}","templated":true}]}}