{"id":6573,"date":"2024-04-04T07:04:32","date_gmt":"2024-04-03T20:04:32","guid":{"rendered":"https:\/\/workerchecks.com\/?post_type=product&#038;p=6573"},"modified":"2026-03-01T21:00:44","modified_gmt":"2026-03-01T10:00:44","slug":"kiem-tra-canh-sat-tinh-nguyen","status":"publish","type":"product","link":"https:\/\/workerchecks.com\/vi\/product\/volunteer-police-check\/","title":{"rendered":"Ki\u1ec3m tra l\u00fd l\u1ecbch h\u00ecnh s\u1ef1 do T\u00ecnh nguy\u1ec7n vi\u00ean \u0111i\u1ec1u ph\u1ed1i tr\u00ean to\u00e0n qu\u1ed1c"},"content":{"rendered":"<div>\n<h2 id=\"volunteerpolicecheck\" style=\"text-align: left;\"><span style=\"color: #282828; font-size: 120%;\">Ki\u1ec3m tra c\u1ea3nh s\u00e1t t\u00ecnh nguy\u1ec7n<\/span><\/h2>\n<h2 id=\"whatisavolunteerpolicecheck\" style=\"text-align: left;\"><span style=\"color: #282828; font-size: 120%;\">Ki\u1ec3m tra c\u1ea3nh s\u00e1t t\u00ecnh nguy\u1ec7n l\u00e0 g\u00ec?<\/span><\/h2>\n<p style=\"text-align: left;\"><span style=\"color: #282828; font-size: 120%;\">Ki\u1ec3m tra l\u00fd l\u1ecbch t\u01b0 ph\u00e1p \u0111\u01b0\u1ee3c \u0111i\u1ec1u ph\u1ed1i to\u00e0n qu\u1ed1c (tr\u01b0\u1edbc \u0111\u00e2y l\u00e0 Ki\u1ec3m tra c\u1ea3nh s\u00e1t qu\u1ed1c gia) gi\u1ea3m gi\u00e1 d\u00e0nh cho t\u00ecnh nguy\u1ec7n vi\u00ean. Worker Checks cung c\u1ea5p <strong>Quy tr\u00ecnh n\u1ed9p \u0111\u01a1n tr\u1ef1c tuy\u1ebfn 100%<\/strong> v\u1edbi k\u1ebft qu\u1ea3 ch\u1ec9 trong th\u1eddi gian ng\u1eafn <strong>m\u1ed9t gi\u1edd<\/strong>.<\/span><\/p>\n<h3 id=\"evidenceofvolunteering\" style=\"text-align: left;\"><span style=\"color: #282828; font-size: 120%;\">B\u1eb1ng ch\u1ee9ng v\u1ec1 t\u00ecnh nguy\u1ec7n<\/span><\/h3>\n<p style=\"text-align: left;\"><span style=\"color: #282828; font-size: 120%;\">B\u1ea1n s\u1ebd c\u1ea7n t\u1ea3i l\u00ean b\u1eb1ng ch\u1ee9ng v\u1ec1 v\u1ecb tr\u00ed t\u00ecnh nguy\u1ec7n kh\u00f4ng \u0111\u01b0\u1ee3c tr\u1ea3 l\u01b0\u01a1ng c\u1ee7a m\u00ecnh, ch\u1eb3ng h\u1ea1n nh\u01b0 th\u01b0 x\u00e1c nh\u1eadn t\u00ecnh nguy\u1ec7n ho\u1eb7c th\u01b0 x\u00e1c nh\u1eadn t\u00ecnh nguy\u1ec7n.<\/span><\/p>\n<h3 id=\"eligibility\" style=\"text-align: left;\"><span style=\"color: #282828; font-size: 120%;\">\u0110i\u1ec1u ki\u1ec7n \u0111\u1ec3 \u0111\u01b0\u1ee3c ki\u1ec3m tra l\u00fd l\u1ecbch t\u01b0 ph\u00e1p t\u00ecnh nguy\u1ec7n<\/span><\/h3>\n<p style=\"text-align: left;\"><span style=\"color: #282828; font-size: 120%;\">Ng\u01b0\u1eddi n\u1ed9p \u0111\u01a1n c\u00f3 th\u1ec3 y\u00eau c\u1ea7u ki\u1ec3m tra l\u00fd l\u1ecbch t\u01b0 ph\u00e1p t\u00ecnh nguy\u1ec7n n\u1ebfu:<\/span><\/p>\n<ul style=\"text-align: left;\">\n<li><span style=\"color: #282828; font-size: 120%;\">Gi\u1eef ch\u1ee9c v\u1ee5 ho\u1eb7c th\u1ef1c hi\u1ec7n vai tr\u00f2 m\u1ed9t c\u00e1ch t\u1ef1 nguy\u1ec7n v\u00ec l\u1ee3i \u00edch chung.<\/span><\/li>\n<li><span style=\"color: #282828; font-size: 120%;\">Kh\u00f4ng ph\u1ea3i l\u00e0 nh\u00e2n vi\u00ean ho\u1eb7c nh\u00e0 th\u1ea7u v\u00e0 kh\u00f4ng nh\u1eadn l\u01b0\u01a1ng ho\u1eb7c c\u00e1c quy\u1ec1n l\u1ee3i kh\u00e1c, ngo\u1ea1i tr\u1eeb c\u00e1c chi ph\u00ed c\u00e1 nh\u00e2n.<\/span><\/li>\n<li><span style=\"color: #282828; font-size: 120%;\">L\u00e0 sinh vi\u00ean tham gia ch\u01b0\u01a1ng tr\u00ecnh th\u1ef1c t\u1eadp ngh\u1ec1 nghi\u1ec7p b\u1eaft bu\u1ed9c kh\u00f4ng l\u01b0\u01a1ng nh\u01b0 m\u1ed9t ph\u1ea7n c\u1ee7a kh\u00f3a \u0111\u00e0o t\u1ea1o t\u1ea1i m\u1ed9t c\u01a1 s\u1edf gi\u00e1o d\u1ee5c c\u00f3 tr\u1ee5 s\u1edf t\u1ea1i \u00dac.<\/span><\/li>\n<\/ul>\n<p style=\"text-align: left;\"><span style=\"color: #282828; font-size: 120%;\"><em>L\u01b0u \u00fd: Kh\u00f4ng th\u1ec3 s\u1eed d\u1ee5ng s\u00e9c n\u00e0y cho Ch\u01b0\u01a1ng tr\u00ecnh L\u00e0m vi\u1ec7c \u0111\u1ec3 nh\u1eadn tr\u1ee3 c\u1ea5p c\u1ee7a Ch\u00ednh ph\u1ee7 \u00dac.<\/em><\/span><\/p>\n<h3 id=\"fastprocessing\" style=\"text-align: left;\"><span style=\"color: #282828; font-size: 120%;\">X\u1eed l\u00fd nhanh ch\u00f3ng c\u00e1c cu\u1ed9c ki\u1ec3m tra c\u1ee7a C\u1ea3nh s\u00e1t Qu\u1ed1c gia<\/span><\/h3>\n<ul style=\"text-align: left;\">\n<li><span style=\"color: #282828; font-size: 120%;\"><strong>75% s\u00e9c<\/strong> \u0111\u01b0\u1ee3c x\u1eed l\u00fd trong v\u00f2ng 1 gi\u1edd.<\/span><\/li>\n<li><span style=\"color: #282828; font-size: 120%;\"><strong>25% c\u00f3 th\u1ec3 c\u1ea7n x\u1eed l\u00fd th\u00eam<\/strong> (\u0111\u00e1nh gi\u00e1 th\u1ee7 c\u00f4ng).<\/span><\/li>\n<\/ul>\n<h3 id=\"secureportal\" style=\"text-align: left;\"><span style=\"color: #282828; font-size: 120%;\">C\u1ed5ng th\u00f4ng tin b\u1ea3o m\u1eadt Worker Checks<\/span><\/h3>\n<p style=\"text-align: left;\"><span style=\"color: #282828; font-size: 120%;\">L\u01b0u tr\u1eef v\u00e0 chia s\u1ebb Gi\u1ea5y ch\u1ee9ng nh\u1eadn ki\u1ec3m tra l\u00fd l\u1ecbch t\u01b0 ph\u00e1p c\u1ee7a b\u1ea1n m\u1ed9t c\u00e1ch an to\u00e0n b\u1eb1ng c\u00f4ng ngh\u1ec7 blockchain ri\u00eang t\u01b0 c\u1ee7a ch\u00fang t\u00f4i.<\/span><\/p>\n<h3 id=\"governmentaccredited\" style=\"text-align: left;\"><span style=\"color: #282828; font-size: 120%;\">Ki\u1ec3m tra c\u1ea3nh s\u00e1t t\u00ecnh nguy\u1ec7n \u0111\u01b0\u1ee3c ch\u00ednh ph\u1ee7 c\u00f4ng nh\u1eadn<\/span><\/h3>\n<p style=\"text-align: left;\"><span style=\"color: #282828; font-size: 120%;\"><a style=\"color: #282828;\" href=\"https:\/\/www.acic.gov.au\/accredited-bodies\" target=\"_blank\" rel=\"noopener\">Worker Checks l\u00e0 m\u1ed9t c\u01a1 quan \u0111\u01b0\u1ee3c ch\u00ednh ph\u1ee7 c\u00f4ng nh\u1eadn<\/a>y v\u1edbi \u1ee6y ban T\u00ecnh b\u00e1o T\u1ed9i ph\u1ea1m \u00dac (ACIC)<\/span><\/p>\n<h3 id=\"applicationprocess\" style=\"text-align: left;\"><span style=\"color: #282828; font-size: 120%;\">Quy tr\u00ecnh n\u1ed9p \u0111\u01a1n xin ki\u1ec3m tra c\u1ea3nh s\u00e1t t\u00ecnh nguy\u1ec7n<\/span><\/h3>\n<ol style=\"text-align: left;\">\n<li><span style=\"color: #282828; font-size: 120%;\"><strong>Mua s\u00e9c c\u1ee7a b\u1ea1n <\/strong>t\u1eeb trang web Worker Checks<\/span><\/li>\n<li><span style=\"color: #282828; font-size: 120%;\"><strong>\u0110\u0103ng k\u00fd t\u00e0i kho\u1ea3n Worker Checks c\u1ee7a b\u1ea1n<\/strong><\/span><\/li>\n<li><span style=\"color: #282828; font-size: 120%;\"><strong>Ho\u00e0n th\u00e0nh \u0111\u01a1n \u0111\u0103ng k\u00fd tr\u1ef1c tuy\u1ebfn 100% \u0111\u1ec3 ki\u1ec3m tra l\u00fd l\u1ecbch t\u01b0 ph\u00e1p.<\/strong><\/span><\/li>\n<li><span style=\"color: #282828; font-size: 120%;\"><strong>G\u1eedi y\u00eau c\u1ea7u c\u1ee7a b\u1ea1n<\/strong>: Nh\u1eadn email x\u00e1c nh\u1eadn.<\/span><\/li>\n<li><span style=\"color: #282828; font-size: 120%;\"><strong>Theo d\u00f5i \u0111\u01a1n \u0111\u0103ng k\u00fd c\u1ee7a b\u1ea1n<\/strong>: Th\u00f4ng tin chi ti\u1ebft c\u00f3 s\u1eb5n tr\u00ean c\u1ed5ng th\u00f4ng tin tr\u1ef1c tuy\u1ebfn c\u1ee7a b\u1ea1n.<\/span><\/li>\n<li><span style=\"color: #282828; font-size: 120%;\"><strong>Nh\u1eadn ch\u1ee9ng ch\u1ec9 c\u1ee7a b\u1ea1n<\/strong>: Nh\u1eadn th\u00f4ng b\u00e1o khi qu\u00e1 tr\u00ecnh ki\u1ec3m tra c\u1ee7a b\u1ea1n ho\u00e0n t\u1ea5t qua email v\u00e0 SMS. Phi\u1ebfu Ki\u1ec3m Tra C\u1ea3nh S\u00e1t Qu\u1ed1c Gia c\u1ee7a b\u1ea1n c\u00f3 s\u1eb5n tr\u00ean c\u1ed5ng th\u00f4ng tin Worker Checks \u0111\u1ec3 in ra PDF ho\u1eb7c chia s\u1ebb tr\u1ef1c tuy\u1ebfn.<\/span><\/li>\n<\/ol>\n<h3 id=\"whocanrequestavolunteerpolicecheck\" style=\"text-align: left;\"><span style=\"color: #282828; font-size: 120%;\">Ai c\u00f3 th\u1ec3 y\u00eau c\u1ea7u ki\u1ec3m tra l\u00fd l\u1ecbch t\u01b0 ph\u00e1p t\u00ecnh nguy\u1ec7n?<\/span><\/h3>\n<p style=\"text-align: left;\"><span style=\"color: #282828; font-size: 120%;\">\u1ee6y ban T\u00ecnh b\u00e1o T\u1ed9i ph\u1ea1m \u00dac (ACIC) cung c\u1ea5p c\u00e1c kho\u1ea3n s\u00e9c t\u00ecnh nguy\u1ec7n v\u1edbi chi ph\u00ed th\u1ea5p cho nh\u1eefng c\u00e1 nh\u00e2n l\u00e0m vi\u1ec7c theo h\u00ecnh th\u1ee9c t\u00ecnh nguy\u1ec7n.<\/span><\/p>\n<h4 id=\"noneligibleroles\" style=\"text-align: left;\"><em><strong><span style=\"color: #282828; font-size: 120%;\">Vai tr\u00f2 kh\u00f4ng \u0111\u1ee7 \u0111i\u1ec1u ki\u1ec7n<\/span><\/strong><\/em><\/h4>\n<p style=\"text-align: left;\"><span style=\"color: #282828; font-size: 120%;\">Nh\u1eefng l\u00fd do kh\u00f4ng ph\u1ea3i vi\u1ec7c l\u00e0m kh\u00f4ng \u0111\u00e1p \u1ee9ng lo\u1ea1i ki\u1ec3m tra T\u00ecnh nguy\u1ec7n bao g\u1ed3m:<\/span><\/p>\n<ul style=\"text-align: left;\">\n<li><span style=\"color: #282828; font-size: 120%;\">M\u1ee5c \u0111\u00edch thu\u00ea nh\u00e0 (cho thu\u00ea)<\/span><\/li>\n<li><span style=\"color: #282828; font-size: 120%;\">S\u1ef1 tham gia c\u1ee7a m\u1ea1ng x\u00e3 h\u1ed9i<\/span><\/li>\n<li><span style=\"color: #282828; font-size: 120%;\">M\u1ee5c \u0111\u00edch li\u00ean quan \u0111\u1ebfn b\u1ea3o hi\u1ec3m<\/span><\/li>\n<li><span style=\"color: #282828; font-size: 120%;\">S\u1eafp x\u1ebfp Au Pair ho\u1eb7c sinh vi\u00ean n\u01b0\u1edbc ngo\u00e0i v\u00e0o nh\u00e0 gia \u0111\u00ecnh<\/span><\/li>\n<li><span style=\"color: #282828; font-size: 120%;\">Tham gia s\u1ea3n xu\u1ea5t ch\u01b0\u01a1ng tr\u00ecnh truy\u1ec1n h\u00ecnh<\/span><\/li>\n<li><span style=\"color: #282828; font-size: 120%;\">C\u00e1c nh\u00e0 cung c\u1ea5p d\u1ecbch v\u1ee5 ch\u0103m s\u00f3c tr\u1ebb em t\u1ea1i gia ho\u1ea1t \u0111\u1ed9ng tr\u00ean c\u01a1 s\u1edf th\u01b0\u01a1ng m\u1ea1i<\/span><\/li>\n<\/ul>\n<h3 id=\"whatsincludedinthecheck\" style=\"text-align: left;\"><span style=\"color: #282828; font-size: 120%;\">Ki\u1ec3m tra t\u00ecnh nguy\u1ec7n c\u1ee7a c\u1ea3nh s\u00e1t bao g\u1ed3m nh\u1eefng g\u00ec?<\/span><\/h3>\n<p style=\"text-align: left;\"><span style=\"color: #282828; font-size: 120%;\">Ki\u1ec3m tra l\u00fd l\u1ecbch t\u01b0 ph\u00e1p \u0111\u01b0\u1ee3c ph\u1ed1i h\u1ee3p tr\u00ean to\u00e0n qu\u1ed1c bao g\u1ed3m m\u1ecdi k\u1ebft qu\u1ea3 x\u00e9t x\u1eed c\u00f3 th\u1ec3 ti\u1ebft l\u1ed9 \u0111\u01b0\u1ee3c li\u1ec7t k\u00ea theo t\u00ean c\u1ee7a b\u1ea1n tr\u00ean t\u1ea5t c\u1ea3 c\u00e1c ti\u1ec3u bang v\u00e0 v\u00f9ng l\u00e3nh th\u1ed5 c\u1ee7a \u00dac.<\/span><\/p>\n<h4 id=\"specialrequirements\" style=\"text-align: left;\"><span style=\"color: #282828; font-size: 120%;\">Y\u00eau c\u1ea7u \u0111\u1eb7c bi\u1ec7t<\/span><\/h4>\n<p style=\"text-align: left;\"><span style=\"color: #282828; font-size: 120%;\">\u0110\u1ed1i v\u1edbi c\u00e1c th\u1ee7 t\u1ee5c ki\u1ec3m tra li\u00ean quan \u0111\u1ebfn th\u1ecb th\u1ef1c, h\u00e3y \u0111\u1ea3m b\u1ea3o b\u1ea1n nh\u1eadn \u0111\u01b0\u1ee3c \u0111\u00fang lo\u1ea1i gi\u1ea5y t\u1edd t\u1eeb C\u1ea3nh s\u00e1t Li\u00ean bang \u00dac (AFP). Nh\u1ea5p v\u00e0o \u0111\u00e2y \u0111\u1ec3 bi\u1ebft th\u00eam th\u00f4ng tin v\u1ec1 Ki\u1ec3m tra c\u1ee7a C\u1ea3nh s\u00e1t AFP.<\/span><\/p>\n<p style=\"text-align: left;\"><span style=\"color: #282828; font-size: 120%;\">\u0110\u1ec3 x\u1eed l\u00fd ki\u1ec3m tra l\u00fd l\u1ecbch t\u01b0 ph\u00e1p tr\u1ef1c tuy\u1ebfn nhanh ch\u00f3ng v\u00e0 d\u1ec5 d\u00e0ng, h\u00e3y ch\u1ecdn Worker Checks!<\/span><\/p>\n<h3 style=\"text-align: left;\"><span style=\"color: #282828; font-size: 120%;\"><strong>Nh\u1eadn Ki\u1ec3m tra C\u1ea3nh s\u00e1t T\u00ecnh nguy\u1ec7n trong v\u00f2ng m\u1ed9t gi\u1edd!<\/strong><\/span><br \/>\n<span style=\"color: #282828; font-size: 120%;\"><em>75% ki\u1ec3m tra \u0111\u01b0\u1ee3c ho\u00e0n t\u1ea5t trong v\u00f2ng 60 ph\u00fat. M\u1ed9t s\u1ed1 c\u00f3 th\u1ec3 c\u1ea7n xem x\u00e9t th\u00eam.<\/em><\/span><\/h3>\n<\/div>","protected":false},"excerpt":{"rendered":"<p>Ki\u1ec3m tra l\u00fd l\u1ecbch t\u01b0 ph\u00e1p t\u00ecnh nguy\u1ec7n $21 \u2013 100% Tr\u1ef1c tuy\u1ebfn \u2013 75% trong v\u00f2ng 60 ph\u00fat. Ph\u00f9 h\u1ee3p cho v\u1ecb tr\u00ed T\u00ecnh nguy\u1ec7n vi\u00ean v\u00e0 Kh\u00f4ng l\u01b0\u01a1ng.<\/p>","protected":false},"featured_media":6574,"template":"","meta":{"_kadence_starter_templates_imported_post":false,"_kad_post_transparent":"default","_kad_post_title":"","_kad_post_layout":"default","_kad_post_sidebar_id":"","_kad_post_content_style":"default","_kad_post_vertical_padding":"default","_kad_post_feature":"","_kad_post_feature_position":"","_kad_post_header":false,"_kad_post_footer":false,"_kad_post_classname":""},"product_brand":[],"product_cat":[1353630],"product_tag":[1352719,1353594],"class_list":{"0":"post-6573","1":"product","2":"type-product","3":"status-publish","4":"has-post-thumbnail","6":"product_cat-police-checks","7":"product_tag-national-police-check","8":"product_tag-volunteer-police-check","10":"first","11":"instock","12":"virtual","13":"sold-individually","14":"taxable","15":"purchasable","16":"product-type-simple","17":"entry","18":"content-bg","19":"loop-entry"},"_links":{"self":[{"href":"https:\/\/workerchecks.com\/vi\/wp-json\/wp\/v2\/product\/6573","targetHints":{"allow":["GET"]}}],"collection":[{"href":"https:\/\/workerchecks.com\/vi\/wp-json\/wp\/v2\/product"}],"about":[{"href":"https:\/\/workerchecks.com\/vi\/wp-json\/wp\/v2\/types\/product"}],"wp:featuredmedia":[{"embeddable":true,"href":"https:\/\/workerchecks.com\/vi\/wp-json\/wp\/v2\/media\/6574"}],"wp:attachment":[{"href":"https:\/\/workerchecks.com\/vi\/wp-json\/wp\/v2\/media?parent=6573"}],"wp:term":[{"taxonomy":"product_brand","embeddable":true,"href":"https:\/\/workerchecks.com\/vi\/wp-json\/wp\/v2\/product_brand?post=6573"},{"taxonomy":"product_cat","embeddable":true,"href":"https:\/\/workerchecks.com\/vi\/wp-json\/wp\/v2\/product_cat?post=6573"},{"taxonomy":"product_tag","embeddable":true,"href":"https:\/\/workerchecks.com\/vi\/wp-json\/wp\/v2\/product_tag?post=6573"}],"curies":[{"name":"wp","href":"https:\/\/api.w.org\/{rel}","templated":true}]}}