{"id":6222,"date":"2024-02-26T23:14:12","date_gmt":"2024-02-26T12:14:12","guid":{"rendered":"https:\/\/workerchecks.com\/?post_type=product&#038;p=6222"},"modified":"2025-11-06T12:11:09","modified_gmt":"2025-11-06T01:11:09","slug":"cong-viec-ho-tro-ke-hoach-khach-hang-hien-tai","status":"publish","type":"product","link":"https:\/\/workerchecks.com\/vi\/product\/support-worker-jobs-plan-existing-customers\/","title":{"rendered":"K\u1ebf ho\u1ea1ch vi\u1ec7c l\u00e0m cho nh\u00e2n vi\u00ean h\u1ed7 tr\u1ee3 \u2013 Kh\u00e1ch h\u00e0ng hi\u1ec7n t\u1ea1i"},"content":{"rendered":"<div>\n<h3 id=\"supportworkerjobsplanexistingcustomers\">K\u1ebf ho\u1ea1ch vi\u1ec7c l\u00e0m cho nh\u00e2n vi\u00ean h\u1ed7 tr\u1ee3 \u2013 Kh\u00e1ch h\u00e0ng hi\u1ec7n t\u1ea1i<\/h3>\n<p><strong>Gi\u00e1<\/strong>: $15 (bao g\u1ed3m GST) d\u00e0nh cho kh\u00e1ch h\u00e0ng Worker Checks hi\u1ec7n t\u1ea1i<\/p>\n<h4 id=\"youronestopshopfordisabilitysupportworkercredentials\">\u0110i\u1ec3m d\u1eebng ch\u00e2n duy nh\u1ea5t c\u1ee7a b\u1ea1n \u0111\u1ec3 c\u00f3 \u0111\u01b0\u1ee3c Ch\u1ee9ng ch\u1ec9 Nh\u00e2n vi\u00ean H\u1ed7 tr\u1ee3 Ng\u01b0\u1eddi khuy\u1ebft t\u1eadt<\/h4>\n<ul>\n<li><strong>T\u1ea5t c\u1ea3 c\u00e1c ki\u1ec3m tra v\u00e0 th\u00f4ng tin x\u00e1c th\u1ef1c trong m\u1ed9t c\u1ed5ng th\u00f4ng tin<\/strong>: D\u1ec5 d\u00e0ng chia s\u1ebb an to\u00e0n gi\u1eefa ng\u01b0\u1eddi \u1ee7ng h\u1ed9 v\u00e0 ng\u01b0\u1eddi s\u1eed d\u1ee5ng lao \u0111\u1ed9ng.<\/li>\n<li><strong>B\u1ea3o hi\u1ec3m to\u00e0n di\u1ec7n<\/strong>: T\u1eeb vi\u1ec7c ki\u1ec3m tra l\u00fd l\u1ecbch t\u01b0 ph\u00e1p \u0111\u01a1n gi\u1ea3n \u0111\u1ebfn vi\u1ec7c chia s\u1ebb \u0111\u1ea7y \u0111\u1ee7 t\u1ea5t c\u1ea3 c\u00e1c b\u1eb1ng c\u1ea5p, ki\u1ec3m tra v\u00e0 b\u1ea3o hi\u1ec3m.<\/li>\n<\/ul>\n<h4 id=\"supportworkerjobsplanincludes\">K\u1ebf ho\u1ea1ch vi\u1ec7c l\u00e0m c\u1ee7a nh\u00e2n vi\u00ean h\u1ed7 tr\u1ee3 bao g\u1ed3m:<\/h4>\n<ul>\n<li><strong>\u0110\u0103ng k\u00fd g\u00f3i h\u1ed7 tr\u1ee3 nh\u00e2n vi\u00ean<\/strong>:\n<ul>\n<li>T\u1ea3i l\u00ean v\u00e0 theo d\u00f5i Ki\u1ec3m tra s\u00e0ng l\u1ecdc ng\u01b0\u1eddi lao \u0111\u1ed9ng WWCC ho\u1eb7c NDIS (ho\u1eb7c t\u01b0\u01a1ng \u0111\u01b0\u01a1ng).<\/li>\n<li>Truy c\u1eadp v\u00e0o C\u1ed5ng th\u00f4ng tin h\u1ed7 tr\u1ee3 nh\u00e2n vi\u00ean Worker Checks \u0111\u1ec3:<\/li>\n<li>In ho\u1eb7c chia s\u1ebb s\u00e9c v\u00e0 h\u1ed3 s\u01a1 c\u1ee7a b\u1ea1n qua m\u1ea1ng.<\/li>\n<li>Th\u00eam c\u00e1c ti\u00eau ch\u00ed ki\u1ec3m tra v\u00e0 tr\u00ecnh \u0111\u1ed9 kh\u00e1c v\u00e0o h\u1ed3 s\u01a1 c\u1ee7a b\u1ea1n.<\/li>\n<li>Th\u00eam Gi\u1ea5y ch\u1ee9ng nh\u1eadn b\u1ea3o hi\u1ec3m ti\u1ec1n t\u1ec7 c\u1ee7a b\u1ea1n.<\/li>\n<\/ul>\n<\/li>\n<\/ul>\n<h4 id=\"additionalbenefits\">L\u1ee3i \u00edch b\u1ed5 sung:<\/h4>\n<ul>\n<li><strong>C\u1ea3nh b\u00e1o qua email<\/strong>: Nh\u1eadn th\u00f4ng b\u00e1o gia h\u1ea1n v\u00e0 tr\u01b0\u1edbc khi s\u00e9c b\u1ecb x\u00f3a kh\u1ecfi h\u1ec7 th\u1ed1ng Worker Checks.<\/li>\n<li><strong>T\u00edch h\u1ee3p h\u1ed3 s\u01a1<\/strong>: Worker Checks hi\u1ec7n t\u1ea1i c\u1ee7a b\u1ea1n s\u1ebd \u0111\u01b0\u1ee3c th\u00eam v\u00e0o H\u1ed3 s\u01a1 nh\u00e2n vi\u00ean h\u1ed7 tr\u1ee3 c\u1ee7a b\u1ea1n.<\/li>\n<\/ul>\n<p><em>L\u01b0u \u00fd: Theo \u0110\u1ea1o lu\u1eadt Quy\u1ec1n ri\u00eang t\u01b0 c\u1ee7a Kh\u1ed1i th\u1ecbnh v\u01b0\u1ee3ng chung v\u00e0 h\u01b0\u1edbng d\u1eabn ACIC, Worker Checks ch\u1ec9 c\u00f3 th\u1ec3 l\u01b0u tr\u1eef th\u00f4ng tin Ki\u1ec3m tra c\u1ea3nh s\u00e1t c\u1ee7a b\u1ea1n trong 12 th\u00e1ng k\u1ec3 t\u1eeb ng\u00e0y n\u1ed9p \u0111\u01a1n.<\/em><\/p>\n<p>\u0110\u1ec3 c\u00f3 tr\u1ea3i nghi\u1ec7m qu\u1ea3n l\u00fd th\u00f4ng tin x\u00e1c th\u1ef1c li\u1ec1n m\u1ea1ch v\u00e0 to\u00e0n di\u1ec7n, h\u00e3y ch\u1ecdn G\u00f3i vi\u1ec7c l\u00e0m d\u00e0nh cho nh\u00e2n vi\u00ean h\u1ed7 tr\u1ee3!<\/p>\n<p>[button text=\u201dTh\u00eam v\u00e0o gi\u1ecf h\u00e0ng &gt;\u201d radius=\u201d28\u2033 expand=\u201dtrue\u201d icon=\u201dicon-angle-right\u201d link=\u201d<a href=\"https:\/\/workerchecks.com\/vi\/product-category\/support-worker-jobs\/?add-to-cart=8995&#8243;%5D\">https:\/\/workerchecks.com\/product-category\/support-worker-jobs\/?add-to-cart=8995&#8243;%5D<\/a><\/p>\n<\/div>","protected":false},"excerpt":{"rendered":"<p><span style=\"color: #282828;\"><span class=\"x-el x-el-span c1-11 c1-12 c1-b c1-5x c1-3c c1-2y c1-5y\">K\u1ebf ho\u1ea1ch vi\u1ec7c l\u00e0m h\u1ed7 tr\u1ee3 cho kh\u00e1ch h\u00e0ng hi\u1ec7n t\u1ea1i c\u1ee7a Worker Checks. <\/span>Gi\u1ea3i ph\u00e1p t\u1ed1i \u01b0u \u0111\u1ec3 c\u00f3 \u0111\u01b0\u1ee3c c\u00f4ng vi\u1ec7c h\u1ed7 tr\u1ee3 vi\u00ean c\u00f3 thu nh\u1eadp cao.<\/span><\/p>\n<p><span class=\"x-el x-el-span c1-11 c1-12 c1-b c1-5x c1-3c c1-2y c1-5y\" style=\"color: #282828;\">\u00a0<\/span><\/p>\n<p><span class=\"x-el x-el-span c1-11 c1-12 c1-b c1-5x c1-3c c1-2y c1-5y\" style=\"color: #282828;\">\u00a0<\/span><\/p>","protected":false},"featured_media":6217,"template":"","meta":{"_kadence_starter_templates_imported_post":false,"_kad_post_transparent":"default","_kad_post_title":"","_kad_post_layout":"default","_kad_post_sidebar_id":"","_kad_post_content_style":"default","_kad_post_vertical_padding":"default","_kad_post_feature":"","_kad_post_feature_position":"","_kad_post_header":false,"_kad_post_footer":false,"_kad_post_classname":""},"product_brand":[],"product_cat":[1353216],"product_tag":[1353219],"class_list":{"0":"post-6222","1":"product","2":"type-product","3":"status-publish","4":"has-post-thumbnail","6":"product_cat-support-worker-plans","7":"product_tag-support-worker-plan","9":"first","10":"instock","11":"virtual","12":"sold-individually","13":"taxable","14":"purchasable","15":"product-type-simple","16":"entry","17":"content-bg","18":"loop-entry"},"_links":{"self":[{"href":"https:\/\/workerchecks.com\/vi\/wp-json\/wp\/v2\/product\/6222","targetHints":{"allow":["GET"]}}],"collection":[{"href":"https:\/\/workerchecks.com\/vi\/wp-json\/wp\/v2\/product"}],"about":[{"href":"https:\/\/workerchecks.com\/vi\/wp-json\/wp\/v2\/types\/product"}],"wp:featuredmedia":[{"embeddable":true,"href":"https:\/\/workerchecks.com\/vi\/wp-json\/wp\/v2\/media\/6217"}],"wp:attachment":[{"href":"https:\/\/workerchecks.com\/vi\/wp-json\/wp\/v2\/media?parent=6222"}],"wp:term":[{"taxonomy":"product_brand","embeddable":true,"href":"https:\/\/workerchecks.com\/vi\/wp-json\/wp\/v2\/product_brand?post=6222"},{"taxonomy":"product_cat","embeddable":true,"href":"https:\/\/workerchecks.com\/vi\/wp-json\/wp\/v2\/product_cat?post=6222"},{"taxonomy":"product_tag","embeddable":true,"href":"https:\/\/workerchecks.com\/vi\/wp-json\/wp\/v2\/product_tag?post=6222"}],"curies":[{"name":"wp","href":"https:\/\/api.w.org\/{rel}","templated":true}]}}