{"id":6106,"date":"2024-02-23T23:42:11","date_gmt":"2024-02-23T12:42:11","guid":{"rendered":"https:\/\/workerchecks.com\/?post_type=product&#038;p=6106"},"modified":"2025-11-17T13:45:29","modified_gmt":"2025-11-17T02:45:29","slug":"kiem-tra-vevo","status":"publish","type":"product","link":"https:\/\/workerchecks.com\/vi\/product\/vevo-check\/","title":{"rendered":"Ki\u1ec3m tra VEVO"},"content":{"rendered":"<div>\n<h3 id=\"vevocheck\">Ki\u1ec3m tra VEVO<\/h3>\n<h4 id=\"needavevochecktoviewyourvisastatus\">B\u1ea1n c\u1ea7n ki\u1ec3m tra VEVO \u0111\u1ec3 xem t\u00ecnh tr\u1ea1ng VISA c\u1ee7a m\u00ecnh kh\u00f4ng?<\/h4>\n<p>Ki\u1ec3m tra VEVO (X\u00e1c minh Quy\u1ec1n Th\u1ecb th\u1ef1c Tr\u1ef1c tuy\u1ebfn) l\u00e0 \u0111i\u1ec1u c\u1ea7n thi\u1ebft cho c\u00e1c nh\u00e0 tuy\u1ec3n d\u1ee5ng v\u00e0 t\u1ed5 ch\u1ee9c t\u1ea1i \u00dac \u0111\u1ec3 x\u00e1c minh c\u00e1c \u0111i\u1ec1u ki\u1ec7n th\u1ecb th\u1ef1c v\u00e0 quy\u1ec1n l\u00e0m vi\u1ec7c c\u1ee7a ng\u01b0\u1eddi lao \u0111\u1ed9ng t\u1ea1i \u00dac. Th\u01b0\u1eddng \u0111\u01b0\u1ee3c g\u1ecdi l\u00e0 &quot;ki\u1ec3m tra quy\u1ec1n l\u00e0m vi\u1ec7c&quot;, ki\u1ec3m tra n\u00e0y \u0111\u1ea3m b\u1ea3o r\u1eb1ng c\u00f4ng d\u00e2n n\u01b0\u1edbc ngo\u00e0i \u0111\u01b0\u1ee3c ph\u00e9p l\u00e0m vi\u1ec7c h\u1ee3p ph\u00e1p t\u1ea1i \u00dac.<\/p>\n<h4 id=\"benefitsofavevovisacheck\">L\u1ee3i \u00edch c\u1ee7a Ki\u1ec3m tra VISA VEVO<\/h4>\n<p>Trong khi ki\u1ec3m tra c\u1ee7a c\u1ea3nh s\u00e1t ti\u1ebft l\u1ed9 ti\u1ec1n \u00e1n ti\u1ec1n s\u1ef1, ki\u1ec3m tra VEVO x\u00e1c nh\u1eadn quy\u1ec1n l\u00e0m vi\u1ec7c c\u1ee7a m\u1ed9t ng\u01b0\u1eddi t\u1ea1i \u00dac, gi\u00fap ng\u01b0\u1eddi s\u1eed d\u1ee5ng lao \u0111\u1ed9ng \u0111\u01b0a ra quy\u1ebft \u0111\u1ecbnh tuy\u1ec3n d\u1ee5ng s\u00e1ng su\u1ed1t.<\/p>\n<h4 id=\"whatdoesavevocheckshow\">Ki\u1ec3m tra VEVO cho th\u1ea5y \u0111i\u1ec1u g\u00ec?<\/h4>\n<ul>\n<li>B\u1ea3n ch\u1ea5t v\u00e0 ng\u00e0y h\u1ebft h\u1ea1n c\u1ee7a th\u1ecb th\u1ef1c<\/li>\n<li>\u201cKh\u00f4ng \u0111\u01b0\u1ee3c \u0111\u1ebfn sau\u201d ng\u00e0y<\/li>\n<li>\u0110i\u1ec1u ki\u1ec7n ph\u00e1p l\u00fd v\u00e0 th\u1eddi gian l\u01b0u tr\u00fa<\/li>\n<li>H\u1ea1n ch\u1ebf v\u1ec1 th\u1ecb th\u1ef1c<\/li>\n<li>Gi\u1edd l\u00e0m vi\u1ec7c \u0111\u01b0\u1ee3c ph\u00e9p d\u1ef1a tr\u00ean lo\u1ea1i th\u1ecb th\u1ef1c<\/li>\n<\/ul>\n<h4 id=\"penaltiesforemployingillegalworkers\">H\u00ecnh ph\u1ea1t cho vi\u1ec7c s\u1eed d\u1ee5ng lao \u0111\u1ed9ng b\u1ea5t h\u1ee3p ph\u00e1p<\/h4>\n<p>Vi\u1ec7c s\u1eed d\u1ee5ng lao \u0111\u1ed9ng b\u1ea5t h\u1ee3p ph\u00e1p c\u00f3 th\u1ec3 b\u1ecb ph\u1ea1t ti\u1ec1n l\u00ean \u0111\u1ebfn $315.000 \u0111\u1ed1i v\u1edbi doanh nghi\u1ec7p v\u00e0 l\u00ean \u0111\u1ebfn $63.000 ho\u1eb7c ph\u1ea1t t\u00f9 \u0111\u1ed1i v\u1edbi c\u00e1 nh\u00e2n. H\u00e3y \u0111\u1ea3m b\u1ea3o tu\u00e2n th\u1ee7 b\u1eb1ng c\u00e1ch th\u1ef1c hi\u1ec7n ki\u1ec3m tra VEVO.<\/p>\n<h4 id=\"whoneedsavevocheck\">Ai c\u1ea7n ki\u1ec3m tra VEVO?<\/h4>\n<p>T\u1ea5t c\u1ea3 c\u00f4ng d\u00e2n kh\u00f4ng ph\u1ea3i l\u00e0 ng\u01b0\u1eddi \u00dac ph\u1ea3i th\u1ef1c hi\u1ec7n Ki\u1ec3m tra VEVO tr\u01b0\u1edbc khi tuy\u1ec3n d\u1ee5ng. C\u00f4ng d\u00e2n \u00dac\/New Zealand kh\u00f4ng c\u1ea7n ki\u1ec3m tra VEVO nh\u01b0ng ph\u1ea3i cung c\u1ea5p b\u1eb1ng ch\u1ee9ng v\u1ec1 quy\u1ec1n c\u00f4ng d\u00e2n.<\/p>\n<h4 id=\"howtoobtainavevocheck\">L\u00e0m th\u1ebf n\u00e0o \u0111\u1ec3 c\u00f3 \u0111\u01b0\u1ee3c s\u00e9c VEVO<\/h4>\n<p>B\u1ed9 N\u1ed9i v\u1ee5 x\u1eed l\u00fd vi\u1ec7c ki\u1ec3m tra VEVO. B\u1ea1n c\u00f3 th\u1ec3 \u0111\u0103ng k\u00fd qua trang web c\u1ee7a h\u1ecd ho\u1eb7c s\u1eed d\u1ee5ng Worker Checks \u0111\u1ec3 quy tr\u00ecnh \u0111\u01b0\u1ee3c \u0111\u01a1n gi\u1ea3n h\u00f3a.<\/p>\n<h4 id=\"requiredinformationforvevoapplication\">Th\u00f4ng tin b\u1eaft bu\u1ed9c cho \u0111\u01a1n \u0111\u0103ng k\u00fd VEVO<\/h4>\n<ul>\n<li>Ng\u00e0y sinh<\/li>\n<li>S\u1ed1 h\u1ed9 chi\u1ebfu\/th\u1ebb ImmiCard<\/li>\n<li>Qu\u1ed1c gia c\u1ea5p h\u1ed9 chi\u1ebfu<\/li>\n<\/ul>\n<h4 id=\"vevocheckforexpiredvisas\">VEVO Ki\u1ec3m tra th\u1ecb th\u1ef1c h\u1ebft h\u1ea1n<\/h4>\n<p>N\u1ebfu th\u1ecb th\u1ef1c c\u1ee7a b\u1ea1n \u0111\u00e3 h\u1ebft h\u1ea1n ho\u1eb7c kh\u00f4ng c\u00f2n hi\u1ec7u l\u1ef1c, b\u1ea1n s\u1ebd kh\u00f4ng th\u1ec3 l\u1ea5y \u0111\u01b0\u1ee3c th\u00f4ng tin VEVO. H\u00e3y \u0111\u1ea3m b\u1ea3o th\u1ecb th\u1ef1c c\u1ee7a b\u1ea1n c\u00f2n hi\u1ec7u l\u1ef1c ho\u1eb7c n\u1ed9p \u0111\u01a1n xin Th\u1ecb th\u1ef1c C\u1ea7u n\u1ed1i E (BE).<\/p>\n<h4 id=\"industrysectorsrequiringvevochecks\">C\u00e1c ng\u00e0nh c\u00f4ng nghi\u1ec7p y\u00eau c\u1ea7u ki\u1ec3m tra VEVO<\/h4>\n<p>Ki\u1ec3m tra VEVO \u0111\u01b0\u1ee3c y\u00eau c\u1ea7u trong nhi\u1ec1u l\u0129nh v\u1ef1c kh\u00e1c nhau, bao g\u1ed3m:<\/p>\n<ul>\n<li>H\u1ee3p ph\u00e1p<\/li>\n<li>Thu\u1ed9c v\u1ec1 y h\u1ecdc<\/li>\n<li>Giao th\u00f4ng c\u00f4ng c\u1ed9ng<\/li>\n<li>K\u1ebf to\u00e1n<\/li>\n<li>K\u1ef9 thu\u1eadt<\/li>\n<li>Ch\u0103m s\u00f3c tr\u1ebb em<\/li>\n<li>S\u1ef1 hi\u1ebfu kh\u00e1ch<\/li>\n<\/ul>\n<h4 id=\"benefitsofapplyingforavevocheck\">L\u1ee3i \u00edch c\u1ee7a vi\u1ec7c xin Ki\u1ec3m tra VEVO<\/h4>\n<ul>\n<li>Kh\u00f4ng c\u1ea7n nh\u00e3n th\u1ecb th\u1ef1c tr\u00ean h\u1ed9 chi\u1ebfu<\/li>\n<li>Ki\u1ec3m tra th\u00f4ng tin th\u1ecb th\u1ef1c tr\u1ef1c tuy\u1ebfn b\u1ea5t c\u1ee9 l\u00fac n\u00e0o<\/li>\n<li>Theo d\u00f5i \u0111\u01a1n xin th\u1ecb th\u1ef1c ho\u1eb7c qu\u1ed1c t\u1ecbch d\u1ec5 d\u00e0ng h\u01a1n<\/li>\n<li>Quy tr\u00ecnh tuy\u1ec3n d\u1ee5ng nhanh h\u01a1n v\u1edbi k\u1ebft qu\u1ea3 ki\u1ec3m tra VEVO<\/li>\n<\/ul>\n<h4 id=\"aboutworkerchecks\">Gi\u1edbi thi\u1ec7u v\u1ec1 Worker Checks<\/h4>\n<p>Worker Checks gi\u00fap c\u00e1c c\u00f4ng ty v\u00e0 c\u00e1 nh\u00e2n th\u1ef1c hi\u1ec7n ki\u1ec3m tra ch\u00ednh x\u00e1c, bao g\u1ed3m:<\/p>\n<ul>\n<li>Ki\u1ec3m tra l\u1ecbch s\u1eed t\u1ed9i ph\u1ea1m \u0111\u01b0\u1ee3c ph\u1ed1i h\u1ee3p tr\u00ean to\u00e0n qu\u1ed1c<\/li>\n<li>Ki\u1ec3m tra C\u1ea3nh s\u00e1t AFP<\/li>\n<li>Ki\u1ec3m tra C\u1ea3nh s\u00e1t Qu\u1ed1c t\u1ebf<\/li>\n<li>Ki\u1ec3m tra VISA VEVO<\/li>\n<\/ul>\n<p>\u0110\u1ec3 ki\u1ec3m tra VEVO nhanh ch\u00f3ng v\u00e0 \u0111\u00e1ng tin c\u1eady, h\u00e3y ch\u1ecdn Worker Checks!\n<\/p><\/div>","protected":false},"excerpt":{"rendered":"<p>Ki\u1ec3m tra VEVO \u2013 Quy\u1ec1n l\u00e0m vi\u1ec7c Ki\u1ec3m tra VISA VEVO d\u00e0nh cho ng\u01b0\u1eddi mang h\u1ed9 chi\u1ebfu kh\u00f4ng ph\u1ea3i ng\u01b0\u1eddi \u00dac. 100% N\u1ed9p \u0111\u01a1n tr\u1ef1c tuy\u1ebfn.<\/p>","protected":false},"featured_media":6023,"template":"","meta":{"_kadence_starter_templates_imported_post":false,"_kad_post_transparent":"default","_kad_post_title":"","_kad_post_layout":"default","_kad_post_sidebar_id":"","_kad_post_content_style":"default","_kad_post_vertical_padding":"default","_kad_post_feature":"","_kad_post_feature_position":"","_kad_post_header":false,"_kad_post_footer":false,"_kad_post_classname":""},"product_brand":[],"product_cat":[1353627],"product_tag":[1353582,1353218,1353581],"class_list":{"0":"post-6106","1":"product","2":"type-product","3":"status-publish","4":"has-post-thumbnail","6":"product_cat-identity-eligibility-checks","7":"product_tag-right-to-work-check","8":"product_tag-vevo-check","9":"product_tag-visa-check","11":"first","12":"instock","13":"virtual","14":"sold-individually","15":"taxable","16":"purchasable","17":"product-type-simple","18":"entry","19":"content-bg","20":"loop-entry"},"_links":{"self":[{"href":"https:\/\/workerchecks.com\/vi\/wp-json\/wp\/v2\/product\/6106","targetHints":{"allow":["GET"]}}],"collection":[{"href":"https:\/\/workerchecks.com\/vi\/wp-json\/wp\/v2\/product"}],"about":[{"href":"https:\/\/workerchecks.com\/vi\/wp-json\/wp\/v2\/types\/product"}],"wp:featuredmedia":[{"embeddable":true,"href":"https:\/\/workerchecks.com\/vi\/wp-json\/wp\/v2\/media\/6023"}],"wp:attachment":[{"href":"https:\/\/workerchecks.com\/vi\/wp-json\/wp\/v2\/media?parent=6106"}],"wp:term":[{"taxonomy":"product_brand","embeddable":true,"href":"https:\/\/workerchecks.com\/vi\/wp-json\/wp\/v2\/product_brand?post=6106"},{"taxonomy":"product_cat","embeddable":true,"href":"https:\/\/workerchecks.com\/vi\/wp-json\/wp\/v2\/product_cat?post=6106"},{"taxonomy":"product_tag","embeddable":true,"href":"https:\/\/workerchecks.com\/vi\/wp-json\/wp\/v2\/product_tag?post=6106"}],"curies":[{"name":"wp","href":"https:\/\/api.w.org\/{rel}","templated":true}]}}