{"id":9154,"date":"2025-04-29T14:02:27","date_gmt":"2025-04-29T04:02:27","guid":{"rendered":"https:\/\/workerchecks.com\/?page_id=9154"},"modified":"2025-12-01T14:56:05","modified_gmt":"2025-12-01T03:56:05","slug":"cong-nhan-kiem-tra-ho-chieu","status":"publish","type":"page","link":"https:\/\/workerchecks.com\/vi\/worker-checks-passport\/","title":{"rendered":"CheckHub \u2013 C\u1ed5ng th\u00f4ng tin c\u00e1 nh\u00e2n v\u1ec1 ch\u1ee9ng ch\u1ec9 v\u00e0 tu\u00e2n th\u1ee7 c\u1ee7a b\u1ea1n"},"content":{"rendered":"<style>.kb-row-layout-id9154_7e96b1-71 > .kt-row-column-wrap{align-content:start;}:where(.kb-row-layout-id9154_7e96b1-71 > .kt-row-column-wrap) > .wp-block-kadence-column{justify-content:start;}.kb-row-layout-id9154_7e96b1-71 > .kt-row-column-wrap{column-gap:var(--global-kb-gap-md, 2rem);row-gap:var(--global-kb-gap-md, 2rem);padding-top:var(--global-kb-spacing-sm, 1.5rem);padding-bottom:var(--global-kb-spacing-sm, 1.5rem);grid-template-columns:repeat(2, minmax(0, 1fr));}.kb-row-layout-id9154_7e96b1-71 > .kt-row-layout-overlay{opacity:0.30;}@media all and (max-width: 1024px){.kb-row-layout-id9154_7e96b1-71 > .kt-row-column-wrap{grid-template-columns:repeat(2, minmax(0, 1fr));}}@media all and (max-width: 767px){.kb-row-layout-id9154_7e96b1-71 > .kt-row-column-wrap{grid-template-columns:minmax(0, 1fr);}}<\/style><div class=\"kb-row-layout-wrap kb-row-layout-id9154_7e96b1-71 alignnone wp-block-kadence-rowlayout\"><div class=\"kt-row-column-wrap kt-has-2-columns kt-row-layout-equal kt-tab-layout-inherit kt-mobile-layout-row kt-row-valign-top\">\n<style>.kadence-column9154_46d3fb-68 > .kt-inside-inner-col,.kadence-column9154_46d3fb-68 > .kt-inside-inner-col:before{border-top-left-radius:0px;border-top-right-radius:0px;border-bottom-right-radius:0px;border-bottom-left-radius:0px;}.kadence-column9154_46d3fb-68 > .kt-inside-inner-col{column-gap:var(--global-kb-gap-sm, 1rem);}.kadence-column9154_46d3fb-68 > .kt-inside-inner-col{flex-direction:column;}.kadence-column9154_46d3fb-68 > .kt-inside-inner-col > .aligncenter{width:100%;}.kadence-column9154_46d3fb-68 > .kt-inside-inner-col:before{opacity:0.3;}.kadence-column9154_46d3fb-68{position:relative;}@media all and (max-width: 1024px){.kadence-column9154_46d3fb-68 > .kt-inside-inner-col{flex-direction:column;justify-content:center;}}@media all and (max-width: 767px){.kadence-column9154_46d3fb-68 > .kt-inside-inner-col{flex-direction:column;justify-content:center;}}<\/style>\n<div class=\"wp-block-kadence-column kadence-column9154_46d3fb-68\"><div class=\"kt-inside-inner-col\">\n<figure class=\"wp-block-image size-full\"><img decoding=\"async\" width=\"606\" height=\"475\" src=\"https:\/\/workerchecks.com\/wp-content\/uploads\/2024\/08\/Sw-summary-mobile-cropped.png\" alt=\"T\u00f3m t\u1eaft K\u1ebf ho\u1ea1ch Nh\u00e2n vi\u00ean H\u1ed7 tr\u1ee3 Di \u0111\u1ed9ng\" class=\"wp-image-8346\" title=\"\" srcset=\"https:\/\/workerchecks.com\/wp-content\/uploads\/2024\/08\/Sw-summary-mobile-cropped.png 606w, https:\/\/workerchecks.com\/wp-content\/uploads\/2024\/08\/Sw-summary-mobile-cropped-300x235.png 300w, https:\/\/workerchecks.com\/wp-content\/uploads\/2024\/08\/Sw-summary-mobile-cropped-600x470.png 600w\" sizes=\"(max-width: 606px) 100vw, 606px\" \/><\/figure>\n<\/div><\/div>\n\n\n<style>.kadence-column9154_dacf07-06 > .kt-inside-inner-col,.kadence-column9154_dacf07-06 > .kt-inside-inner-col:before{border-top-left-radius:0px;border-top-right-radius:0px;border-bottom-right-radius:0px;border-bottom-left-radius:0px;}.kadence-column9154_dacf07-06 > .kt-inside-inner-col{column-gap:var(--global-kb-gap-sm, 1rem);}.kadence-column9154_dacf07-06 > .kt-inside-inner-col{flex-direction:column;}.kadence-column9154_dacf07-06 > .kt-inside-inner-col > .aligncenter{width:100%;}.kadence-column9154_dacf07-06 > .kt-inside-inner-col:before{opacity:0.3;}.kadence-column9154_dacf07-06{position:relative;}@media all and (max-width: 1024px){.kadence-column9154_dacf07-06 > .kt-inside-inner-col{flex-direction:column;justify-content:center;}}@media all and (max-width: 767px){.kadence-column9154_dacf07-06 > .kt-inside-inner-col{flex-direction:column;justify-content:center;}}<\/style>\n<div class=\"wp-block-kadence-column kadence-column9154_dacf07-06\"><div class=\"kt-inside-inner-col\">\n<h2 class=\"wp-block-heading\">Worker Checks CheckHub l\u00e0 c\u1ed5ng th\u00f4ng tin c\u00e1 nh\u00e2n an to\u00e0n c\u1ee7a b\u1ea1n d\u00e0nh cho vi\u1ec7c ki\u1ec3m tra v\u00e0 x\u00e1c minh th\u00f4ng tin.<\/h2>\n\n\n\n<h4 class=\"wp-block-heading\"><em>CheckHub l\u00e0 c\u1ed5ng th\u00f4ng tin c\u00e1 nh\u00e2n an to\u00e0n c\u1ee7a b\u1ea1n \u0111\u1ec3 l\u01b0u tr\u1eef, qu\u1ea3n l\u00fd v\u00e0 chia s\u1ebb c\u00e1c th\u00f4ng tin x\u00e1c th\u1ef1c, ch\u1ee9ng ch\u1ec9 v\u00e0 ki\u1ec3m tra tu\u00e2n th\u1ee7. Gi\u1eef m\u1ecdi th\u1ee9 d\u1ec5 d\u00e0ng truy c\u1eadp t\u1ea1i m\u1ed9t n\u01a1i duy nh\u1ea5t v\u00e0 chia s\u1ebb ngay l\u1eadp t\u1ee9c v\u1edbi nh\u00e0 tuy\u1ec3n d\u1ee5ng, t\u1ed5 ch\u1ee9c ho\u1eb7c kh\u00e1ch h\u00e0ng khi c\u1ea7n thi\u1ebft.<\/em><\/h4>\n\n\n\n<ul class=\"wp-block-list\">\n<li><strong>C\u00e1ch d\u1ec5 d\u00e0ng \u0111\u1ec3 th\u1ef1c hi\u1ec7n ki\u1ec3m tra \u2013 100% Tr\u1ef1c tuy\u1ebfn<\/strong><\/li>\n\n\n\n<li><strong>Th\u00e2n thi\u1ec7n v\u1edbi thi\u1ebft b\u1ecb di \u0111\u1ed9ng \u2013 kh\u00f4ng c\u1ea7n \u1ee9ng d\u1ee5ng ri\u00eang bi\u1ec7t n\u00e0o kh\u00e1c!<\/strong><\/li>\n\n\n\n<li><strong>Chia s\u1ebb s\u00e9c v\u00e0 th\u00f4ng tin x\u00e1c th\u1ef1c c\u1ee7a b\u1ea1n qua m\u1ea1ng v\u1edbi nh\u00e0 tuy\u1ec3n d\u1ee5ng, kh\u00e1ch h\u00e0ng v\u00e0 c\u00e1c doanh nghi\u1ec7p kh\u00e1c. Ho\u1eb7c b\u1ea1n c\u00f3 th\u1ec3 in s\u00e9c ra PDF.<\/strong><\/li>\n\n\n\n<li><strong>Theo d\u00f5i s\u00e9c c\u1ee7a b\u1ea1n trong c\u1ed5ng th\u00f4ng tin<\/strong><\/li>\n\n\n\n<li><strong>Si\u00eau an to\u00e0n \u2013 c\u00f4ng ngh\u1ec7 b\u1ea3o m\u1eadt h\u00e0ng \u0111\u1ea7u th\u1ebf gi\u1edbi bao g\u1ed3m blockchain ri\u00eang t\u01b0 \u0111\u1ec3 ng\u0103n ch\u1eb7n vi\u1ec7c thay \u0111\u1ed5i c\u00e1c kho\u1ea3n ki\u1ec3m tra v\u00e0 h\u1ed3 s\u01a1 ch\u00ednh th\u1ee9c<\/strong><\/li>\n<\/ul>\n<\/div><\/div>\n\n<\/div><\/div>\n\n<style>.kb-row-layout-id9154_2f4393-96 > .kt-row-column-wrap{align-content:start;}:where(.kb-row-layout-id9154_2f4393-96 > .kt-row-column-wrap) > .wp-block-kadence-column{justify-content:start;}.kb-row-layout-id9154_2f4393-96 > .kt-row-column-wrap{column-gap:var(--global-kb-gap-md, 2rem);row-gap:var(--global-kb-gap-md, 2rem);padding-top:var(--global-kb-spacing-sm, 1.5rem);padding-bottom:var(--global-kb-spacing-sm, 1.5rem);grid-template-columns:minmax(0, 1fr);}.kb-row-layout-id9154_2f4393-96 > .kt-row-layout-overlay{opacity:0.30;}@media all and (max-width: 1024px){.kb-row-layout-id9154_2f4393-96 > .kt-row-column-wrap{grid-template-columns:minmax(0, 1fr);}}@media all and (max-width: 767px){.kb-row-layout-id9154_2f4393-96 > .kt-row-column-wrap{grid-template-columns:minmax(0, 1fr);}}<\/style><div class=\"kb-row-layout-wrap kb-row-layout-id9154_2f4393-96 alignnone wp-block-kadence-rowlayout\"><div class=\"kt-row-column-wrap kt-has-1-columns kt-row-layout-equal kt-tab-layout-inherit kt-mobile-layout-row kt-row-valign-top\">\n<style>.kadence-column9154_e555ef-f0 > .kt-inside-inner-col{display:flex;}.kadence-column9154_e555ef-f0 > .kt-inside-inner-col,.kadence-column9154_e555ef-f0 > .kt-inside-inner-col:before{border-top-left-radius:0px;border-top-right-radius:0px;border-bottom-right-radius:0px;border-bottom-left-radius:0px;}.kadence-column9154_e555ef-f0 > .kt-inside-inner-col{column-gap:var(--global-kb-gap-sm, 1rem);}.kadence-column9154_e555ef-f0 > .kt-inside-inner-col{flex-direction:column;align-items:center;}.kadence-column9154_e555ef-f0 > .kt-inside-inner-col > .kb-image-is-ratio-size{align-self:stretch;}.kadence-column9154_e555ef-f0 > .kt-inside-inner-col > .wp-block-kadence-advancedgallery{align-self:stretch;}.kadence-column9154_e555ef-f0 > .kt-inside-inner-col > .aligncenter{width:100%;}.kadence-column9154_e555ef-f0 > .kt-inside-inner-col:before{opacity:0.3;}.kadence-column9154_e555ef-f0{position:relative;}@media all and (max-width: 1024px){.kadence-column9154_e555ef-f0 > .kt-inside-inner-col{flex-direction:column;justify-content:center;align-items:center;}}@media all and (max-width: 767px){.kadence-column9154_e555ef-f0 > .kt-inside-inner-col{flex-direction:column;justify-content:center;align-items:center;}}<\/style>\n<div class=\"wp-block-kadence-column kadence-column9154_e555ef-f0\"><div class=\"kt-inside-inner-col\">\n<div class=\"wp-block-buttons alignwide is-content-justification-center is-layout-flex wp-container-core-buttons-is-layout-16018d1d wp-block-buttons-is-layout-flex\">\n<div class=\"wp-block-button\"><a class=\"wp-block-button__link wp-element-button\" href=\"https:\/\/workerchecks.com\/vi\/cac-san-pham\/\"><strong>B\u1eaft \u0111\u1ea7u v\u1edbi b\u1ea5t k\u1ef3 s\u1ea3n ph\u1ea9m n\u00e0o \u0111\u1ec3 thi\u1ebft l\u1eadp Worker Checks CheckHub c\u1ee7a b\u1ea1n.<\/strong> <strong>><\/strong><\/a><\/div>\n<\/div>\n<\/div><\/div>\n\n<\/div><\/div>\n\n\n<h2 class=\"wp-block-heading has-text-align-center\">T\u1ea1i sao n\u00ean s\u1eed d\u1ee5ng Worker Checks CheckHub?<\/h2>\n\n\n<style>.kb-row-layout-id9154_856b36-ad > .kt-row-column-wrap{align-content:start;}:where(.kb-row-layout-id9154_856b36-ad > .kt-row-column-wrap) > .wp-block-kadence-column{justify-content:start;}.kb-row-layout-id9154_856b36-ad > .kt-row-column-wrap{column-gap:var(--global-kb-gap-md, 2rem);row-gap:var(--global-kb-gap-md, 2rem);padding-top:var(--global-kb-spacing-sm, 1.5rem);padding-bottom:var(--global-kb-spacing-sm, 1.5rem);}.kb-row-layout-id9154_856b36-ad > .kt-row-column-wrap > div:not(.added-for-specificity){grid-column:initial;}.kb-row-layout-id9154_856b36-ad > .kt-row-column-wrap{grid-template-columns:repeat(3, minmax(0, 1fr));}.kb-row-layout-id9154_856b36-ad > .kt-row-layout-overlay{opacity:0.30;}@media all and (max-width: 1024px){.kb-row-layout-id9154_856b36-ad > .kt-row-column-wrap > div:not(.added-for-specificity){grid-column:initial;}}@media all and (max-width: 1024px){.kb-row-layout-id9154_856b36-ad > .kt-row-column-wrap{grid-template-columns:repeat(3, minmax(0, 1fr));}}@media all and (max-width: 767px){.kb-row-layout-id9154_856b36-ad > .kt-row-column-wrap > div:not(.added-for-specificity){grid-column:initial;}.kb-row-layout-id9154_856b36-ad > .kt-row-column-wrap{grid-template-columns:minmax(0, 1fr);}}<\/style><div class=\"kb-row-layout-wrap kb-row-layout-id9154_856b36-ad alignnone wp-block-kadence-rowlayout\"><div class=\"kt-row-column-wrap kt-has-3-columns kt-row-layout-equal kt-tab-layout-inherit kt-mobile-layout-row kt-row-valign-top\">\n<style>.kadence-column9154_5dc8b0-58 > .kt-inside-inner-col,.kadence-column9154_5dc8b0-58 > .kt-inside-inner-col:before{border-top-left-radius:0px;border-top-right-radius:0px;border-bottom-right-radius:0px;border-bottom-left-radius:0px;}.kadence-column9154_5dc8b0-58 > .kt-inside-inner-col{column-gap:var(--global-kb-gap-sm, 1rem);}.kadence-column9154_5dc8b0-58 > .kt-inside-inner-col{flex-direction:column;}.kadence-column9154_5dc8b0-58 > .kt-inside-inner-col > .aligncenter{width:100%;}.kadence-column9154_5dc8b0-58 > .kt-inside-inner-col:before{opacity:0.3;}.kadence-column9154_5dc8b0-58{text-align:center;}.kadence-column9154_5dc8b0-58{position:relative;}@media all and (max-width: 1024px){.kadence-column9154_5dc8b0-58 > .kt-inside-inner-col{flex-direction:column;justify-content:center;}}@media all and (max-width: 767px){.kadence-column9154_5dc8b0-58 > .kt-inside-inner-col{flex-direction:column;justify-content:center;}}<\/style>\n<div class=\"wp-block-kadence-column kadence-column9154_5dc8b0-58\"><div class=\"kt-inside-inner-col\">\n<p><strong>D\u1ec4 S\u1eec D\u1ee4NG<\/strong><\/p>\n\n\n\n<p>Ti\u1ebfn h\u00e0nh ki\u1ec3m tra 100% tr\u1ef1c tuy\u1ebfn, th\u00e2n thi\u1ec7n v\u1edbi thi\u1ebft b\u1ecb di \u0111\u1ed9ng<\/p>\n<\/div><\/div>\n\n\n<style>.kadence-column9154_e7ec7a-d2 > .kt-inside-inner-col,.kadence-column9154_e7ec7a-d2 > .kt-inside-inner-col:before{border-top-left-radius:0px;border-top-right-radius:0px;border-bottom-right-radius:0px;border-bottom-left-radius:0px;}.kadence-column9154_e7ec7a-d2 > .kt-inside-inner-col{column-gap:var(--global-kb-gap-sm, 1rem);}.kadence-column9154_e7ec7a-d2 > .kt-inside-inner-col{flex-direction:column;}.kadence-column9154_e7ec7a-d2 > .kt-inside-inner-col > .aligncenter{width:100%;}.kadence-column9154_e7ec7a-d2 > .kt-inside-inner-col:before{opacity:0.3;}.kadence-column9154_e7ec7a-d2{text-align:center;}.kadence-column9154_e7ec7a-d2{position:relative;}@media all and (max-width: 1024px){.kadence-column9154_e7ec7a-d2 > .kt-inside-inner-col{flex-direction:column;justify-content:center;}}@media all and (max-width: 767px){.kadence-column9154_e7ec7a-d2 > .kt-inside-inner-col{flex-direction:column;justify-content:center;}}<\/style>\n<div class=\"wp-block-kadence-column kadence-column9154_e7ec7a-d2\"><div class=\"kt-inside-inner-col\">\n<p><strong>GI\u1ea2I PH\u00c1P HO\u00c0N CH\u1ec8NH<\/strong><\/p>\n\n\n\n<p>Th\u00eam c\u00e1c ch\u1ee9ng ch\u1ec9 v\u00e0 b\u1eb1ng c\u1ea5p li\u00ean quan \u0111\u1ebfn c\u00f4ng vi\u1ec7c<\/p>\n<\/div><\/div>\n\n\n<style>.kadence-column9154_5f450e-87 > .kt-inside-inner-col,.kadence-column9154_5f450e-87 > .kt-inside-inner-col:before{border-top-left-radius:0px;border-top-right-radius:0px;border-bottom-right-radius:0px;border-bottom-left-radius:0px;}.kadence-column9154_5f450e-87 > .kt-inside-inner-col{column-gap:var(--global-kb-gap-sm, 1rem);}.kadence-column9154_5f450e-87 > .kt-inside-inner-col{flex-direction:column;}.kadence-column9154_5f450e-87 > .kt-inside-inner-col > .aligncenter{width:100%;}.kadence-column9154_5f450e-87 > .kt-inside-inner-col:before{opacity:0.3;}.kadence-column9154_5f450e-87{text-align:center;}.kadence-column9154_5f450e-87{position:relative;}@media all and (max-width: 1024px){.kadence-column9154_5f450e-87 > .kt-inside-inner-col{flex-direction:column;justify-content:center;}}@media all and (max-width: 767px){.kadence-column9154_5f450e-87 > .kt-inside-inner-col{flex-direction:column;justify-content:center;}}<\/style>\n<div class=\"wp-block-kadence-column kadence-column9154_5f450e-87\"><div class=\"kt-inside-inner-col\">\n<p><strong>H\u00e3y chia s\u1ebb c\u1ee7a b\u1ea1n<\/strong> <strong>KI\u1ec2M TRA<\/strong> <\/p>\n\n\n\n<p>Chia s\u1ebb th\u00f4ng tin \u0111\u00e3 x\u00e1c minh c\u1ee7a b\u1ea1n v\u1edbi ng\u01b0\u1eddi s\u1eed d\u1ee5ng lao \u0111\u1ed9ng, t\u1ed5 ch\u1ee9c ho\u1eb7c c\u00e1 nh\u00e2n. Ho\u1eb7c in ra PDF.<\/p>\n<\/div><\/div>\n\n<\/div><\/div>\n\n<style>.kb-row-layout-id9154_b598ef-62 > .kt-row-column-wrap{align-content:start;}:where(.kb-row-layout-id9154_b598ef-62 > .kt-row-column-wrap) > .wp-block-kadence-column{justify-content:start;}.kb-row-layout-id9154_b598ef-62 > .kt-row-column-wrap{column-gap:var(--global-kb-gap-md, 2rem);row-gap:var(--global-kb-gap-md, 2rem);padding-top:var(--global-kb-spacing-sm, 1.5rem);padding-bottom:var(--global-kb-spacing-sm, 1.5rem);grid-template-columns:repeat(2, minmax(0, 1fr));}.kb-row-layout-id9154_b598ef-62 > .kt-row-layout-overlay{opacity:0.30;}@media all and (max-width: 1024px){.kb-row-layout-id9154_b598ef-62 > .kt-row-column-wrap{grid-template-columns:repeat(2, minmax(0, 1fr));}}@media all and (max-width: 767px){.kb-row-layout-id9154_b598ef-62 > .kt-row-column-wrap{grid-template-columns:minmax(0, 1fr);}}<\/style><div class=\"kb-row-layout-wrap kb-row-layout-id9154_b598ef-62 alignnone wp-block-kadence-rowlayout\"><div class=\"kt-row-column-wrap kt-has-2-columns kt-row-layout-equal kt-tab-layout-inherit kt-mobile-layout-row kt-row-valign-top\">\n<style>.kadence-column9154_cb1238-9e > .kt-inside-inner-col,.kadence-column9154_cb1238-9e > .kt-inside-inner-col:before{border-top-left-radius:0px;border-top-right-radius:0px;border-bottom-right-radius:0px;border-bottom-left-radius:0px;}.kadence-column9154_cb1238-9e > .kt-inside-inner-col{column-gap:var(--global-kb-gap-sm, 1rem);}.kadence-column9154_cb1238-9e > .kt-inside-inner-col{flex-direction:column;}.kadence-column9154_cb1238-9e > .kt-inside-inner-col > .aligncenter{width:100%;}.kadence-column9154_cb1238-9e > .kt-inside-inner-col:before{opacity:0.3;}.kadence-column9154_cb1238-9e{position:relative;}@media all and (max-width: 1024px){.kadence-column9154_cb1238-9e > .kt-inside-inner-col{flex-direction:column;justify-content:center;}}@media all and (max-width: 767px){.kadence-column9154_cb1238-9e > .kt-inside-inner-col{flex-direction:column;justify-content:center;}}<\/style>\n<div class=\"wp-block-kadence-column kadence-column9154_cb1238-9e\"><div class=\"kt-inside-inner-col\">\n<h2 class=\"wp-block-heading\">T\u00f4i c\u00f3 th\u1ec3 th\u00eam nh\u1eefng lo\u1ea1i ki\u1ec3m tra v\u00e0 ch\u1ee9ng ch\u1ec9 n\u00e0o v\u00e0o Worker Checks CheckHub c\u1ee7a m\u00ecnh?<\/h2>\n\n\n<style>.kb-row-layout-id9154_24774e-1f > .kt-row-column-wrap{align-content:start;}:where(.kb-row-layout-id9154_24774e-1f > .kt-row-column-wrap) > .wp-block-kadence-column{justify-content:start;}.kb-row-layout-id9154_24774e-1f > .kt-row-column-wrap{column-gap:var(--global-kb-gap-md, 2rem);row-gap:var(--global-kb-gap-md, 2rem);padding-top:var(--global-kb-spacing-sm, 1.5rem);padding-bottom:var(--global-kb-spacing-sm, 1.5rem);grid-template-columns:minmax(0, 1fr);}.kb-row-layout-id9154_24774e-1f > .kt-row-layout-overlay{opacity:0.30;}@media all and (max-width: 1024px){.kb-row-layout-id9154_24774e-1f > .kt-row-column-wrap{grid-template-columns:minmax(0, 1fr);}}@media all and (max-width: 767px){.kb-row-layout-id9154_24774e-1f > .kt-row-column-wrap{grid-template-columns:minmax(0, 1fr);}}<\/style><div class=\"kb-row-layout-wrap kb-row-layout-id9154_24774e-1f alignnone wp-block-kadence-rowlayout\"><div class=\"kt-row-column-wrap kt-has-1-columns kt-row-layout-equal kt-tab-layout-inherit kt-mobile-layout-row kt-row-valign-top\">\n<style>.kadence-column9154_4c6aee-95 > .kt-inside-inner-col,.kadence-column9154_4c6aee-95 > .kt-inside-inner-col:before{border-top-left-radius:0px;border-top-right-radius:0px;border-bottom-right-radius:0px;border-bottom-left-radius:0px;}.kadence-column9154_4c6aee-95 > .kt-inside-inner-col{column-gap:var(--global-kb-gap-sm, 1rem);}.kadence-column9154_4c6aee-95 > .kt-inside-inner-col{flex-direction:column;}.kadence-column9154_4c6aee-95 > .kt-inside-inner-col > .aligncenter{width:100%;}.kadence-column9154_4c6aee-95 > .kt-inside-inner-col:before{opacity:0.3;}.kadence-column9154_4c6aee-95{position:relative;}@media all and (max-width: 1024px){.kadence-column9154_4c6aee-95 > .kt-inside-inner-col{flex-direction:column;justify-content:center;}}@media all and (max-width: 767px){.kadence-column9154_4c6aee-95 > .kt-inside-inner-col{flex-direction:column;justify-content:center;}}<\/style>\n<div class=\"wp-block-kadence-column kadence-column9154_4c6aee-95\"><div class=\"kt-inside-inner-col\"><\/div><\/div>\n\n<\/div><\/div>\n\n\n<p>B\u1eb1ng c\u00e1ch chu\u1ea9n b\u1ecb s\u1eb5n s\u00e0ng v\u00e0 chia s\u1ebb ngay l\u1eadp t\u1ee9c, b\u1ea1n s\u1ebd n\u1ed5i b\u1eadt nh\u1edd s\u1ef1 chuy\u00ean nghi\u1ec7p v\u00e0 s\u1eb5n s\u00e0ng. S\u1ef1 hi\u1ec7n di\u1ec7n c\u1ee7a b\u1ea1n s\u1ebd t\u1ea1o \u1ea5n t\u01b0\u1ee3ng m\u1ea1nh m\u1ebd h\u01a1n v\u1edbi nh\u00e0 tuy\u1ec3n d\u1ee5ng ho\u1eb7c kh\u00e1ch h\u00e0ng ngay t\u1eeb \u0111\u1ea7u.<\/p>\n\n\n\n<p>V\u1edbi Worker Checks, b\u1ea1n c\u00f3 th\u1ec3 th\u1ef1c hi\u1ec7n nhi\u1ec1u lo\u1ea1i ki\u1ec3m tra v\u00e0 x\u00e1c th\u1ef1c kh\u00e1c nhau, ch\u1eb3ng h\u1ea1n nh\u01b0:<\/p>\n\n\n\n<ul class=\"wp-block-list\">\n<li><strong><a href=\"https:\/\/workerchecks.com\/vi\/product\/kiem-tra-ly-lich-tu-phap-duoc-phoi-hop-tren-toan-quoc\/\">Ki\u1ec3m tra C\u1ea3nh s\u00e1t Qu\u1ed1c gia<\/a><\/strong>&nbsp;(<a href=\"https:\/\/workerchecks.com\/vi\/product\/kiem-tra-ly-lich-tu-phap-duoc-phoi-hop-tren-toan-quoc\/\">ki\u1ec3m tra c\u1ea3nh s\u00e1t lao \u0111\u1ed9ng<\/a>&nbsp;ho\u1eb7c&nbsp;<a href=\"https:\/\/workerchecks.com\/vi\/product\/kiem-tra-canh-sat-tinh-nguyen\/\">ki\u1ec3m tra c\u1ea3nh s\u00e1t t\u00ecnh nguy\u1ec7n<\/a>)<\/li>\n\n\n\n<li><strong><a href=\"https:\/\/workerchecks.com\/vi\/product\/kiem-tra-canh-sat-quoc-te\/\">Ki\u1ec3m tra C\u1ea3nh s\u00e1t Qu\u1ed1c t\u1ebf<\/a><\/strong><\/li>\n\n\n\n<li><strong>X\u00e1c minh danh t\u00ednh<\/strong>&nbsp;(S\u00e9c c\u00f3 ch\u1ee9ng nh\u1eadn)<\/li>\n\n\n\n<li><strong>VEVO Ki\u1ec3m tra Quy\u1ec1n l\u00e0m vi\u1ec7c<\/strong><\/li>\n\n\n\n<li>Ki\u1ec3m tra s\u00e0ng l\u1ecdc c\u00f4ng nh\u00e2n NDIS<\/li>\n\n\n\n<li>Ki\u1ec3m tra l\u00e0m vi\u1ec7c v\u1edbi tr\u1ebb em<\/li>\n\n\n\n<li>Kho l\u01b0u tr\u1eef qu\u1ea3n l\u00fd th\u00f4ng tin x\u00e1c th\u1ef1c<\/li>\n\n\n\n<li><a href=\"https:\/\/workerchecks.com\/vi\/product\/bao-hiem-cho-cac-thuong-nhan-doc-lap\/\"><strong>B\u1ea3o hi\u1ec3m li\u00ean quan \u0111\u1ebfn vi\u1ec7c l\u00e0m (b\u1ea3o hi\u1ec3m doanh nghi\u1ec7p ho\u1eb7c b\u1ea3o hi\u1ec3m kinh doanh c\u00e1 th\u1ec3)<\/strong><\/a><\/li>\n<\/ul>\n<\/div><\/div>\n\n\n<style>.kadence-column9154_d4e19d-70 > .kt-inside-inner-col,.kadence-column9154_d4e19d-70 > .kt-inside-inner-col:before{border-top-left-radius:0px;border-top-right-radius:0px;border-bottom-right-radius:0px;border-bottom-left-radius:0px;}.kadence-column9154_d4e19d-70 > .kt-inside-inner-col{column-gap:var(--global-kb-gap-sm, 1rem);}.kadence-column9154_d4e19d-70 > .kt-inside-inner-col{flex-direction:column;}.kadence-column9154_d4e19d-70 > .kt-inside-inner-col > .aligncenter{width:100%;}.kadence-column9154_d4e19d-70 > .kt-inside-inner-col:before{opacity:0.3;}.kadence-column9154_d4e19d-70{position:relative;}@media all and (max-width: 1024px){.kadence-column9154_d4e19d-70 > .kt-inside-inner-col{flex-direction:column;justify-content:center;}}@media all and (max-width: 767px){.kadence-column9154_d4e19d-70 > .kt-inside-inner-col{flex-direction:column;justify-content:center;}}<\/style>\n<div class=\"wp-block-kadence-column kadence-column9154_d4e19d-70\"><div class=\"kt-inside-inner-col\">\n<figure class=\"wp-block-image size-full\"><img decoding=\"async\" width=\"840\" height=\"663\" src=\"https:\/\/workerchecks.com\/wp-content\/uploads\/2024\/08\/Sw-summary-desktop.png\" alt=\"T\u00f3m t\u1eaft k\u1ebf ho\u1ea1ch h\u1ed7 tr\u1ee3 nh\u00e2n vi\u00ean m\u00e1y t\u00ednh \u0111\u1ec3 b\u00e0n\" class=\"wp-image-8349\" title=\"\" srcset=\"https:\/\/workerchecks.com\/wp-content\/uploads\/2024\/08\/Sw-summary-desktop.png 840w, https:\/\/workerchecks.com\/wp-content\/uploads\/2024\/08\/Sw-summary-desktop-300x237.png 300w, https:\/\/workerchecks.com\/wp-content\/uploads\/2024\/08\/Sw-summary-desktop-768x606.png 768w, https:\/\/workerchecks.com\/wp-content\/uploads\/2024\/08\/Sw-summary-desktop-600x474.png 600w\" sizes=\"(max-width: 840px) 100vw, 840px\" \/><\/figure>\n<\/div><\/div>\n\n<\/div><\/div>\n\n\n<div class=\"wp-block-group\"><div class=\"wp-block-group__inner-container is-layout-constrained wp-block-group-is-layout-constrained\">\n<div style=\"background:#EBF5FF;border-top:1px solid #D6E8FF;border-bottom:1px solid #D6E8FF;padding:12px 18px;margin:28px 0;font-size:15px;display:flex;flex-wrap:wrap;align-items:center;justify-content:space-between;gap:10px;\">\n  <span style=\"color:#003F7D;\">\n    \ud83d\udc65 Qu\u1ea3n l\u00fd ki\u1ec3m tra l\u00fd l\u1ecbch t\u01b0 ph\u00e1p cho nhi\u1ec1u nh\u00e2n vi\u00ean? \n    <strong>S\u1eed d\u1ee5ng BusinessHub cho c\u00e1c giao d\u1ecbch s\u1ed1 l\u01b0\u1ee3ng l\u1edbn, thanh to\u00e1n linh ho\u1ea1t v\u00e0 theo d\u00f5i tr\u1ef1c ti\u1ebfp.<\/strong>\n  <\/span>\n  <a href=\"https:\/\/workerchecks.com\/vi\/giai-phap-kinh-doanh-kiem-tra-canh-sat\/\"\n     style=\"background:#005BAB;color:#fff;padding:9px 16px;border-radius:4px;font-size:14px;text-decoration:none;font-weight:600;white-space:nowrap;\">\n     Xem Ki\u1ec3m tra L\u00fd l\u1ecbch T\u1ed9i ph\u1ea1m cho Doanh nghi\u1ec7p \u2192\n  <\/a>\n<\/div>\n\n<\/div><\/div>","protected":false},"excerpt":{"rendered":"<p>Worker Checks CheckHub l\u00e0 c\u1ed5ng th\u00f4ng tin c\u00e1 nh\u00e2n an to\u00e0n c\u1ee7a b\u1ea1n \u0111\u1ec3 qu\u1ea3n l\u00fd v\u00e0 chia s\u1ebb c\u00e1c ch\u1ee9ng ch\u1ec9, b\u1eb1ng c\u1ea5p v\u00e0 ki\u1ec3m tra tu\u00e2n th\u1ee7. L\u01b0u tr\u1eef, qu\u1ea3n l\u00fd v\u00e0 chia s\u1ebb c\u00e1c ch\u1ee9ng ch\u1ec9, b\u1eb1ng c\u1ea5p v\u00e0 ki\u1ec3m tra tu\u00e2n th\u1ee7 c\u1ee7a b\u1ea1n m\u1ed9t c\u00e1ch an to\u00e0n. Gi\u1eef m\u1ecdi th\u1ee9 trong t\u1ea7m tay t\u1ea1i m\u1ed9t n\u01a1i duy nh\u1ea5t v\u00e0 chia s\u1ebb ngay l\u1eadp t\u1ee9c v\u1edbi nh\u00e0 tuy\u1ec3n d\u1ee5ng, t\u1ed5 ch\u1ee9c ho\u1eb7c kh\u00e1ch h\u00e0ng khi c\u1ea7n thi\u1ebft. T\u1ea1i sao n\u00ean s\u1eed d\u1ee5ng Worker Checks CheckHub? D\u1ec4 S\u1eec D\u1ee4NG Th\u1ef1c hi\u1ec7n c\u00e1c ki\u1ec3m tra\u2026<\/p>","protected":false},"author":196713191,"featured_media":0,"parent":0,"menu_order":0,"comment_status":"closed","ping_status":"closed","template":"","meta":{"_kadence_starter_templates_imported_post":false,"_kad_post_transparent":"","_kad_post_title":"","_kad_post_layout":"","_kad_post_sidebar_id":"","_kad_post_content_style":"","_kad_post_vertical_padding":"","_kad_post_feature":"","_kad_post_feature_position":"","_kad_post_header":false,"_kad_post_footer":false,"_kad_post_classname":"","footnotes":""},"class_list":["post-9154","page","type-page","status-publish","hentry"],"_links":{"self":[{"href":"https:\/\/workerchecks.com\/vi\/wp-json\/wp\/v2\/pages\/9154","targetHints":{"allow":["GET"]}}],"collection":[{"href":"https:\/\/workerchecks.com\/vi\/wp-json\/wp\/v2\/pages"}],"about":[{"href":"https:\/\/workerchecks.com\/vi\/wp-json\/wp\/v2\/types\/page"}],"author":[{"embeddable":true,"href":"https:\/\/workerchecks.com\/vi\/wp-json\/wp\/v2\/users\/196713191"}],"replies":[{"embeddable":true,"href":"https:\/\/workerchecks.com\/vi\/wp-json\/wp\/v2\/comments?post=9154"}],"version-history":[{"count":0,"href":"https:\/\/workerchecks.com\/vi\/wp-json\/wp\/v2\/pages\/9154\/revisions"}],"wp:attachment":[{"href":"https:\/\/workerchecks.com\/vi\/wp-json\/wp\/v2\/media?parent=9154"}],"curies":[{"name":"wp","href":"https:\/\/api.w.org\/{rel}","templated":true}]}}