{"id":7600,"date":"2025-04-14T22:08:53","date_gmt":"2025-04-14T12:08:53","guid":{"rendered":"https:\/\/workerchecks.com\/?page_id=7600"},"modified":"2025-11-27T16:21:47","modified_gmt":"2025-11-27T05:21:47","slug":"kiem-tra-cua-canh-sat-new-zealand-2","status":"publish","type":"page","link":"https:\/\/workerchecks.com\/vi\/new-zealand-police-check\/","title":{"rendered":"Ki\u1ec3m tra c\u1ee7a C\u1ea3nh s\u00e1t New Zealand"},"content":{"rendered":"<style>.kb-row-layout-id7600_aa01f4-d6 > .kt-row-column-wrap{align-content:start;}:where(.kb-row-layout-id7600_aa01f4-d6 > .kt-row-column-wrap) > .wp-block-kadence-column{justify-content:start;}.kb-row-layout-id7600_aa01f4-d6 > .kt-row-column-wrap{column-gap:var(--global-kb-gap-md, 2rem);row-gap:var(--global-kb-gap-md, 2rem);padding-top:var(--global-kb-spacing-sm, 1.5rem);padding-bottom:var(--global-kb-spacing-sm, 1.5rem);grid-template-columns:minmax(0, 1fr);}.kb-row-layout-id7600_aa01f4-d6 > .kt-row-layout-overlay{opacity:0.30;}@media all and (max-width: 1024px){.kb-row-layout-id7600_aa01f4-d6 > .kt-row-column-wrap{grid-template-columns:minmax(0, 1fr);}}@media all and (max-width: 767px){.kb-row-layout-id7600_aa01f4-d6 > .kt-row-column-wrap{grid-template-columns:minmax(0, 1fr);}}<\/style><div class=\"kb-row-layout-wrap kb-row-layout-id7600_aa01f4-d6 alignnone wp-block-kadence-rowlayout\"><div class=\"kt-row-column-wrap kt-has-1-columns kt-row-layout-equal kt-tab-layout-inherit kt-mobile-layout-row kt-row-valign-top\">\n<style>.kadence-column7600_970116-1c > .kt-inside-inner-col{display:flex;}.kadence-column7600_970116-1c > .kt-inside-inner-col,.kadence-column7600_970116-1c > .kt-inside-inner-col:before{border-top-left-radius:0px;border-top-right-radius:0px;border-bottom-right-radius:0px;border-bottom-left-radius:0px;}.kadence-column7600_970116-1c > .kt-inside-inner-col{column-gap:var(--global-kb-gap-sm, 1rem);}.kadence-column7600_970116-1c > .kt-inside-inner-col{flex-direction:column;align-items:center;}.kadence-column7600_970116-1c > .kt-inside-inner-col > .kb-image-is-ratio-size{align-self:stretch;}.kadence-column7600_970116-1c > .kt-inside-inner-col > .wp-block-kadence-advancedgallery{align-self:stretch;}.kadence-column7600_970116-1c > .kt-inside-inner-col > .aligncenter{width:100%;}.kadence-column7600_970116-1c > .kt-inside-inner-col:before{opacity:0.3;}.kadence-column7600_970116-1c{text-align:center;}.kadence-column7600_970116-1c{position:relative;}@media all and (max-width: 1024px){.kadence-column7600_970116-1c > .kt-inside-inner-col{flex-direction:column;justify-content:center;align-items:center;}}@media all and (max-width: 767px){.kadence-column7600_970116-1c > .kt-inside-inner-col{flex-direction:column;justify-content:center;align-items:center;}}<\/style>\n<div class=\"wp-block-kadence-column kadence-column7600_970116-1c\"><div class=\"kt-inside-inner-col\">\n<figure class=\"wp-block-image size-full has-lightbox\"><a href=\"https:\/\/workerchecks.com\/vi\/product\/kiem-tra-canh-sat-quoc-te\/\"><img decoding=\"async\" width=\"1000\" height=\"563\" src=\"https:\/\/workerchecks.com\/wp-content\/uploads\/2022\/03\/NZ-Check-Grey-Border-1.jpg\" alt=\"Ki\u1ec3m tra c\u1ee7a C\u1ea3nh s\u00e1t New Zealand\" class=\"wp-image-6022\" title=\"\" srcset=\"https:\/\/workerchecks.com\/wp-content\/uploads\/2022\/03\/NZ-Check-Grey-Border-1.jpg 1000w, https:\/\/workerchecks.com\/wp-content\/uploads\/2022\/03\/NZ-Check-Grey-Border-1-600x338.jpg 600w\" sizes=\"(max-width: 1000px) 100vw, 1000px\" \/><\/a><\/figure>\n\n\n\n<div class=\"wp-block-buttons is-layout-flex wp-block-buttons-is-layout-flex\">\n<div class=\"wp-block-button\"><a class=\"wp-block-button__link wp-element-button\" href=\"https:\/\/workerchecks.com\/vi\/product\/kiem-tra-canh-sat-quoc-te\/\">NH\u1eacN KI\u1ec2M TRA C\u1ee6A C\u1ea2NH S\u00c1T NEW ZEALAND<\/a><\/div>\n<\/div>\n<\/div><\/div>\n\n<\/div><\/div>\n\n<style>.kb-row-layout-id7600_8918db-99 > .kt-row-column-wrap{align-content:start;}:where(.kb-row-layout-id7600_8918db-99 > .kt-row-column-wrap) > .wp-block-kadence-column{justify-content:start;}.kb-row-layout-id7600_8918db-99 > .kt-row-column-wrap{column-gap:var(--global-kb-gap-md, 2rem);row-gap:var(--global-kb-gap-md, 2rem);padding-top:var(--global-kb-spacing-sm, 1.5rem);padding-bottom:var(--global-kb-spacing-sm, 1.5rem);grid-template-columns:minmax(0, 1fr);}.kb-row-layout-id7600_8918db-99 > .kt-row-layout-overlay{opacity:0.30;}@media all and (max-width: 1024px){.kb-row-layout-id7600_8918db-99 > .kt-row-column-wrap{grid-template-columns:minmax(0, 1fr);}}@media all and (max-width: 767px){.kb-row-layout-id7600_8918db-99 > .kt-row-column-wrap{grid-template-columns:minmax(0, 1fr);}}<\/style><div class=\"kb-row-layout-wrap kb-row-layout-id7600_8918db-99 alignnone wp-block-kadence-rowlayout\"><div class=\"kt-row-column-wrap kt-has-1-columns kt-row-layout-equal kt-tab-layout-inherit kt-mobile-layout-row kt-row-valign-top\">\n<style>.kadence-column7600_7ad4cb-a8 > .kt-inside-inner-col{display:flex;}.kadence-column7600_7ad4cb-a8 > .kt-inside-inner-col,.kadence-column7600_7ad4cb-a8 > .kt-inside-inner-col:before{border-top-left-radius:0px;border-top-right-radius:0px;border-bottom-right-radius:0px;border-bottom-left-radius:0px;}.kadence-column7600_7ad4cb-a8 > .kt-inside-inner-col{column-gap:var(--global-kb-gap-sm, 1rem);}.kadence-column7600_7ad4cb-a8 > .kt-inside-inner-col{flex-direction:column;align-items:flex-start;}.kadence-column7600_7ad4cb-a8 > .kt-inside-inner-col > .kb-image-is-ratio-size{align-self:stretch;}.kadence-column7600_7ad4cb-a8 > .kt-inside-inner-col > .wp-block-kadence-advancedgallery{align-self:stretch;}.kadence-column7600_7ad4cb-a8 > .kt-inside-inner-col > .aligncenter{width:100%;}.kadence-column7600_7ad4cb-a8 > .kt-inside-inner-col:before{opacity:0.3;}.kadence-column7600_7ad4cb-a8{text-align:left;}.kadence-column7600_7ad4cb-a8{position:relative;}@media all and (max-width: 1024px){.kadence-column7600_7ad4cb-a8 > .kt-inside-inner-col{flex-direction:column;justify-content:center;align-items:flex-start;}}@media all and (max-width: 767px){.kadence-column7600_7ad4cb-a8 > .kt-inside-inner-col{flex-direction:column;justify-content:center;align-items:flex-start;}}<\/style>\n<div class=\"wp-block-kadence-column kadence-column7600_7ad4cb-a8\"><div class=\"kt-inside-inner-col\">\n<h2 class=\"wp-block-heading\">Ki\u1ec3m tra c\u1ea3nh s\u00e1t New Zealand \u2013 Nhanh ch\u00f3ng, 100% Tr\u1ef1c tuy\u1ebfn<\/h2>\n\n\n\n<h3 class=\"wp-block-heading\"><strong>B\u1ea1n c\u1ea7n ki\u1ec3m tra th\u00f4ng tin c\u1ee7a c\u1ea3nh s\u00e1t New Zealand tr\u1ef1c tuy\u1ebfn?<\/strong><\/h3>\n\n\n\n<p>N\u1ebfu b\u1ea1n m\u1edbi \u0111\u1ebfn \u00dac ho\u1eb7c \u0111\u00e3 \u1edf n\u01b0\u1edbc ngo\u00e0i h\u01a1n s\u00e1u th\u00e1ng, nh\u00e0 tuy\u1ec3n d\u1ee5ng ti\u1ec1m n\u0103ng c\u00f3 th\u1ec3 y\u00eau c\u1ea7u Gi\u1ea5y ch\u1ee9ng nh\u1eadn L\u00fd l\u1ecbch T\u01b0 ph\u00e1p New Zealand nh\u01b0 m\u1ed9t ph\u1ea7n c\u1ee7a quy tr\u00ecnh s\u00e0ng l\u1ecdc tr\u01b0\u1edbc khi tuy\u1ec3n d\u1ee5ng. Worker Checks l\u00e0 n\u01a1i l\u00fd t\u01b0\u1edfng \u0111\u1ec3 b\u1ea1n th\u1ef1c hi\u1ec7n th\u1ee7 t\u1ee5c L\u00fd l\u1ecbch T\u01b0 ph\u00e1p New Zealand. Quy tr\u00ecnh c\u1ee7a ch\u00fang t\u00f4i \u0111\u00e1p \u1ee9ng c\u00e1c ti\u00eau chu\u1ea9n qu\u1ed1c t\u1ebf cao nh\u1ea5t d\u00e0nh cho sinh vi\u00ean qu\u1ed1c t\u1ebf, gi\u00e1o vi\u00ean, nh\u00e2n vi\u00ean ch\u0103m s\u00f3c ng\u01b0\u1eddi cao tu\u1ed5i &amp; ng\u01b0\u1eddi khuy\u1ebft t\u1eadt, v\u00e0 nh\u00e2n vi\u00ean y t\u1ebf, v\u00e0 \u0111\u01b0\u1ee3c th\u1ef1c hi\u1ec7n tr\u1ef1c tuy\u1ebfn theo ti\u00eau chu\u1ea9n 100%.<\/p>\n\n\n\n<h3 class=\"wp-block-heading\">T\u1ea1i sao ph\u1ea3i c\u00f3 Gi\u1ea5y ch\u1ee9ng nh\u1eadn l\u00fd l\u1ecbch t\u01b0 ph\u00e1p c\u1ee7a C\u1ea3nh s\u00e1t New Zealand?<\/h3>\n\n\n\n<p>N\u1ebfu b\u1ea1n l\u00e0 sinh vi\u00ean qu\u1ed1c t\u1ebf, gi\u00e1o vi\u00ean, b\u00e1c s\u0129, nh\u00e2n vi\u00ean ch\u0103m s\u00f3c tr\u1ebb em ho\u1eb7c \u0111\u00e3 s\u1ed1ng ho\u1eb7c l\u00e0m vi\u1ec7c \u1edf n\u01b0\u1edbc ngo\u00e0i h\u01a1n s\u00e1u th\u00e1ng, b\u1ea1n c\u00f3 th\u1ec3 c\u1ea7n ph\u1ea3i s\u00e0ng l\u1ecdc l\u00fd l\u1ecbch t\u01b0 ph\u00e1p \u1edf n\u01b0\u1edbc ngo\u00e0i.<\/p>\n\n\n\n<h3 class=\"wp-block-heading\">Gi\u1ea5y t\u1edd t\u00f9y th\u00e2n c\u1ea7n thi\u1ebft \u0111\u1ec3 ki\u1ec3m tra l\u00fd l\u1ecbch t\u01b0 ph\u00e1p t\u1ea1i New Zealand<\/h3>\n\n\n\n<ul class=\"wp-block-list\">\n<li><strong>H\u1ed9 chi\u1ebfu h\u1ee3p l\u1ec7<\/strong>: Ph\u1ea3i c\u00f2n hi\u1ec7u l\u1ef1c v\u00e0 ch\u01b0a h\u1ebft h\u1ea1n.<\/li>\n\n\n\n<li><strong>Chi ti\u1ebft ph\u00f9 h\u1ee3p<\/strong>: \u0110\u1ea3m b\u1ea3o t\u1ea5t c\u1ea3 th\u00f4ng tin tr\u00ean gi\u1ea5y t\u1edd t\u00f9y th\u00e2n c\u1ee7a b\u1ea1n kh\u1edbp v\u1edbi \u0111\u01a1n \u0111\u0103ng k\u00fd. Cung c\u1ea5p gi\u1ea5y t\u1edd thay \u0111\u1ed5i t\u00ean n\u1ebfu c\u1ea7n.<\/li>\n<\/ul>\n\n\n\n<h3 class=\"wp-block-heading\">C\u00e1ch n\u1ed9p \u0111\u01a1n xin Ki\u1ec3m tra l\u00fd l\u1ecbch t\u01b0 ph\u00e1p New Zealand t\u1eeb \u00dac<\/h3>\n\n\n\n<ol class=\"wp-block-list\">\n<li><strong>L\u1ef1a ch\u1ecdn <a href=\"http:\/\/1.        Select International Police Check: From the Worker Checks product page. 2.        Select Nepal and pay for check: from the drop-down menu for Country selection 3.        Complete Application: Enter data, give consent, upload IDs, and take a selfie with your passport. 4.        Submit: You will receive an email confirming check submission.  Your Worker Checks portal will display your pending check and how many days since submission 5.        When check is completed and ready: You will Get an email and text when your check is available in your Worker Checks portal. 6.        Access Your Certificate: Print or electronically share your Police Check from your personal portal.\" title=\"\">Ki\u1ec3m tra c\u1ea3nh s\u00e1t qu\u1ed1c t\u1ebf<\/a><\/strong> T\u1eeb trang s\u1ea3n ph\u1ea9m Worker Checks.<\/li>\n\n\n\n<li><strong>Ch\u1ecdn New Zealand<\/strong> v\u00e0 thanh to\u00e1n b\u1eb1ng s\u00e9c: t\u1eeb menu th\u1ea3 xu\u1ed1ng \u0111\u1ec3 ch\u1ecdn Qu\u1ed1c gia<\/li>\n\n\n\n<li>Ho\u00e0n t\u1ea5t \u0111\u01a1n \u0111\u0103ng k\u00fd: Nh\u1eadp d\u1eef li\u1ec7u, \u0111\u1ed3ng \u00fd, t\u1ea3i l\u00ean ID v\u00e0 ch\u1ee5p \u1ea3nh t\u1ef1 s\u01b0\u1edbng v\u1edbi h\u1ed9 chi\u1ebfu c\u1ee7a b\u1ea1n.<\/li>\n\n\n\n<li>N\u1ed9p: B\u1ea1n s\u1ebd nh\u1eadn \u0111\u01b0\u1ee3c email x\u00e1c nh\u1eadn vi\u1ec7c n\u1ed9p s\u00e9c. C\u1ed5ng th\u00f4ng tin Ki\u1ec3m tra Ng\u01b0\u1eddi lao \u0111\u1ed9ng c\u1ee7a b\u1ea1n s\u1ebd hi\u1ec3n th\u1ecb s\u00e9c \u0111ang ch\u1edd x\u1eed l\u00fd v\u00e0 s\u1ed1 ng\u00e0y \u0111\u00e3 n\u1ed9p.<\/li>\n\n\n\n<li>Khi s\u00e9c ho\u00e0n t\u1ea5t v\u00e0 s\u1eb5n s\u00e0ng: B\u1ea1n s\u1ebd nh\u1eadn \u0111\u01b0\u1ee3c email v\u00e0 tin nh\u1eafn khi s\u00e9c c\u1ee7a b\u1ea1n c\u00f3 trong c\u1ed5ng th\u00f4ng tin S\u00e9c cho Ng\u01b0\u1eddi lao \u0111\u1ed9ng.<\/li>\n\n\n\n<li>Truy c\u1eadp Gi\u1ea5y ch\u1ee9ng nh\u1eadn c\u1ee7a b\u1ea1n: In ho\u1eb7c chia s\u1ebb Gi\u1ea5y ch\u1ee9ng nh\u1eadn c\u1ea3nh s\u00e1t \u0111i\u1ec7n t\u1eed t\u1eeb c\u1ed5ng th\u00f4ng tin c\u00e1 nh\u00e2n c\u1ee7a b\u1ea1n.<\/li>\n<\/ol>\n\n\n\n<h3 class=\"wp-block-heading\">Th\u1eddi gian x\u1eed l\u00fd \u0111\u1ec3 ki\u1ec3m tra c\u1ea3nh s\u00e1t New Zealand<\/h3>\n\n\n\n<ul class=\"wp-block-list\">\n<li><strong>3 \u0111\u1ebfn 7 ng\u00e0y l\u00e0m vi\u1ec7c<\/strong>: Th\u00f4ng th\u01b0\u1eddng s\u1ebd ho\u00e0n t\u1ea5t trong kho\u1ea3ng th\u1eddi gian n\u00e0y. M\u1ed9t s\u1ed1 tr\u01b0\u1eddng h\u1ee3p c\u00f3 th\u1ec3 m\u1ea5t nhi\u1ec1u th\u1eddi gian h\u01a1n t\u00f9y thu\u1ed9c v\u00e0o th\u1eddi gian x\u1eed l\u00fd c\u1ee7a c\u00e1c c\u01a1 quan ch\u00ednh ph\u1ee7.<\/li>\n<\/ul>\n\n\n\n<h3 class=\"wp-block-heading\">Ghi ch\u00fa<\/h3>\n\n\n\n<p>Vi\u1ec7c ki\u1ec3m tra c\u1ee7a ch\u00fang t\u00f4i ph\u00f9 h\u1ee3p cho vi\u1ec7c s\u00e0ng l\u1ecdc l\u00fd l\u1ecbch (vi\u1ec7c l\u00e0m, tuy\u1ec3n d\u1ee5ng, thu\u00ea m\u01b0\u1edbn). Vui l\u00f2ng ki\u1ec3m tra c\u00e1c y\u00eau c\u1ea7u c\u1ee5 th\u1ec3 cho m\u1ee5c \u0111\u00edch th\u1ecb th\u1ef1c v\u00e0 nh\u1eadp c\u01b0 v\u1edbi c\u00e1c c\u01a1 quan c\u00f3 th\u1ea9m quy\u1ec1n. Ch\u00fang t\u00f4i kh\u00f4ng \u0111\u1ea3m b\u1ea3o t\u00ednh ph\u00f9 h\u1ee3p cho m\u1ee5c \u0111\u00edch th\u1ecb th\u1ef1c v\u00e0 nh\u1eadp c\u01b0.<\/p>\n\n\n\n<p>\u0110\u1ec3 ki\u1ec3m tra c\u1ea3nh s\u00e1t New Zealand nhanh ch\u00f3ng v\u00e0 \u0111\u00e1ng tin c\u1eady, h\u00e3y ch\u1ecdn Worker Checks!<\/p>\n<\/div><\/div>\n\n<\/div><\/div>\n\n<style>.kb-row-layout-id7600_9739c3-39 > .kt-row-column-wrap{align-content:start;}:where(.kb-row-layout-id7600_9739c3-39 > .kt-row-column-wrap) > .wp-block-kadence-column{justify-content:start;}.kb-row-layout-id7600_9739c3-39 > .kt-row-column-wrap{column-gap:var(--global-kb-gap-md, 2rem);row-gap:var(--global-kb-gap-md, 2rem);padding-top:var(--global-kb-spacing-sm, 1.5rem);padding-bottom:var(--global-kb-spacing-sm, 1.5rem);grid-template-columns:minmax(0, 1fr);}.kb-row-layout-id7600_9739c3-39 > .kt-row-layout-overlay{opacity:0.30;}@media all and (max-width: 1024px){.kb-row-layout-id7600_9739c3-39 > .kt-row-column-wrap{grid-template-columns:minmax(0, 1fr);}}@media all and (max-width: 767px){.kb-row-layout-id7600_9739c3-39 > .kt-row-column-wrap{grid-template-columns:minmax(0, 1fr);}}<\/style><div class=\"kb-row-layout-wrap kb-row-layout-id7600_9739c3-39 alignnone wp-block-kadence-rowlayout\"><div class=\"kt-row-column-wrap kt-has-1-columns kt-row-layout-equal kt-tab-layout-inherit kt-mobile-layout-row kt-row-valign-top\">\n<style>.kadence-column7600_62fa58-ea > .kt-inside-inner-col{display:flex;}.kadence-column7600_62fa58-ea > .kt-inside-inner-col,.kadence-column7600_62fa58-ea > .kt-inside-inner-col:before{border-top-left-radius:0px;border-top-right-radius:0px;border-bottom-right-radius:0px;border-bottom-left-radius:0px;}.kadence-column7600_62fa58-ea > .kt-inside-inner-col{column-gap:var(--global-kb-gap-sm, 1rem);}.kadence-column7600_62fa58-ea > .kt-inside-inner-col{flex-direction:column;align-items:flex-start;}.kadence-column7600_62fa58-ea > .kt-inside-inner-col > .kb-image-is-ratio-size{align-self:stretch;}.kadence-column7600_62fa58-ea > .kt-inside-inner-col > .wp-block-kadence-advancedgallery{align-self:stretch;}.kadence-column7600_62fa58-ea > .kt-inside-inner-col > .aligncenter{width:100%;}.kadence-column7600_62fa58-ea > .kt-inside-inner-col:before{opacity:0.3;}.kadence-column7600_62fa58-ea{text-align:left;}.kadence-column7600_62fa58-ea{position:relative;}@media all and (max-width: 1024px){.kadence-column7600_62fa58-ea > .kt-inside-inner-col{flex-direction:column;justify-content:center;align-items:flex-start;}}@media all and (max-width: 767px){.kadence-column7600_62fa58-ea > .kt-inside-inner-col{flex-direction:column;justify-content:center;align-items:flex-start;}}<\/style>\n<div class=\"wp-block-kadence-column kadence-column7600_62fa58-ea\"><div class=\"kt-inside-inner-col\">\n<h2 class=\"wp-block-heading\">Ki\u1ec3m tra c\u1ee7a C\u1ea3nh s\u00e1t New Zealand m\u1ea5t bao l\u00e2u?<\/h2>\n\n\n\n<h3 class=\"wp-block-heading\"><strong>Ki\u1ec3m tra c\u1ee7a C\u1ea3nh s\u00e1t New Zealand th\u01b0\u1eddng \u0111\u01b0\u1ee3c x\u1eed l\u00fd trong v\u00f2ng 3-7 ng\u00e0y l\u00e0m vi\u1ec7c.<\/strong><\/h3>\n\n\n\n<p>Ph\u1ea7n l\u1edbn Ki\u1ec3m tra C\u00f4ng nh\u00e2n&nbsp;<a href=\"https:\/\/workerchecks.com\/vi\/police-check-product\/kiem-tra-canh-sat-quoc-te\/\">Ki\u1ec3m tra c\u1ea3nh s\u00e1t qu\u1ed1c t\u1ebf<\/a>&nbsp;Th\u00f4ng th\u01b0\u1eddng, k\u1ebft qu\u1ea3 s\u1ebd \u0111\u01b0\u1ee3c x\u1eed l\u00fd trong v\u00f2ng 5 \u0111\u1ebfn 15 ng\u00e0y l\u00e0m vi\u1ec7c. Trong m\u1ed9t s\u1ed1 tr\u01b0\u1eddng h\u1ee3p, th\u1eddi gian x\u1eed l\u00fd c\u00f3 th\u1ec3 l\u00e2u h\u01a1n, t\u00f9y thu\u1ed9c v\u00e0o th\u1eddi gian x\u1eed l\u00fd c\u1ee7a c\u00e1c c\u01a1 quan ch\u00ednh ph\u1ee7 ph\u1ed1i h\u1ee3p ki\u1ec3m tra t\u1ea1i m\u1ed7i qu\u1ed1c gia.<\/p>\n\n\n\n<h3 class=\"wp-block-heading\">B\u1ea1n c\u1ea7n truy c\u1eadp nhanh v\u00e0o Gi\u1ea5y ch\u1ee9ng nh\u1eadn ki\u1ec3m tra c\u1ee7a c\u1ea3nh s\u00e1t New Zealand?<\/h3>\n\n\n\n<h3 class=\"wp-block-heading\">B\u1ea1n \u0111ang \u1edf \u00dac nh\u01b0ng l\u1ea1i c\u1ea7n Ki\u1ec3m tra c\u1ee7a C\u1ea3nh s\u00e1t New Zealand?<\/h3>\n\n\n\n<p>D\u00f9 b\u1ea1n m\u1edbi \u0111\u1ebfn \u00dac hay \u0111\u00e3 \u1edf n\u01b0\u1edbc ngo\u00e0i h\u01a1n s\u00e1u th\u00e1ng, Worker Checks mang \u0111\u1ebfn gi\u1ea3i ph\u00e1p l\u00fd t\u01b0\u1edfng cho vi\u1ec7c Ki\u1ec3m tra L\u00fd l\u1ecbch T\u01b0 ph\u00e1p New Zealand c\u1ee7a b\u1ea1n. Quy tr\u00ecnh to\u00e0n di\u1ec7n c\u1ee7a ch\u00fang t\u00f4i tu\u00e2n th\u1ee7 c\u00e1c ti\u00eau chu\u1ea9n qu\u1ed1c t\u1ebf nghi\u00eam ng\u1eb7t nh\u1ea5t, thi\u1ebft y\u1ebfu cho sinh vi\u00ean qu\u1ed1c t\u1ebf, gi\u00e1o vi\u00ean, chuy\u00ean gia ch\u0103m s\u00f3c ng\u01b0\u1eddi cao tu\u1ed5i, nh\u00e2n vi\u00ean h\u1ed7 tr\u1ee3 ng\u01b0\u1eddi khuy\u1ebft t\u1eadt v\u00e0 nh\u00e2n vi\u00ean y t\u1ebf. M\u1eabu \u0111\u01a1n 100% \u0111\u01b0\u1ee3c ho\u00e0n th\u00e0nh tr\u1ef1c tuy\u1ebfn m\u1ed9t c\u00e1ch thu\u1eadn ti\u1ec7n.<\/p>\n\n\n\n<h3 class=\"wp-block-heading\">Quy tr\u00ecnh ki\u1ec3m tra c\u1ee7a C\u1ea3nh s\u00e1t New Zealand \u0111\u01b0\u1ee3c \u0111\u01a1n gi\u1ea3n h\u00f3a v\u1edbi Worker Checks<\/h3>\n\n\n\n<p>\u0110\u01b0\u1ee3c g\u1ecdi l\u00e0 l\u00fd l\u1ecbch t\u01b0 ph\u00e1p \u1edf n\u01b0\u1edbc ngo\u00e0i ho\u1eb7c ki\u1ec3m tra l\u00fd l\u1ecbch t\u01b0 ph\u00e1p, Ki\u1ec3m tra Ng\u01b0\u1eddi lao \u0111\u1ed9ng gi\u00fap \u0111\u01a1n gi\u1ea3n h\u00f3a vi\u1ec7c l\u1ea5y l\u00fd l\u1ecbch t\u01b0 ph\u00e1p c\u1ee7a b\u1ea1n t\u1eeb n\u01b0\u1edbc ngo\u00e0i. Quy tr\u00ecnh nghi\u00eam ng\u1eb7t c\u1ee7a ch\u00fang t\u00f4i \u0111\u1ea3m b\u1ea3o tu\u00e2n th\u1ee7 c\u00e1c ti\u00eau chu\u1ea9n to\u00e0n c\u1ea7u cao nh\u1ea5t, gi\u00fap c\u00f4ng vi\u1ec7c tr\u1edf n\u00ean \u0111\u01a1n gi\u1ea3n.<\/p>\n<\/div><\/div>\n\n<\/div><\/div>\n\n<style>.kb-row-layout-id7600_d34720-c1 > .kt-row-column-wrap{align-content:start;}:where(.kb-row-layout-id7600_d34720-c1 > .kt-row-column-wrap) > .wp-block-kadence-column{justify-content:start;}.kb-row-layout-id7600_d34720-c1 > .kt-row-column-wrap{column-gap:var(--global-kb-gap-md, 2rem);row-gap:var(--global-kb-gap-md, 2rem);padding-top:var(--global-kb-spacing-sm, 1.5rem);padding-bottom:var(--global-kb-spacing-sm, 1.5rem);grid-template-columns:minmax(0, 1fr);}.kb-row-layout-id7600_d34720-c1 > .kt-row-layout-overlay{opacity:0.30;}@media all and (max-width: 1024px){.kb-row-layout-id7600_d34720-c1 > .kt-row-column-wrap{grid-template-columns:minmax(0, 1fr);}}@media all and (max-width: 767px){.kb-row-layout-id7600_d34720-c1 > .kt-row-column-wrap{grid-template-columns:minmax(0, 1fr);}}<\/style><div class=\"kb-row-layout-wrap kb-row-layout-id7600_d34720-c1 alignnone wp-block-kadence-rowlayout\"><div class=\"kt-row-column-wrap kt-has-1-columns kt-row-layout-equal kt-tab-layout-inherit kt-mobile-layout-row kt-row-valign-top\">\n<style>.kadence-column7600_202d78-68 > .kt-inside-inner-col{display:flex;}.kadence-column7600_202d78-68 > .kt-inside-inner-col,.kadence-column7600_202d78-68 > .kt-inside-inner-col:before{border-top-left-radius:0px;border-top-right-radius:0px;border-bottom-right-radius:0px;border-bottom-left-radius:0px;}.kadence-column7600_202d78-68 > .kt-inside-inner-col{column-gap:var(--global-kb-gap-sm, 1rem);}.kadence-column7600_202d78-68 > .kt-inside-inner-col{flex-direction:column;align-items:center;}.kadence-column7600_202d78-68 > .kt-inside-inner-col > .kb-image-is-ratio-size{align-self:stretch;}.kadence-column7600_202d78-68 > .kt-inside-inner-col > .wp-block-kadence-advancedgallery{align-self:stretch;}.kadence-column7600_202d78-68 > .kt-inside-inner-col > .aligncenter{width:100%;}.kadence-column7600_202d78-68 > .kt-inside-inner-col:before{opacity:0.3;}.kadence-column7600_202d78-68{text-align:left;}.kadence-column7600_202d78-68{position:relative;}@media all and (max-width: 1024px){.kadence-column7600_202d78-68 > .kt-inside-inner-col{flex-direction:column;justify-content:center;align-items:center;}}@media all and (max-width: 767px){.kadence-column7600_202d78-68 > .kt-inside-inner-col{flex-direction:column;justify-content:center;align-items:center;}}<\/style>\n<div class=\"wp-block-kadence-column kadence-column7600_202d78-68\"><div class=\"kt-inside-inner-col\">\n<div class=\"wp-block-buttons is-layout-flex wp-block-buttons-is-layout-flex\">\n<div class=\"wp-block-button\"><a class=\"wp-block-button__link wp-element-button\" href=\"https:\/\/workerchecks.com\/vi\/product\/kiem-tra-canh-sat-quoc-te\/\">NH\u1eacN KI\u1ec2M TRA C\u1ee6A C\u1ea2NH S\u00c1T NEW ZEALAND<\/a><\/div>\n<\/div>\n<\/div><\/div>\n\n<\/div><\/div>","protected":false},"excerpt":{"rendered":"<p>Ki\u1ec3m tra l\u00fd l\u1ecbch t\u01b0 ph\u00e1p New Zealand \u2013 Nhanh ch\u00f3ng, 100% Tr\u1ef1c tuy\u1ebfn C\u1ea7n ki\u1ec3m tra l\u00fd l\u1ecbch t\u01b0 ph\u00e1p New Zealand tr\u1ef1c tuy\u1ebfn? N\u1ebfu b\u1ea1n m\u1edbi \u0111\u1ebfn \u00dac ho\u1eb7c \u0111\u00e3 \u1edf n\u01b0\u1edbc ngo\u00e0i h\u01a1n s\u00e1u th\u00e1ng, nh\u00e0 tuy\u1ec3n d\u1ee5ng ti\u1ec1m n\u0103ng c\u00f3 th\u1ec3 y\u00eau c\u1ea7u Gi\u1ea5y ch\u1ee9ng nh\u1eadn ki\u1ec3m tra l\u00fd l\u1ecbch t\u01b0 ph\u00e1p New Zealand nh\u01b0 m\u1ed9t ph\u1ea7n c\u1ee7a quy tr\u00ecnh s\u00e0ng l\u1ecdc tr\u01b0\u1edbc khi tuy\u1ec3n d\u1ee5ng. Worker Checks l\u00e0 \u0111\u1ecba ch\u1ec9 \u0111\u00e1ng tin c\u1eady cho nhu c\u1ea7u ki\u1ec3m tra l\u00fd l\u1ecbch t\u01b0 ph\u00e1p New Zealand c\u1ee7a b\u1ea1n\u2026<\/p>","protected":false},"author":196713191,"featured_media":6022,"parent":0,"menu_order":0,"comment_status":"closed","ping_status":"closed","template":"","meta":{"_kadence_starter_templates_imported_post":false,"_kad_post_transparent":"","_kad_post_title":"","_kad_post_layout":"","_kad_post_sidebar_id":"","_kad_post_content_style":"","_kad_post_vertical_padding":"","_kad_post_feature":"","_kad_post_feature_position":"","_kad_post_header":false,"_kad_post_footer":false,"_kad_post_classname":"","footnotes":""},"class_list":["post-7600","page","type-page","status-publish","has-post-thumbnail","hentry"],"_links":{"self":[{"href":"https:\/\/workerchecks.com\/vi\/wp-json\/wp\/v2\/pages\/7600","targetHints":{"allow":["GET"]}}],"collection":[{"href":"https:\/\/workerchecks.com\/vi\/wp-json\/wp\/v2\/pages"}],"about":[{"href":"https:\/\/workerchecks.com\/vi\/wp-json\/wp\/v2\/types\/page"}],"author":[{"embeddable":true,"href":"https:\/\/workerchecks.com\/vi\/wp-json\/wp\/v2\/users\/196713191"}],"replies":[{"embeddable":true,"href":"https:\/\/workerchecks.com\/vi\/wp-json\/wp\/v2\/comments?post=7600"}],"version-history":[{"count":0,"href":"https:\/\/workerchecks.com\/vi\/wp-json\/wp\/v2\/pages\/7600\/revisions"}],"wp:featuredmedia":[{"embeddable":true,"href":"https:\/\/workerchecks.com\/vi\/wp-json\/wp\/v2\/media\/6022"}],"wp:attachment":[{"href":"https:\/\/workerchecks.com\/vi\/wp-json\/wp\/v2\/media?parent=7600"}],"curies":[{"name":"wp","href":"https:\/\/api.w.org\/{rel}","templated":true}]}}