{"id":6765,"date":"2024-04-29T12:50:49","date_gmt":"2024-04-29T02:50:49","guid":{"rendered":"https:\/\/workerchecks.com\/?page_id=6765"},"modified":"2025-12-13T20:53:31","modified_gmt":"2025-12-13T09:53:31","slug":"kiem-tra-canh-sat-qld","status":"publish","type":"page","link":"https:\/\/workerchecks.com\/vi\/police-check-qld\/","title":{"rendered":"Ki\u1ec3m tra c\u1ea3nh s\u00e1t QLD"},"content":{"rendered":"<style>.kb-row-layout-id6765_a5b13a-8f > .kt-row-column-wrap{align-content:start;}:where(.kb-row-layout-id6765_a5b13a-8f > .kt-row-column-wrap) > .wp-block-kadence-column{justify-content:start;}.kb-row-layout-id6765_a5b13a-8f > .kt-row-column-wrap{column-gap:var(--global-kb-gap-md, 2rem);row-gap:var(--global-kb-gap-md, 2rem);padding-top:var(--global-kb-spacing-sm, 1.5rem);padding-bottom:var(--global-kb-spacing-sm, 1.5rem);grid-template-columns:minmax(0, 1fr);}.kb-row-layout-id6765_a5b13a-8f > .kt-row-layout-overlay{opacity:0.30;}@media all and (max-width: 1024px){.kb-row-layout-id6765_a5b13a-8f > .kt-row-column-wrap{grid-template-columns:minmax(0, 1fr);}}@media all and (max-width: 767px){.kb-row-layout-id6765_a5b13a-8f > .kt-row-column-wrap{grid-template-columns:minmax(0, 1fr);}}<\/style><div class=\"kb-row-layout-wrap kb-row-layout-id6765_a5b13a-8f alignnone wp-block-kadence-rowlayout\"><div class=\"kt-row-column-wrap kt-has-1-columns kt-row-layout-equal kt-tab-layout-inherit kt-mobile-layout-row kt-row-valign-top\">\n<style>.kadence-column6765_6f5199-e1 > .kt-inside-inner-col{display:flex;}.kadence-column6765_6f5199-e1 > .kt-inside-inner-col,.kadence-column6765_6f5199-e1 > .kt-inside-inner-col:before{border-top-left-radius:0px;border-top-right-radius:0px;border-bottom-right-radius:0px;border-bottom-left-radius:0px;}.kadence-column6765_6f5199-e1 > .kt-inside-inner-col{column-gap:var(--global-kb-gap-sm, 1rem);}.kadence-column6765_6f5199-e1 > .kt-inside-inner-col{flex-direction:column;align-items:center;}.kadence-column6765_6f5199-e1 > .kt-inside-inner-col > .kb-image-is-ratio-size{align-self:stretch;}.kadence-column6765_6f5199-e1 > .kt-inside-inner-col > .wp-block-kadence-advancedgallery{align-self:stretch;}.kadence-column6765_6f5199-e1 > .kt-inside-inner-col > .aligncenter{width:100%;}.kadence-column6765_6f5199-e1 > .kt-inside-inner-col:before{opacity:0.3;}.kadence-column6765_6f5199-e1{text-align:center;}.kadence-column6765_6f5199-e1{position:relative;}@media all and (max-width: 1024px){.kadence-column6765_6f5199-e1 > .kt-inside-inner-col{flex-direction:column;justify-content:center;align-items:center;}}@media all and (max-width: 767px){.kadence-column6765_6f5199-e1 > .kt-inside-inner-col{flex-direction:column;justify-content:center;align-items:center;}}<\/style>\n<div class=\"wp-block-kadence-column kadence-column6765_6f5199-e1\"><div class=\"kt-inside-inner-col\">\n<figure class=\"wp-block-image size-large has-lightbox\"><a href=\"https:\/\/workerchecks.com\/vi\/product-category\/kiem-tra-cua-canh-sat-2\/?add-to-cart=2804\"><img decoding=\"async\" width=\"1024\" height=\"576\" src=\"https:\/\/workerchecks.com\/wp-content\/uploads\/2021\/08\/QLD-PC-1024x576.png\" alt=\"Ki\u1ec3m tra c\u1ea3nh s\u00e1t QLD\" class=\"wp-image-2432\" title=\"\" srcset=\"https:\/\/workerchecks.com\/wp-content\/uploads\/2021\/08\/QLD-PC-1024x576.png 1024w, https:\/\/workerchecks.com\/wp-content\/uploads\/2021\/08\/QLD-PC-600x338.png 600w, https:\/\/workerchecks.com\/wp-content\/uploads\/2021\/08\/QLD-PC-300x169.png 300w, https:\/\/workerchecks.com\/wp-content\/uploads\/2021\/08\/QLD-PC-768x432.png 768w, https:\/\/workerchecks.com\/wp-content\/uploads\/2021\/08\/QLD-PC-1200x675.png 1200w, https:\/\/workerchecks.com\/wp-content\/uploads\/2021\/08\/QLD-PC.png 1280w\" sizes=\"(max-width: 1024px) 100vw, 1024px\" \/><\/a><\/figure>\n<\/div><\/div>\n\n<\/div><\/div>\n\n<style>.kb-row-layout-id6765_32578f-15 > .kt-row-column-wrap{align-content:start;}:where(.kb-row-layout-id6765_32578f-15 > .kt-row-column-wrap) > .wp-block-kadence-column{justify-content:start;}.kb-row-layout-id6765_32578f-15 > .kt-row-column-wrap{column-gap:var(--global-kb-gap-md, 2rem);row-gap:var(--global-kb-gap-md, 2rem);padding-top:var(--global-kb-spacing-sm, 1.5rem);padding-bottom:var(--global-kb-spacing-sm, 1.5rem);grid-template-columns:minmax(0, 1fr);}.kb-row-layout-id6765_32578f-15 > .kt-row-layout-overlay{opacity:0.30;}@media all and (max-width: 1024px){.kb-row-layout-id6765_32578f-15 > .kt-row-column-wrap{grid-template-columns:minmax(0, 1fr);}}@media all and (max-width: 767px){.kb-row-layout-id6765_32578f-15 > .kt-row-column-wrap{grid-template-columns:minmax(0, 1fr);}}<\/style><div class=\"kb-row-layout-wrap kb-row-layout-id6765_32578f-15 alignnone wp-block-kadence-rowlayout\"><div class=\"kt-row-column-wrap kt-has-1-columns kt-row-layout-equal kt-tab-layout-inherit kt-mobile-layout-row kt-row-valign-top\">\n<style>.kadence-column6765_2556d5-97 > .kt-inside-inner-col{display:flex;}.kadence-column6765_2556d5-97 > .kt-inside-inner-col,.kadence-column6765_2556d5-97 > .kt-inside-inner-col:before{border-top-left-radius:0px;border-top-right-radius:0px;border-bottom-right-radius:0px;border-bottom-left-radius:0px;}.kadence-column6765_2556d5-97 > .kt-inside-inner-col{column-gap:var(--global-kb-gap-sm, 1rem);}.kadence-column6765_2556d5-97 > .kt-inside-inner-col{flex-direction:column;align-items:center;}.kadence-column6765_2556d5-97 > .kt-inside-inner-col > .kb-image-is-ratio-size{align-self:stretch;}.kadence-column6765_2556d5-97 > .kt-inside-inner-col > .wp-block-kadence-advancedgallery{align-self:stretch;}.kadence-column6765_2556d5-97 > .kt-inside-inner-col > .aligncenter{width:100%;}.kadence-column6765_2556d5-97 > .kt-inside-inner-col:before{opacity:0.3;}.kadence-column6765_2556d5-97{text-align:center;}.kadence-column6765_2556d5-97{position:relative;}@media all and (max-width: 1024px){.kadence-column6765_2556d5-97 > .kt-inside-inner-col{flex-direction:column;justify-content:center;align-items:center;}}@media all and (max-width: 767px){.kadence-column6765_2556d5-97 > .kt-inside-inner-col{flex-direction:column;justify-content:center;align-items:center;}}<\/style>\n<div class=\"wp-block-kadence-column kadence-column6765_2556d5-97\"><div class=\"kt-inside-inner-col\">\n<div class=\"wp-block-buttons is-layout-flex wp-block-buttons-is-layout-flex\">\n<div class=\"wp-block-button\"><a class=\"wp-block-button__link wp-element-button\" href=\"https:\/\/workerchecks.com\/vi\/product-category\/kiem-tra-cua-canh-sat-2\/?add-to-cart=2804\">Ki\u1ec3m tra c\u1ea3nh s\u00e1t QLD<\/a><\/div>\n<\/div>\n<\/div><\/div>\n\n<\/div><\/div>\n\n<style>.kb-row-layout-id6765_a8e8e7-93 > .kt-row-column-wrap{align-content:start;}:where(.kb-row-layout-id6765_a8e8e7-93 > .kt-row-column-wrap) > .wp-block-kadence-column{justify-content:start;}.kb-row-layout-id6765_a8e8e7-93 > .kt-row-column-wrap{column-gap:var(--global-kb-gap-md, 2rem);row-gap:var(--global-kb-gap-md, 2rem);padding-top:var(--global-kb-spacing-sm, 1.5rem);padding-bottom:var(--global-kb-spacing-sm, 1.5rem);grid-template-columns:minmax(0, 1fr);}.kb-row-layout-id6765_a8e8e7-93 > .kt-row-layout-overlay{opacity:0.30;}@media all and (max-width: 1024px){.kb-row-layout-id6765_a8e8e7-93 > .kt-row-column-wrap{grid-template-columns:minmax(0, 1fr);}}@media all and (max-width: 767px){.kb-row-layout-id6765_a8e8e7-93 > .kt-row-column-wrap{grid-template-columns:minmax(0, 1fr);}}<\/style><div class=\"kb-row-layout-wrap kb-row-layout-id6765_a8e8e7-93 alignnone wp-block-kadence-rowlayout\"><div class=\"kt-row-column-wrap kt-has-1-columns kt-row-layout-equal kt-tab-layout-inherit kt-mobile-layout-row kt-row-valign-top\">\n<style>.kadence-column6765_f9a530-ce > .kt-inside-inner-col,.kadence-column6765_f9a530-ce > .kt-inside-inner-col:before{border-top-left-radius:0px;border-top-right-radius:0px;border-bottom-right-radius:0px;border-bottom-left-radius:0px;}.kadence-column6765_f9a530-ce > .kt-inside-inner-col{column-gap:var(--global-kb-gap-sm, 1rem);}.kadence-column6765_f9a530-ce > .kt-inside-inner-col{flex-direction:column;}.kadence-column6765_f9a530-ce > .kt-inside-inner-col > .aligncenter{width:100%;}.kadence-column6765_f9a530-ce > .kt-inside-inner-col:before{opacity:0.3;}.kadence-column6765_f9a530-ce{position:relative;}@media all and (max-width: 1024px){.kadence-column6765_f9a530-ce > .kt-inside-inner-col{flex-direction:column;justify-content:center;}}@media all and (max-width: 767px){.kadence-column6765_f9a530-ce > .kt-inside-inner-col{flex-direction:column;justify-content:center;}}<\/style>\n<div class=\"wp-block-kadence-column kadence-column6765_f9a530-ce\"><div class=\"kt-inside-inner-col\">\n<h2 class=\"wp-block-heading\" id=\"howtogetapolicecheckqld\">L\u00e0m th\u1ebf n\u00e0o \u0111\u1ec3 c\u00f3 \u0111\u01b0\u1ee3c Ki\u1ec3m tra C\u1ea3nh s\u00e1t QLD<\/h2>\n\n\n\n<h3 class=\"wp-block-heading\" id=\"lookingtoobtainapolicecheckqld\">B\u1ea1n \u0111ang mu\u1ed1n xin Gi\u1ea5y x\u00e1c nh\u1eadn l\u00fd l\u1ecbch t\u01b0 ph\u00e1p \u1edf QLD?<\/h3>\n\n\n\n<p>Cho d\u00f9 b\u1ea1n c\u1ea7n n\u00f3 cho m\u1ee5c \u0111\u00edch vi\u1ec7c l\u00e0m, c\u00f4ng vi\u1ec7c t\u00ecnh nguy\u1ec7n hay l\u00fd do c\u00e1 nh\u00e2n, vi\u1ec7c xin Gi\u1ea5y X\u00e1c Nh\u1eadn L\u00fd L\u1ecbch T\u01b0 Ph\u00e1p t\u1ea1i QLD r\u1ea5t \u0111\u01a1n gi\u1ea3n. D\u01b0\u1edbi \u0111\u00e2y l\u00e0 t\u1ea5t c\u1ea3 nh\u1eefng g\u00ec b\u1ea1n c\u1ea7n bi\u1ebft v\u1ec1 vi\u1ec7c xin Gi\u1ea5y X\u00e1c Nh\u1eadn L\u00fd L\u1ecbch T\u01b0 Ph\u00e1p t\u1ea1i QLD.<\/p>\n\n\n\n<p>Worker Checks cung c\u1ea5p d\u1ecbch v\u1ee5 ki\u1ec3m tra l\u00fd l\u1ecbch c\u1ea3nh s\u00e1t r\u1ebb nh\u1ea5t cho Queensland. <span class=\"woocommerce-Price-amount amount\"><bdi><span class=\"woocommerce-Price-currencySymbol\">&#36;<\/span>21.00<\/bdi><\/span> cho vi\u1ec7c ki\u1ec3m tra t\u00ecnh nguy\u1ec7n vi\u00ean v\u00e0 <span class=\"woocommerce-Price-amount amount\"><bdi><span class=\"woocommerce-Price-currencySymbol\">&#36;<\/span>49.00<\/bdi><\/span> \u0110\u1ed1i v\u1edbi ki\u1ec3m tra l\u00fd l\u1ecbch lao \u0111\u1ed9ng. Worker Checks cung c\u1ea5p quy tr\u00ecnh \u0111\u0103ng k\u00fd tr\u1ef1c tuy\u1ebfn 100% cho vi\u1ec7c ki\u1ec3m tra l\u00fd l\u1ecbch c\u1ee7a b\u1ea1n ch\u1ec9 trong v\u00f2ng m\u1ed9t gi\u1edd.<\/p>\n\n\n\n<h3 class=\"wp-block-heading\" id=\"optionsforobtainingapolicecheckqld\">C\u00e1c l\u1ef1a ch\u1ecdn \u0111\u1ec3 c\u00f3 \u0111\u01b0\u1ee3c Ki\u1ec3m tra C\u1ea3nh s\u00e1t QLD<\/h3>\n\n\n\n<h4 class=\"wp-block-heading\"><strong>Ki\u1ec3m tra c\u1ea3nh s\u00e1t tr\u1ef1c tuy\u1ebfn QLD<\/strong><\/h4>\n\n\n\n<p>Worker Checks cung c\u1ea5p quy tr\u00ecnh n\u1ed9p \u0111\u01a1n tr\u1ef1c tuy\u1ebfn 100% v\u1edbi k\u1ebft qu\u1ea3 c\u00f3 \u0111\u01b0\u1ee3c ch\u1ec9 sau m\u1ed9t gi\u1edd.<\/p>\n\n\n\n<ul class=\"wp-block-list\">\n<li><strong>X\u1eed l\u00fd nhanh<\/strong>: 75% s\u00e9c \u0111\u01b0\u1ee3c x\u1eed l\u00fd trong v\u00f2ng 1 gi\u1edd. M\u1ed9t s\u1ed1 c\u00f3 th\u1ec3 c\u1ea7n x\u1eed l\u00fd th\u00eam (xem x\u00e9t th\u1ee7 c\u00f4ng).<\/li>\n\n\n\n<li><strong>C\u1ed5ng th\u00f4ng tin an to\u00e0n<\/strong>: L\u01b0u tr\u1eef v\u00e0 chia s\u1ebb gi\u1ea5y t\u1edd l\u00fd l\u1ecbch t\u01b0 ph\u00e1p c\u1ee7a b\u1ea1n m\u1ed9t c\u00e1ch an to\u00e0n v\u1edbi c\u00f4ng ngh\u1ec7 blockchain ri\u00eang t\u01b0 c\u1ee7a ch\u00fang t\u00f4i.<\/li>\n\n\n\n<li><strong>C\u01a1 quan \u0111\u01b0\u1ee3c c\u00f4ng nh\u1eadn<\/strong>:Worker Checks \u0111\u01b0\u1ee3c \u1ee6y ban T\u00ecnh b\u00e1o T\u1ed9i ph\u1ea1m \u00dac (ACIC) c\u00f4ng nh\u1eadn.<\/li>\n<\/ul>\n\n\n\n<h4 class=\"wp-block-heading\" id=\"applicationprocess\"><strong>Quy tr\u00ecnh n\u1ed9p \u0111\u01a1n<\/strong><\/h4>\n\n\n\n<ol class=\"wp-block-list\">\n<li><strong>G\u1eedi y\u00eau c\u1ea7u c\u1ee7a b\u1ea1n<\/strong>: Nh\u1eadn email x\u00e1c nh\u1eadn.<\/li>\n\n\n\n<li><strong>Theo d\u00f5i \u0111\u01a1n \u0111\u0103ng k\u00fd c\u1ee7a b\u1ea1n<\/strong>: Th\u00f4ng tin chi ti\u1ebft c\u00f3 s\u1eb5n tr\u00ean c\u1ed5ng th\u00f4ng tin tr\u1ef1c tuy\u1ebfn c\u1ee7a b\u1ea1n.<\/li>\n\n\n\n<li><strong>Nh\u1eadn ch\u1ee9ng ch\u1ec9 c\u1ee7a b\u1ea1n<\/strong>: Nh\u1eadn th\u00f4ng b\u00e1o khi qu\u00e1 tr\u00ecnh ki\u1ec3m tra c\u1ee7a b\u1ea1n ho\u00e0n t\u1ea5t.<\/li>\n<\/ol>\n\n\n\n<h3 class=\"wp-block-heading\" id=\"whocanrequestaqldpolicecheck\">Ai c\u00f3 th\u1ec3 y\u00eau c\u1ea7u ki\u1ec3m tra c\u1ea3nh s\u00e1t QLD?<\/h3>\n\n\n\n<ul class=\"wp-block-list\">\n<li><strong>C\u00e1 nh\u00e2n<\/strong>: D\u00e0nh cho vi\u1ec7c l\u00e0m, v\u1ecb tr\u00ed t\u00ecnh nguy\u1ec7n ho\u1eb7c \u0111\u01a1n xin th\u1ecb th\u1ef1c.<\/li>\n\n\n\n<li><strong>Nh\u00e0 tuy\u1ec3n d\u1ee5ng<\/strong>: \u0110\u1ec3 ki\u1ec3m tra l\u00fd l\u1ecbch c\u1ee7a nh\u00e2n vi\u00ean.<\/li>\n\n\n\n<li><strong>C\u00e1c c\u01a1 s\u1edf gi\u00e1o d\u1ee5c v\u00e0 c\u01a1 quan c\u1ea5p ph\u00e9p<\/strong>: D\u00e0nh cho sinh vi\u00ean ho\u1eb7c chuy\u00ean gia trong m\u1ed9t s\u1ed1 l\u0129nh v\u1ef1c nh\u1ea5t \u0111\u1ecbnh.<\/li>\n<\/ul>\n\n\n\n<p><em>L\u01b0u \u00fd: C\u1ea7n ph\u1ea3i c\u00f3 s\u1ef1 \u0111\u1ed3ng \u00fd c\u1ee7a ng\u01b0\u1eddi c\u00f3 th\u1ea9m quy\u1ec1n \u0111\u1ec3 \u0111\u01b0\u1ee3c Ki\u1ec3m tra C\u1ea3nh s\u00e1t QLD.<\/em><\/p>\n\n\n\n<h2 class=\"wp-block-heading\">Ki\u1ec3m tra c\u1ea3nh s\u00e1t gi\u00e1 r\u1ebb nh\u1ea5t \u1edf QLD?<\/h2>\n\n\n\n<p>Worker Checks cung c\u1ea5p d\u1ecbch v\u1ee5 ki\u1ec3m tra l\u00fd l\u1ecbch c\u1ea3nh s\u00e1t r\u1ebb nh\u1ea5t cho Queensland. <span class=\"woocommerce-Price-amount amount\"><bdi><span class=\"woocommerce-Price-currencySymbol\">&#36;<\/span>21.00<\/bdi><\/span> cho vi\u1ec7c ki\u1ec3m tra t\u00ecnh nguy\u1ec7n vi\u00ean v\u00e0 <span class=\"woocommerce-Price-amount amount\"><bdi><span class=\"woocommerce-Price-currencySymbol\">&#36;<\/span>49.00<\/bdi><\/span> \u0110\u1ed1i v\u1edbi ki\u1ec3m tra l\u00fd l\u1ecbch lao \u0111\u1ed9ng. Worker Checks cung c\u1ea5p quy tr\u00ecnh \u0111\u0103ng k\u00fd tr\u1ef1c tuy\u1ebfn 100% cho vi\u1ec7c ki\u1ec3m tra l\u00fd l\u1ecbch c\u1ee7a b\u1ea1n ch\u1ec9 trong v\u00f2ng m\u1ed9t gi\u1edd.<\/p>\n\n\n\n<h3 class=\"wp-block-heading\" id=\"validityofaqldpolicecheck\">T\u00ednh h\u1ee3p l\u1ec7 c\u1ee7a Ki\u1ec3m tra C\u1ea3nh s\u00e1t QLD<\/h3>\n\n\n\n<p>Phi\u1ebfu Ki\u1ec3m Tra L\u00fd L\u1ecbch T\u01b0 Ph\u00e1p kh\u00f4ng h\u1ebft h\u1ea1n nh\u01b0ng \u0111\u01b0\u1ee3c coi l\u00e0 phi\u1ebfu ki\u1ec3m tra &quot;th\u1eddi \u0111i\u1ec3m&quot;. Th\u00f4ng tin \u0111\u01b0\u1ee3c c\u1eadp nh\u1eadt ch\u00ednh x\u00e1c cho \u0111\u1ebfn ng\u00e0y c\u1ea5p. C\u00e1c t\u1ed5 ch\u1ee9c ph\u1ea3i x\u00e1c \u0111\u1ecbnh khung th\u1eddi gian ch\u1ea5p nh\u1eadn \u0111\u01b0\u1ee3c cho vi\u1ec7c c\u1eadp nh\u1eadt phi\u1ebfu ki\u1ec3m tra d\u1ef1a tr\u00ean ch\u00ednh s\u00e1ch c\u1ee7a m\u00ecnh.<\/p>\n\n\n\n<h3 class=\"wp-block-heading\" id=\"whatisincludedinaqldpolicecheckcertificate\">Gi\u1ea5y ch\u1ee9ng nh\u1eadn ki\u1ec3m tra c\u1ee7a c\u1ea3nh s\u00e1t QLD bao g\u1ed3m nh\u1eefng g\u00ec?<\/h3>\n\n\n\n<p>Gi\u1ea5y ch\u1ee9ng nh\u1eadn c\u1ee7a b\u1ea1n s\u1ebd bao g\u1ed3m:<\/p>\n\n\n\n<ul class=\"wp-block-list\">\n<li>Th\u00f4ng tin c\u00e1 nh\u00e2n<\/li>\n\n\n\n<li>B\u1ea5t k\u1ef3 ti\u1ec1n s\u1eed t\u1ed9i ph\u1ea1m n\u00e0o \u0111\u01b0\u1ee3c ti\u1ebft l\u1ed9<\/li>\n\n\n\n<li>K\u1ebft qu\u1ea3 t\u00f2a \u00e1n c\u00f3 th\u1ec3 c\u00f4ng b\u1ed1<\/li>\n<\/ul>\n\n\n\n<p>\u0110\u1ec3 ki\u1ec3m tra c\u1ea3nh s\u00e1t QLD nhanh ch\u00f3ng v\u00e0 \u0111\u00e1ng tin c\u1eady, h\u00e3y ch\u1ecdn Worker Checks!<\/p>\n<\/div><\/div>\n\n<\/div><\/div>\n\n<style>.kb-row-layout-id6765_0712c7-e6 > .kt-row-column-wrap{align-content:start;}:where(.kb-row-layout-id6765_0712c7-e6 > .kt-row-column-wrap) > .wp-block-kadence-column{justify-content:start;}.kb-row-layout-id6765_0712c7-e6 > .kt-row-column-wrap{column-gap:var(--global-kb-gap-md, 2rem);row-gap:var(--global-kb-gap-md, 2rem);padding-top:var(--global-kb-spacing-sm, 1.5rem);padding-bottom:var(--global-kb-spacing-sm, 1.5rem);grid-template-columns:minmax(0, 1fr);}.kb-row-layout-id6765_0712c7-e6 > .kt-row-layout-overlay{opacity:0.30;}@media all and (max-width: 1024px){.kb-row-layout-id6765_0712c7-e6 > .kt-row-column-wrap{grid-template-columns:minmax(0, 1fr);}}@media all and (max-width: 767px){.kb-row-layout-id6765_0712c7-e6 > .kt-row-column-wrap{grid-template-columns:minmax(0, 1fr);}}<\/style><div class=\"kb-row-layout-wrap kb-row-layout-id6765_0712c7-e6 alignnone wp-block-kadence-rowlayout\"><div class=\"kt-row-column-wrap kt-has-1-columns kt-row-layout-equal kt-tab-layout-inherit kt-mobile-layout-row kt-row-valign-top\">\n<style>.kadence-column6765_a9280e-3a > .kt-inside-inner-col{display:flex;}.kadence-column6765_a9280e-3a > .kt-inside-inner-col,.kadence-column6765_a9280e-3a > .kt-inside-inner-col:before{border-top-left-radius:0px;border-top-right-radius:0px;border-bottom-right-radius:0px;border-bottom-left-radius:0px;}.kadence-column6765_a9280e-3a > .kt-inside-inner-col{column-gap:var(--global-kb-gap-sm, 1rem);}.kadence-column6765_a9280e-3a > .kt-inside-inner-col{flex-direction:column;align-items:center;}.kadence-column6765_a9280e-3a > .kt-inside-inner-col > .kb-image-is-ratio-size{align-self:stretch;}.kadence-column6765_a9280e-3a > .kt-inside-inner-col > .wp-block-kadence-advancedgallery{align-self:stretch;}.kadence-column6765_a9280e-3a > .kt-inside-inner-col > .aligncenter{width:100%;}.kadence-column6765_a9280e-3a > .kt-inside-inner-col:before{opacity:0.3;}.kadence-column6765_a9280e-3a{text-align:center;}.kadence-column6765_a9280e-3a{position:relative;}@media all and (max-width: 1024px){.kadence-column6765_a9280e-3a > .kt-inside-inner-col{flex-direction:column;justify-content:center;align-items:center;}}@media all and (max-width: 767px){.kadence-column6765_a9280e-3a > .kt-inside-inner-col{flex-direction:column;justify-content:center;align-items:center;}}<\/style>\n<div class=\"wp-block-kadence-column kadence-column6765_a9280e-3a\"><div class=\"kt-inside-inner-col\">\n<div class=\"wp-block-buttons is-layout-flex wp-block-buttons-is-layout-flex\">\n<div class=\"wp-block-button\"><a class=\"wp-block-button__link wp-element-button\" href=\"https:\/\/workerchecks.com\/vi\/product-category\/kiem-tra-cua-canh-sat-2\/?add-to-cart=2804\">Ki\u1ec3m tra c\u1ea3nh s\u00e1t QLD<\/a><\/div>\n<\/div>\n<\/div><\/div>\n\n<\/div><\/div>","protected":false},"excerpt":{"rendered":"<p>How to Get a Police Check QLD Looking to Obtain a Police Check QLD? Whether you need it for employment, volunteer work, or personal reasons, getting a Police Check QLD is straightforward. Here\u2019s everything you need to know about obtaining your Police Check QLD. Worker Checks provide the cheapest police check for QLD for for&#8230;<\/p>","protected":false},"author":196713191,"featured_media":2432,"parent":0,"menu_order":0,"comment_status":"closed","ping_status":"closed","template":"","meta":{"_kadence_starter_templates_imported_post":false,"_kad_post_transparent":"","_kad_post_title":"","_kad_post_layout":"","_kad_post_sidebar_id":"","_kad_post_content_style":"","_kad_post_vertical_padding":"","_kad_post_feature":"","_kad_post_feature_position":"","_kad_post_header":false,"_kad_post_footer":false,"_kad_post_classname":"","footnotes":""},"class_list":["post-6765","page","type-page","status-publish","has-post-thumbnail","hentry"],"_links":{"self":[{"href":"https:\/\/workerchecks.com\/vi\/wp-json\/wp\/v2\/pages\/6765","targetHints":{"allow":["GET"]}}],"collection":[{"href":"https:\/\/workerchecks.com\/vi\/wp-json\/wp\/v2\/pages"}],"about":[{"href":"https:\/\/workerchecks.com\/vi\/wp-json\/wp\/v2\/types\/page"}],"author":[{"embeddable":true,"href":"https:\/\/workerchecks.com\/vi\/wp-json\/wp\/v2\/users\/196713191"}],"replies":[{"embeddable":true,"href":"https:\/\/workerchecks.com\/vi\/wp-json\/wp\/v2\/comments?post=6765"}],"version-history":[{"count":0,"href":"https:\/\/workerchecks.com\/vi\/wp-json\/wp\/v2\/pages\/6765\/revisions"}],"wp:featuredmedia":[{"embeddable":true,"href":"https:\/\/workerchecks.com\/vi\/wp-json\/wp\/v2\/media\/2432"}],"wp:attachment":[{"href":"https:\/\/workerchecks.com\/vi\/wp-json\/wp\/v2\/media?parent=6765"}],"curies":[{"name":"wp","href":"https:\/\/api.w.org\/{rel}","templated":true}]}}