{"id":4022,"date":"2025-04-14T15:43:05","date_gmt":"2025-04-14T05:43:05","guid":{"rendered":"https:\/\/workerchecks.com\/?page_id=4022"},"modified":"2026-04-21T12:00:36","modified_gmt":"2026-04-21T02:00:36","slug":"kiem-tra-cua-canh-sat-nepal","status":"publish","type":"page","link":"https:\/\/workerchecks.com\/vi\/nepal-police-check\/","title":{"rendered":"Ki\u1ec3m tra c\u1ee7a C\u1ea3nh s\u00e1t Nepal"},"content":{"rendered":"<style>.kb-row-layout-id4022_489a54-a5 > .kt-row-column-wrap{align-content:start;}:where(.kb-row-layout-id4022_489a54-a5 > .kt-row-column-wrap) > .wp-block-kadence-column{justify-content:start;}.kb-row-layout-id4022_489a54-a5 > .kt-row-column-wrap{column-gap:var(--global-kb-gap-md, 2rem);row-gap:var(--global-kb-gap-md, 2rem);padding-top:var(--global-kb-spacing-sm, 1.5rem);padding-bottom:var(--global-kb-spacing-sm, 1.5rem);grid-template-columns:minmax(0, 1fr);}.kb-row-layout-id4022_489a54-a5 > .kt-row-layout-overlay{opacity:0.30;}@media all and (max-width: 1024px){.kb-row-layout-id4022_489a54-a5 > .kt-row-column-wrap{grid-template-columns:minmax(0, 1fr);}}@media all and (max-width: 767px){.kb-row-layout-id4022_489a54-a5 > .kt-row-column-wrap{grid-template-columns:minmax(0, 1fr);}}<\/style><div class=\"kb-row-layout-wrap kb-row-layout-id4022_489a54-a5 alignnone wp-block-kadence-rowlayout\"><div class=\"kt-row-column-wrap kt-has-1-columns kt-row-layout-equal kt-tab-layout-inherit kt-mobile-layout-row kt-row-valign-top\">\n<style>.kadence-column4022_a23b9b-2e > .kt-inside-inner-col{display:flex;}.kadence-column4022_a23b9b-2e > .kt-inside-inner-col,.kadence-column4022_a23b9b-2e > .kt-inside-inner-col:before{border-top-left-radius:0px;border-top-right-radius:0px;border-bottom-right-radius:0px;border-bottom-left-radius:0px;}.kadence-column4022_a23b9b-2e > .kt-inside-inner-col{column-gap:var(--global-kb-gap-sm, 1rem);}.kadence-column4022_a23b9b-2e > .kt-inside-inner-col{flex-direction:column;justify-content:flex-start;align-items:center;}.kadence-column4022_a23b9b-2e > .kt-inside-inner-col > .kb-image-is-ratio-size{align-self:stretch;}.kadence-column4022_a23b9b-2e > .kt-inside-inner-col > .wp-block-kadence-advancedgallery{align-self:stretch;}.kadence-column4022_a23b9b-2e > .kt-inside-inner-col > .aligncenter{width:100%;}.kt-row-column-wrap > .kadence-column4022_a23b9b-2e{align-self:flex-start;}.kt-inner-column-height-full:not(.kt-has-1-columns) > .wp-block-kadence-column.kadence-column4022_a23b9b-2e{align-self:auto;}.kt-inner-column-height-full:not(.kt-has-1-columns) > .wp-block-kadence-column.kadence-column4022_a23b9b-2e > .kt-inside-inner-col{flex-direction:column;justify-content:flex-start;}.kadence-column4022_a23b9b-2e > .kt-inside-inner-col:before{opacity:0.3;}.kadence-column4022_a23b9b-2e{text-align:left;}.kadence-column4022_a23b9b-2e{position:relative;}@media all and (max-width: 1024px){.kt-row-column-wrap > .kadence-column4022_a23b9b-2e{align-self:flex-start;}}@media all and (max-width: 1024px){.kt-inner-column-height-full:not(.kt-has-1-columns) > .wp-block-kadence-column.kadence-column4022_a23b9b-2e{align-self:auto;}}@media all and (max-width: 1024px){.kt-inner-column-height-full:not(.kt-has-1-columns) > .wp-block-kadence-column.kadence-column4022_a23b9b-2e > .kt-inside-inner-col{flex-direction:column;justify-content:flex-start;}}@media all and (max-width: 1024px){.kadence-column4022_a23b9b-2e > .kt-inside-inner-col{flex-direction:column;justify-content:flex-start;align-items:center;}}@media all and (max-width: 767px){.kt-row-column-wrap > .kadence-column4022_a23b9b-2e{align-self:flex-start;}.kt-inner-column-height-full:not(.kt-has-1-columns) > .wp-block-kadence-column.kadence-column4022_a23b9b-2e{align-self:auto;}.kt-inner-column-height-full:not(.kt-has-1-columns) > .wp-block-kadence-column.kadence-column4022_a23b9b-2e > .kt-inside-inner-col{flex-direction:column;justify-content:flex-start;}.kadence-column4022_a23b9b-2e > .kt-inside-inner-col{flex-direction:column;justify-content:flex-start;align-items:center;}}<\/style>\n<div class=\"wp-block-kadence-column kadence-column4022_a23b9b-2e\"><div class=\"kt-inside-inner-col\">\n<figure class=\"wp-block-image size-full has-lightbox\"><a href=\"https:\/\/workerchecks.com\/vi\/product\/kiem-tra-canh-sat-quoc-te\/\"><img decoding=\"async\" width=\"292\" height=\"173\" src=\"https:\/\/workerchecks.com\/wp-content\/uploads\/2022\/12\/Nepal-Flag.jpg\" alt=\"Ki\u1ec3m tra c\u1ee7a C\u1ea3nh s\u00e1t Nepal\" class=\"wp-image-4024\" title=\"\"><\/a><\/figure>\n\n\n\n<div class=\"wp-block-buttons is-layout-flex wp-block-buttons-is-layout-flex\">\n<div class=\"wp-block-button\"><a class=\"wp-block-button__link wp-element-button\" href=\"https:\/\/workerchecks.com\/vi\/product\/kiem-tra-canh-sat-quoc-te\/\">Nh\u1eadn ki\u1ec3m tra c\u1ee7a C\u1ea3nh s\u00e1t Nepal<\/a><\/div>\n<\/div>\n<\/div><\/div>\n\n\n<style>.kadence-column4022_740823-c7 > .kt-inside-inner-col{display:flex;}.kadence-column4022_740823-c7 > .kt-inside-inner-col,.kadence-column4022_740823-c7 > .kt-inside-inner-col:before{border-top-left-radius:0px;border-top-right-radius:0px;border-bottom-right-radius:0px;border-bottom-left-radius:0px;}.kadence-column4022_740823-c7 > .kt-inside-inner-col{column-gap:var(--global-kb-gap-sm, 1rem);}.kadence-column4022_740823-c7 > .kt-inside-inner-col{flex-direction:column;align-items:flex-start;}.kadence-column4022_740823-c7 > .kt-inside-inner-col > .kb-image-is-ratio-size{align-self:stretch;}.kadence-column4022_740823-c7 > .kt-inside-inner-col > .wp-block-kadence-advancedgallery{align-self:stretch;}.kadence-column4022_740823-c7 > .kt-inside-inner-col > .aligncenter{width:100%;}.kadence-column4022_740823-c7 > .kt-inside-inner-col:before{opacity:0.3;}.kadence-column4022_740823-c7{text-align:left;}.kadence-column4022_740823-c7{position:relative;}@media all and (max-width: 1024px){.kadence-column4022_740823-c7 > .kt-inside-inner-col{flex-direction:column;justify-content:center;align-items:flex-start;}}@media all and (max-width: 767px){.kadence-column4022_740823-c7 > .kt-inside-inner-col{flex-direction:column;justify-content:center;align-items:flex-start;}}<\/style>\n<div class=\"wp-block-kadence-column kadence-column4022_740823-c7\"><div class=\"kt-inside-inner-col\">\n<h2 class=\"wp-block-heading\" id=\"nepalpolicecheck\">Ki\u1ec3m tra c\u1ee7a C\u1ea3nh s\u00e1t Nepal<\/h2>\n\n\n\n<h4 class=\"wp-block-heading\" id=\"needafastonlinenepalpolicecheck\">B\u1ea1n c\u1ea7n ki\u1ec3m tra th\u00f4ng tin c\u1ea3nh s\u00e1t Nepal tr\u1ef1c tuy\u1ebfn nhanh ch\u00f3ng?<\/h4>\n\n\n\n<p>Worker Checks cung c\u1ea5p d\u1ecbch v\u1ee5 \u0111\u0103ng k\u00fd Ki\u1ec3m tra C\u1ea3nh s\u00e1t Nepal tr\u1ef1c tuy\u1ebfn 100% v\u1edbi k\u1ebft qu\u1ea3 c\u00f3 trong v\u00f2ng 10-15 ng\u00e0y l\u00e0m vi\u1ec7c. Nh\u1eadn gi\u1ea5y x\u00e1c nh\u1eadn l\u00fd l\u1ecbch t\u01b0 ph\u00e1p t\u1eeb h\u01a1n 190 qu\u1ed1c gia v\u00e0 v\u00f9ng l\u00e3nh th\u1ed5, bao g\u1ed3m c\u1ea3 Nepal.<\/p>\n\n\n\n<h3 class=\"wp-block-heading\" id=\"whygetaninternationalpolicecheck\">T\u1ea1i sao ph\u1ea3i ki\u1ec3m tra l\u00fd l\u1ecbch t\u01b0 ph\u00e1p qu\u1ed1c t\u1ebf khi \u0111\u1ebfn Nepal?<\/h3>\n\n\n\n<p>N\u1ebfu b\u1ea1n m\u1edbi \u0111\u1ebfn \u00dac ho\u1eb7c \u0111\u00e3 \u1edf n\u01b0\u1edbc ngo\u00e0i h\u01a1n s\u00e1u th\u00e1ng, nh\u00e0 tuy\u1ec3n d\u1ee5ng ti\u1ec1m n\u0103ng c\u00f3 th\u1ec3 y\u00eau c\u1ea7u b\u1ea1n ki\u1ec3m tra l\u00fd l\u1ecbch t\u01b0 ph\u00e1p qu\u1ed1c t\u1ebf nh\u01b0 m\u1ed9t ph\u1ea7n c\u1ee7a quy tr\u00ecnh s\u00e0ng l\u1ecdc tr\u01b0\u1edbc khi tuy\u1ec3n d\u1ee5ng. Ki\u1ec3m tra n\u00e0y c\u00f2n \u0111\u01b0\u1ee3c g\u1ecdi l\u00e0 l\u00fd l\u1ecbch t\u01b0 ph\u00e1p \u1edf n\u01b0\u1edbc ngo\u00e0i ho\u1eb7c ki\u1ec3m tra l\u00fd l\u1ecbch t\u01b0 ph\u00e1p.<\/p>\n\n\n\n<h3 class=\"wp-block-heading\" id=\"requiredidentification\">C\u00f3 c\u1ea7n gi\u1ea5y t\u1edd t\u00f9y th\u00e2n \u0111\u1ec3 ki\u1ec3m tra l\u00fd l\u1ecbch t\u01b0 ph\u00e1p \u1edf Nepal kh\u00f4ng?<\/h3>\n\n\n\n<ul class=\"wp-block-list\">\n<li><strong>H\u1ed9 chi\u1ebfu \u00dac ho\u1eb7c n\u01b0\u1edbc ngo\u00e0i<\/strong>: Ph\u1ea3i c\u00f2n hi\u1ec7u l\u1ef1c v\u00e0 ch\u01b0a h\u1ebft h\u1ea1n.<\/li>\n\n\n\n<li><strong>Chi ti\u1ebft ph\u00f9 h\u1ee3p<\/strong>: \u0110\u1ea3m b\u1ea3o t\u1ea5t c\u1ea3 th\u00f4ng tin tr\u00ean gi\u1ea5y t\u1edd t\u00f9y th\u00e2n c\u1ee7a b\u1ea1n kh\u1edbp v\u1edbi \u0111\u01a1n \u0111\u0103ng k\u00fd. Cung c\u1ea5p gi\u1ea5y t\u1edd thay \u0111\u1ed5i t\u00ean n\u1ebfu c\u1ea7n.<\/li>\n<\/ul>\n\n\n\n<h3 class=\"wp-block-heading\" id=\"cost\">Chi ph\u00ed ki\u1ec3m tra c\u1ee7a C\u1ea3nh s\u00e1t Nepal<\/h3>\n\n\n\n<ul class=\"wp-block-list\">\n<li><strong>$170<\/strong>&nbsp;theo ki\u1ec3m tra qu\u1ed1c t\u1ebf (bao g\u1ed3m Ki\u1ec3m tra c\u1ee7a C\u1ea3nh s\u00e1t Nepal)<\/li>\n<\/ul>\n\n\n\n<h4 class=\"wp-block-heading\" id=\"howtoapply\">C\u00e1ch n\u1ed9p \u0111\u01a1n xin ki\u1ec3m tra c\u1ee7a c\u1ea3nh s\u00e1t Nepal<\/h4>\n\n\n\n<p><\/p>\n\n\n\n<ol class=\"wp-block-list\">\n<li><strong>L\u1ef1a ch\u1ecdn <a href=\"https:\/\/workerchecks.com\/vi\/product\/kiem-tra-canh-sat-quoc-te\/\" title=\"\">Ki\u1ec3m tra c\u1ea3nh s\u00e1t qu\u1ed1c t\u1ebf<\/a><\/strong>: T\u1eeb trang s\u1ea3n ph\u1ea9m Ki\u1ec3m tra c\u00f4ng nh\u00e2n.<\/li>\n\n\n\n<li><strong>Ch\u1ecdn Nepal<\/strong> v\u00e0 thanh to\u00e1n b\u1eb1ng s\u00e9c: t\u1eeb menu th\u1ea3 xu\u1ed1ng \u0111\u1ec3 ch\u1ecdn Qu\u1ed1c gia<\/li>\n\n\n\n<li>Ho\u00e0n t\u1ea5t \u0111\u01a1n \u0111\u0103ng k\u00fd: Nh\u1eadp d\u1eef li\u1ec7u, \u0111\u1ed3ng \u00fd, t\u1ea3i l\u00ean ID v\u00e0 ch\u1ee5p \u1ea3nh t\u1ef1 s\u01b0\u1edbng v\u1edbi h\u1ed9 chi\u1ebfu c\u1ee7a b\u1ea1n.<\/li>\n\n\n\n<li>N\u1ed9p: B\u1ea1n s\u1ebd nh\u1eadn \u0111\u01b0\u1ee3c email x\u00e1c nh\u1eadn vi\u1ec7c n\u1ed9p s\u00e9c. C\u1ed5ng th\u00f4ng tin Ki\u1ec3m tra Ng\u01b0\u1eddi lao \u0111\u1ed9ng c\u1ee7a b\u1ea1n s\u1ebd hi\u1ec3n th\u1ecb s\u00e9c \u0111ang ch\u1edd x\u1eed l\u00fd v\u00e0 s\u1ed1 ng\u00e0y \u0111\u00e3 n\u1ed9p.<\/li>\n\n\n\n<li>Khi s\u00e9c ho\u00e0n t\u1ea5t v\u00e0 s\u1eb5n s\u00e0ng: B\u1ea1n s\u1ebd nh\u1eadn \u0111\u01b0\u1ee3c email v\u00e0 tin nh\u1eafn khi s\u00e9c c\u1ee7a b\u1ea1n c\u00f3 trong c\u1ed5ng th\u00f4ng tin S\u00e9c cho Ng\u01b0\u1eddi lao \u0111\u1ed9ng.<\/li>\n\n\n\n<li>Truy c\u1eadp Gi\u1ea5y ch\u1ee9ng nh\u1eadn c\u1ee7a b\u1ea1n: In ho\u1eb7c chia s\u1ebb Gi\u1ea5y ch\u1ee9ng nh\u1eadn c\u1ea3nh s\u00e1t \u0111i\u1ec7n t\u1eed t\u1eeb c\u1ed5ng th\u00f4ng tin c\u00e1 nh\u00e2n c\u1ee7a b\u1ea1n.<\/li>\n<\/ol>\n\n\n\n<h3 class=\"wp-block-heading\" id=\"processingtime\">Th\u1eddi gian x\u1eed l\u00fd<\/h3>\n\n\n\n<ul class=\"wp-block-list\">\n<li><strong>10 \u0111\u1ebfn 12 ng\u00e0y l\u00e0m vi\u1ec7c<\/strong>: Th\u00f4ng th\u01b0\u1eddng s\u1ebd ho\u00e0n t\u1ea5t trong kho\u1ea3ng th\u1eddi gian n\u00e0y. M\u1ed9t s\u1ed1 tr\u01b0\u1eddng h\u1ee3p c\u00f3 th\u1ec3 m\u1ea5t nhi\u1ec1u th\u1eddi gian h\u01a1n t\u00f9y thu\u1ed9c v\u00e0o th\u1eddi gian x\u1eed l\u00fd c\u1ee7a c\u00e1c c\u01a1 quan ch\u00ednh ph\u1ee7.<\/li>\n<\/ul>\n\n\n\n<h4 class=\"wp-block-heading\" id=\"note\"><strong>Ghi ch\u00fa<\/strong><\/h4>\n\n\n\n<p>Vi\u1ec7c ki\u1ec3m tra c\u1ee7a ch\u00fang t\u00f4i ph\u00f9 h\u1ee3p cho vi\u1ec7c s\u00e0ng l\u1ecdc l\u00fd l\u1ecbch (vi\u1ec7c l\u00e0m, tuy\u1ec3n d\u1ee5ng, thu\u00ea m\u01b0\u1edbn). Vui l\u00f2ng ki\u1ec3m tra c\u00e1c y\u00eau c\u1ea7u c\u1ee5 th\u1ec3 cho m\u1ee5c \u0111\u00edch th\u1ecb th\u1ef1c v\u00e0 nh\u1eadp c\u01b0 v\u1edbi c\u00e1c c\u01a1 quan c\u00f3 th\u1ea9m quy\u1ec1n. Ch\u00fang t\u00f4i kh\u00f4ng \u0111\u1ea3m b\u1ea3o t\u00ednh ph\u00f9 h\u1ee3p cho m\u1ee5c \u0111\u00edch th\u1ecb th\u1ef1c v\u00e0 nh\u1eadp c\u01b0.<\/p>\n\n\n\n<h3 class=\"wp-block-heading\">\u0110\u1ec3 ki\u1ec3m tra c\u1ea3nh s\u00e1t Nepal nhanh ch\u00f3ng v\u00e0 \u0111\u00e1ng tin c\u1eady, h\u00e3y ch\u1ecdn Ki\u1ec3m tra ng\u01b0\u1eddi lao \u0111\u1ed9ng!<\/h3>\n<\/div><\/div>\n\n\n<style>.kadence-column4022_fef4a5-c7 > .kt-inside-inner-col{display:flex;}.kadence-column4022_fef4a5-c7 > .kt-inside-inner-col,.kadence-column4022_fef4a5-c7 > .kt-inside-inner-col:before{border-top-left-radius:0px;border-top-right-radius:0px;border-bottom-right-radius:0px;border-bottom-left-radius:0px;}.kadence-column4022_fef4a5-c7 > .kt-inside-inner-col{column-gap:var(--global-kb-gap-sm, 1rem);}.kadence-column4022_fef4a5-c7 > .kt-inside-inner-col{flex-direction:column;align-items:center;}.kadence-column4022_fef4a5-c7 > .kt-inside-inner-col > .kb-image-is-ratio-size{align-self:stretch;}.kadence-column4022_fef4a5-c7 > .kt-inside-inner-col > .wp-block-kadence-advancedgallery{align-self:stretch;}.kadence-column4022_fef4a5-c7 > .kt-inside-inner-col > .aligncenter{width:100%;}.kadence-column4022_fef4a5-c7 > .kt-inside-inner-col:before{opacity:0.3;}.kadence-column4022_fef4a5-c7{text-align:left;}.kadence-column4022_fef4a5-c7{position:relative;}@media all and (max-width: 1024px){.kadence-column4022_fef4a5-c7 > .kt-inside-inner-col{flex-direction:column;justify-content:center;align-items:center;}}@media all and (max-width: 767px){.kadence-column4022_fef4a5-c7 > .kt-inside-inner-col{flex-direction:column;justify-content:center;align-items:center;}}<\/style>\n<div class=\"wp-block-kadence-column kadence-column4022_fef4a5-c7\"><div class=\"kt-inside-inner-col\">\n<div class=\"wp-block-buttons is-layout-flex wp-block-buttons-is-layout-flex\">\n<div class=\"wp-block-button\"><a class=\"wp-block-button__link wp-element-button\" href=\"https:\/\/workerchecks.com\/vi\/product\/kiem-tra-canh-sat-quoc-te\/\">B\u1eaft \u0111\u1ea7u PCC Nepal c\u1ee7a b\u1ea1n<\/a><\/div>\n<\/div>\n\n\n\n<div class=\"wp-block-buttons is-layout-flex wp-block-buttons-is-layout-flex\">\n<div class=\"wp-block-button\"><a class=\"wp-block-button__link wp-element-button\" href=\"https:\/\/workerchecks.com\/vi\/product\/kiem-tra-canh-sat-quoc-te\/\">Nh\u1eadn ki\u1ec3m tra c\u1ee7a C\u1ea3nh s\u00e1t Nepal<\/a><\/div>\n<\/div>\n<\/div><\/div>\n\n<\/div><\/div>","protected":false},"excerpt":{"rendered":"<p>Ki\u1ec3m tra l\u00fd l\u1ecbch c\u1ea3nh s\u00e1t Nepal C\u1ea7n ki\u1ec3m tra l\u00fd l\u1ecbch c\u1ea3nh s\u00e1t Nepal tr\u1ef1c tuy\u1ebfn nhanh ch\u00f3ng? Worker Checks cung c\u1ea5p d\u1ecbch v\u1ee5 ki\u1ec3m tra l\u00fd l\u1ecbch c\u1ea3nh s\u00e1t Nepal tr\u1ef1c tuy\u1ebfn v\u1edbi k\u1ebft qu\u1ea3 c\u00f3 s\u1eb5n trong v\u00f2ng 10-15 ng\u00e0y l\u00e0m vi\u1ec7c. Nh\u1eadn gi\u1ea5y x\u00e1c nh\u1eadn l\u00fd l\u1ecbch c\u1ea3nh s\u00e1t t\u1eeb h\u01a1n 190 qu\u1ed1c gia v\u00e0 v\u00f9ng l\u00e3nh th\u1ed5, bao g\u1ed3m Nepal. T\u1ea1i sao c\u1ea7n ki\u1ec3m tra l\u00fd l\u1ecbch c\u1ea3nh s\u00e1t qu\u1ed1c t\u1ebf cho Nepal? N\u1ebfu b\u1ea1n m\u1edbi \u0111\u1ebfn \u00dac ho\u1eb7c \u0111\u00e3 \u1edf \u00dac h\u01a1n\u2026<\/p>","protected":false},"author":196713191,"featured_media":4024,"parent":0,"menu_order":0,"comment_status":"closed","ping_status":"closed","template":"","meta":{"_kadence_starter_templates_imported_post":false,"_kad_post_transparent":"","_kad_post_title":"","_kad_post_layout":"","_kad_post_sidebar_id":"","_kad_post_content_style":"","_kad_post_vertical_padding":"","_kad_post_feature":"","_kad_post_feature_position":"","_kad_post_header":false,"_kad_post_footer":false,"_kad_post_classname":"","footnotes":""},"class_list":["post-4022","page","type-page","status-publish","has-post-thumbnail","hentry"],"_links":{"self":[{"href":"https:\/\/workerchecks.com\/vi\/wp-json\/wp\/v2\/pages\/4022","targetHints":{"allow":["GET"]}}],"collection":[{"href":"https:\/\/workerchecks.com\/vi\/wp-json\/wp\/v2\/pages"}],"about":[{"href":"https:\/\/workerchecks.com\/vi\/wp-json\/wp\/v2\/types\/page"}],"author":[{"embeddable":true,"href":"https:\/\/workerchecks.com\/vi\/wp-json\/wp\/v2\/users\/196713191"}],"replies":[{"embeddable":true,"href":"https:\/\/workerchecks.com\/vi\/wp-json\/wp\/v2\/comments?post=4022"}],"version-history":[{"count":0,"href":"https:\/\/workerchecks.com\/vi\/wp-json\/wp\/v2\/pages\/4022\/revisions"}],"wp:featuredmedia":[{"embeddable":true,"href":"https:\/\/workerchecks.com\/vi\/wp-json\/wp\/v2\/media\/4024"}],"wp:attachment":[{"href":"https:\/\/workerchecks.com\/vi\/wp-json\/wp\/v2\/media?parent=4022"}],"curies":[{"name":"wp","href":"https:\/\/api.w.org\/{rel}","templated":true}]}}