{"id":2968,"date":"2022-07-27T10:02:41","date_gmt":"2022-07-27T00:02:41","guid":{"rendered":"https:\/\/workerchecks.com\/?page_id=2968"},"modified":"2026-05-05T12:30:58","modified_gmt":"2026-05-05T02:30:58","slug":"kiem-tra-canh-sat-tuyen-dung","status":"publish","type":"page","link":"https:\/\/workerchecks.com\/vi\/industries\/recruitment-police-checks\/","title":{"rendered":"Tuy\u1ec3n d\u1ee5ng"},"content":{"rendered":"<style>.kb-row-layout-id2968_ca31f7-29 > .kt-row-column-wrap{align-content:start;}:where(.kb-row-layout-id2968_ca31f7-29 > .kt-row-column-wrap) > .wp-block-kadence-column{justify-content:start;}.kb-row-layout-id2968_ca31f7-29 > .kt-row-column-wrap{column-gap:var(--global-kb-gap-md, 2rem);row-gap:var(--global-kb-gap-md, 2rem);padding-top:var(--global-kb-spacing-sm, 1.5rem);padding-bottom:var(--global-kb-spacing-sm, 1.5rem);grid-template-columns:minmax(0, 1fr);}.kb-row-layout-id2968_ca31f7-29 > .kt-row-layout-overlay{opacity:0.30;}@media all and (max-width: 1024px){.kb-row-layout-id2968_ca31f7-29 > .kt-row-column-wrap{grid-template-columns:minmax(0, 1fr);}}@media all and (max-width: 767px){.kb-row-layout-id2968_ca31f7-29 > .kt-row-column-wrap{grid-template-columns:minmax(0, 1fr);}}<\/style><div class=\"kb-row-layout-wrap kb-row-layout-id2968_ca31f7-29 alignnone wp-block-kadence-rowlayout\"><div class=\"kt-row-column-wrap kt-has-1-columns kt-row-layout-equal kt-tab-layout-inherit kt-mobile-layout-row kt-row-valign-top\">\n<style>.kadence-column2968_6ae805-63 > .kt-inside-inner-col,.kadence-column2968_6ae805-63 > .kt-inside-inner-col:before{border-top-left-radius:0px;border-top-right-radius:0px;border-bottom-right-radius:0px;border-bottom-left-radius:0px;}.kadence-column2968_6ae805-63 > .kt-inside-inner-col{column-gap:var(--global-kb-gap-sm, 1rem);}.kadence-column2968_6ae805-63 > .kt-inside-inner-col{flex-direction:column;}.kadence-column2968_6ae805-63 > .kt-inside-inner-col > .aligncenter{width:100%;}.kadence-column2968_6ae805-63 > .kt-inside-inner-col:before{opacity:0.3;}.kadence-column2968_6ae805-63{position:relative;}@media all and (max-width: 1024px){.kadence-column2968_6ae805-63 > .kt-inside-inner-col{flex-direction:column;justify-content:center;}}@media all and (max-width: 767px){.kadence-column2968_6ae805-63 > .kt-inside-inner-col{flex-direction:column;justify-content:center;}}<\/style>\n<div class=\"wp-block-kadence-column kadence-column2968_6ae805-63\"><div class=\"kt-inside-inner-col\">\n<figure class=\"wp-block-image size-large\"><img decoding=\"async\" width=\"1024\" height=\"512\" src=\"https:\/\/workerchecks.com\/wp-content\/uploads\/2022\/07\/recruitment-1024x512.jpg\" alt=\"Gi\u1ea3i ph\u00e1p ki\u1ec3m tra l\u00fd l\u1ecbch c\u1ee7a c\u1ea3nh s\u00e1t cho vi\u1ec7c tuy\u1ec3n d\u1ee5ng\" class=\"wp-image-2969\" title=\"\" srcset=\"https:\/\/workerchecks.com\/wp-content\/uploads\/2022\/07\/recruitment-1024x512.jpg 1024w, https:\/\/workerchecks.com\/wp-content\/uploads\/2022\/07\/recruitment-600x300.jpg 600w, https:\/\/workerchecks.com\/wp-content\/uploads\/2022\/07\/recruitment-300x150.jpg 300w, https:\/\/workerchecks.com\/wp-content\/uploads\/2022\/07\/recruitment-768x384.jpg 768w, https:\/\/workerchecks.com\/wp-content\/uploads\/2022\/07\/recruitment.jpg 1200w\" sizes=\"(max-width: 1024px) 100vw, 1024px\" \/><figcaption class=\"wp-element-caption\">Ki\u1ec3m tra l\u00fd l\u1ecbch t\u01b0 ph\u00e1p cho l\u0129nh v\u1ef1c tuy\u1ec3n d\u1ee5ng<\/figcaption><\/figure>\n<\/div><\/div>\n\n\n<style>.kadence-column2968_d7b84a-d5 > .kt-inside-inner-col,.kadence-column2968_d7b84a-d5 > .kt-inside-inner-col:before{border-top-left-radius:0px;border-top-right-radius:0px;border-bottom-right-radius:0px;border-bottom-left-radius:0px;}.kadence-column2968_d7b84a-d5 > .kt-inside-inner-col{column-gap:var(--global-kb-gap-sm, 1rem);}.kadence-column2968_d7b84a-d5 > .kt-inside-inner-col{flex-direction:column;}.kadence-column2968_d7b84a-d5 > .kt-inside-inner-col > .aligncenter{width:100%;}.kadence-column2968_d7b84a-d5 > .kt-inside-inner-col:before{opacity:0.3;}.kadence-column2968_d7b84a-d5{position:relative;}@media all and (max-width: 1024px){.kadence-column2968_d7b84a-d5 > .kt-inside-inner-col{flex-direction:column;justify-content:center;}}@media all and (max-width: 767px){.kadence-column2968_d7b84a-d5 > .kt-inside-inner-col{flex-direction:column;justify-content:center;}}<\/style>\n<div class=\"wp-block-kadence-column kadence-column2968_d7b84a-d5\"><div class=\"kt-inside-inner-col\">\n<style>\n  \/* --- GLOBAL RESET & FONTS --- *\/\n  .wc-recruit-page {\n    font-family: -apple-system, BlinkMacSystemFont, \"Segoe UI\", Roboto, Helvetica, Arial, sans-serif;\n    color: #333;\n    line-height: 1.6;\n    background-color: #ffffff;\n    box-sizing: border-box;\n  }\n\n  .wc-recruit-page * { box-sizing: border-box; }\n\n  .wc-container {\n    max-width: 1150px;\n    margin: 0 auto;\n    padding: 0 20px;\n  }\n\n  h1, h2, h3, h4 { \n    font-weight: 800; \n    margin-top: 0; \n    color: #1a1a1a; \n    line-height: 1.2;\n  }\n\n  p { margin-bottom: 1.5em; color: #555; }\n\n  \/* --- HERO SECTION --- *\/\n  .wc-rec-hero {\n    background: linear-gradient(180deg, #f0f7ff 0%, #ffffff 100%);\n    padding: 90px 20px 70px;\n    text-align: center;\n    border-bottom: 1px solid #e1e8ed;\n  }\n\n  .wc-hero-title {\n    font-size: 46px;\n    color: #005bab;\n    margin-bottom: 20px;\n  }\n\n  .wc-hero-sub {\n    font-size: 21px;\n    color: #444;\n    max-width: 800px;\n    margin: 0 auto 40px;\n  }\n\n  \/* --- BUTTONS --- *\/\n  .wc-btn-primary {\n    display: inline-block;\n    background: #005bab;\n    color: #ffffff;\n    padding: 16px 32px;\n    font-size: 18px;\n    font-weight: 700;\n    border-radius: 6px;\n    text-decoration: none;\n    transition: all 0.2s;\n    box-shadow: 0 4px 12px rgba(0, 91, 171, 0.2);\n  }\n\n  .wc-btn-primary:hover {\n    background: #004480;\n    transform: translateY(-2px);\n  }\n\n  .wc-btn-outline {\n    display: inline-block;\n    background: transparent;\n    border: 2px solid #005bab;\n    color: #005bab;\n    padding: 14px 30px;\n    font-size: 18px;\n    font-weight: 700;\n    border-radius: 6px;\n    text-decoration: none;\n    transition: background 0.2s;\n  }\n\n  .wc-btn-outline:hover { background: #e6f0fa; }\n\n  \/* --- MAIN CONTENT GRID --- *\/\n  .wc-split-layout {\n    display: grid;\n    grid-template-columns: 1fr 1fr;\n    gap: 70px;\n    padding: 80px 0;\n    align-items: center;\n  }\n\n  \/* Feature List *\/\n  .wc-feature-list { list-style: none; padding: 0; margin: 0; }\n  .wc-feature-item {\n    display: flex;\n    gap: 15px;\n    margin-bottom: 30px;\n  }\n  \n  .wc-icon-box {\n    background: #e6f0fa;\n    color: #005bab;\n    width: 45px;\n    height: 45px;\n    border-radius: 50%;\n    display: flex;\n    align-items: center;\n    justify-content: center;\n    font-weight: bold;\n    font-size: 20px;\n    flex-shrink: 0;\n  }\n\n  \/* Product Box (Right Side) *\/\n  .wc-product-box {\n    background: #f8fbff; \n    padding: 40px; \n    border-radius: 12px; \n    border: 1px solid #e1e8ed;\n  }\n\n  .wc-check-row {\n    background: white; \n    padding: 15px 20px; \n    border-radius: 6px; \n    margin-bottom: 12px; \n    border-left: 4px solid #005bab; \n    box-shadow: 0 2px 5px rgba(0,0,0,0.03); \n    display: flex; \n    justify-content: space-between;\n    align-items: center;\n  }\n\n  \/* --- API & TECH SECTION --- *\/\n  .wc-tech-section {\n    background: #1a2b3c;\n    color: white;\n    padding: 70px 20px;\n    text-align: center;\n    border-radius: 12px;\n    margin-bottom: 80px;\n  }\n\n  .wc-tech-grid {\n    display: flex;\n    justify-content: center;\n    gap: 50px;\n    flex-wrap: wrap;\n    margin-top: 40px;\n  }\n\n  \/* --- FAQ GRID --- *\/\n  .wc-faq-grid {\n    display: grid;\n    grid-template-columns: 1fr 1fr;\n    gap: 30px;\n    margin-top: 40px;\n    margin-bottom: 80px;\n  }\n  \n  .wc-faq-box {\n    background: #f9f9f9;\n    padding: 25px;\n    border: 1px solid #eee;\n    border-radius: 8px;\n  }\n\n  \/* --- MOBILE --- *\/\n  @media (max-width: 850px) {\n    .wc-split-layout, .wc-faq-grid { grid-template-columns: 1fr; gap: 40px; }\n    .wc-hero-title { font-size: 34px; }\n  }\n<\/style>\n\n<div class=\"wc-recruit-page\">\n\n  <header class=\"wc-rec-hero\">\n    <div class=\"wc-container\">\n      <h1 class=\"wc-hero-title\">Tuy\u1ec3n d\u1ee5ng &amp; Qu\u1ea3n l\u00fd nh\u00e2n s\u1ef1 Ki\u1ec3m tra l\u00fd l\u1ecbch c\u1ea3nh s\u00e1t<\/h1>\n      <p class=\"wc-hero-sub\">\n        N\u1ec1n t\u1ea3ng ki\u1ec3m tra l\u00fd l\u1ecbch h\u00ecnh s\u1ef1 v\u00e0 ti\u1ec1n \u00e1n tr\u1ecdn g\u00f3i d\u00e0nh cho c\u00e1c c\u00f4ng ty tuy\u1ec3n d\u1ee5ng l\u1edbn nh\u1ea5t t\u1ea1i \u00dac. \n        <strong>Nhanh ch\u00f3ng. D\u1ec5 d\u00e0ng t\u00f9y ch\u1ec9nh th\u01b0\u01a1ng hi\u1ec7u. S\u1eb5n s\u00e0ng t\u00edch h\u1ee3p API.<\/strong>\n      <\/p>\n      \n      <div style=\"display: flex; gap: 15px; justify-content: center; flex-wrap: wrap;\">\n        <a href=\"https:\/\/workerchecks.com\/vi\/giai-phap-kinh-doanh-kiem-tra-canh-sat\/\" class=\"wc-btn-primary\">\n          T\u1ea1o t\u00e0i kho\u1ea3n doanh nghi\u1ec7p mi\u1ec5n ph\u00ed\n        <\/a>\n        <a href=\"https:\/\/workerchecks.com\/vi\/product\/kiem-tra-ly-lich-tu-phap-duoc-phoi-hop-tren-toan-quoc\/\" class=\"wc-btn-outline\">\n          Ki\u1ec3m tra c\u00e1 nh\u00e2n\n        <\/a>\n      <\/div>\n    <\/div>\n  <\/header>\n\n  <section class=\"wc-container\">\n    <div class=\"wc-split-layout\">\n      \n      <div>\n        <h2>B\u1ea3o v\u1ec7 tr\u1ea3i nghi\u1ec7m c\u1ee7a \u1ee9ng vi\u00ean<\/h2>\n        <p>\n          C\u00e1c m\u00e0n h\u00ecnh c\u1ee7a b\u00ean th\u1ee9 ba chung chung g\u00e2y nh\u1ea7m l\u1eabn cho \u1ee9ng vi\u00ean v\u00e0 l\u00e0m ch\u1eadm qu\u00e1 tr\u00ecnh onboarding. Worker Checks cung c\u1ea5p m\u1ed9t <strong>Gi\u1ea3i ph\u00e1p nh\u00e3n tr\u1eafng<\/strong> \u0110i\u1ec1u \u0111\u00f3 \u0111\u1eb7t th\u01b0\u01a1ng hi\u1ec7u c\u1ee7a c\u01a1 quan b\u1ea1n l\u00ean h\u00e0ng \u0111\u1ea7u.\n        <\/p>\n        <ul class=\"wc-feature-list\">\n          <li class=\"wc-feature-item\">\n            <div class=\"wc-icon-box\">\u2713<\/div>\n            <div>\n              <strong>Thi\u1ebft k\u1ebf th\u01b0\u01a1ng hi\u1ec7u theo y\u00eau c\u1ea7u<\/strong>\n              <p style=\"font-size: 15px; margin: 5px 0 0;\">C\u00e1c t\u00ednh n\u0103ng c\u1ee7a email <em>c\u1ee7a b\u1ea1n<\/em> Logo v\u00e0 gi\u1ecdng \u0111i\u1ec7u. Kh\u00f4ng c\u00f3 \u201c\u0111i\u1ec1u b\u1ea5t ng\u1edd\u201d n\u00e0o d\u00e0nh cho \u1ee9ng vi\u00ean.<\/p>\n            <\/div>\n          <\/li>\n          <li class=\"wc-feature-item\">\n            <div class=\"wc-icon-box\">\u2713<\/div>\n            <div>\n              <strong>H\u00f3a \u0111\u01a1n linh ho\u1ea1t<\/strong>\n              <p style=\"font-size: 15px; margin: 5px 0 0;\">Chuy\u1ec3n \u0111\u1ed5i ngay l\u1eadp t\u1ee9c gi\u1eefa <strong>C\u00f4ng ty thanh to\u00e1n<\/strong> (T\u00edn d\u1ee5ng tr\u1ea3 tr\u01b0\u1edbc) ho\u1eb7c <strong>\u1ee8ng vi\u00ean thanh to\u00e1n<\/strong> c\u00e1c m\u00f4 h\u00ecnh.<\/p>\n            <\/div>\n          <\/li>\n          <li class=\"wc-feature-item\">\n            <div class=\"wc-icon-box\">\u2713<\/div>\n            <div>\n              <strong>Kho l\u01b0u tr\u1eef tu\u00e2n th\u1ee7<\/strong>\n              <p style=\"font-size: 15px; margin: 5px 0 0;\">Tra c\u1ee9u to\u00e0n b\u1ed9 l\u1ecbch s\u1eed l\u00e0m vi\u1ec7c c\u1ee7a nh\u00e2n vi\u00ean t\u1eeb m\u1ed9t c\u1ed5ng th\u00f4ng tin duy nh\u1ea5t. V\u1ea5n \u0111\u1ec1 l\u01b0u tr\u1eef h\u1ed3 s\u01a1 b\u1eaft bu\u1ed9c \u0111\u00e3 \u0111\u01b0\u1ee3c gi\u1ea3i quy\u1ebft.<\/p>\n            <\/div>\n          <\/li>\n        <\/ul>\n      <\/div>\n      \n      <div class=\"wc-product-box\">\n        <h3 style=\"color: #005bab; margin-bottom: 25px;\">S\u00e9c c\u00f3 s\u1eb5n<\/h3>\n        \n        <div class=\"wc-check-row\">\n          <strong>Ki\u1ec3m tra C\u1ea3nh s\u00e1t Qu\u1ed1c gia<\/strong>\n          <span style=\"color: #666;\"><span class=\"woocommerce-Price-amount amount\"><bdi><span class=\"woocommerce-Price-currencySymbol\">&#36;<\/span>49.00<\/bdi><\/span><\/span>\n        <\/div>\n        <div class=\"wc-check-row\">\n          <strong>Ki\u1ec3m tra visa VEVO<\/strong>\n          <span style=\"color: #666;\"><span class=\"woocommerce-Price-amount amount\"><bdi><span class=\"woocommerce-Price-currencySymbol\">&#36;<\/span>10.00<\/bdi><\/span><\/span>\n        <\/div>\n        <div class=\"wc-check-row\">\n          <strong>S\u00e9c qu\u1ed1c t\u1ebf<\/strong>\n          <span style=\"color: #666;\">T\u1eeb $70<\/span>\n        <\/div>\n        <div class=\"wc-check-row\">\n          <strong>AFP Kh\u1ed1i Th\u1ecbnh v\u01b0\u1ee3ng chung<\/strong>\n          <span style=\"color: #666; font-size: 14px;\">T\u1ef7 gi\u00e1 th\u1ecb tr\u01b0\u1eddng<\/span>\n        <\/div>\n\n        <p style=\"font-size: 13px; color: #888; margin-top: 15px; text-align: center;\">\n          *Gi\u1ea3m gi\u00e1 theo kh\u1ed1i l\u01b0\u1ee3ng cho doanh nghi\u1ec7p.\n        <\/p>\n      <\/div>\n\n    <\/div>\n  <\/section>\n\n  <section class=\"wc-container\">\n    <div class=\"wc-tech-section\">\n      <h2 style=\"color: white; margin-bottom: 15px;\">\u0110\u01b0\u1ee3c thi\u1ebft k\u1ebf cho tuy\u1ec3n d\u1ee5ng quy m\u00f4 l\u1edbn<\/h2>\n      <p style=\"color: #cbd5e0; max-width: 700px; margin: 0 auto 40px; font-size: 18px;\">\n        Ng\u1eebng t\u1ea3i xu\u1ed1ng PDF th\u1ee7 c\u00f4ng v\u00e0 t\u1ea3i l\u00ean h\u1ec7 th\u1ed1ng ATS c\u1ee7a b\u1ea1n. Worker Checks cung c\u1ea5p gi\u1ea3i ph\u00e1p m\u1ea1nh m\u1ebd. <strong>Kh\u1ea3 n\u0103ng c\u1ee7a API<\/strong> \u0111\u1ec3 t\u00edch h\u1ee3p m\u1ed9t c\u00e1ch li\u1ec1n m\u1ea1ch.\n      <\/p>\n      \n      <div class=\"wc-tech-grid\">\n        <div><strong style=\"display: block; font-size: 24px; color: #63b3ed;\">Giao di\u1ec7n l\u1eadp tr\u00ecnh \u1ee9ng d\u1ee5ng (API)<\/strong><span style=\"font-size: 14px; color: #a0aec0;\">Th\u00e2n thi\u1ec7n v\u1edbi nh\u00e0 ph\u00e1t tri\u1ec3n<\/span><\/div>\n        <div><strong style=\"display: block; font-size: 24px; color: #63b3ed;\">B\u1ea3o m\u1eadt d\u1eef li\u1ec7u<\/strong><span style=\"font-size: 14px; color: #a0aec0;\">Blockchain \u0111\u01b0\u1ee3c m\u00e3 h\u00f3a<\/span><\/div>\n        <div><strong style=\"display: block; font-size: 24px; color: #63b3ed;\">H\u1ed7 tr\u1ee3 \u0111\u1ecba ph\u01b0\u01a1ng<\/strong><span style=\"font-size: 14px; color: #a0aec0;\">C\u00f3 tr\u1ee5 s\u1edf t\u1ea1i \u00dac<\/span><\/div>\n      <\/div>\n\n      <div style=\"margin-top: 40px;\">\n        <a href=\"https:\/\/workerchecks.com\/vi\/lien-he\/\" style=\"color: white; text-decoration: underline; font-weight: 700;\">Y\u00eau c\u1ea7u t\u00e0i li\u1ec7u API \u2192<\/a>\n      <\/div>\n    <\/div>\n  <\/section>\n\n  <section class=\"wc-container\">\n    <h2 style=\"text-align: center;\">C\u00e1c c\u00e2u h\u1ecfi th\u01b0\u1eddng g\u1eb7p d\u00e0nh cho c\u00e1c c\u01a1 quan<\/h2>\n    \n    <div class=\"wc-faq-grid\">\n      <div class=\"wc-faq-box\">\n        <strong style=\"color: #005bab;\">\u0110i\u1ec1u n\u00e0y c\u00f3 ph\u00f9 h\u1ee3p cho tuy\u1ec3n d\u1ee5ng trong l\u0129nh v\u1ef1c Ch\u0103m s\u00f3c ng\u01b0\u1eddi cao tu\u1ed5i \/ NDIS kh\u00f4ng?<\/strong>\n        <p style=\"font-size: 15px; margin-top: 10px; margin-bottom: 0;\">\u0110\u00fang. Ch\u00fang t\u00f4i \u0111\u00e3 \u0111\u01b0\u1ee3c ch\u1ee9ng nh\u1eadn ACIC. B\u1ea1n c\u00f3 th\u1ec3 ch\u1ecdn m\u1ee5c \u0111\u00edch ki\u1ec3m tra c\u1ee5 th\u1ec3 (v\u00ed d\u1ee5: \u201cNh\u00e2n vi\u00ean\/T\u00ecnh nguy\u1ec7n vi\u00ean ch\u0103m s\u00f3c ng\u01b0\u1eddi cao tu\u1ed5i\u201d) \u0111\u1ec3 \u0111\u1ea3m b\u1ea3o c\u00e1c tr\u01b0\u1eddng h\u1ee3p lo\u1ea1i tr\u1eeb ph\u00f9 h\u1ee3p \u0111\u01b0\u1ee3c ki\u1ec3m tra.<\/p>\n      <\/div>\n      <div class=\"wc-faq-box\">\n        <strong style=\"color: #005bab;\">T\u00f4i c\u00f3 th\u1ec3 t\u00e1ch h\u00f3a \u0111\u01a1n cho c\u00e1c chi nh\u00e1nh kh\u00e1c nhau kh\u00f4ng?<\/strong>\n        <p style=\"font-size: 15px; margin-top: 10px; margin-bottom: 0;\">\u0110\u00fang. C\u1ea5u tr\u00fac t\u00e0i kho\u1ea3n \u201cCha\/Con\u201d c\u1ee7a ch\u00fang t\u00f4i cho ph\u00e9p Tr\u1ee5 s\u1edf ch\u00ednh xem t\u1ea5t c\u1ea3 c\u00e1c phi\u1ebfu ki\u1ec3m tra, trong khi c\u00e1c chi nh\u00e1nh \u0111\u1ecba ph\u01b0\u01a1ng ch\u1ec9 c\u00f3 th\u1ec3 xem c\u00e1c \u1ee9ng vi\u00ean c\u1ee7a ch\u00ednh h\u1ecd.<\/p>\n      <\/div>\n      <div class=\"wc-faq-box\">\n        <strong style=\"color: #005bab;\">N\u1ebfu m\u1ed9t t\u1ea5m s\u00e9c b\u1ecb \u0111\u00e1nh d\u1ea5u, \u0111i\u1ec1u g\u00ec s\u1ebd x\u1ea3y ra?<\/strong>\n        <p style=\"font-size: 15px; margin-top: 10px; margin-bottom: 0;\">N\u1ebfu m\u1ed9t giao d\u1ecbch b\u1ecb chuy\u1ec3n sang ki\u1ec3m tra th\u1ee7 c\u00f4ng b\u1edfi c\u00e1c c\u01a1 quan c\u1ea3nh s\u00e1t, tr\u1ea1ng th\u00e1i trong b\u1ea3ng \u0111i\u1ec1u khi\u1ec3n c\u1ee7a b\u1ea1n s\u1ebd \u0111\u01b0\u1ee3c c\u1eadp nh\u1eadt th\u00e0nh \u201cKi\u1ec3m tra th\u1ee7 c\u00f4ng\u201d. Ch\u00fang t\u00f4i theo d\u00f5i c\u00e1c tr\u01b0\u1eddng h\u1ee3p n\u00e0y h\u00e0ng ng\u00e0y v\u00e0 th\u00f4ng b\u00e1o cho b\u1ea1n ngay l\u1eadp t\u1ee9c.<\/p>\n      <\/div>\n      <div class=\"wc-faq-box\">\n        <strong style=\"color: #005bab;\">Qu\u00fd c\u00f4ng ty c\u00f3 cung c\u1ea5p \u01b0u \u0111\u00e3i cho \u0111\u01a1n h\u00e0ng s\u1ed1 l\u01b0\u1ee3ng l\u1edbn kh\u00f4ng?<\/strong>\n        <p style=\"font-size: 15px; margin-top: 10px; margin-bottom: 0;\">Ch\u1eafc ch\u1eafn r\u1ed3i. \u0110\u1ed1i v\u1edbi c\u00e1c \u0111\u01a1n v\u1ecb x\u1eed l\u00fd s\u1ed1 l\u01b0\u1ee3ng tr\u00ean 50 phi\u1ebfu thanh to\u00e1n m\u1ed7i th\u00e1ng, vui l\u00f2ng li\u00ean h\u1ec7 v\u1edbi \u0111\u1ed9i ng\u0169 doanh nghi\u1ec7p c\u1ee7a ch\u00fang t\u00f4i \u0111\u1ec3 \u0111\u01b0\u1ee3c t\u01b0 v\u1ea5n v\u1ec1 ch\u00ednh s\u00e1ch gi\u00e1 theo c\u1ea5p \u0111\u1ed9.<\/p>\n      <\/div>\n    <\/div>\n  <\/section>\n\n  <section style=\"padding: 0 20px 80px; text-align: center;\">\n    <h2 style=\"font-size: 36px; color: #1a1a1a;\">B\u1eaft \u0111\u1ea7u t\u1ed1i \u01b0u h\u00f3a quy tr\u00ecnh tu\u00e2n th\u1ee7 c\u1ee7a b\u1ea1n ngay h\u00f4m nay.<\/h2>\n    <p style=\"margin-bottom: 30px; font-size: 18px;\">Kh\u00f4ng h\u1ee3p \u0111\u1ed3ng. Kh\u00f4ng ph\u00ed thi\u1ebft l\u1eadp. Ch\u1ec9 c\u1ea7n s\u00e9c nhanh ch\u00f3ng, c\u00f3 th\u01b0\u01a1ng hi\u1ec7u.<\/p>\n    <a href=\"https:\/\/workerchecks.com\/vi\/giai-phap-kinh-doanh-kiem-tra-canh-sat\/\" class=\"wc-btn-primary\">\n      T\u1ea1o t\u00e0i kho\u1ea3n doanh nghi\u1ec7p mi\u1ec5n ph\u00ed\n    <\/a>\n  <\/section>\n\n<\/div>\n\n\n\n\n<div class=\"wp-block-group wc-related-checks-grid\" style=\"border-color:#d6e7ff;border-width:1px;border-radius:16px;background-color:#f4f9ff;margin-top:24px;margin-bottom:24px;padding:20px;\"><div class=\"wp-block-group__inner-container is-layout-flow wp-block-group-is-layout-flow\">\n  \n  <h3 class=\"wp-block-heading has-wc-brand-color has-text-color\" style=\"margin-bottom:16px;\">C\u00e1c d\u1ecbch v\u1ee5 ki\u1ec3m tra li\u00ean quan v\u00e0 tu\u00e2n th\u1ee7<\/h3>\n  \n\n  \n  <div class=\"wp-block-columns is-layout-flex wp-container-core-columns-is-layout-3200dbe6 wp-block-columns-is-layout-flex\">\n    \n    \n    <div class=\"wp-block-column is-layout-flow wp-block-column-is-layout-flow\">\n      \n      <!-- CARD 1 -->\n      \n      <div class=\"wp-block-group\" style=\"border-color:#d6e7ff;border-width:1px;border-radius:12px;background-color:#ffffff;margin-bottom:12px;padding:12px 14px;\"><div class=\"wp-block-group__inner-container is-layout-flow wp-block-group-is-layout-flow\">\n        \n        <p><a href=\"https:\/\/workerchecks.com\/vi\/cac-loai-kiem-tra-cua-canh-sat\/kiem-tra-canh-sat-quoc-gia\/\" style=\"color:#005bab;font-weight:600;\">Ki\u1ec3m tra C\u1ea3nh s\u00e1t Qu\u1ed1c gia<\/a><br><span style=\"font-size:13px;\">Thanh to\u00e1n tr\u1ef1c tuy\u1ebfn nhanh ch\u00f3ng, \u0111\u01b0\u1ee3c ch\u1ee9ng nh\u1eadn ACIC.<\/span><\/p>\n        \n      <\/div><\/div>\n      \n\n      <!-- CARD 2 -->\n      \n      <div class=\"wp-block-group\" style=\"border-color:#d6e7ff;border-width:1px;border-radius:12px;background-color:#ffffff;margin-bottom:12px;padding:12px 14px;\"><div class=\"wp-block-group__inner-container is-layout-flow wp-block-group-is-layout-flow\">\n        \n        <p><a href=\"https:\/\/workerchecks.com\/vi\/giai-phap-kinh-doanh-kiem-tra-canh-sat\/\" style=\"color:#005bab;font-weight:600;\">BusinessHub \u2013 G\u00f3i Worker Checks<\/a><br><span style=\"font-size:13px;\">Thanh to\u00e1n theo l\u00f4, theo d\u00f5i tr\u1ef1c ti\u1ebfp v\u00e0 c\u1ed5ng th\u00f4ng tin an to\u00e0n.<\/span><\/p>\n        \n      <\/div><\/div>\n      \n\n      <!-- CARD 3 -->\n      \n      <div class=\"wp-block-group\" style=\"border-color:#d6e7ff;border-width:1px;border-radius:12px;background-color:#ffffff;padding:12px 14px;\"><div class=\"wp-block-group__inner-container is-layout-flow wp-block-group-is-layout-flow\">\n        \n        <p><a href=\"https:\/\/workerchecks.com\/vi\/kiem-tra-quyen-lam-viec-truc-tuyen-cua-vevo\/\" style=\"color:#005bab;font-weight:600;\">Ki\u1ec3m tra Quy\u1ec1n l\u00e0m vi\u1ec7c VEVO<\/a><br><span style=\"font-size:13px;\">X\u00e1c minh quy\u1ec1n l\u00e0m vi\u1ec7c theo visa ngay l\u1eadp t\u1ee9c.<\/span><\/p>\n        \n      <\/div><\/div>\n      \n\n    <\/div>\n    \n\n\n    \n    <div class=\"wp-block-column is-layout-flow wp-block-column-is-layout-flow\">\n\n      <!-- CARD 4 -->\n      \n      <div class=\"wp-block-group\" style=\"border-color:#d6e7ff;border-width:1px;border-radius:12px;background-color:#ffffff;margin-bottom:12px;padding:12px 14px;\"><div class=\"wp-block-group__inner-container is-layout-flow wp-block-group-is-layout-flow\">\n        \n        <p><a href=\"https:\/\/workerchecks.com\/vi\/product\/kiem-tra-pha-san-va-mat-kha-nang-thanh-toan\/\" style=\"color:#005bab;font-weight:600;\">Ki\u1ec3m tra ph\u00e1 s\u1ea3n v\u00e0 m\u1ea5t kh\u1ea3 n\u0103ng thanh to\u00e1n<\/a><br><span style=\"font-size:13px;\">Ki\u1ec3m tra l\u1ecbch s\u1eed t\u00e0i ch\u00ednh AFSA theo th\u1eddi gian th\u1ef1c.<\/span><\/p>\n        \n      <\/div><\/div>\n      \n\n      <!-- CARD 5 -->\n      \n      <div class=\"wp-block-group\" style=\"border-color:#d6e7ff;border-width:1px;border-radius:12px;background-color:#ffffff;margin-bottom:12px;padding:12px 14px;\"><div class=\"wp-block-group__inner-container is-layout-flow wp-block-group-is-layout-flow\">\n        \n        <p><a href=\"https:\/\/workerchecks.com\/vi\/cac-loai-kiem-tra-cua-canh-sat\/kiem-tra-canh-sat-quoc-te\/\" style=\"color:#005bab;font-weight:600;\">Ki\u1ec3m tra c\u1ea3nh s\u00e1t qu\u1ed1c t\u1ebf<\/a><br><span style=\"font-size:13px;\">Ki\u1ec3m tra l\u00fd l\u1ecbch h\u00ecnh s\u1ef1 \u1edf n\u01b0\u1edbc ngo\u00e0i.<\/span><\/p>\n        \n      <\/div><\/div>\n      \n\n      <!-- CARD 6 -->\n      \n      <div class=\"wp-block-group\" style=\"border-color:#d6e7ff;border-width:1px;border-radius:12px;background-color:#ffffff;padding:12px 14px;\"><div class=\"wp-block-group__inner-container is-layout-flow wp-block-group-is-layout-flow\">\n        \n        <p><a href=\"https:\/\/workerchecks.com\/vi\/product\/qualification-verification\/\" style=\"color:#005bab;font-weight:600;\">X\u00e1c minh tr\u00ecnh \u0111\u1ed9<\/a><br><span style=\"font-size:13px;\">X\u00e1c minh b\u1eb1ng c\u1ea5p, ch\u1ee9ng ch\u1ec9 v\u00e0 kh\u00f3a \u0111\u00e0o t\u1ea1o.<\/span><\/p>\n        \n      <\/div><\/div>\n      \n\n    <\/div>\n    \n  <\/div>\n  \n<\/div><\/div>\n\n\n<\/div><\/div>\n\n<\/div><\/div>","protected":false},"excerpt":{"rendered":"<p>Recruitment &#038; Staffing Police Checks The turnkey criminal history and background screening platform for Australia&#8217;s largest recruitment agencies. Fast. Brandable. API Ready. Create Free Business Account Individual Check Protect Your Candidate Experience Generic third-party screens confuse candidates and delay onboarding. Worker Checks provides a White-Label Solution that puts your agency&#8217;s brand first. \u2713 Custom Branding&#8230;<\/p>","protected":false},"author":196713191,"featured_media":0,"parent":1842,"menu_order":0,"comment_status":"closed","ping_status":"closed","template":"","meta":{"_kadence_starter_templates_imported_post":false,"_kad_post_transparent":"","_kad_post_title":"","_kad_post_layout":"","_kad_post_sidebar_id":"","_kad_post_content_style":"","_kad_post_vertical_padding":"","_kad_post_feature":"","_kad_post_feature_position":"","_kad_post_header":false,"_kad_post_footer":false,"_kad_post_classname":"","footnotes":""},"class_list":["post-2968","page","type-page","status-publish","hentry"],"_links":{"self":[{"href":"https:\/\/workerchecks.com\/vi\/wp-json\/wp\/v2\/pages\/2968","targetHints":{"allow":["GET"]}}],"collection":[{"href":"https:\/\/workerchecks.com\/vi\/wp-json\/wp\/v2\/pages"}],"about":[{"href":"https:\/\/workerchecks.com\/vi\/wp-json\/wp\/v2\/types\/page"}],"author":[{"embeddable":true,"href":"https:\/\/workerchecks.com\/vi\/wp-json\/wp\/v2\/users\/196713191"}],"replies":[{"embeddable":true,"href":"https:\/\/workerchecks.com\/vi\/wp-json\/wp\/v2\/comments?post=2968"}],"version-history":[{"count":0,"href":"https:\/\/workerchecks.com\/vi\/wp-json\/wp\/v2\/pages\/2968\/revisions"}],"up":[{"embeddable":true,"href":"https:\/\/workerchecks.com\/vi\/wp-json\/wp\/v2\/pages\/1842"}],"wp:attachment":[{"href":"https:\/\/workerchecks.com\/vi\/wp-json\/wp\/v2\/media?parent=2968"}],"curies":[{"name":"wp","href":"https:\/\/api.w.org\/{rel}","templated":true}]}}