{"id":1364,"date":"2020-11-19T12:58:58","date_gmt":"2020-11-19T01:58:58","guid":{"rendered":"https:\/\/workerchecks.com\/?page_id=1364"},"modified":"2026-04-02T14:26:21","modified_gmt":"2026-04-02T03:26:21","slug":"lien-he","status":"publish","type":"page","link":"https:\/\/workerchecks.com\/vi\/contact\/","title":{"rendered":"Li\u00ean h\u1ec7"},"content":{"rendered":"<style>.kb-row-layout-id1364_9019bd-de > .kt-row-column-wrap{align-content:start;}:where(.kb-row-layout-id1364_9019bd-de > .kt-row-column-wrap) > .wp-block-kadence-column{justify-content:start;}.kb-row-layout-id1364_9019bd-de > .kt-row-column-wrap{column-gap:var(--global-kb-gap-md, 2rem);row-gap:var(--global-kb-gap-md, 2rem);padding-top:var(--global-kb-spacing-sm, 1.5rem);padding-bottom:var(--global-kb-spacing-sm, 1.5rem);grid-template-columns:minmax(0, 1fr);}.kb-row-layout-id1364_9019bd-de > .kt-row-layout-overlay{opacity:0.30;}@media all and (max-width: 1024px){.kb-row-layout-id1364_9019bd-de > .kt-row-column-wrap{grid-template-columns:minmax(0, 1fr);}}@media all and (max-width: 767px){.kb-row-layout-id1364_9019bd-de > .kt-row-column-wrap{grid-template-columns:minmax(0, 1fr);}}<\/style><div class=\"kb-row-layout-wrap kb-row-layout-id1364_9019bd-de alignnone wp-block-kadence-rowlayout\"><div class=\"kt-row-column-wrap kt-has-1-columns kt-row-layout-equal kt-tab-layout-inherit kt-mobile-layout-row kt-row-valign-top\">\n<style>.kadence-column1364_26c622-8e > .kt-inside-inner-col,.kadence-column1364_26c622-8e > .kt-inside-inner-col:before{border-top-left-radius:0px;border-top-right-radius:0px;border-bottom-right-radius:0px;border-bottom-left-radius:0px;}.kadence-column1364_26c622-8e > .kt-inside-inner-col{column-gap:var(--global-kb-gap-sm, 1rem);}.kadence-column1364_26c622-8e > .kt-inside-inner-col{flex-direction:column;}.kadence-column1364_26c622-8e > .kt-inside-inner-col > .aligncenter{width:100%;}.kadence-column1364_26c622-8e > .kt-inside-inner-col:before{opacity:0.3;}.kadence-column1364_26c622-8e{text-align:center;}.kadence-column1364_26c622-8e{position:relative;}@media all and (max-width: 1024px){.kadence-column1364_26c622-8e > .kt-inside-inner-col{flex-direction:column;justify-content:center;}}@media all and (max-width: 767px){.kadence-column1364_26c622-8e > .kt-inside-inner-col{flex-direction:column;justify-content:center;}}<\/style>\n<div class=\"wp-block-kadence-column kadence-column1364_26c622-8e\"><div class=\"kt-inside-inner-col\">\n<h2 class=\"wp-block-heading\">\u0110\u1ec3 \u0111\u01b0\u1ee3c gi\u1ea3i \u0111\u00e1p th\u1eafc m\u1eafc ho\u1eb7c bi\u1ebft th\u00eam th\u00f4ng tin, vui l\u00f2ng nh\u1ea5p v\u00e0o bi\u1ec3u t\u01b0\u1ee3ng tr\u00f2 chuy\u1ec7n ho\u1eb7c \u0111i\u1ec1n th\u00f4ng tin c\u1ee7a b\u1ea1n b\u00ean d\u01b0\u1edbi:<\/h2>\n<\/div><\/div>\n\n<\/div><\/div>\n\n<style>.kb-row-layout-id1364_f74c9f-5b > .kt-row-column-wrap{align-content:start;}:where(.kb-row-layout-id1364_f74c9f-5b > .kt-row-column-wrap) > .wp-block-kadence-column{justify-content:start;}.kb-row-layout-id1364_f74c9f-5b > .kt-row-column-wrap{column-gap:var(--global-kb-gap-md, 2rem);row-gap:var(--global-kb-gap-md, 2rem);padding-top:var(--global-kb-spacing-sm, 1.5rem);padding-bottom:var(--global-kb-spacing-sm, 1.5rem);grid-template-columns:minmax(0, 1fr);}.kb-row-layout-id1364_f74c9f-5b > .kt-row-layout-overlay{opacity:0.30;}@media all and (max-width: 1024px){.kb-row-layout-id1364_f74c9f-5b > .kt-row-column-wrap{grid-template-columns:minmax(0, 1fr);}}@media all and (max-width: 767px){.kb-row-layout-id1364_f74c9f-5b > .kt-row-column-wrap{grid-template-columns:minmax(0, 1fr);}}<\/style><div class=\"kb-row-layout-wrap kb-row-layout-id1364_f74c9f-5b alignnone wp-block-kadence-rowlayout\"><div class=\"kt-row-column-wrap kt-has-1-columns kt-row-layout-equal kt-tab-layout-inherit kt-mobile-layout-row kt-row-valign-top\">\n<style>.kadence-column1364_4d9e25-2e > .kt-inside-inner-col,.kadence-column1364_4d9e25-2e > .kt-inside-inner-col:before{border-top-left-radius:0px;border-top-right-radius:0px;border-bottom-right-radius:0px;border-bottom-left-radius:0px;}.kadence-column1364_4d9e25-2e > .kt-inside-inner-col{column-gap:var(--global-kb-gap-sm, 1rem);}.kadence-column1364_4d9e25-2e > .kt-inside-inner-col{flex-direction:column;}.kadence-column1364_4d9e25-2e > .kt-inside-inner-col > .aligncenter{width:100%;}.kadence-column1364_4d9e25-2e > .kt-inside-inner-col:before{opacity:0.3;}.kadence-column1364_4d9e25-2e{position:relative;}@media all and (max-width: 1024px){.kadence-column1364_4d9e25-2e > .kt-inside-inner-col{flex-direction:column;justify-content:center;}}@media all and (max-width: 767px){.kadence-column1364_4d9e25-2e > .kt-inside-inner-col{flex-direction:column;justify-content:center;}}<\/style>\n<div class=\"wp-block-kadence-column kadence-column1364_4d9e25-2e\"><div class=\"kt-inside-inner-col\">\n<div class=\"wpcf7 no-js\" id=\"wpcf7-f1475-o1\" lang=\"en-US\" dir=\"ltr\" data-wpcf7-id=\"1475\">\n<div class=\"screen-reader-response\"><p role=\"status\" aria-live=\"polite\" aria-atomic=\"true\"><\/p> <ul><\/ul><\/div>\n<form action=\"\/vi\/wp-json\/wp\/v2\/pages\/1364#wpcf7-f1475-o1\" method=\"post\" class=\"wpcf7-form init\" aria-label=\"Contact form\" novalidate=\"novalidate\" data-status=\"init\" data-trp-original-action=\"\/vi\/wp-json\/wp\/v2\/pages\/1364#wpcf7-f1475-o1\">\n<fieldset class=\"hidden-fields-container\"><input type=\"hidden\" name=\"_wpcf7\" value=\"1475\" \/><input type=\"hidden\" name=\"_wpcf7_version\" value=\"6.1.5\" \/><input type=\"hidden\" name=\"_wpcf7_locale\" value=\"en_US\" \/><input type=\"hidden\" name=\"_wpcf7_unit_tag\" value=\"wpcf7-f1475-o1\" \/><input type=\"hidden\" name=\"_wpcf7_container_post\" value=\"0\" \/><input type=\"hidden\" name=\"_wpcf7_posted_data_hash\" value=\"\" \/>\n<\/fieldset>\n<div class=\"wpcf7-turnstile cf-turnstile\" data-sitekey=\"0x4AAAAAACeQ-hoyXmCi4YM-\" data-response-field-name=\"_wpcf7_turnstile_response\"><\/div>\n\n<p><span class=\"wpcf7-form-control-wrap\" data-name=\"your-name\"><input size=\"40\" maxlength=\"400\" class=\"wpcf7-form-control wpcf7-text\" aria-invalid=\"false\" placeholder=\"T\u00ean\" value=\"\" type=\"text\" name=\"your-name\" \/><\/span>\n<\/p>\n<p><span class=\"wpcf7-form-control-wrap\" data-name=\"your-email\"><input size=\"40\" maxlength=\"400\" class=\"wpcf7-form-control wpcf7-email wpcf7-validates-as-required wpcf7-text wpcf7-validates-as-email\" aria-required=\"true\" aria-invalid=\"false\" placeholder=\"E-mail\" value=\"\" type=\"email\" name=\"your-email\" \/><\/span>\n<\/p>\n<p><span class=\"wpcf7-form-control-wrap\" data-name=\"your-message\"><textarea cols=\"40\" rows=\"10\" maxlength=\"2000\" class=\"wpcf7-form-control wpcf7-textarea\" aria-invalid=\"false\" placeholder=\"Tin nh\u1eafn\" name=\"your-message\"><\/textarea><\/span>\n<\/p>\n<p><span class=\"wpcf7-form-control-wrap\" data-name=\"your-signup\"><span class=\"wpcf7-form-control wpcf7-checkbox wpcf7-validates-as-required\"><span class=\"wpcf7-list-item first last\"><label><input type=\"checkbox\" name=\"your-signup[]\" value=\"Sign up for our email list for updates, promotions, and more.\" \/><span class=\"wpcf7-list-item-label\">\u0110\u0103ng k\u00fd danh s\u00e1ch email c\u1ee7a ch\u00fang t\u00f4i \u0111\u1ec3 nh\u1eadn th\u00f4ng tin c\u1eadp nh\u1eadt, khuy\u1ebfn m\u00e3i v\u00e0 nhi\u1ec1u th\u00f4ng tin kh\u00e1c.<\/span><\/label><\/span><\/span><\/span>\n<\/p>\n<p><input class=\"wpcf7-form-control wpcf7-submit has-spinner\" type=\"submit\" value=\"G\u1eedi\" \/>\n<\/p><p style=\"display: none !important;\" class=\"akismet-fields-container\" data-prefix=\"_wpcf7_ak_\"><label>\u0394<textarea name=\"_wpcf7_ak_hp_textarea\" cols=\"45\" rows=\"8\" maxlength=\"100\"><\/textarea><\/label><input type=\"hidden\" id=\"ak_js_1\" name=\"_wpcf7_ak_js\" value=\"208\"\/><script>document.getElementById( \"ak_js_1\" ).setAttribute( \"value\", ( new Date() ).getTime() );<\/script><\/p><div class=\"wpcf7-response-output\" aria-hidden=\"true\"><\/div>\n<input type=\"hidden\" name=\"trp-form-language\" value=\"vi\"\/><\/form>\n<\/div>\n\n<\/div><\/div>\n\n<\/div><\/div>\n\n<style>.kb-row-layout-id1364_d71709-01 > .kt-row-column-wrap{align-content:start;}:where(.kb-row-layout-id1364_d71709-01 > .kt-row-column-wrap) > .wp-block-kadence-column{justify-content:start;}.kb-row-layout-id1364_d71709-01 > .kt-row-column-wrap{column-gap:var(--global-kb-gap-md, 2rem);row-gap:var(--global-kb-gap-md, 2rem);padding-top:var(--global-kb-spacing-sm, 1.5rem);padding-bottom:var(--global-kb-spacing-sm, 1.5rem);grid-template-columns:minmax(0, 1fr);}.kb-row-layout-id1364_d71709-01 > .kt-row-layout-overlay{opacity:0.30;}@media all and (max-width: 1024px){.kb-row-layout-id1364_d71709-01 > .kt-row-column-wrap{grid-template-columns:minmax(0, 1fr);}}@media all and (max-width: 767px){.kb-row-layout-id1364_d71709-01 > .kt-row-column-wrap{grid-template-columns:minmax(0, 1fr);}}<\/style><div class=\"kb-row-layout-wrap kb-row-layout-id1364_d71709-01 alignnone wp-block-kadence-rowlayout\"><div class=\"kt-row-column-wrap kt-has-1-columns kt-row-layout-equal kt-tab-layout-inherit kt-mobile-layout-row kt-row-valign-top\">\n<style>.kadence-column1364_a75df3-98 > .kt-inside-inner-col,.kadence-column1364_a75df3-98 > .kt-inside-inner-col:before{border-top-left-radius:0px;border-top-right-radius:0px;border-bottom-right-radius:0px;border-bottom-left-radius:0px;}.kadence-column1364_a75df3-98 > .kt-inside-inner-col{column-gap:var(--global-kb-gap-sm, 1rem);}.kadence-column1364_a75df3-98 > .kt-inside-inner-col{flex-direction:column;}.kadence-column1364_a75df3-98 > .kt-inside-inner-col > .aligncenter{width:100%;}.kadence-column1364_a75df3-98 > .kt-inside-inner-col:before{opacity:0.3;}.kadence-column1364_a75df3-98{text-align:center;}.kadence-column1364_a75df3-98{position:relative;}@media all and (max-width: 1024px){.kadence-column1364_a75df3-98 > .kt-inside-inner-col{flex-direction:column;justify-content:center;}}@media all and (max-width: 767px){.kadence-column1364_a75df3-98 > .kt-inside-inner-col{flex-direction:column;justify-content:center;}}<\/style>\n<div class=\"wp-block-kadence-column kadence-column1364_a75df3-98\"><div class=\"kt-inside-inner-col\">\n<p><strong>Trang web n\u00e0y \u0111\u01b0\u1ee3c b\u1ea3o v\u1ec7 b\u1edfi reCAPTCHA v\u00e0 Ch\u00ednh s\u00e1ch quy\u1ec1n ri\u00eang t\u01b0 v\u00e0 \u0110i\u1ec1u kho\u1ea3n d\u1ecbch v\u1ee5 c\u1ee7a Google \u0111\u01b0\u1ee3c \u00e1p d\u1ee5ng.<\/strong><\/p>\n\n\n\n<p><strong>Ph\u00f2ng 547, T\u1ea7ng 2, 1342 \u0110\u01b0\u1eddng Dandenong, Chadstone, Victoria, 3148.<\/strong><\/p>\n\n\n\n<p><strong>ask@workerchecks.com<\/strong><\/p>\n\n\n\n<p><strong>\u0110i\u1ec7n tho\u1ea1i: 1300 609 970<\/strong><\/p>\n<\/div><\/div>\n\n<\/div><\/div>","protected":false},"excerpt":{"rendered":"<p>For questions or more information click on the chat icon or enter your details below: This site is protected by reCAPTCHA and the Google&nbsp;Privacy Policy&nbsp;and&nbsp;Terms of Service&nbsp;apply. Suite 547, Level 2, 1342 Dandenong Road, Chadstone, Victoria, 3148. ask@workerchecks.com Phone: 1300 609 970<\/p>","protected":false},"author":196713191,"featured_media":0,"parent":0,"menu_order":0,"comment_status":"closed","ping_status":"closed","template":"","meta":{"_kadence_starter_templates_imported_post":false,"_kad_post_transparent":"","_kad_post_title":"","_kad_post_layout":"","_kad_post_sidebar_id":"","_kad_post_content_style":"","_kad_post_vertical_padding":"","_kad_post_feature":"","_kad_post_feature_position":"","_kad_post_header":false,"_kad_post_footer":false,"_kad_post_classname":"","footnotes":""},"class_list":["post-1364","page","type-page","status-publish","hentry"],"_links":{"self":[{"href":"https:\/\/workerchecks.com\/vi\/wp-json\/wp\/v2\/pages\/1364","targetHints":{"allow":["GET"]}}],"collection":[{"href":"https:\/\/workerchecks.com\/vi\/wp-json\/wp\/v2\/pages"}],"about":[{"href":"https:\/\/workerchecks.com\/vi\/wp-json\/wp\/v2\/types\/page"}],"author":[{"embeddable":true,"href":"https:\/\/workerchecks.com\/vi\/wp-json\/wp\/v2\/users\/196713191"}],"replies":[{"embeddable":true,"href":"https:\/\/workerchecks.com\/vi\/wp-json\/wp\/v2\/comments?post=1364"}],"version-history":[{"count":0,"href":"https:\/\/workerchecks.com\/vi\/wp-json\/wp\/v2\/pages\/1364\/revisions"}],"wp:attachment":[{"href":"https:\/\/workerchecks.com\/vi\/wp-json\/wp\/v2\/media?parent=1364"}],"curies":[{"name":"wp","href":"https:\/\/api.w.org\/{rel}","templated":true}]}}