{"id":12796,"date":"2025-11-29T19:41:36","date_gmt":"2025-11-29T08:41:36","guid":{"rendered":"https:\/\/workerchecks.com\/?page_id=12796"},"modified":"2026-01-15T22:07:29","modified_gmt":"2026-01-15T11:07:29","slug":"dia-diem-kiem-tra-cua-canh-sat","status":"publish","type":"page","link":"https:\/\/workerchecks.com\/vi\/police-check-locations\/","title":{"rendered":"Ki\u1ec3m tra \u0111\u1ecba \u0111i\u1ec3m c\u1ee7a c\u1ea3nh s\u00e1t \u2013 Victoria (VIC), New South Wales (NSW), Queensland (QLD), Nam \u00dac (SA), T\u00e2y \u00dac (WA), L\u00e3nh th\u1ed5 B\u1eafc \u00dac (NT) v\u00e0 Tasmania (TAS)"},"content":{"rendered":"<h1>Ki\u1ec3m tra \u0111\u1ecba \u0111i\u1ec3m c\u1ee7a c\u1ea3nh s\u00e1t tr\u00ean to\u00e0n Australia<\/h1>\n<p>Worker Checks cung c\u1ea5p d\u1ecbch v\u1ee5 ki\u1ec3m tra l\u00fd l\u1ecbch h\u00ecnh s\u1ef1 \u0111\u01b0\u1ee3c ph\u1ed1i h\u1ee3p tr\u00ean to\u00e0n qu\u1ed1c tr\u1ef1c tuy\u1ebfn cho t\u1ea5t c\u1ea3 c\u00e1c bang v\u00e0 v\u00f9ng l\u00e3nh th\u1ed5 c\u1ee7a \u00dac. B\u1ea1n kh\u00f4ng c\u1ea7n ph\u1ea3i \u0111\u1ebfn tr\u1ef1c ti\u1ebfp \u2014 h\u00e3y \u0111\u0103ng k\u00fd tr\u1ef1c tuy\u1ebfn t\u1eeb b\u1ea5t k\u1ef3 \u0111\u00e2u v\u00e0 nh\u1eadn k\u1ebft qu\u1ea3 c\u1ee7a m\u00ecnh d\u01b0\u1edbi d\u1ea1ng k\u1ef9 thu\u1eadt s\u1ed1.<\/p>\n\n<h2>Ch\u1ecdn bang ho\u1eb7c v\u00f9ng l\u00e3nh th\u1ed5 c\u1ee7a b\u1ea1n:<\/h2>\n<ul>\n<li><a href=\"\/vi\/canh-sat-kiem-tra-vic\/\">Ki\u1ec3m tra l\u00fd l\u1ecbch c\u1ea3nh s\u00e1t VIC \u2013 Victoria<\/a><\/li>\n<li><a href=\"\/vi\/kiem-tra-canh-sat-nsw\/\">Ki\u1ec3m tra l\u00fd l\u1ecbch t\u01b0 ph\u00e1p NSW \u2013 New South Wales<\/a><\/li>\n<li><a href=\"\/vi\/kiem-tra-canh-sat-qld\/\">Ki\u1ec3m tra l\u00fd l\u1ecbch t\u01b0 ph\u00e1p Queensland \u2013 Queensland<\/a><\/li>\n<li><a href=\"\/vi\/giay-phep-cua-canh-sat-wa\/\">Gi\u1ea5y x\u00e1c nh\u1eadn l\u00fd l\u1ecbch t\u01b0 ph\u00e1p WA \u2013 T\u00e2y \u00dac<\/a><\/li>\n<li><a href=\"\/vi\/giay-phep-cua-canh-sat-sa\/\">Ki\u1ec3m tra l\u00fd l\u1ecbch t\u01b0 ph\u00e1p SA \u2013 Nam \u00dac<\/a><\/li>\n<li><a href=\"\/vi\/kiem-tra-canh-sat-tas\/\">Ki\u1ec3m tra l\u00fd l\u1ecbch c\u1ea3nh s\u00e1t TAS \u2013 Tasmania<\/a><\/li>\n<li><a href=\"\/vi\/kiem-tra-canh-sat-nt\/\">Ki\u1ec3m tra l\u00fd l\u1ecbch c\u1ea3nh s\u00e1t NT \u2013 L\u00e3nh th\u1ed5 B\u1eafc \u00dac<\/a><\/li>\n\n\n<hr>\n\n<h3>D\u00f9 b\u1ea1n s\u1ed1ng \u1edf \u0111\u00e2u \u2014 h\u00e3y \u0111\u0103ng k\u00fd tr\u1ef1c tuy\u1ebfn ch\u1ec9 trong v\u00e0i ph\u00fat.<\/h3>\n<p>T\u1ea5t c\u1ea3 c\u00e1c ki\u1ec3m tra \u0111\u01b0\u1ee3c x\u1eed l\u00fd qua Worker Checks \u0111\u1ec1u \u0111\u01b0\u1ee3c ch\u1ee9ng nh\u1eadn ACIC v\u00e0 \u0111\u01b0\u1ee3c c\u00f4ng nh\u1eadn tr\u00ean to\u00e0n qu\u1ed1c. K\u1ebft qu\u1ea3 \u0111\u01b0\u1ee3c cung c\u1ea5p d\u01b0\u1edbi d\u1ea1ng k\u1ef9 thu\u1eadt s\u1ed1, v\u1edbi h\u1ea7u h\u1ebft c\u00e1c k\u1ebft qu\u1ea3 \u0111\u01b0\u1ee3c tr\u1ea3 v\u1ec1 trong v\u00f2ng 24 gi\u1edd.<\/p>\n\n<p><a href=\"\/vi\/cac-loai-kiem-tra-cua-canh-sat\/kiem-tra-canh-sat-quoc-gia\/\" style=\"font-weight:bold;\">B\u1eaft \u0111\u1ea7u ki\u1ec3m tra l\u00fd l\u1ecbch c\u1ea3nh s\u00e1t qu\u1ed1c gia tr\u1ef1c tuy\u1ebfn \u2192<\/a><\/p>\n\n\n\n<div class=\"wp-block-group\"><div class=\"wp-block-group__inner-container is-layout-constrained wp-block-group-is-layout-constrained\">\n<div style=\"background:#EBF5FF;padding:28px;border-radius:10px;border:1px solid #D6E8FF;margin:35px 0;\">\n    <h3 style=\"margin-top:0;font-size:22px;font-weight:700;color:#003F7D;\">\n        \ud83d\udc65 C\u1ea7n ki\u1ec3m tra l\u00fd l\u1ecbch t\u01b0 ph\u00e1p cho nhi\u1ec1u nh\u00e2n vi\u00ean?\n    <\/h3>\n\n    <p style=\"font-size:16px;margin-bottom:15px;line-height:1.6;\">\n        N\u00e2ng c\u1ea5p l\u00ean <strong>Trung t\u00e2m Doanh nghi\u1ec7p<\/strong> \u2014 our workforce screening platform for\n        bulk police checks, volunteers, overseas hires + ongoing compliance management.\n        Perfect for providers completing <strong>H\u01a1n 20 l\u1ea7n ki\u1ec3m tra m\u1ed7i th\u00e1ng.<\/strong>\n    <\/p>\n\n    <ul style=\"margin-top:0;font-size:16px;line-height:1.6;\">\n        <li>T\u1ea3i l\u00ean h\u00e0ng lo\u1ea1t nh\u00e2n vi\u00ean v\u00e0 quy tr\u00ecnh onboarding<\/li>\n        <li>Thanh to\u00e1n do ng\u01b0\u1eddi s\u1eed d\u1ee5ng lao \u0111\u1ed9ng chi tr\u1ea3, thanh to\u00e1n do ng\u01b0\u1eddi lao \u0111\u1ed9ng chi tr\u1ea3 ho\u1eb7c c\u00e1c t\u00f9y ch\u1ecdn thanh to\u00e1n h\u00e0ng th\u00e1ng.<\/li>\n        <li>Ki\u1ec3m tra tr\u1ef1c ti\u1ebfp c\u1ee7a c\u1ea3nh s\u00e1t, tu\u00e2n th\u1ee7 VEVO, WWCC v\u00e0 NDIS<\/li>\n        <li>Nh\u1eafc nh\u1edf t\u1ef1 \u0111\u1ed9ng &amp; th\u00f4ng b\u00e1o h\u1ebft h\u1ea1n<\/li>\n    <\/ul>\n\n    <a href=\"https:\/\/workerchecks.com\/vi\/giai-phap-kinh-doanh-kiem-tra-canh-sat\/\"\n       style=\"display:inline-block;margin-top:15px;background:#005BAB;color:#fff;padding:14px 22px;              border-radius:6px;font-size:17px;text-decoration:none;font-weight:600;\">\n       Xem Ki\u1ec3m tra L\u00fd l\u1ecbch T\u1ed9i ph\u1ea1m cho Doanh nghi\u1ec7p \u2192\n    <\/a>\n<\/div>\n<\/div><\/div>\n\n\n\n\n<div class=\"wp-block-group wc-related-checks-grid\" style=\"border-color:#d6e7ff;border-width:1px;border-radius:16px;background-color:#f4f9ff;margin-top:24px;margin-bottom:24px;padding:20px;\"><div class=\"wp-block-group__inner-container is-layout-flow wp-block-group-is-layout-flow\">\n  \n  <h3 class=\"wp-block-heading has-wc-brand-color has-text-color\" style=\"margin-bottom:16px;\">C\u00e1c d\u1ecbch v\u1ee5 ki\u1ec3m tra li\u00ean quan v\u00e0 tu\u00e2n th\u1ee7<\/h3>\n  \n\n  \n  <div class=\"wp-block-columns is-layout-flex wp-container-core-columns-is-layout-3200dbe6 wp-block-columns-is-layout-flex\">\n    \n    \n    <div class=\"wp-block-column is-layout-flow wp-block-column-is-layout-flow\">\n      \n      <!-- CARD 1 -->\n      \n      <div class=\"wp-block-group\" style=\"border-color:#d6e7ff;border-width:1px;border-radius:12px;background-color:#ffffff;margin-bottom:12px;padding:12px 14px;\"><div class=\"wp-block-group__inner-container is-layout-flow wp-block-group-is-layout-flow\">\n        \n        <p><a href=\"https:\/\/workerchecks.com\/vi\/cac-loai-kiem-tra-cua-canh-sat\/kiem-tra-canh-sat-quoc-gia\/\" style=\"color:#005bab;font-weight:600;\">Ki\u1ec3m tra C\u1ea3nh s\u00e1t Qu\u1ed1c gia<\/a><br><span style=\"font-size:13px;\">Thanh to\u00e1n tr\u1ef1c tuy\u1ebfn nhanh ch\u00f3ng, \u0111\u01b0\u1ee3c ch\u1ee9ng nh\u1eadn ACIC.<\/span><\/p>\n        \n      <\/div><\/div>\n      \n\n      <!-- CARD 2 -->\n      \n      <div class=\"wp-block-group\" style=\"border-color:#d6e7ff;border-width:1px;border-radius:12px;background-color:#ffffff;margin-bottom:12px;padding:12px 14px;\"><div class=\"wp-block-group__inner-container is-layout-flow wp-block-group-is-layout-flow\">\n        \n        <p><a href=\"https:\/\/workerchecks.com\/vi\/giai-phap-kinh-doanh-kiem-tra-canh-sat\/\" style=\"color:#005bab;font-weight:600;\">BusinessHub \u2013 G\u00f3i Worker Checks<\/a><br><span style=\"font-size:13px;\">Thanh to\u00e1n theo l\u00f4, theo d\u00f5i tr\u1ef1c ti\u1ebfp v\u00e0 c\u1ed5ng th\u00f4ng tin an to\u00e0n.<\/span><\/p>\n        \n      <\/div><\/div>\n      \n\n      <!-- CARD 3 -->\n      \n      <div class=\"wp-block-group\" style=\"border-color:#d6e7ff;border-width:1px;border-radius:12px;background-color:#ffffff;padding:12px 14px;\"><div class=\"wp-block-group__inner-container is-layout-flow wp-block-group-is-layout-flow\">\n        \n        <p><a href=\"https:\/\/workerchecks.com\/vi\/kiem-tra-quyen-lam-viec-truc-tuyen-cua-vevo\/\" style=\"color:#005bab;font-weight:600;\">Ki\u1ec3m tra Quy\u1ec1n l\u00e0m vi\u1ec7c VEVO<\/a><br><span style=\"font-size:13px;\">X\u00e1c minh quy\u1ec1n l\u00e0m vi\u1ec7c theo visa ngay l\u1eadp t\u1ee9c.<\/span><\/p>\n        \n      <\/div><\/div>\n      \n\n    <\/div>\n    \n\n\n    \n    <div class=\"wp-block-column is-layout-flow wp-block-column-is-layout-flow\">\n\n      <!-- CARD 4 -->\n      \n      <div class=\"wp-block-group\" style=\"border-color:#d6e7ff;border-width:1px;border-radius:12px;background-color:#ffffff;margin-bottom:12px;padding:12px 14px;\"><div class=\"wp-block-group__inner-container is-layout-flow wp-block-group-is-layout-flow\">\n        \n        <p><a href=\"https:\/\/workerchecks.com\/vi\/product\/kiem-tra-pha-san-va-mat-kha-nang-thanh-toan\/\" style=\"color:#005bab;font-weight:600;\">Ki\u1ec3m tra ph\u00e1 s\u1ea3n v\u00e0 m\u1ea5t kh\u1ea3 n\u0103ng thanh to\u00e1n<\/a><br><span style=\"font-size:13px;\">Ki\u1ec3m tra l\u1ecbch s\u1eed t\u00e0i ch\u00ednh AFSA theo th\u1eddi gian th\u1ef1c.<\/span><\/p>\n        \n      <\/div><\/div>\n      \n\n      <!-- CARD 5 -->\n      \n      <div class=\"wp-block-group\" style=\"border-color:#d6e7ff;border-width:1px;border-radius:12px;background-color:#ffffff;margin-bottom:12px;padding:12px 14px;\"><div class=\"wp-block-group__inner-container is-layout-flow wp-block-group-is-layout-flow\">\n        \n        <p><a href=\"https:\/\/workerchecks.com\/vi\/cac-loai-kiem-tra-cua-canh-sat\/kiem-tra-canh-sat-quoc-te\/\" style=\"color:#005bab;font-weight:600;\">Ki\u1ec3m tra c\u1ea3nh s\u00e1t qu\u1ed1c t\u1ebf<\/a><br><span style=\"font-size:13px;\">Ki\u1ec3m tra l\u00fd l\u1ecbch h\u00ecnh s\u1ef1 \u1edf n\u01b0\u1edbc ngo\u00e0i.<\/span><\/p>\n        \n      <\/div><\/div>\n      \n\n      <!-- CARD 6 -->\n      \n      <div class=\"wp-block-group\" style=\"border-color:#d6e7ff;border-width:1px;border-radius:12px;background-color:#ffffff;padding:12px 14px;\"><div class=\"wp-block-group__inner-container is-layout-flow wp-block-group-is-layout-flow\">\n        \n        <p><a href=\"https:\/\/workerchecks.com\/vi\/product\/qualification-verification\/\" style=\"color:#005bab;font-weight:600;\">X\u00e1c minh tr\u00ecnh \u0111\u1ed9<\/a><br><span style=\"font-size:13px;\">X\u00e1c minh b\u1eb1ng c\u1ea5p, ch\u1ee9ng ch\u1ec9 v\u00e0 kh\u00f3a \u0111\u00e0o t\u1ea1o.<\/span><\/p>\n        \n      <\/div><\/div>\n      \n\n    <\/div>\n    \n  <\/div>\n  \n<\/div><\/div>\n\n\n\n\n\n<p><\/p>","protected":false},"excerpt":{"rendered":"<p>Ki\u1ec3m tra l\u00fd l\u1ecbch t\u01b0 ph\u00e1p t\u1ea1i c\u00e1c \u0111\u1ecba \u0111i\u1ec3m tr\u00ean to\u00e0n Australia Worker Checks cung c\u1ea5p d\u1ecbch v\u1ee5 ki\u1ec3m tra l\u00fd l\u1ecbch t\u01b0 ph\u00e1p \u0111\u01b0\u1ee3c ph\u1ed1i h\u1ee3p tr\u00ean to\u00e0n qu\u1ed1c tr\u1ef1c tuy\u1ebfn cho t\u1ea5t c\u1ea3 c\u00e1c bang v\u00e0 v\u00f9ng l\u00e3nh th\u1ed5 c\u1ee7a Australia. B\u1ea1n kh\u00f4ng c\u1ea7n ph\u1ea3i \u0111\u1ebfn tr\u1ef1c ti\u1ebfp \u2014 h\u00e3y \u0111\u0103ng k\u00fd tr\u1ef1c tuy\u1ebfn t\u1eeb b\u1ea5t k\u1ef3 \u0111\u00e2u v\u00e0 nh\u1eadn k\u1ebft qu\u1ea3 c\u1ee7a m\u00ecnh d\u01b0\u1edbi d\u1ea1ng k\u1ef9 thu\u1eadt s\u1ed1. Ch\u1ecdn bang ho\u1eb7c v\u00f9ng l\u00e3nh th\u1ed5 c\u1ee7a b\u1ea1n: Ki\u1ec3m tra l\u00fd l\u1ecbch t\u01b0 ph\u00e1p VIC \u2013 Victoria Ki\u1ec3m tra l\u00fd l\u1ecbch t\u01b0 ph\u00e1p NSW \u2013 New South Wales\u2026<\/p>","protected":false},"author":196713191,"featured_media":0,"parent":0,"menu_order":0,"comment_status":"closed","ping_status":"closed","template":"","meta":{"_kadence_starter_templates_imported_post":false,"_kad_post_transparent":"","_kad_post_title":"","_kad_post_layout":"","_kad_post_sidebar_id":"","_kad_post_content_style":"","_kad_post_vertical_padding":"","_kad_post_feature":"","_kad_post_feature_position":"","_kad_post_header":false,"_kad_post_footer":false,"_kad_post_classname":"","footnotes":""},"class_list":["post-12796","page","type-page","status-publish","hentry"],"_links":{"self":[{"href":"https:\/\/workerchecks.com\/vi\/wp-json\/wp\/v2\/pages\/12796","targetHints":{"allow":["GET"]}}],"collection":[{"href":"https:\/\/workerchecks.com\/vi\/wp-json\/wp\/v2\/pages"}],"about":[{"href":"https:\/\/workerchecks.com\/vi\/wp-json\/wp\/v2\/types\/page"}],"author":[{"embeddable":true,"href":"https:\/\/workerchecks.com\/vi\/wp-json\/wp\/v2\/users\/196713191"}],"replies":[{"embeddable":true,"href":"https:\/\/workerchecks.com\/vi\/wp-json\/wp\/v2\/comments?post=12796"}],"version-history":[{"count":0,"href":"https:\/\/workerchecks.com\/vi\/wp-json\/wp\/v2\/pages\/12796\/revisions"}],"wp:attachment":[{"href":"https:\/\/workerchecks.com\/vi\/wp-json\/wp\/v2\/media?parent=12796"}],"curies":[{"name":"wp","href":"https:\/\/api.w.org\/{rel}","templated":true}]}}