{"id":8955,"date":"2025-03-29T18:18:37","date_gmt":"2025-03-29T07:18:37","guid":{"rendered":"https:\/\/workerchecks.com\/?post_type=product&#038;p=8955"},"modified":"2025-11-23T08:37:40","modified_gmt":"2025-11-22T21:37:40","slug":"assurance-pour-les-entrepreneurs-individuels","status":"publish","type":"product","link":"https:\/\/workerchecks.com\/fr\/product\/insurance-for-sole-traders\/","title":{"rendered":"Assurance pour les entrepreneurs individuels"},"content":{"rendered":"<div>\n<h3 id=\"businessinsuranceforsoletraders\">Assurance des entreprises individuelles<\/h3>\n<h4 id=\"importanceofbusinessinsurancefordisabilitysupportworkers\">Importance de l'assurance des entreprises pour les travailleurs d'assistance en cas d'invalidit\u00e9<\/h4>\n<p>\u00c9tant donn\u00e9 que de plus en plus de personnes choisissent de travailler dans le domaine de l'aide aux personnes handicap\u00e9es ou de cr\u00e9er des entreprises connexes, l'assurance des entreprises devient cruciale. La main-d'\u0153uvre de NDIS cro\u00eet rapidement, avec plus de 350 000 travailleurs attendus d'ici 2024.<\/p>\n<h4 id=\"keyinsuranceproductsfordisabilitysupportworkers\">Principaux produits d'assurance pour les travailleurs d'assistance en cas d'invalidit\u00e9<\/h4>\n<p>En Australie, les entreprises du secteur du handicap ont besoin de trois types d'assurance :<\/p>\n<ol>\n<li><strong>Indemnisation des travailleurs<\/strong><\/li>\n<li><strong>Indemnit\u00e9 professionnelle (IP)<\/strong><\/li>\n<li><strong>Responsabilit\u00e9 civile (RC)<\/strong><\/li>\n<\/ol>\n<h4 id=\"workerscompensationinsurance\">Assurance accidents du travail<\/h4>\n<p>Obligatoire pour les employeurs, cette assurance couvre la perte de salaire, les frais m\u00e9dicaux et les co\u00fbts de r\u00e9adaptation des employ\u00e9s en cas d'accident ou de maladie li\u00e9s au travail. Elle peut \u00e9galement pr\u00e9voir le versement d'une somme forfaitaire en cas de d\u00e9c\u00e8s ou d'invalidit\u00e9 permanente.<\/p>\n<h4 id=\"professionalindemnityinsurance\">Assurance responsabilit\u00e9 civile professionnelle<\/h4>\n<p>Essentielle pour les travailleurs handicap\u00e9s, l'assurance IP prot\u00e8ge contre les pertes financi\u00e8res dues \u00e0 la n\u00e9gligence, aux erreurs ou aux omissions. Elle couvre les frais de justice et de d\u00e9fense et comprend une couverture de liquidation pour les r\u00e9clamations faites apr\u00e8s la cessation d'activit\u00e9.<\/p>\n<h4 id=\"publicliabilityinsurance\">Assurance responsabilit\u00e9 civile<\/h4>\n<p>Essentielle pour les travailleurs handicap\u00e9s, l'assurance PL couvre les frais de justice et l'indemnisation des dommages corporels ou mat\u00e9riels subis par des tiers. La combinaison des polices PL et PI permet de r\u00e9duire les risques et les co\u00fbts partag\u00e9s.<\/p>\n<h4 id=\"mandatoryinsurancefordisabilitysupportworkers\">Assurance obligatoire pour les travailleurs d'assistance en cas d'invalidit\u00e9<\/h4>\n<ul>\n<li><strong>Assurance responsabilit\u00e9 civile et professionnelle<\/strong>: Exig\u00e9 dans toutes les juridictions australiennes.<\/li>\n<li><strong>Indemnisation des travailleurs<\/strong>: N\u00e9cessaire si l'entreprise a des employ\u00e9s.<\/li>\n<li><strong>NDIS Fournisseurs<\/strong>: Le candidat doit \u00eatre titulaire d'une assurance PL, PI et d'une assurance contre les accidents du travail ad\u00e9quates.<\/li>\n<\/ul>\n<\/div>","protected":false},"excerpt":{"rendered":"<p>Assurance des entreprises individuelles - Assurance responsabilit\u00e9 civile professionnelle et publique<\/p>","protected":false},"featured_media":8960,"template":"","meta":{"_kadence_starter_templates_imported_post":false,"_kad_post_transparent":"default","_kad_post_title":"","_kad_post_layout":"default","_kad_post_sidebar_id":"","_kad_post_content_style":"default","_kad_post_vertical_padding":"default","_kad_post_feature":"","_kad_post_feature_position":"","_kad_post_header":false,"_kad_post_footer":false,"_kad_post_classname":""},"product_brand":[],"product_cat":[1353599],"product_tag":[1353600],"class_list":{"0":"post-8955","1":"product","2":"type-product","3":"status-publish","4":"has-post-thumbnail","6":"product_cat-insurance","7":"product_tag-insurance","9":"first","10":"instock","11":"taxable","12":"shipping-taxable","13":"product-type-external","14":"entry","15":"content-bg","16":"loop-entry"},"_links":{"self":[{"href":"https:\/\/workerchecks.com\/fr\/wp-json\/wp\/v2\/product\/8955","targetHints":{"allow":["GET"]}}],"collection":[{"href":"https:\/\/workerchecks.com\/fr\/wp-json\/wp\/v2\/product"}],"about":[{"href":"https:\/\/workerchecks.com\/fr\/wp-json\/wp\/v2\/types\/product"}],"wp:featuredmedia":[{"embeddable":true,"href":"https:\/\/workerchecks.com\/fr\/wp-json\/wp\/v2\/media\/8960"}],"wp:attachment":[{"href":"https:\/\/workerchecks.com\/fr\/wp-json\/wp\/v2\/media?parent=8955"}],"wp:term":[{"taxonomy":"product_brand","embeddable":true,"href":"https:\/\/workerchecks.com\/fr\/wp-json\/wp\/v2\/product_brand?post=8955"},{"taxonomy":"product_cat","embeddable":true,"href":"https:\/\/workerchecks.com\/fr\/wp-json\/wp\/v2\/product_cat?post=8955"},{"taxonomy":"product_tag","embeddable":true,"href":"https:\/\/workerchecks.com\/fr\/wp-json\/wp\/v2\/product_tag?post=8955"}],"curies":[{"name":"wp","href":"https:\/\/api.w.org\/{rel}","templated":true}]}}