{"id":8943,"date":"2025-03-27T17:49:12","date_gmt":"2025-03-27T06:49:12","guid":{"rendered":"https:\/\/workerchecks.com\/?post_type=product&#038;p=8943"},"modified":"2025-11-17T13:37:31","modified_gmt":"2025-11-17T02:37:31","slug":"verification-de-lidentite","status":"publish","type":"product","link":"https:\/\/workerchecks.com\/fr\/product\/verification-of-identity\/","title":{"rendered":"V\u00e9rification de l'identit\u00e9"},"content":{"rendered":"<div>\n<h3 id=\"verificationofidentityvoicheck\">V\u00e9rification de l'identit\u00e9 (VOI) - V\u00e9rification biom\u00e9trique de l'identit\u00e9 en ligne<\/h3>\n<h4 id=\"howdoesworkerchecksverifymyidentity\">Comment Worker Checks v\u00e9rifie-t-il mon identit\u00e9 en ligne ?<\/h4>\n<p>\n    Worker Checks utilise un syst\u00e8me s\u00e9curis\u00e9 de v\u00e9rification biom\u00e9trique de l'identit\u00e9 pour faire correspondre votre visage \u00e0 un document d'identit\u00e9 v\u00e9rifi\u00e9.<br \/>\n    L'ensemble du processus de v\u00e9rification de l'identit\u00e9 (VOI) s'effectue en ligne \u00e0 l'aide de votre t\u00e9l\u00e9phone portable.\n  <\/p>\n<ol>\n<li><strong>D\u00e9but de la v\u00e9rification<\/strong>: Recevez un lien par SMS et commencez la proc\u00e9dure VOI sur votre t\u00e9l\u00e9phone portable ou votre tablette.<\/li>\n<li><strong>Prendre des selfies en direct<\/strong>: Prenez une selfie standard et une selfie souriante pour que notre syst\u00e8me puisse confirmer la \u201cpr\u00e9sence\u201d et emp\u00eacher l'usurpation d'identit\u00e9.<\/li>\n<li><strong>T\u00e9l\u00e9chargez votre document d'identit\u00e9<\/strong>: Photographiez votre passeport ou votre permis de conduire. Le document est v\u00e9rifi\u00e9 par le service de v\u00e9rification des documents du gouvernement australien (DVS) et son authenticit\u00e9 est \u00e9valu\u00e9e.<\/li>\n<li><strong>Recevez le r\u00e9sultat de votre VOI<\/strong>: Une fois v\u00e9rifi\u00e9, vous recevrez un SMS et un courriel. Le r\u00e9sultat de votre VOI est stock\u00e9 sur votre portail s\u00e9curis\u00e9 Worker Checks pour \u00eatre imprim\u00e9 ou partag\u00e9 en ligne avec des employeurs et des organisations.<\/li>\n<\/ol>\n<h4 id=\"mobilephonerequirement\">T\u00e9l\u00e9phone portable ou tablette requis<\/h4>\n<p>\n    Un t\u00e9l\u00e9phone portable ou une tablette avec un appareil photo fonctionnel est n\u00e9cessaire pour compl\u00e9ter votre v\u00e9rification d'identit\u00e9 en ligne.<br \/>\n    Votre appareil est utilis\u00e9 pour capturer des photos de vos documents d'identit\u00e9 et de vos selfies, qui sont trait\u00e9s \u00e0 l'aide de la biom\u00e9trie faciale et de la technologie OCR (reconnaissance optique de caract\u00e8res) pour confirmer votre identit\u00e9.\n  <\/p>\n<h4 id=\"whyverifyyouridentityonline\">Pourquoi effectuer une v\u00e9rification en ligne de la VOI ?<\/h4>\n<p>\n    Les employeurs australiens, les agences de recrutement, les \u00e9tablissements d'enseignement et d'autres organisations demandent de plus en plus souvent une v\u00e9rification de l'identit\u00e9.<br \/>\n    pour confirmer l'identit\u00e9 d'une personne dans le cadre des v\u00e9rifications pr\u00e9alables \u00e0 l'embauche, de l'int\u00e9gration, de l'embauche \u00e0 distance et de la cr\u00e9ation de profils en ligne.<br \/>\n    Un VOI en ligne avec Worker Checks rend ce processus plus rapide, plus s\u00fbr et enti\u00e8rement num\u00e9rique.\n  <\/p>\n<h4 id=\"requireddocuments\">Documents requis - L'un des documents suivants<\/h4>\n<ul>\n<li><strong>Passeport australien<\/strong> (expir\u00e9 depuis moins de 3 ans)<\/li>\n<li><strong>Passeport \u00e9tranger<\/strong> (uniquement en cours)<\/li>\n<li><strong>Permis de conduire australien<\/strong>, Permis de conduire, permis d'apprenti ou permis provisoire<\/li>\n<\/ul>\n<h4 id=\"verificationdetails\">Que comprend le r\u00e9sultat de votre v\u00e9rification d'identit\u00e9 ?<\/h4>\n<p>Votre rapport VOI comprend une image du document d'identit\u00e9 biom\u00e9trique utilis\u00e9 ainsi que les informations v\u00e9rifi\u00e9es suivantes :<\/p>\n<ul>\n<li>Nom(s) l\u00e9gal(aux) complet(s)<\/li>\n<li>Date de naissance<\/li>\n<li>Adresse (le cas \u00e9ch\u00e9ant)<\/li>\n<li>Document utilis\u00e9 pour la comparaison biom\u00e9trique<\/li>\n<li>Date et heure valid\u00e9es<\/li>\n<\/ul>\n<h4 id=\"aboutworkerchecks\">\u00c0 propos de Worker Checks - Trusted Identity &amp; Employment Screening (contr\u00f4le d'identit\u00e9 et d'emploi)<\/h4>\n<p>\n    Worker Checks Pty Ltd, bas\u00e9 \u00e0 Melbourne, en Australie, est un fournisseur sp\u00e9cialis\u00e9 dans les contr\u00f4les de police et les services de s\u00e9lection li\u00e9s \u00e0 l'emploi, notamment :\n  <\/p>\n<ul>\n<li>V\u00e9rification des ant\u00e9c\u00e9dents criminels coordonn\u00e9e au niveau national (NCCHC)<\/li>\n<li>Contr\u00f4les de police AFP<\/li>\n<li>Contr\u00f4les de police internationaux<\/li>\n<li>VEVO Contr\u00f4les du droit au travail (VISA)<\/li>\n<li>V\u00e9rification de l'identit\u00e9 (VOI) en ligne<\/li>\n<\/ul>\n<p>\n    Pour une v\u00e9rification d'identit\u00e9 rapide, fiable et enti\u00e8rement en ligne, choisissez Worker Checks pour votre v\u00e9rification d'identit\u00e9 (VOI).\n  <\/p>\n<p>  [button text=\u201dAjouter au panier &gt;\u201d radius=\u201d28\u2033 expand=\u201dtrue\u201d icon=\u201dicon-angle-right\u201d link=\u201d<a href=\"https:\/\/workerchecks.com\/fr\/product-category\/identity-checks\/?add-to-cart=8995&#8243;%5D\">https:\/\/workerchecks.com\/product-category\/identity-checks\/?add-to-cart=8995&#8243;%5D<\/a>\n<\/p><\/div>","protected":false},"excerpt":{"rendered":"<p>V\u00e9rification de l'identit\u00e9 (VOI) - V\u00e9rification biom\u00e9trique de l'identit\u00e9 en ligne Comment Worker Checks v\u00e9rifie-t-il mon identit\u00e9 en ligne ? Worker Checks utilise la v\u00e9rification d'identit\u00e9 biom\u00e9trique s\u00e9curis\u00e9e pour faire correspondre votre visage \u00e0 un document d'identit\u00e9 v\u00e9rifi\u00e9. L'ensemble du processus de v\u00e9rification de l'identit\u00e9 (VOI) est effectu\u00e9 en ligne \u00e0 l'aide de votre t\u00e9l\u00e9phone portable. Commencez la v\u00e9rification : Recevez un lien par SMS et...<\/p>","protected":false},"featured_media":8942,"template":"","meta":{"_kadence_starter_templates_imported_post":false,"_kad_post_transparent":"default","_kad_post_title":"","_kad_post_layout":"default","_kad_post_sidebar_id":"","_kad_post_content_style":"default","_kad_post_vertical_padding":"default","_kad_post_feature":"","_kad_post_feature_position":"","_kad_post_header":false,"_kad_post_footer":false,"_kad_post_classname":""},"product_brand":[],"product_cat":[1353627],"product_tag":[1353593],"class_list":{"0":"post-8943","1":"product","2":"type-product","3":"status-publish","4":"has-post-thumbnail","6":"product_cat-identity-eligibility-checks","7":"product_tag-verification-of-identity","9":"first","10":"instock","11":"virtual","12":"taxable","13":"purchasable","14":"product-type-simple","15":"entry","16":"content-bg","17":"loop-entry"},"_links":{"self":[{"href":"https:\/\/workerchecks.com\/fr\/wp-json\/wp\/v2\/product\/8943","targetHints":{"allow":["GET"]}}],"collection":[{"href":"https:\/\/workerchecks.com\/fr\/wp-json\/wp\/v2\/product"}],"about":[{"href":"https:\/\/workerchecks.com\/fr\/wp-json\/wp\/v2\/types\/product"}],"wp:featuredmedia":[{"embeddable":true,"href":"https:\/\/workerchecks.com\/fr\/wp-json\/wp\/v2\/media\/8942"}],"wp:attachment":[{"href":"https:\/\/workerchecks.com\/fr\/wp-json\/wp\/v2\/media?parent=8943"}],"wp:term":[{"taxonomy":"product_brand","embeddable":true,"href":"https:\/\/workerchecks.com\/fr\/wp-json\/wp\/v2\/product_brand?post=8943"},{"taxonomy":"product_cat","embeddable":true,"href":"https:\/\/workerchecks.com\/fr\/wp-json\/wp\/v2\/product_cat?post=8943"},{"taxonomy":"product_tag","embeddable":true,"href":"https:\/\/workerchecks.com\/fr\/wp-json\/wp\/v2\/product_tag?post=8943"}],"curies":[{"name":"wp","href":"https:\/\/api.w.org\/{rel}","templated":true}]}}