{"id":7026,"date":"2024-05-13T20:57:41","date_gmt":"2024-05-13T10:57:41","guid":{"rendered":"https:\/\/workerchecks.com\/?post_type=product&#038;p=7026"},"modified":"2025-11-30T20:41:16","modified_gmt":"2025-11-30T09:41:16","slug":"controle-international-de-police","status":"publish","type":"product","link":"https:\/\/workerchecks.com\/fr\/product\/international-police-check\/","title":{"rendered":"Contr\u00f4le international de police"},"content":{"rendered":"<div>\n<hr \/>\n<h3 id=\"internationalpolicecheckinternationalcriminalhistorycheck\">V\u00e9rification internationale de la police (v\u00e9rification internationale des ant\u00e9c\u00e9dents criminels)<\/h3>\n<h4 id=\"whygetaninternationalpolicecheck\">Pourquoi un contr\u00f4le international de police ?<\/h4>\n<p>Si vous venez d'arriver en Australie ou si vous avez pass\u00e9 plus de six mois \u00e0 l'\u00e9tranger, un employeur peut demander un contr\u00f4le de police international pour une v\u00e9rification pr\u00e9alable \u00e0 l'embauche. Ce contr\u00f4le est \u00e9galement connu sous le nom de \"overseas police clearance\" ou \"criminal history check\".<\/p>\n<h4 id=\"workerchecksprovides\">Worker Checks Fournit :<\/h4>\n<ul>\n<li><strong>100% Processus en ligne<\/strong>: T\u00e9l\u00e9chargement et livraison s\u00e9curis\u00e9s de documents num\u00e9riques via votre portail personnel.<\/li>\n<li><strong>Des normes \u00e9lev\u00e9es<\/strong>: Convient aux \u00e9tudiants, aux enseignants et aux professionnels de la sant\u00e9.<\/li>\n<\/ul>\n<p><strong>Note<\/strong>: Nos contr\u00f4les sont destin\u00e9s \u00e0 v\u00e9rifier les ant\u00e9c\u00e9dents (emploi, recrutement, location) et peuvent ne pas convenir pour l'obtention d'un visa ou d'une autorisation d'immigration. V\u00e9rifiez les exigences sp\u00e9cifiques avant de proc\u00e9der.<\/p>\n<h4 id=\"whoneedsanoverseaspolicecheck\">Qui a besoin d'un contr\u00f4le de police \u00e0 l'\u00e9tranger ?<\/h4>\n<ul>\n<li>\u00c9tudiants \u00e9trangers<\/li>\n<li>Enseignants<\/li>\n<li>M\u00e9decins et infirmiers<\/li>\n<li>Travailleurs de l'\u00e9conomie parall\u00e8le (par exemple, Uber)<\/li>\n<li>Toute personne ayant v\u00e9cu ou travaill\u00e9 \u00e0 l'\u00e9tranger pendant plus de six mois<\/li>\n<\/ul>\n<h4 id=\"howtoobtainaninternationalpolicecheck\">Comment obtenir un contr\u00f4le international de police :<\/h4>\n<ol>\n<li><strong>Commander et payer<\/strong>: Commencez votre candidature en ligne.<\/li>\n<li><strong>Compl\u00e9ter la demande<\/strong>: Fournissez des informations personnelles exactes et v\u00e9rifiez votre identit\u00e9 \u00e0 l'aide d'un passeport en cours de validit\u00e9.<\/li>\n<li><strong>Recevez votre certificat<\/strong>: Acc\u00e9dez \u00e0 votre certificat sur votre portail Worker Checks en ligne, imprimez-le au format PDF ou partagez-le en ligne.<\/li>\n<\/ol>\n<h4 id=\"requiredidentification\">Identification requise :<\/h4>\n<ul>\n<li>Passeport australien ou \u00e9tranger en cours de validit\u00e9<\/li>\n<li>Assurez-vous que tous les d\u00e9tails correspondent \u00e0 votre demande. Fournir la documentation relative au changement de nom si n\u00e9cessaire.<\/li>\n<\/ul>\n<h4 id=\"processingtime\">D\u00e9lai de traitement :<\/h4>\n<ul>\n<li><strong>5 \u00e0 15 jours ouvrables<\/strong>: Certains contr\u00f4les peuvent prendre plus de temps en fonction des d\u00e9lais de traitement des agences gouvernementales dans chaque pays.<\/li>\n<\/ul>\n<h4 id=\"certificatedetails\">D\u00e9tails du certificat :<\/h4>\n<ul>\n<li><strong>Certificat imprimable<\/strong>: Disponible dans votre compte personnel avec une fonction d'authentification pour v\u00e9rification.<\/li>\n<li><strong>Partage facile<\/strong>: Partagez les r\u00e9sultats de vos contr\u00f4les par e-mail directement depuis votre portail.<\/li>\n<\/ul>\n<h4 id=\"refundpolicy\">Politique de remboursement :<\/h4>\n<ul>\n<li><strong>Pas de remboursement<\/strong>: Une fois la demande d\u00e9pos\u00e9e et pay\u00e9e, la proc\u00e9dure est lanc\u00e9e et aucun remboursement n'est possible.<\/li>\n<\/ul>\n<h4 id=\"accessibility\">Accessibilit\u00e9 :<\/h4>\n<ul>\n<li><strong>100% en ligne<\/strong>: Postulez depuis n'importe quel endroit en Australie.<\/li>\n<\/ul>\n<h4 id=\"validity\">Validit\u00e9 :<\/h4>\n<ul>\n<li><strong>Contr\u00f4le ponctuel<\/strong>: Pas de date d'expiration, mais la validit\u00e9 d\u00e9pend des politiques de l'employeur.<\/li>\n<\/ul>\n<p>Pour un contr\u00f4le de police international rapide, sans tracas et enti\u00e8rement en ligne, choisissez Worker Checks !<\/p>\n<hr \/>\n<\/div>","protected":false},"excerpt":{"rendered":"<p><span style=\"color: #282828;\"><span class=\"x-el x-el-span c1-11 c1-12 c1-b c1-5x c1-3c c1-2y c1-5y\">Contr\u00f4le international de police sans tracas avec Worker Checks ! Processus en ligne 100% sur mobile. Validation de l'identit\u00e9 biom\u00e9trique<br \/>\n<\/span><\/span><\/p>\n<p><span class=\"x-el x-el-span c1-11 c1-12 c1-b c1-5x c1-3c c1-2y c1-5y\" style=\"color: #282828;\">\u00a0<\/span><\/p>","protected":false},"featured_media":6020,"template":"","meta":{"_kadence_starter_templates_imported_post":false,"_kad_post_transparent":"default","_kad_post_title":"","_kad_post_layout":"default","_kad_post_sidebar_id":"","_kad_post_content_style":"default","_kad_post_vertical_padding":"default","_kad_post_feature":"","_kad_post_feature_position":"","_kad_post_header":false,"_kad_post_footer":false,"_kad_post_classname":""},"product_brand":[],"product_cat":[1353630],"product_tag":[1353583,1353585,1352720,1353586,1353229,1353228,1353575,1353584],"class_list":{"0":"post-7026","1":"product","2":"type-product","3":"status-publish","4":"has-post-thumbnail","6":"product_cat-police-checks","7":"product_tag-indian-pcc","8":"product_tag-international-criminal-history-check","9":"product_tag-international-police-check","10":"product_tag-overseas-criminal-check","11":"product_tag-overseas-police-check","12":"product_tag-police-check","13":"product_tag-police-clearance","14":"product_tag-uk-police-check","16":"first","17":"instock","18":"taxable","19":"shipping-taxable","20":"purchasable","21":"product-type-variable","22":"entry","23":"content-bg","24":"loop-entry"},"_links":{"self":[{"href":"https:\/\/workerchecks.com\/fr\/wp-json\/wp\/v2\/product\/7026","targetHints":{"allow":["GET"]}}],"collection":[{"href":"https:\/\/workerchecks.com\/fr\/wp-json\/wp\/v2\/product"}],"about":[{"href":"https:\/\/workerchecks.com\/fr\/wp-json\/wp\/v2\/types\/product"}],"wp:featuredmedia":[{"embeddable":true,"href":"https:\/\/workerchecks.com\/fr\/wp-json\/wp\/v2\/media\/6020"}],"wp:attachment":[{"href":"https:\/\/workerchecks.com\/fr\/wp-json\/wp\/v2\/media?parent=7026"}],"wp:term":[{"taxonomy":"product_brand","embeddable":true,"href":"https:\/\/workerchecks.com\/fr\/wp-json\/wp\/v2\/product_brand?post=7026"},{"taxonomy":"product_cat","embeddable":true,"href":"https:\/\/workerchecks.com\/fr\/wp-json\/wp\/v2\/product_cat?post=7026"},{"taxonomy":"product_tag","embeddable":true,"href":"https:\/\/workerchecks.com\/fr\/wp-json\/wp\/v2\/product_tag?post=7026"}],"curies":[{"name":"wp","href":"https:\/\/api.w.org\/{rel}","templated":true}]}}