{"id":6573,"date":"2024-04-04T07:04:32","date_gmt":"2024-04-03T20:04:32","guid":{"rendered":"https:\/\/workerchecks.com\/?post_type=product&#038;p=6573"},"modified":"2026-03-01T21:00:44","modified_gmt":"2026-03-01T10:00:44","slug":"controle-policier-volontaire","status":"publish","type":"product","link":"https:\/\/workerchecks.com\/fr\/product\/volunteer-police-check\/","title":{"rendered":"V\u00e9rification des ant\u00e9c\u00e9dents criminels des volontaires coordonn\u00e9e au niveau national"},"content":{"rendered":"<div>\n<h2 id=\"volunteerpolicecheck\" style=\"text-align: left;\"><span style=\"color: #282828; font-size: 120%;\">V\u00e9rification de la police volontaire<\/span><\/h2>\n<h2 id=\"whatisavolunteerpolicecheck\" style=\"text-align: left;\"><span style=\"color: #282828; font-size: 120%;\">Qu'est-ce qu'un contr\u00f4le de police volontaire ?<\/span><\/h2>\n<p style=\"text-align: left;\"><span style=\"color: #282828; font-size: 120%;\">Une v\u00e9rification des ant\u00e9c\u00e9dents criminels coordonn\u00e9e \u00e0 l'\u00e9chelle nationale (anciennement v\u00e9rification de la police nationale) \u00e0 prix r\u00e9duit pour les b\u00e9n\u00e9voles. Worker Checks offre une <strong>Processus de candidature en ligne 100%<\/strong> avec des r\u00e9sultats en aussi peu de temps que <strong>une heure<\/strong>.<\/span><\/p>\n<h3 id=\"evidenceofvolunteering\" style=\"text-align: left;\"><span style=\"color: #282828; font-size: 120%;\">Preuves de b\u00e9n\u00e9volat<\/span><\/h3>\n<p style=\"text-align: left;\"><span style=\"color: #282828; font-size: 120%;\">Vous devrez t\u00e9l\u00e9charger une preuve de votre stage de b\u00e9n\u00e9volat non r\u00e9mun\u00e9r\u00e9, telle qu'une lettre d'attestation de b\u00e9n\u00e9volat ou une lettre de confirmation de b\u00e9n\u00e9volat.<\/span><\/p>\n<h3 id=\"eligibility\" style=\"text-align: left;\"><span style=\"color: #282828; font-size: 120%;\">Admissibilit\u00e9 \u00e0 un contr\u00f4le de police volontaire<\/span><\/h3>\n<p style=\"text-align: left;\"><span style=\"color: #282828; font-size: 120%;\">Un contr\u00f4le de police volontaire peut \u00eatre demand\u00e9 si le demandeur :<\/span><\/p>\n<ul style=\"text-align: left;\">\n<li><span style=\"color: #282828; font-size: 120%;\">Occupe le poste ou joue le r\u00f4le volontairement pour le bien commun.<\/span><\/li>\n<li><span style=\"color: #282828; font-size: 120%;\">n'est pas un employ\u00e9 ou un contractant et ne re\u00e7oit pas de salaire ou d'autres droits, \u00e0 l'exception de ses frais personnels.<\/span><\/li>\n<li><span style=\"color: #282828; font-size: 120%;\">Est un \u00e9tudiant qui effectue un stage professionnel obligatoire non r\u00e9mun\u00e9r\u00e9 dans le cadre d'une formation dispens\u00e9e par un \u00e9tablissement d'enseignement bas\u00e9 en Australie.<\/span><\/li>\n<\/ul>\n<p style=\"text-align: left;\"><span style=\"color: #282828; font-size: 120%;\"><em>Remarque : ce ch\u00e8que ne peut pas \u00eatre utilis\u00e9 dans le cadre du programme \"Work for the Dole\" du gouvernement australien.<\/em><\/span><\/p>\n<h3 id=\"fastprocessing\" style=\"text-align: left;\"><span style=\"color: #282828; font-size: 120%;\">Traitement rapide des contr\u00f4les de la police nationale<\/span><\/h3>\n<ul style=\"text-align: left;\">\n<li><span style=\"color: #282828; font-size: 120%;\"><strong>75% de contr\u00f4les<\/strong> sont trait\u00e9es dans un d\u00e9lai d'une heure.<\/span><\/li>\n<li><span style=\"color: #282828; font-size: 120%;\"><strong>25% peut n\u00e9cessiter un traitement suppl\u00e9mentaire<\/strong> (examen manuel).<\/span><\/li>\n<\/ul>\n<h3 id=\"secureportal\" style=\"text-align: left;\"><span style=\"color: #282828; font-size: 120%;\">Portail s\u00e9curis\u00e9 Worker Checks<\/span><\/h3>\n<p style=\"text-align: left;\"><span style=\"color: #282828; font-size: 120%;\">Stockez et partagez votre certificat de contr\u00f4le de police volontaire en toute s\u00e9curit\u00e9 gr\u00e2ce \u00e0 notre technologie blockchain priv\u00e9e.<\/span><\/p>\n<h3 id=\"governmentaccredited\" style=\"text-align: left;\"><span style=\"color: #282828; font-size: 120%;\">Contr\u00f4le de police volontaire accr\u00e9dit\u00e9 par le gouvernement<\/span><\/h3>\n<p style=\"text-align: left;\"><span style=\"color: #282828; font-size: 120%;\"><a style=\"color: #282828;\" href=\"https:\/\/www.acic.gov.au\/accredited-bodies\" target=\"_blank\" rel=\"noopener\">Worker Checks est une agence accr\u00e9dit\u00e9e par le gouvernement.<\/a>y avec la Commission australienne du renseignement criminel (ACIC)<\/span><\/p>\n<h3 id=\"applicationprocess\" style=\"text-align: left;\"><span style=\"color: #282828; font-size: 120%;\">Proc\u00e9dure de demande de contr\u00f4le des volontaires de la police<\/span><\/h3>\n<ol style=\"text-align: left;\">\n<li><span style=\"color: #282828; font-size: 120%;\"><strong>Achetez votre ch\u00e8que <\/strong>du site web du Worker Checks<\/span><\/li>\n<li><span style=\"color: #282828; font-size: 120%;\"><strong>Enregistrez votre compte Worker Checks<\/strong><\/span><\/li>\n<li><span style=\"color: #282828; font-size: 120%;\"><strong>Remplissez la demande en ligne 100% pour votre contr\u00f4le de police.<\/strong><\/span><\/li>\n<li><span style=\"color: #282828; font-size: 120%;\"><strong>Soumettre votre demande<\/strong>: Recevoir un courriel de confirmation.<\/span><\/li>\n<li><span style=\"color: #282828; font-size: 120%;\"><strong>Suivi de votre demande<\/strong>: D\u00e9tails disponibles sur votre portail en ligne.<\/span><\/li>\n<li><span style=\"color: #282828; font-size: 120%;\"><strong>Recevez votre certificat<\/strong>: Soyez averti de la fin de votre contr\u00f4le par courriel et par SMS. Votre contr\u00f4le de la police nationale est disponible sur votre portail Worker Checks pour \u00eatre imprim\u00e9 au format PDF ou partag\u00e9 en ligne.<\/span><\/li>\n<\/ol>\n<h3 id=\"whocanrequestavolunteerpolicecheck\" style=\"text-align: left;\"><span style=\"color: #282828; font-size: 120%;\">Qui peut demander un contr\u00f4le de police volontaire ?<\/span><\/h3>\n<p style=\"text-align: left;\"><span style=\"color: #282828; font-size: 120%;\">La Commission australienne de renseignements criminels (ACIC) propose des contr\u00f4les \u00e0 prix r\u00e9duit pour les personnes travaillant b\u00e9n\u00e9volement.<\/span><\/p>\n<h4 id=\"noneligibleroles\" style=\"text-align: left;\"><em><strong><span style=\"color: #282828; font-size: 120%;\">R\u00f4les non \u00e9ligibles<\/span><\/strong><\/em><\/h4>\n<p style=\"text-align: left;\"><span style=\"color: #282828; font-size: 120%;\">Les motifs de non-emploi qui ne correspondent pas au type de contr\u00f4le des volontaires sont les suivants :<\/span><\/p>\n<ul style=\"text-align: left;\">\n<li><span style=\"color: #282828; font-size: 120%;\">Objectifs de location<\/span><\/li>\n<li><span style=\"color: #282828; font-size: 120%;\">Participation aux m\u00e9dias sociaux<\/span><\/li>\n<li><span style=\"color: #282828; font-size: 120%;\">Objectifs li\u00e9s \u00e0 l'assurance<\/span><\/li>\n<li><span style=\"color: #282828; font-size: 120%;\">Placement d'une fille au pair ou d'un \u00e9tudiant \u00e9tranger dans une maison familiale<\/span><\/li>\n<li><span style=\"color: #282828; font-size: 120%;\">Participation \u00e0 des productions t\u00e9l\u00e9vis\u00e9es<\/span><\/li>\n<li><span style=\"color: #282828; font-size: 120%;\">Fournisseurs de services de garde d'enfants en milieu familial op\u00e9rant sur une base commerciale<\/span><\/li>\n<\/ul>\n<h3 id=\"whatsincludedinthecheck\" style=\"text-align: left;\"><span style=\"color: #282828; font-size: 120%;\">Qu'est-ce qui est inclus dans le contr\u00f4le de police volontaire ?<\/span><\/h3>\n<p style=\"text-align: left;\"><span style=\"color: #282828; font-size: 120%;\">Un contr\u00f4le des ant\u00e9c\u00e9dents criminels coordonn\u00e9 au niveau national inclut toutes les d\u00e9cisions judiciaires divulgables r\u00e9pertori\u00e9es \u00e0 votre nom dans tous les \u00c9tats et territoires australiens.<\/span><\/p>\n<h4 id=\"specialrequirements\" style=\"text-align: left;\"><span style=\"color: #282828; font-size: 120%;\">Exigences particuli\u00e8res<\/span><\/h4>\n<p style=\"text-align: left;\"><span style=\"color: #282828; font-size: 120%;\">Pour les contr\u00f4les li\u00e9s aux visas, assurez-vous d'obtenir le type de visa appropri\u00e9 aupr\u00e8s de la police f\u00e9d\u00e9rale australienne (AFP). Cliquez ici pour plus d'informations sur les contr\u00f4les de police de l'AFP.<\/span><\/p>\n<p style=\"text-align: left;\"><span style=\"color: #282828; font-size: 120%;\">Pour un traitement en ligne rapide et facile de votre contr\u00f4le de police, choisissez Worker Checks !<\/span><\/p>\n<h3 style=\"text-align: left;\"><span style=\"color: #282828; font-size: 120%;\"><strong>Obtenez votre contr\u00f4le de police volontaire dans l'heure qui suit !<\/strong><\/span><br \/>\n<span style=\"color: #282828; font-size: 120%;\"><em>75% des contr\u00f4les sont effectu\u00e9s dans les 60 minutes. Certains peuvent n\u00e9cessiter un examen plus approfondi.<\/em><\/span><\/h3>\n<\/div>","protected":false},"excerpt":{"rendered":"<p>Volunteer Police Check $21 - 100% en ligne - 75% en 60 minutes. Convient aux postes b\u00e9n\u00e9voles et non r\u00e9mun\u00e9r\u00e9s.<\/p>","protected":false},"featured_media":6574,"template":"","meta":{"_kadence_starter_templates_imported_post":false,"_kad_post_transparent":"default","_kad_post_title":"","_kad_post_layout":"default","_kad_post_sidebar_id":"","_kad_post_content_style":"default","_kad_post_vertical_padding":"default","_kad_post_feature":"","_kad_post_feature_position":"","_kad_post_header":false,"_kad_post_footer":false,"_kad_post_classname":""},"product_brand":[],"product_cat":[1353630],"product_tag":[1352719,1353594],"class_list":{"0":"post-6573","1":"product","2":"type-product","3":"status-publish","4":"has-post-thumbnail","6":"product_cat-police-checks","7":"product_tag-national-police-check","8":"product_tag-volunteer-police-check","10":"first","11":"instock","12":"virtual","13":"sold-individually","14":"taxable","15":"purchasable","16":"product-type-simple","17":"entry","18":"content-bg","19":"loop-entry"},"_links":{"self":[{"href":"https:\/\/workerchecks.com\/fr\/wp-json\/wp\/v2\/product\/6573","targetHints":{"allow":["GET"]}}],"collection":[{"href":"https:\/\/workerchecks.com\/fr\/wp-json\/wp\/v2\/product"}],"about":[{"href":"https:\/\/workerchecks.com\/fr\/wp-json\/wp\/v2\/types\/product"}],"wp:featuredmedia":[{"embeddable":true,"href":"https:\/\/workerchecks.com\/fr\/wp-json\/wp\/v2\/media\/6574"}],"wp:attachment":[{"href":"https:\/\/workerchecks.com\/fr\/wp-json\/wp\/v2\/media?parent=6573"}],"wp:term":[{"taxonomy":"product_brand","embeddable":true,"href":"https:\/\/workerchecks.com\/fr\/wp-json\/wp\/v2\/product_brand?post=6573"},{"taxonomy":"product_cat","embeddable":true,"href":"https:\/\/workerchecks.com\/fr\/wp-json\/wp\/v2\/product_cat?post=6573"},{"taxonomy":"product_tag","embeddable":true,"href":"https:\/\/workerchecks.com\/fr\/wp-json\/wp\/v2\/product_tag?post=6573"}],"curies":[{"name":"wp","href":"https:\/\/api.w.org\/{rel}","templated":true}]}}