{"id":2804,"date":"2022-03-09T22:16:37","date_gmt":"2022-03-09T11:16:37","guid":{"rendered":"https:\/\/workerchecks.com\/?post_type=product&#038;p=2804"},"modified":"2026-04-23T11:31:05","modified_gmt":"2026-04-23T01:31:05","slug":"verification-des-antecedents-criminels-coordonnee-au-niveau-national","status":"publish","type":"product","link":"https:\/\/workerchecks.com\/fr\/product\/nationally-coordinated-criminal-history-check\/","title":{"rendered":"V\u00e9rification des ant\u00e9c\u00e9dents criminels coordonn\u00e9e au niveau national"},"content":{"rendered":"<h2>V\u00e9rification des ant\u00e9c\u00e9dents criminels coordonn\u00e9e au niveau national (NCCHC)<\/h2>\n<p>Obtenez votre document officiel <strong>ACIC-Accredited Nationally Coordinated Criminal History Check (v\u00e9rification des ant\u00e9c\u00e9dents criminels coordonn\u00e9e au niveau national)<\/strong> en ligne en quelques minutes.<br \/>\nLa plupart des r\u00e9sultats sont renvoy\u00e9s <strong>within 1\u20133 minutes<\/strong> et toutes les demandes sont trait\u00e9es en toute s\u00e9curit\u00e9 par notre syst\u00e8me h\u00e9berg\u00e9 en Australie.<\/p>\n<div style=\"background: #005bab; color: white; padding: 25px 30px; border-radius: 8px; margin: 20px 0;\">\n<h3 style=\"color: white; margin-top: 0; margin-bottom: 18px; font-size: 22px;\">Pourquoi choisir Worker Checks ?<\/h3>\n<ul style=\"list-style: none; padding: 0; margin: 0;\">\n<li style=\"margin-bottom: 14px; font-size: 17px; line-height: 1.5;\">\n            <strong>\u2713 R\u00e9sultats rapides :<\/strong> 80% of checks returned within 1\u20133 minutes\n        <\/li>\n<li style=\"margin-bottom: 14px; font-size: 17px; line-height: 1.5;\">\n            <strong>\u2713 Meilleur prix :<\/strong> $49 (moins cher que le $56 de l'AFP)\n        <\/li>\n<li style=\"margin-bottom: 14px; font-size: 17px; line-height: 1.5;\">\n            <strong>\u2713 100% en ligne :<\/strong> Postuler \u00e0 partir de n'importe quel appareil - pas de paperasserie\n        <\/li>\n<li style=\"margin-bottom: 14px; font-size: 17px; line-height: 1.5;\">\n            <strong>\u2713 ACIC accr\u00e9dit\u00e9 :<\/strong> Une confiance dans toute l'Australie pour l'emploi, l'obtention d'une licence et le volontariat\n        <\/li>\n<li style=\"margin-bottom: 14px; font-size: 17px; line-height: 1.5;\">\n            <strong>\u2713 Acc\u00e8s s\u00e9curis\u00e9 au portail :<\/strong> Imprimez, t\u00e9l\u00e9chargez ou partagez votre certificat \u00e0 tout moment via CheckHub\n        <\/li>\n<li style=\"margin-bottom: 0; font-size: 17px; line-height: 1.5;\">\n            <strong>\u2713 Prot\u00e9g\u00e9 par la blockchain :<\/strong> Votre certificat est s\u00e9curis\u00e9 \u00e0 l'aide de la technologie blockchain priv\u00e9e\n        <\/li>\n<\/ul>\n<\/div>\n<h3>Comment \u00e7a marche<\/h3>\n<ol>\n<li><strong>Achat :<\/strong> Ajoutez votre v\u00e9rification des ant\u00e9c\u00e9dents criminels coordonn\u00e9e au niveau national au panier et effectuez le paiement.<\/li>\n<li><strong>Cr\u00e9er un compte :<\/strong> Utilisez la m\u00eame adresse \u00e9lectronique que lors du paiement.<\/li>\n<li><strong>Commencez votre demande :<\/strong> Cliquez sur le bouton ACTION dans votre portail Worker Checks.<\/li>\n<\/ol>\n<h3>Ce dont vous avez besoin pour compl\u00e9ter votre contr\u00f4le<\/h3>\n<ol>\n<li><strong>V\u00e9rification de l'identit\u00e9 (VOI) :<\/strong> Utilisez votre smartphone pour scanner votre pi\u00e8ce d'identit\u00e9 et prendre un selfie. Besoin d'aide ? Lisez notre <a href=\"https:\/\/workerchecks.com\/fr\/verification-de-lidentite\/\" target=\"_blank\" rel=\"noopener\">Guide VOI<\/a>.<\/li>\n<li><strong>D\u00e9tails personnels :<\/strong> Indiquez votre nom, l'historique de votre adresse et l'objet du contr\u00f4le.<\/li>\n<li><strong>Soumettre la demande :<\/strong> You&#8217;ll receive an email confirmation once your check has been lodged.<\/li>\n<li><strong>Traitement :<\/strong> 80% of checks are returned within 1\u20133 minutes. A small number are referred for ACIC manual review and may take 1\u201315 business days.<\/li>\n<li><strong>Acc\u00e9dez \u00e0 votre certificat :<\/strong> You&#8217;ll be notified by SMS and email once your result is ready. View, download or share your certificate from your portal.<\/li>\n<\/ol>\n<h3>Validit\u00e9 et renouvellements<\/h3>\n<ul>\n<li><strong>R\u00e9sultat ponctuel :<\/strong> Indique le statut de vos ant\u00e9c\u00e9dents criminels \u00e0 la date de d\u00e9livrance.<\/li>\n<li><strong>Acc\u00e8s au portail pendant 3 mois :<\/strong> Vous pouvez consulter et ret\u00e9l\u00e9charger votre certificat \u00e0 tout moment.<\/li>\n<li><strong>Exigences en mati\u00e8re de renouvellement :<\/strong> Many organisations require renewal every 1\u20133 years. Follow your employer or regulator&#8217;s guidelines.<\/li>\n<\/ul>\n<h3>Qui a besoin de ce contr\u00f4le ?<\/h3>\n<ul>\n<li><strong>Contr\u00f4le de l'emploi<\/strong><\/li>\n<li><strong>Travailleurs des secteurs de la sant\u00e9, des soins aux personnes \u00e2g\u00e9es, du handicap et de la garde d'enfants<\/strong><\/li>\n<li><strong>M\u00e9tiers et entrepreneurs<\/strong><\/li>\n<li><strong>R\u00f4les en mati\u00e8re de s\u00e9curit\u00e9 et de conformit\u00e9<\/strong><\/li>\n<li><strong>Organisations b\u00e9n\u00e9voles<\/strong><\/li>\n<li><strong>Licences et enregistrements professionnels<\/strong><\/li>\n<\/ul>\n<h3>Objet du contr\u00f4le<\/h3>\n<ul>\n<li><strong>Emploi<\/strong><\/li>\n<li><strong>Probit\u00e9 \/ Filtrage<\/strong><\/li>\n<li><strong>Licences et enregistrements<\/strong><\/li>\n<li><strong>Travail b\u00e9n\u00e9vole<\/strong><\/li>\n<\/ul>\n<p>Besoin d'aide ? Visitez le site<br \/>\n<a href=\"https:\/\/workerchecks.com\/fr\/centre-dassistance\/verification-des-antecedents-criminels-coordonnee-au-niveau-national\/\" target=\"_blank\" rel=\"noopener\">Centre d'aide aux contr\u00f4les de la police nationale<\/a><br \/>\nou contactez notre <a href=\"https:\/\/workerchecks.com\/fr\/support\/\" target=\"_blank\" rel=\"noopener\">\u00c9quipe de soutien<\/a>.<\/p>","protected":false},"excerpt":{"rendered":"<p><strong>Contr\u00f4le de police rapide et accr\u00e9dit\u00e9 ACIC - 100% en ligne<\/strong><br \/>\nObtenez votre v\u00e9rification des ant\u00e9c\u00e9dents criminels coordonn\u00e9e au niveau national (NCCHC) en ligne en quelques minutes.<br \/>\n<strong>80% of results returned within 1\u20133 minutes.<\/strong><\/p>\n<p>Parfait pour l'emploi, les licences, le b\u00e9n\u00e9volat et la conformit\u00e9.<\/p>\n<p><span style=\"color: #282828;\"> <\/span><\/p>","protected":false},"featured_media":6021,"template":"","meta":{"_kadence_starter_templates_imported_post":false,"_kad_post_transparent":"default","_kad_post_title":"","_kad_post_layout":"default","_kad_post_sidebar_id":"","_kad_post_content_style":"default","_kad_post_vertical_padding":"default","_kad_post_feature":"","_kad_post_feature_position":"","_kad_post_header":false,"_kad_post_footer":false,"_kad_post_classname":""},"product_brand":[],"product_cat":[1353630],"product_tag":[1353398,1352719,1353579,1353228,1353578,1353575,1353576,1353580,1353577],"class_list":{"0":"post-2804","1":"product","2":"type-product","3":"status-publish","4":"has-post-thumbnail","6":"product_cat-police-checks","7":"product_tag-australian-police-check","8":"product_tag-national-police-check","9":"product_tag-nsw-police-check","10":"product_tag-police-check","11":"product_tag-police-check-vic","12":"product_tag-police-clearance","13":"product_tag-police-clearance-wa","14":"product_tag-qld-police-check","15":"product_tag-sa-police-clearance","17":"first","18":"instock","19":"virtual","20":"sold-individually","21":"taxable","22":"purchasable","23":"product-type-simple","24":"entry","25":"content-bg","26":"loop-entry"},"_links":{"self":[{"href":"https:\/\/workerchecks.com\/fr\/wp-json\/wp\/v2\/product\/2804","targetHints":{"allow":["GET"]}}],"collection":[{"href":"https:\/\/workerchecks.com\/fr\/wp-json\/wp\/v2\/product"}],"about":[{"href":"https:\/\/workerchecks.com\/fr\/wp-json\/wp\/v2\/types\/product"}],"wp:featuredmedia":[{"embeddable":true,"href":"https:\/\/workerchecks.com\/fr\/wp-json\/wp\/v2\/media\/6021"}],"wp:attachment":[{"href":"https:\/\/workerchecks.com\/fr\/wp-json\/wp\/v2\/media?parent=2804"}],"wp:term":[{"taxonomy":"product_brand","embeddable":true,"href":"https:\/\/workerchecks.com\/fr\/wp-json\/wp\/v2\/product_brand?post=2804"},{"taxonomy":"product_cat","embeddable":true,"href":"https:\/\/workerchecks.com\/fr\/wp-json\/wp\/v2\/product_cat?post=2804"},{"taxonomy":"product_tag","embeddable":true,"href":"https:\/\/workerchecks.com\/fr\/wp-json\/wp\/v2\/product_tag?post=2804"}],"curies":[{"name":"wp","href":"https:\/\/api.w.org\/{rel}","templated":true}]}}