{"id":9154,"date":"2025-04-29T14:02:27","date_gmt":"2025-04-29T04:02:27","guid":{"rendered":"https:\/\/workerchecks.com\/?page_id=9154"},"modified":"2025-12-01T14:56:05","modified_gmt":"2025-12-01T03:56:05","slug":"le-travailleur-verifie-son-passeport","status":"publish","type":"page","link":"https:\/\/workerchecks.com\/fr\/worker-checks-passport\/","title":{"rendered":"CheckHub - votre portail personnel d'accr\u00e9ditation et de conformit\u00e9"},"content":{"rendered":"<style>.kb-row-layout-id9154_7e96b1-71 > .kt-row-column-wrap{align-content:start;}:where(.kb-row-layout-id9154_7e96b1-71 > .kt-row-column-wrap) > .wp-block-kadence-column{justify-content:start;}.kb-row-layout-id9154_7e96b1-71 > .kt-row-column-wrap{column-gap:var(--global-kb-gap-md, 2rem);row-gap:var(--global-kb-gap-md, 2rem);padding-top:var(--global-kb-spacing-sm, 1.5rem);padding-bottom:var(--global-kb-spacing-sm, 1.5rem);grid-template-columns:repeat(2, minmax(0, 1fr));}.kb-row-layout-id9154_7e96b1-71 > .kt-row-layout-overlay{opacity:0.30;}@media all and (max-width: 1024px){.kb-row-layout-id9154_7e96b1-71 > .kt-row-column-wrap{grid-template-columns:repeat(2, minmax(0, 1fr));}}@media all and (max-width: 767px){.kb-row-layout-id9154_7e96b1-71 > .kt-row-column-wrap{grid-template-columns:minmax(0, 1fr);}}<\/style><div class=\"kb-row-layout-wrap kb-row-layout-id9154_7e96b1-71 alignnone wp-block-kadence-rowlayout\"><div class=\"kt-row-column-wrap kt-has-2-columns kt-row-layout-equal kt-tab-layout-inherit kt-mobile-layout-row kt-row-valign-top\">\n<style>.kadence-column9154_46d3fb-68 > .kt-inside-inner-col,.kadence-column9154_46d3fb-68 > .kt-inside-inner-col:before{border-top-left-radius:0px;border-top-right-radius:0px;border-bottom-right-radius:0px;border-bottom-left-radius:0px;}.kadence-column9154_46d3fb-68 > .kt-inside-inner-col{column-gap:var(--global-kb-gap-sm, 1rem);}.kadence-column9154_46d3fb-68 > .kt-inside-inner-col{flex-direction:column;}.kadence-column9154_46d3fb-68 > .kt-inside-inner-col > .aligncenter{width:100%;}.kadence-column9154_46d3fb-68 > .kt-inside-inner-col:before{opacity:0.3;}.kadence-column9154_46d3fb-68{position:relative;}@media all and (max-width: 1024px){.kadence-column9154_46d3fb-68 > .kt-inside-inner-col{flex-direction:column;justify-content:center;}}@media all and (max-width: 767px){.kadence-column9154_46d3fb-68 > .kt-inside-inner-col{flex-direction:column;justify-content:center;}}<\/style>\n<div class=\"wp-block-kadence-column kadence-column9154_46d3fb-68\"><div class=\"kt-inside-inner-col\">\n<figure class=\"wp-block-image size-full\"><img decoding=\"async\" width=\"606\" height=\"475\" src=\"https:\/\/workerchecks.com\/wp-content\/uploads\/2024\/08\/Sw-summary-mobile-cropped.png\" alt=\"R\u00e9sum\u00e9 du plan de travail de l&#039;assistant(e) social(e) Mobile\" class=\"wp-image-8346\" title=\"\" srcset=\"https:\/\/workerchecks.com\/wp-content\/uploads\/2024\/08\/Sw-summary-mobile-cropped.png 606w, https:\/\/workerchecks.com\/wp-content\/uploads\/2024\/08\/Sw-summary-mobile-cropped-300x235.png 300w, https:\/\/workerchecks.com\/wp-content\/uploads\/2024\/08\/Sw-summary-mobile-cropped-600x470.png 600w\" sizes=\"(max-width: 606px) 100vw, 606px\" \/><\/figure>\n<\/div><\/div>\n\n\n<style>.kadence-column9154_dacf07-06 > .kt-inside-inner-col,.kadence-column9154_dacf07-06 > .kt-inside-inner-col:before{border-top-left-radius:0px;border-top-right-radius:0px;border-bottom-right-radius:0px;border-bottom-left-radius:0px;}.kadence-column9154_dacf07-06 > .kt-inside-inner-col{column-gap:var(--global-kb-gap-sm, 1rem);}.kadence-column9154_dacf07-06 > .kt-inside-inner-col{flex-direction:column;}.kadence-column9154_dacf07-06 > .kt-inside-inner-col > .aligncenter{width:100%;}.kadence-column9154_dacf07-06 > .kt-inside-inner-col:before{opacity:0.3;}.kadence-column9154_dacf07-06{position:relative;}@media all and (max-width: 1024px){.kadence-column9154_dacf07-06 > .kt-inside-inner-col{flex-direction:column;justify-content:center;}}@media all and (max-width: 767px){.kadence-column9154_dacf07-06 > .kt-inside-inner-col{flex-direction:column;justify-content:center;}}<\/style>\n<div class=\"wp-block-kadence-column kadence-column9154_dacf07-06\"><div class=\"kt-inside-inner-col\">\n<h2 class=\"wp-block-heading\">Worker Checks CheckHub est votre portail personnel s\u00e9curis\u00e9 pour les ch\u00e8ques et les titres de comp\u00e9tences.<\/h2>\n\n\n\n<h4 class=\"wp-block-heading\"><em>CheckHub est votre portail personnel s\u00e9curis\u00e9 pour le stockage, la gestion et le partage de vos r\u00e9f\u00e9rences, certificats et contr\u00f4les de conformit\u00e9. Gardez tout accessible en un seul endroit et partagez instantan\u00e9ment avec vos employeurs, organisations ou clients lorsque vous en avez besoin.<\/em><\/h4>\n\n\n\n<ul class=\"wp-block-list\">\n<li><strong>Des contr\u00f4les faciles \u00e0 r\u00e9aliser - 100% Online<\/strong><\/li>\n\n\n\n<li><strong>Adapt\u00e9e aux mobiles - pas besoin d'une autre application s\u00e9par\u00e9e !<\/strong><\/li>\n\n\n\n<li><strong>Partagez vos ch\u00e8ques et vos r\u00e9f\u00e9rences avec vos employeurs, vos clients et d'autres entreprises. Vous pouvez \u00e9galement imprimer vos ch\u00e8ques au format PDF.<\/strong><\/li>\n\n\n\n<li><strong>Suivez vos ch\u00e8ques dans le portail<\/strong><\/li>\n\n\n\n<li><strong>Ultra s\u00e9curis\u00e9 - technologie de s\u00e9curit\u00e9 de pointe au niveau mondial, y compris la blockchain priv\u00e9e pour emp\u00eacher l'alt\u00e9ration des contr\u00f4les et des enregistrements officiels.<\/strong><\/li>\n<\/ul>\n<\/div><\/div>\n\n<\/div><\/div>\n\n<style>.kb-row-layout-id9154_2f4393-96 > .kt-row-column-wrap{align-content:start;}:where(.kb-row-layout-id9154_2f4393-96 > .kt-row-column-wrap) > .wp-block-kadence-column{justify-content:start;}.kb-row-layout-id9154_2f4393-96 > .kt-row-column-wrap{column-gap:var(--global-kb-gap-md, 2rem);row-gap:var(--global-kb-gap-md, 2rem);padding-top:var(--global-kb-spacing-sm, 1.5rem);padding-bottom:var(--global-kb-spacing-sm, 1.5rem);grid-template-columns:minmax(0, 1fr);}.kb-row-layout-id9154_2f4393-96 > .kt-row-layout-overlay{opacity:0.30;}@media all and (max-width: 1024px){.kb-row-layout-id9154_2f4393-96 > .kt-row-column-wrap{grid-template-columns:minmax(0, 1fr);}}@media all and (max-width: 767px){.kb-row-layout-id9154_2f4393-96 > .kt-row-column-wrap{grid-template-columns:minmax(0, 1fr);}}<\/style><div class=\"kb-row-layout-wrap kb-row-layout-id9154_2f4393-96 alignnone wp-block-kadence-rowlayout\"><div class=\"kt-row-column-wrap kt-has-1-columns kt-row-layout-equal kt-tab-layout-inherit kt-mobile-layout-row kt-row-valign-top\">\n<style>.kadence-column9154_e555ef-f0 > .kt-inside-inner-col{display:flex;}.kadence-column9154_e555ef-f0 > .kt-inside-inner-col,.kadence-column9154_e555ef-f0 > .kt-inside-inner-col:before{border-top-left-radius:0px;border-top-right-radius:0px;border-bottom-right-radius:0px;border-bottom-left-radius:0px;}.kadence-column9154_e555ef-f0 > .kt-inside-inner-col{column-gap:var(--global-kb-gap-sm, 1rem);}.kadence-column9154_e555ef-f0 > .kt-inside-inner-col{flex-direction:column;align-items:center;}.kadence-column9154_e555ef-f0 > .kt-inside-inner-col > .kb-image-is-ratio-size{align-self:stretch;}.kadence-column9154_e555ef-f0 > .kt-inside-inner-col > .wp-block-kadence-advancedgallery{align-self:stretch;}.kadence-column9154_e555ef-f0 > .kt-inside-inner-col > .aligncenter{width:100%;}.kadence-column9154_e555ef-f0 > .kt-inside-inner-col:before{opacity:0.3;}.kadence-column9154_e555ef-f0{position:relative;}@media all and (max-width: 1024px){.kadence-column9154_e555ef-f0 > .kt-inside-inner-col{flex-direction:column;justify-content:center;align-items:center;}}@media all and (max-width: 767px){.kadence-column9154_e555ef-f0 > .kt-inside-inner-col{flex-direction:column;justify-content:center;align-items:center;}}<\/style>\n<div class=\"wp-block-kadence-column kadence-column9154_e555ef-f0\"><div class=\"kt-inside-inner-col\">\n<div class=\"wp-block-buttons alignwide is-content-justification-center is-layout-flex wp-container-core-buttons-is-layout-16018d1d wp-block-buttons-is-layout-flex\">\n<div class=\"wp-block-button\"><a class=\"wp-block-button__link wp-element-button\" href=\"https:\/\/workerchecks.com\/fr\/produits\/\"><strong>Commencez par n'importe quel produit pour \u00e9tablir votre Worker Checks CheckHub<\/strong> <strong>><\/strong><\/a><\/div>\n<\/div>\n<\/div><\/div>\n\n<\/div><\/div>\n\n\n<h2 class=\"wp-block-heading has-text-align-center\">Pourquoi utiliser Worker Checks CheckHub ?<\/h2>\n\n\n<style>.kb-row-layout-id9154_856b36-ad > .kt-row-column-wrap{align-content:start;}:where(.kb-row-layout-id9154_856b36-ad > .kt-row-column-wrap) > .wp-block-kadence-column{justify-content:start;}.kb-row-layout-id9154_856b36-ad > .kt-row-column-wrap{column-gap:var(--global-kb-gap-md, 2rem);row-gap:var(--global-kb-gap-md, 2rem);padding-top:var(--global-kb-spacing-sm, 1.5rem);padding-bottom:var(--global-kb-spacing-sm, 1.5rem);}.kb-row-layout-id9154_856b36-ad > .kt-row-column-wrap > div:not(.added-for-specificity){grid-column:initial;}.kb-row-layout-id9154_856b36-ad > .kt-row-column-wrap{grid-template-columns:repeat(3, minmax(0, 1fr));}.kb-row-layout-id9154_856b36-ad > .kt-row-layout-overlay{opacity:0.30;}@media all and (max-width: 1024px){.kb-row-layout-id9154_856b36-ad > .kt-row-column-wrap > div:not(.added-for-specificity){grid-column:initial;}}@media all and (max-width: 1024px){.kb-row-layout-id9154_856b36-ad > .kt-row-column-wrap{grid-template-columns:repeat(3, minmax(0, 1fr));}}@media all and (max-width: 767px){.kb-row-layout-id9154_856b36-ad > .kt-row-column-wrap > div:not(.added-for-specificity){grid-column:initial;}.kb-row-layout-id9154_856b36-ad > .kt-row-column-wrap{grid-template-columns:minmax(0, 1fr);}}<\/style><div class=\"kb-row-layout-wrap kb-row-layout-id9154_856b36-ad alignnone wp-block-kadence-rowlayout\"><div class=\"kt-row-column-wrap kt-has-3-columns kt-row-layout-equal kt-tab-layout-inherit kt-mobile-layout-row kt-row-valign-top\">\n<style>.kadence-column9154_5dc8b0-58 > .kt-inside-inner-col,.kadence-column9154_5dc8b0-58 > .kt-inside-inner-col:before{border-top-left-radius:0px;border-top-right-radius:0px;border-bottom-right-radius:0px;border-bottom-left-radius:0px;}.kadence-column9154_5dc8b0-58 > .kt-inside-inner-col{column-gap:var(--global-kb-gap-sm, 1rem);}.kadence-column9154_5dc8b0-58 > .kt-inside-inner-col{flex-direction:column;}.kadence-column9154_5dc8b0-58 > .kt-inside-inner-col > .aligncenter{width:100%;}.kadence-column9154_5dc8b0-58 > .kt-inside-inner-col:before{opacity:0.3;}.kadence-column9154_5dc8b0-58{text-align:center;}.kadence-column9154_5dc8b0-58{position:relative;}@media all and (max-width: 1024px){.kadence-column9154_5dc8b0-58 > .kt-inside-inner-col{flex-direction:column;justify-content:center;}}@media all and (max-width: 767px){.kadence-column9154_5dc8b0-58 > .kt-inside-inner-col{flex-direction:column;justify-content:center;}}<\/style>\n<div class=\"wp-block-kadence-column kadence-column9154_5dc8b0-58\"><div class=\"kt-inside-inner-col\">\n<p><strong>FACILE \u00c0 UTILISER<\/strong><\/p>\n\n\n\n<p>Effectuer des contr\u00f4les 100% en ligne, adapt\u00e9s aux mobiles<\/p>\n<\/div><\/div>\n\n\n<style>.kadence-column9154_e7ec7a-d2 > .kt-inside-inner-col,.kadence-column9154_e7ec7a-d2 > .kt-inside-inner-col:before{border-top-left-radius:0px;border-top-right-radius:0px;border-bottom-right-radius:0px;border-bottom-left-radius:0px;}.kadence-column9154_e7ec7a-d2 > .kt-inside-inner-col{column-gap:var(--global-kb-gap-sm, 1rem);}.kadence-column9154_e7ec7a-d2 > .kt-inside-inner-col{flex-direction:column;}.kadence-column9154_e7ec7a-d2 > .kt-inside-inner-col > .aligncenter{width:100%;}.kadence-column9154_e7ec7a-d2 > .kt-inside-inner-col:before{opacity:0.3;}.kadence-column9154_e7ec7a-d2{text-align:center;}.kadence-column9154_e7ec7a-d2{position:relative;}@media all and (max-width: 1024px){.kadence-column9154_e7ec7a-d2 > .kt-inside-inner-col{flex-direction:column;justify-content:center;}}@media all and (max-width: 767px){.kadence-column9154_e7ec7a-d2 > .kt-inside-inner-col{flex-direction:column;justify-content:center;}}<\/style>\n<div class=\"wp-block-kadence-column kadence-column9154_e7ec7a-d2\"><div class=\"kt-inside-inner-col\">\n<p><strong>SOLUTION COMPL\u00c8TE<\/strong><\/p>\n\n\n\n<p>Ajouter des titres et des qualifications li\u00e9s \u00e0 l'emploi<\/p>\n<\/div><\/div>\n\n\n<style>.kadence-column9154_5f450e-87 > .kt-inside-inner-col,.kadence-column9154_5f450e-87 > .kt-inside-inner-col:before{border-top-left-radius:0px;border-top-right-radius:0px;border-bottom-right-radius:0px;border-bottom-left-radius:0px;}.kadence-column9154_5f450e-87 > .kt-inside-inner-col{column-gap:var(--global-kb-gap-sm, 1rem);}.kadence-column9154_5f450e-87 > .kt-inside-inner-col{flex-direction:column;}.kadence-column9154_5f450e-87 > .kt-inside-inner-col > .aligncenter{width:100%;}.kadence-column9154_5f450e-87 > .kt-inside-inner-col:before{opacity:0.3;}.kadence-column9154_5f450e-87{text-align:center;}.kadence-column9154_5f450e-87{position:relative;}@media all and (max-width: 1024px){.kadence-column9154_5f450e-87 > .kt-inside-inner-col{flex-direction:column;justify-content:center;}}@media all and (max-width: 767px){.kadence-column9154_5f450e-87 > .kt-inside-inner-col{flex-direction:column;justify-content:center;}}<\/style>\n<div class=\"wp-block-kadence-column kadence-column9154_5f450e-87\"><div class=\"kt-inside-inner-col\">\n<p><strong>E PARTAGEZ VOTRE<\/strong> <strong>CONTR\u00d4LES<\/strong> <\/p>\n\n\n\n<p>Partagez par voie \u00e9lectronique les informations v\u00e9rifi\u00e9es avec votre employeur, votre organisation ou un particulier. Ou imprimez-les au format PDF.<\/p>\n<\/div><\/div>\n\n<\/div><\/div>\n\n<style>.kb-row-layout-id9154_b598ef-62 > .kt-row-column-wrap{align-content:start;}:where(.kb-row-layout-id9154_b598ef-62 > .kt-row-column-wrap) > .wp-block-kadence-column{justify-content:start;}.kb-row-layout-id9154_b598ef-62 > .kt-row-column-wrap{column-gap:var(--global-kb-gap-md, 2rem);row-gap:var(--global-kb-gap-md, 2rem);padding-top:var(--global-kb-spacing-sm, 1.5rem);padding-bottom:var(--global-kb-spacing-sm, 1.5rem);grid-template-columns:repeat(2, minmax(0, 1fr));}.kb-row-layout-id9154_b598ef-62 > .kt-row-layout-overlay{opacity:0.30;}@media all and (max-width: 1024px){.kb-row-layout-id9154_b598ef-62 > .kt-row-column-wrap{grid-template-columns:repeat(2, minmax(0, 1fr));}}@media all and (max-width: 767px){.kb-row-layout-id9154_b598ef-62 > .kt-row-column-wrap{grid-template-columns:minmax(0, 1fr);}}<\/style><div class=\"kb-row-layout-wrap kb-row-layout-id9154_b598ef-62 alignnone wp-block-kadence-rowlayout\"><div class=\"kt-row-column-wrap kt-has-2-columns kt-row-layout-equal kt-tab-layout-inherit kt-mobile-layout-row kt-row-valign-top\">\n<style>.kadence-column9154_cb1238-9e > .kt-inside-inner-col,.kadence-column9154_cb1238-9e > .kt-inside-inner-col:before{border-top-left-radius:0px;border-top-right-radius:0px;border-bottom-right-radius:0px;border-bottom-left-radius:0px;}.kadence-column9154_cb1238-9e > .kt-inside-inner-col{column-gap:var(--global-kb-gap-sm, 1rem);}.kadence-column9154_cb1238-9e > .kt-inside-inner-col{flex-direction:column;}.kadence-column9154_cb1238-9e > .kt-inside-inner-col > .aligncenter{width:100%;}.kadence-column9154_cb1238-9e > .kt-inside-inner-col:before{opacity:0.3;}.kadence-column9154_cb1238-9e{position:relative;}@media all and (max-width: 1024px){.kadence-column9154_cb1238-9e > .kt-inside-inner-col{flex-direction:column;justify-content:center;}}@media all and (max-width: 767px){.kadence-column9154_cb1238-9e > .kt-inside-inner-col{flex-direction:column;justify-content:center;}}<\/style>\n<div class=\"wp-block-kadence-column kadence-column9154_cb1238-9e\"><div class=\"kt-inside-inner-col\">\n<h2 class=\"wp-block-heading\">Quels sont les contr\u00f4les et les r\u00e9f\u00e9rences que je peux ajouter \u00e0 mon CheckHub Worker Checks ?<\/h2>\n\n\n<style>.kb-row-layout-id9154_24774e-1f > .kt-row-column-wrap{align-content:start;}:where(.kb-row-layout-id9154_24774e-1f > .kt-row-column-wrap) > .wp-block-kadence-column{justify-content:start;}.kb-row-layout-id9154_24774e-1f > .kt-row-column-wrap{column-gap:var(--global-kb-gap-md, 2rem);row-gap:var(--global-kb-gap-md, 2rem);padding-top:var(--global-kb-spacing-sm, 1.5rem);padding-bottom:var(--global-kb-spacing-sm, 1.5rem);grid-template-columns:minmax(0, 1fr);}.kb-row-layout-id9154_24774e-1f > .kt-row-layout-overlay{opacity:0.30;}@media all and (max-width: 1024px){.kb-row-layout-id9154_24774e-1f > .kt-row-column-wrap{grid-template-columns:minmax(0, 1fr);}}@media all and (max-width: 767px){.kb-row-layout-id9154_24774e-1f > .kt-row-column-wrap{grid-template-columns:minmax(0, 1fr);}}<\/style><div class=\"kb-row-layout-wrap kb-row-layout-id9154_24774e-1f alignnone wp-block-kadence-rowlayout\"><div class=\"kt-row-column-wrap kt-has-1-columns kt-row-layout-equal kt-tab-layout-inherit kt-mobile-layout-row kt-row-valign-top\">\n<style>.kadence-column9154_4c6aee-95 > .kt-inside-inner-col,.kadence-column9154_4c6aee-95 > .kt-inside-inner-col:before{border-top-left-radius:0px;border-top-right-radius:0px;border-bottom-right-radius:0px;border-bottom-left-radius:0px;}.kadence-column9154_4c6aee-95 > .kt-inside-inner-col{column-gap:var(--global-kb-gap-sm, 1rem);}.kadence-column9154_4c6aee-95 > .kt-inside-inner-col{flex-direction:column;}.kadence-column9154_4c6aee-95 > .kt-inside-inner-col > .aligncenter{width:100%;}.kadence-column9154_4c6aee-95 > .kt-inside-inner-col:before{opacity:0.3;}.kadence-column9154_4c6aee-95{position:relative;}@media all and (max-width: 1024px){.kadence-column9154_4c6aee-95 > .kt-inside-inner-col{flex-direction:column;justify-content:center;}}@media all and (max-width: 767px){.kadence-column9154_4c6aee-95 > .kt-inside-inner-col{flex-direction:column;justify-content:center;}}<\/style>\n<div class=\"wp-block-kadence-column kadence-column9154_4c6aee-95\"><div class=\"kt-inside-inner-col\"><\/div><\/div>\n\n<\/div><\/div>\n\n\n<p>En ayant vos ch\u00e8ques disponibles et pr\u00eats \u00e0 \u00eatre partag\u00e9s imm\u00e9diatement, vous vous distinguez par votre professionnalisme et votre pr\u00e9paration. Vous augmentez votre visibilit\u00e9 et faites d'embl\u00e9e une meilleure impression sur les employeurs ou les clients.<\/p>\n\n\n\n<p>Avec Worker Checks, vous pouvez effectuer un large \u00e9ventail de contr\u00f4les et de v\u00e9rifications d'identit\u00e9, tels que<\/p>\n\n\n\n<ul class=\"wp-block-list\">\n<li><strong><a href=\"https:\/\/workerchecks.com\/fr\/product\/verification-des-antecedents-criminels-coordonnee-au-niveau-national\/\">Contr\u00f4les de la police nationale<\/a><\/strong>&nbsp;(<a href=\"https:\/\/workerchecks.com\/fr\/product\/verification-des-antecedents-criminels-coordonnee-au-niveau-national\/\">emploi contr\u00f4le de police<\/a>&nbsp;ou&nbsp;<a href=\"https:\/\/workerchecks.com\/fr\/product\/controle-policier-volontaire\/\">contr\u00f4le policier volontaire<\/a>)<\/li>\n\n\n\n<li><strong><a href=\"https:\/\/workerchecks.com\/fr\/product\/controle-international-de-police\/\">Contr\u00f4les de police internationaux<\/a><\/strong><\/li>\n\n\n\n<li><strong>V\u00e9rification de l'identit\u00e9<\/strong>&nbsp;(Ch\u00e8que certifi\u00e9)<\/li>\n\n\n\n<li><strong>VEVO Contr\u00f4les du droit au travail<\/strong><\/li>\n\n\n\n<li>NDIS Contr\u00f4les de d\u00e9pistage des travailleurs<\/li>\n\n\n\n<li>V\u00e9rifications concernant le travail avec les enfants<\/li>\n\n\n\n<li>R\u00e9f\u00e9rentiel de gestion des accr\u00e9ditations<\/li>\n\n\n\n<li><a href=\"https:\/\/workerchecks.com\/fr\/product\/assurance-pour-les-entrepreneurs-individuels\/\"><strong>Assurance li\u00e9e \u00e0 l'emploi (assurance d'entreprise ou d'entrepreneur individuel)<\/strong><\/a><\/li>\n<\/ul>\n<\/div><\/div>\n\n\n<style>.kadence-column9154_d4e19d-70 > .kt-inside-inner-col,.kadence-column9154_d4e19d-70 > .kt-inside-inner-col:before{border-top-left-radius:0px;border-top-right-radius:0px;border-bottom-right-radius:0px;border-bottom-left-radius:0px;}.kadence-column9154_d4e19d-70 > .kt-inside-inner-col{column-gap:var(--global-kb-gap-sm, 1rem);}.kadence-column9154_d4e19d-70 > .kt-inside-inner-col{flex-direction:column;}.kadence-column9154_d4e19d-70 > .kt-inside-inner-col > .aligncenter{width:100%;}.kadence-column9154_d4e19d-70 > .kt-inside-inner-col:before{opacity:0.3;}.kadence-column9154_d4e19d-70{position:relative;}@media all and (max-width: 1024px){.kadence-column9154_d4e19d-70 > .kt-inside-inner-col{flex-direction:column;justify-content:center;}}@media all and (max-width: 767px){.kadence-column9154_d4e19d-70 > .kt-inside-inner-col{flex-direction:column;justify-content:center;}}<\/style>\n<div class=\"wp-block-kadence-column kadence-column9154_d4e19d-70\"><div class=\"kt-inside-inner-col\">\n<figure class=\"wp-block-image size-full\"><img decoding=\"async\" width=\"840\" height=\"663\" src=\"https:\/\/workerchecks.com\/wp-content\/uploads\/2024\/08\/Sw-summary-desktop.png\" alt=\"Support Worker Plan Summary Desktop\" class=\"wp-image-8349\" title=\"\" srcset=\"https:\/\/workerchecks.com\/wp-content\/uploads\/2024\/08\/Sw-summary-desktop.png 840w, https:\/\/workerchecks.com\/wp-content\/uploads\/2024\/08\/Sw-summary-desktop-300x237.png 300w, https:\/\/workerchecks.com\/wp-content\/uploads\/2024\/08\/Sw-summary-desktop-768x606.png 768w, https:\/\/workerchecks.com\/wp-content\/uploads\/2024\/08\/Sw-summary-desktop-600x474.png 600w\" sizes=\"(max-width: 840px) 100vw, 840px\" \/><\/figure>\n<\/div><\/div>\n\n<\/div><\/div>\n\n\n<div class=\"wp-block-group\"><div class=\"wp-block-group__inner-container is-layout-constrained wp-block-group-is-layout-constrained\">\n<div style=\"background:#EBF5FF;border-top:1px solid #D6E8FF;border-bottom:1px solid #D6E8FF;padding:12px 18px;margin:28px 0;font-size:15px;display:flex;flex-wrap:wrap;align-items:center;justify-content:space-between;gap:10px;\">\n  <span style=\"color:#003F7D;\">\n    \ud83d\udc65 G\u00e9rer les contr\u00f4les de police pour plusieurs travailleurs ? \n    <strong>Utilisez BusinessHub pour des contr\u00f4les en masse, une facturation flexible et un suivi en temps r\u00e9el.<\/strong>\n  <\/span>\n  <a href=\"https:\/\/workerchecks.com\/fr\/solution-commerciale-pour-les-controles-de-police\/\"\n     style=\"background:#005BAB;color:#fff;padding:9px 16px;border-radius:4px;font-size:14px;text-decoration:none;font-weight:600;white-space:nowrap;\">\n     Voir les v\u00e9rifications de police pour les entreprises \u2192\n  <\/a>\n<\/div>\n\n<\/div><\/div>","protected":false},"excerpt":{"rendered":"<p>Worker Checks CheckHub is your secure personal portal for Check and Credentials CheckHub is your secure personal portal for storing, managing and sharing your credentials, certificates and compliance checks. Keep everything accessible in one place and share instantly with employers, organisations or clients when needed. Why use Worker Checks CheckHub? EASY TO USE Conduct checks&#8230;<\/p>","protected":false},"author":196713191,"featured_media":0,"parent":0,"menu_order":0,"comment_status":"closed","ping_status":"closed","template":"","meta":{"_kadence_starter_templates_imported_post":false,"_kad_post_transparent":"","_kad_post_title":"","_kad_post_layout":"","_kad_post_sidebar_id":"","_kad_post_content_style":"","_kad_post_vertical_padding":"","_kad_post_feature":"","_kad_post_feature_position":"","_kad_post_header":false,"_kad_post_footer":false,"_kad_post_classname":"","footnotes":""},"class_list":["post-9154","page","type-page","status-publish","hentry"],"_links":{"self":[{"href":"https:\/\/workerchecks.com\/fr\/wp-json\/wp\/v2\/pages\/9154","targetHints":{"allow":["GET"]}}],"collection":[{"href":"https:\/\/workerchecks.com\/fr\/wp-json\/wp\/v2\/pages"}],"about":[{"href":"https:\/\/workerchecks.com\/fr\/wp-json\/wp\/v2\/types\/page"}],"author":[{"embeddable":true,"href":"https:\/\/workerchecks.com\/fr\/wp-json\/wp\/v2\/users\/196713191"}],"replies":[{"embeddable":true,"href":"https:\/\/workerchecks.com\/fr\/wp-json\/wp\/v2\/comments?post=9154"}],"version-history":[{"count":0,"href":"https:\/\/workerchecks.com\/fr\/wp-json\/wp\/v2\/pages\/9154\/revisions"}],"wp:attachment":[{"href":"https:\/\/workerchecks.com\/fr\/wp-json\/wp\/v2\/media?parent=9154"}],"curies":[{"name":"wp","href":"https:\/\/api.w.org\/{rel}","templated":true}]}}