{"id":7600,"date":"2025-04-14T22:08:53","date_gmt":"2025-04-14T12:08:53","guid":{"rendered":"https:\/\/workerchecks.com\/?page_id=7600"},"modified":"2025-11-27T16:21:47","modified_gmt":"2025-11-27T05:21:47","slug":"controle-de-police-en-nouvelle-zelande","status":"publish","type":"page","link":"https:\/\/workerchecks.com\/fr\/new-zealand-police-check\/","title":{"rendered":"Contr\u00f4le de la police n\u00e9o-z\u00e9landaise"},"content":{"rendered":"<style>.kb-row-layout-id7600_aa01f4-d6 > .kt-row-column-wrap{align-content:start;}:where(.kb-row-layout-id7600_aa01f4-d6 > .kt-row-column-wrap) > .wp-block-kadence-column{justify-content:start;}.kb-row-layout-id7600_aa01f4-d6 > .kt-row-column-wrap{column-gap:var(--global-kb-gap-md, 2rem);row-gap:var(--global-kb-gap-md, 2rem);padding-top:var(--global-kb-spacing-sm, 1.5rem);padding-bottom:var(--global-kb-spacing-sm, 1.5rem);grid-template-columns:minmax(0, 1fr);}.kb-row-layout-id7600_aa01f4-d6 > .kt-row-layout-overlay{opacity:0.30;}@media all and (max-width: 1024px){.kb-row-layout-id7600_aa01f4-d6 > .kt-row-column-wrap{grid-template-columns:minmax(0, 1fr);}}@media all and (max-width: 767px){.kb-row-layout-id7600_aa01f4-d6 > .kt-row-column-wrap{grid-template-columns:minmax(0, 1fr);}}<\/style><div class=\"kb-row-layout-wrap kb-row-layout-id7600_aa01f4-d6 alignnone wp-block-kadence-rowlayout\"><div class=\"kt-row-column-wrap kt-has-1-columns kt-row-layout-equal kt-tab-layout-inherit kt-mobile-layout-row kt-row-valign-top\">\n<style>.kadence-column7600_970116-1c > .kt-inside-inner-col{display:flex;}.kadence-column7600_970116-1c > .kt-inside-inner-col,.kadence-column7600_970116-1c > .kt-inside-inner-col:before{border-top-left-radius:0px;border-top-right-radius:0px;border-bottom-right-radius:0px;border-bottom-left-radius:0px;}.kadence-column7600_970116-1c > .kt-inside-inner-col{column-gap:var(--global-kb-gap-sm, 1rem);}.kadence-column7600_970116-1c > .kt-inside-inner-col{flex-direction:column;align-items:center;}.kadence-column7600_970116-1c > .kt-inside-inner-col > .kb-image-is-ratio-size{align-self:stretch;}.kadence-column7600_970116-1c > .kt-inside-inner-col > .wp-block-kadence-advancedgallery{align-self:stretch;}.kadence-column7600_970116-1c > .kt-inside-inner-col > .aligncenter{width:100%;}.kadence-column7600_970116-1c > .kt-inside-inner-col:before{opacity:0.3;}.kadence-column7600_970116-1c{text-align:center;}.kadence-column7600_970116-1c{position:relative;}@media all and (max-width: 1024px){.kadence-column7600_970116-1c > .kt-inside-inner-col{flex-direction:column;justify-content:center;align-items:center;}}@media all and (max-width: 767px){.kadence-column7600_970116-1c > .kt-inside-inner-col{flex-direction:column;justify-content:center;align-items:center;}}<\/style>\n<div class=\"wp-block-kadence-column kadence-column7600_970116-1c\"><div class=\"kt-inside-inner-col\">\n<figure class=\"wp-block-image size-full has-lightbox\"><a href=\"https:\/\/workerchecks.com\/fr\/product\/controle-international-de-police\/\"><img decoding=\"async\" width=\"1000\" height=\"563\" src=\"https:\/\/workerchecks.com\/wp-content\/uploads\/2022\/03\/NZ-Check-Grey-Border-1.jpg\" alt=\"Contr\u00f4le de la police n\u00e9o-z\u00e9landaise\" class=\"wp-image-6022\" title=\"\" srcset=\"https:\/\/workerchecks.com\/wp-content\/uploads\/2022\/03\/NZ-Check-Grey-Border-1.jpg 1000w, https:\/\/workerchecks.com\/wp-content\/uploads\/2022\/03\/NZ-Check-Grey-Border-1-600x338.jpg 600w\" sizes=\"(max-width: 1000px) 100vw, 1000px\" \/><\/a><\/figure>\n\n\n\n<div class=\"wp-block-buttons is-layout-flex wp-block-buttons-is-layout-flex\">\n<div class=\"wp-block-button\"><a class=\"wp-block-button__link wp-element-button\" href=\"https:\/\/workerchecks.com\/fr\/product\/controle-international-de-police\/\">GET NEW ZEALAND POLICE CHECK<\/a><\/div>\n<\/div>\n<\/div><\/div>\n\n<\/div><\/div>\n\n<style>.kb-row-layout-id7600_8918db-99 > .kt-row-column-wrap{align-content:start;}:where(.kb-row-layout-id7600_8918db-99 > .kt-row-column-wrap) > .wp-block-kadence-column{justify-content:start;}.kb-row-layout-id7600_8918db-99 > .kt-row-column-wrap{column-gap:var(--global-kb-gap-md, 2rem);row-gap:var(--global-kb-gap-md, 2rem);padding-top:var(--global-kb-spacing-sm, 1.5rem);padding-bottom:var(--global-kb-spacing-sm, 1.5rem);grid-template-columns:minmax(0, 1fr);}.kb-row-layout-id7600_8918db-99 > .kt-row-layout-overlay{opacity:0.30;}@media all and (max-width: 1024px){.kb-row-layout-id7600_8918db-99 > .kt-row-column-wrap{grid-template-columns:minmax(0, 1fr);}}@media all and (max-width: 767px){.kb-row-layout-id7600_8918db-99 > .kt-row-column-wrap{grid-template-columns:minmax(0, 1fr);}}<\/style><div class=\"kb-row-layout-wrap kb-row-layout-id7600_8918db-99 alignnone wp-block-kadence-rowlayout\"><div class=\"kt-row-column-wrap kt-has-1-columns kt-row-layout-equal kt-tab-layout-inherit kt-mobile-layout-row kt-row-valign-top\">\n<style>.kadence-column7600_7ad4cb-a8 > .kt-inside-inner-col{display:flex;}.kadence-column7600_7ad4cb-a8 > .kt-inside-inner-col,.kadence-column7600_7ad4cb-a8 > .kt-inside-inner-col:before{border-top-left-radius:0px;border-top-right-radius:0px;border-bottom-right-radius:0px;border-bottom-left-radius:0px;}.kadence-column7600_7ad4cb-a8 > .kt-inside-inner-col{column-gap:var(--global-kb-gap-sm, 1rem);}.kadence-column7600_7ad4cb-a8 > .kt-inside-inner-col{flex-direction:column;align-items:flex-start;}.kadence-column7600_7ad4cb-a8 > .kt-inside-inner-col > .kb-image-is-ratio-size{align-self:stretch;}.kadence-column7600_7ad4cb-a8 > .kt-inside-inner-col > .wp-block-kadence-advancedgallery{align-self:stretch;}.kadence-column7600_7ad4cb-a8 > .kt-inside-inner-col > .aligncenter{width:100%;}.kadence-column7600_7ad4cb-a8 > .kt-inside-inner-col:before{opacity:0.3;}.kadence-column7600_7ad4cb-a8{text-align:left;}.kadence-column7600_7ad4cb-a8{position:relative;}@media all and (max-width: 1024px){.kadence-column7600_7ad4cb-a8 > .kt-inside-inner-col{flex-direction:column;justify-content:center;align-items:flex-start;}}@media all and (max-width: 767px){.kadence-column7600_7ad4cb-a8 > .kt-inside-inner-col{flex-direction:column;justify-content:center;align-items:flex-start;}}<\/style>\n<div class=\"wp-block-kadence-column kadence-column7600_7ad4cb-a8\"><div class=\"kt-inside-inner-col\">\n<h2 class=\"wp-block-heading\">New Zealand Police Check - Fast, 100% Online<\/h2>\n\n\n\n<h3 class=\"wp-block-heading\"><strong>Besoin d'un contr\u00f4le en ligne de la police n\u00e9o-z\u00e9landaise ?<\/strong><\/h3>\n\n\n\n<p>Si vous venez d'arriver en Australie ou si vous avez pass\u00e9 plus de six mois \u00e0 l'\u00e9tranger, un employeur potentiel peut vous demander un certificat de contr\u00f4le de la police n\u00e9o-z\u00e9landaise dans le cadre d'un contr\u00f4le pr\u00e9alable \u00e0 l'embauche. Worker Checks est l'endroit id\u00e9al pour obtenir un certificat de contr\u00f4le de la police n\u00e9o-z\u00e9landaise. Notre processus r\u00e9pond aux normes internationales les plus strictes requises pour les \u00e9tudiants \u00e9trangers, les enseignants, les personnes \u00e2g\u00e9es, les travailleurs handicap\u00e9s et les professionnels de la sant\u00e9, et il est effectu\u00e9 en ligne.<\/p>\n\n\n\n<h3 class=\"wp-block-heading\">Pourquoi obtenir un certificat d'habilitation de la police n\u00e9o-z\u00e9landaise ?<\/h3>\n\n\n\n<p>Si vous \u00eates un \u00e9tudiant \u00e9tranger, un enseignant, un m\u00e9decin, un \u00e9ducateur, ou si vous avez v\u00e9cu ou travaill\u00e9 \u00e0 l'\u00e9tranger pendant plus de six mois, il se peut que vous ayez besoin d'une v\u00e9rification de vos ant\u00e9c\u00e9dents criminels \u00e0 l'\u00e9tranger.<\/p>\n\n\n\n<h3 class=\"wp-block-heading\">Pi\u00e8ces d'identit\u00e9 requises pour la v\u00e9rification des ant\u00e9c\u00e9dents criminels de la NZ<\/h3>\n\n\n\n<ul class=\"wp-block-list\">\n<li><strong>Passeport en cours de validit\u00e9<\/strong>: Doit \u00eatre en cours de validit\u00e9 et ne pas avoir expir\u00e9.<\/li>\n\n\n\n<li><strong>D\u00e9tails assortis<\/strong>: Assurez-vous que tous les d\u00e9tails de vos documents d'identit\u00e9 correspondent \u00e0 votre demande. Fournissez un document de changement de nom si n\u00e9cessaire.<\/li>\n<\/ul>\n\n\n\n<h3 class=\"wp-block-heading\">Comment demander un contr\u00f4le de police en Nouvelle-Z\u00e9lande depuis l'Australie ?<\/h3>\n\n\n\n<ol class=\"wp-block-list\">\n<li><strong>S\u00e9lectionner <a href=\"http:\/\/1.        Select International Police Check: From the Worker Checks product page. 2.        Select Nepal and pay for check: from the drop-down menu for Country selection 3.        Complete Application: Enter data, give consent, upload IDs, and take a selfie with your passport. 4.        Submit: You will receive an email confirming check submission.  Your Worker Checks portal will display your pending check and how many days since submission 5.        When check is completed and ready: You will Get an email and text when your check is available in your Worker Checks portal. 6.        Access Your Certificate: Print or electronically share your Police Check from your personal portal.\" title=\"\">Contr\u00f4le international de police<\/a><\/strong> Extrait de la page produit Worker Checks.<\/li>\n\n\n\n<li><strong>S\u00e9lectionner la Nouvelle-Z\u00e9lande<\/strong> et payer par ch\u00e8que : dans le menu d\u00e9roulant pour la s\u00e9lection du pays<\/li>\n\n\n\n<li>Remplir la demande : Saisissez des donn\u00e9es, donnez votre consentement, t\u00e9l\u00e9chargez des pi\u00e8ces d'identit\u00e9 et prenez un selfie avec votre passeport.<\/li>\n\n\n\n<li>Soumettre : Vous recevrez un courriel confirmant l'envoi du ch\u00e8que.  Votre portail Ch\u00e8ques emploi service affichera votre ch\u00e8que en attente et le nombre de jours \u00e9coul\u00e9s depuis la soumission.<\/li>\n\n\n\n<li>Lorsque le ch\u00e8que est compl\u00e9t\u00e9 et pr\u00eat : Vous recevrez un courriel et un texte lorsque votre ch\u00e8que sera disponible sur votre portail de ch\u00e8ques travailleur.<\/li>\n\n\n\n<li>Acc\u00e9dez \u00e0 votre certificat : Imprimez ou partagez \u00e9lectroniquement votre certificat de police \u00e0 partir de votre portail personnel.<\/li>\n<\/ol>\n\n\n\n<h3 class=\"wp-block-heading\">D\u00e9lai de traitement pour le contr\u00f4le de la police n\u00e9o-z\u00e9landaise<\/h3>\n\n\n\n<ul class=\"wp-block-list\">\n<li><strong>3 \u00e0 7 jours ouvrables<\/strong>: G\u00e9n\u00e9ralement, les ch\u00e8ques sont pr\u00eats dans ce d\u00e9lai. Certains ch\u00e8ques peuvent prendre plus de temps en fonction des d\u00e9lais de traitement des agences gouvernementales.<\/li>\n<\/ul>\n\n\n\n<h3 class=\"wp-block-heading\">Note<\/h3>\n\n\n\n<p>Nos contr\u00f4les sont adapt\u00e9s \u00e0 la v\u00e9rification des ant\u00e9c\u00e9dents (emploi, recrutement, location). V\u00e9rifiez les exigences sp\u00e9cifiques en mati\u00e8re de visa et d'immigration aupr\u00e8s des autorit\u00e9s comp\u00e9tentes. Nous ne garantissons pas l'ad\u00e9quation aux besoins en mati\u00e8re de visa et d'immigration.<\/p>\n\n\n\n<p>Pour un contr\u00f4le rapide et fiable de la police n\u00e9o-z\u00e9landaise, choisissez Worker Checks !<\/p>\n<\/div><\/div>\n\n<\/div><\/div>\n\n<style>.kb-row-layout-id7600_9739c3-39 > .kt-row-column-wrap{align-content:start;}:where(.kb-row-layout-id7600_9739c3-39 > .kt-row-column-wrap) > .wp-block-kadence-column{justify-content:start;}.kb-row-layout-id7600_9739c3-39 > .kt-row-column-wrap{column-gap:var(--global-kb-gap-md, 2rem);row-gap:var(--global-kb-gap-md, 2rem);padding-top:var(--global-kb-spacing-sm, 1.5rem);padding-bottom:var(--global-kb-spacing-sm, 1.5rem);grid-template-columns:minmax(0, 1fr);}.kb-row-layout-id7600_9739c3-39 > .kt-row-layout-overlay{opacity:0.30;}@media all and (max-width: 1024px){.kb-row-layout-id7600_9739c3-39 > .kt-row-column-wrap{grid-template-columns:minmax(0, 1fr);}}@media all and (max-width: 767px){.kb-row-layout-id7600_9739c3-39 > .kt-row-column-wrap{grid-template-columns:minmax(0, 1fr);}}<\/style><div class=\"kb-row-layout-wrap kb-row-layout-id7600_9739c3-39 alignnone wp-block-kadence-rowlayout\"><div class=\"kt-row-column-wrap kt-has-1-columns kt-row-layout-equal kt-tab-layout-inherit kt-mobile-layout-row kt-row-valign-top\">\n<style>.kadence-column7600_62fa58-ea > .kt-inside-inner-col{display:flex;}.kadence-column7600_62fa58-ea > .kt-inside-inner-col,.kadence-column7600_62fa58-ea > .kt-inside-inner-col:before{border-top-left-radius:0px;border-top-right-radius:0px;border-bottom-right-radius:0px;border-bottom-left-radius:0px;}.kadence-column7600_62fa58-ea > .kt-inside-inner-col{column-gap:var(--global-kb-gap-sm, 1rem);}.kadence-column7600_62fa58-ea > .kt-inside-inner-col{flex-direction:column;align-items:flex-start;}.kadence-column7600_62fa58-ea > .kt-inside-inner-col > .kb-image-is-ratio-size{align-self:stretch;}.kadence-column7600_62fa58-ea > .kt-inside-inner-col > .wp-block-kadence-advancedgallery{align-self:stretch;}.kadence-column7600_62fa58-ea > .kt-inside-inner-col > .aligncenter{width:100%;}.kadence-column7600_62fa58-ea > .kt-inside-inner-col:before{opacity:0.3;}.kadence-column7600_62fa58-ea{text-align:left;}.kadence-column7600_62fa58-ea{position:relative;}@media all and (max-width: 1024px){.kadence-column7600_62fa58-ea > .kt-inside-inner-col{flex-direction:column;justify-content:center;align-items:flex-start;}}@media all and (max-width: 767px){.kadence-column7600_62fa58-ea > .kt-inside-inner-col{flex-direction:column;justify-content:center;align-items:flex-start;}}<\/style>\n<div class=\"wp-block-kadence-column kadence-column7600_62fa58-ea\"><div class=\"kt-inside-inner-col\">\n<h2 class=\"wp-block-heading\">Combien de temps dure un contr\u00f4le de police en Nouvelle-Z\u00e9lande ?<\/h2>\n\n\n\n<h3 class=\"wp-block-heading\"><strong>Les contr\u00f4les de la police n\u00e9o-z\u00e9landaise sont g\u00e9n\u00e9ralement trait\u00e9s dans un d\u00e9lai de 3 \u00e0 7 jours ouvrables.<\/strong><\/h3>\n\n\n\n<p>La majorit\u00e9 Worker Checks&nbsp;<a href=\"https:\/\/workerchecks.com\/fr\/police-check-product\/controle-international-de-police\/\">Contr\u00f4le international de police<\/a>&nbsp;sera g\u00e9n\u00e9ralement pr\u00eat dans un d\u00e9lai de 5 \u00e0 15 jours ouvrables. Dans certains cas, le d\u00e9lai est plus long, en fonction des d\u00e9lais de traitement des agences gouvernementales qui coordonnent les contr\u00f4les dans chaque pays.<\/p>\n\n\n\n<h3 class=\"wp-block-heading\">Besoin d'un acc\u00e8s rapide \u00e0 un certificat de contr\u00f4le de la police n\u00e9o-z\u00e9landaise ?<\/h3>\n\n\n\n<h3 class=\"wp-block-heading\">Vous vous trouvez en Australie, mais vous avez besoin d'un contr\u00f4le de police en Nouvelle-Z\u00e9lande ?<\/h3>\n\n\n\n<p>Que vous veniez d'arriver en Australie ou que vous ayez pass\u00e9 plus de six mois \u00e0 l'\u00e9tranger. Worker Checks offre la solution id\u00e9ale pour votre contr\u00f4le de police en Nouvelle-Z\u00e9lande. Notre processus complet respecte les normes internationales les plus strictes, essentielles pour les \u00e9tudiants \u00e9trangers, les enseignants, les professionnels des soins aux personnes \u00e2g\u00e9es, les travailleurs handicap\u00e9s et les professionnels de la sant\u00e9. Remplissez facilement le formulaire 100% en ligne.<\/p>\n\n\n\n<h3 class=\"wp-block-heading\">Processus de v\u00e9rification de la police n\u00e9o-z\u00e9landaise simplifi\u00e9 gr\u00e2ce \u00e0 Worker Checks<\/h3>\n\n\n\n<p>Worker Checks simplifie l'obtention de votre casier judiciaire dans un pays \u00e9tranger. Notre processus rigoureux garantit la conformit\u00e9 avec les normes internationales les plus strictes, ce qui simplifie la t\u00e2che.<\/p>\n<\/div><\/div>\n\n<\/div><\/div>\n\n<style>.kb-row-layout-id7600_d34720-c1 > .kt-row-column-wrap{align-content:start;}:where(.kb-row-layout-id7600_d34720-c1 > .kt-row-column-wrap) > .wp-block-kadence-column{justify-content:start;}.kb-row-layout-id7600_d34720-c1 > .kt-row-column-wrap{column-gap:var(--global-kb-gap-md, 2rem);row-gap:var(--global-kb-gap-md, 2rem);padding-top:var(--global-kb-spacing-sm, 1.5rem);padding-bottom:var(--global-kb-spacing-sm, 1.5rem);grid-template-columns:minmax(0, 1fr);}.kb-row-layout-id7600_d34720-c1 > .kt-row-layout-overlay{opacity:0.30;}@media all and (max-width: 1024px){.kb-row-layout-id7600_d34720-c1 > .kt-row-column-wrap{grid-template-columns:minmax(0, 1fr);}}@media all and (max-width: 767px){.kb-row-layout-id7600_d34720-c1 > .kt-row-column-wrap{grid-template-columns:minmax(0, 1fr);}}<\/style><div class=\"kb-row-layout-wrap kb-row-layout-id7600_d34720-c1 alignnone wp-block-kadence-rowlayout\"><div class=\"kt-row-column-wrap kt-has-1-columns kt-row-layout-equal kt-tab-layout-inherit kt-mobile-layout-row kt-row-valign-top\">\n<style>.kadence-column7600_202d78-68 > .kt-inside-inner-col{display:flex;}.kadence-column7600_202d78-68 > .kt-inside-inner-col,.kadence-column7600_202d78-68 > .kt-inside-inner-col:before{border-top-left-radius:0px;border-top-right-radius:0px;border-bottom-right-radius:0px;border-bottom-left-radius:0px;}.kadence-column7600_202d78-68 > .kt-inside-inner-col{column-gap:var(--global-kb-gap-sm, 1rem);}.kadence-column7600_202d78-68 > .kt-inside-inner-col{flex-direction:column;align-items:center;}.kadence-column7600_202d78-68 > .kt-inside-inner-col > .kb-image-is-ratio-size{align-self:stretch;}.kadence-column7600_202d78-68 > .kt-inside-inner-col > .wp-block-kadence-advancedgallery{align-self:stretch;}.kadence-column7600_202d78-68 > .kt-inside-inner-col > .aligncenter{width:100%;}.kadence-column7600_202d78-68 > .kt-inside-inner-col:before{opacity:0.3;}.kadence-column7600_202d78-68{text-align:left;}.kadence-column7600_202d78-68{position:relative;}@media all and (max-width: 1024px){.kadence-column7600_202d78-68 > .kt-inside-inner-col{flex-direction:column;justify-content:center;align-items:center;}}@media all and (max-width: 767px){.kadence-column7600_202d78-68 > .kt-inside-inner-col{flex-direction:column;justify-content:center;align-items:center;}}<\/style>\n<div class=\"wp-block-kadence-column kadence-column7600_202d78-68\"><div class=\"kt-inside-inner-col\">\n<div class=\"wp-block-buttons is-layout-flex wp-block-buttons-is-layout-flex\">\n<div class=\"wp-block-button\"><a class=\"wp-block-button__link wp-element-button\" href=\"https:\/\/workerchecks.com\/fr\/product\/controle-international-de-police\/\">GET NEW ZEALAND POLICE CHECK<\/a><\/div>\n<\/div>\n<\/div><\/div>\n\n<\/div><\/div>","protected":false},"excerpt":{"rendered":"<p>New Zealand Police Check - Fast, 100% Online Besoin d'un certificat de police n\u00e9o-z\u00e9landais en ligne ? Si vous venez d'arriver en Australie ou si vous avez pass\u00e9 plus de six mois \u00e0 l'\u00e9tranger, un employeur potentiel peut vous demander un certificat de contr\u00f4le de la police n\u00e9o-z\u00e9landaise dans le cadre d'une v\u00e9rification pr\u00e9alable \u00e0 l'embauche. Worker Checks est l'endroit id\u00e9al pour votre...<\/p>","protected":false},"author":196713191,"featured_media":6022,"parent":0,"menu_order":0,"comment_status":"closed","ping_status":"closed","template":"","meta":{"_kadence_starter_templates_imported_post":false,"_kad_post_transparent":"","_kad_post_title":"","_kad_post_layout":"","_kad_post_sidebar_id":"","_kad_post_content_style":"","_kad_post_vertical_padding":"","_kad_post_feature":"","_kad_post_feature_position":"","_kad_post_header":false,"_kad_post_footer":false,"_kad_post_classname":"","footnotes":""},"class_list":["post-7600","page","type-page","status-publish","has-post-thumbnail","hentry"],"_links":{"self":[{"href":"https:\/\/workerchecks.com\/fr\/wp-json\/wp\/v2\/pages\/7600","targetHints":{"allow":["GET"]}}],"collection":[{"href":"https:\/\/workerchecks.com\/fr\/wp-json\/wp\/v2\/pages"}],"about":[{"href":"https:\/\/workerchecks.com\/fr\/wp-json\/wp\/v2\/types\/page"}],"author":[{"embeddable":true,"href":"https:\/\/workerchecks.com\/fr\/wp-json\/wp\/v2\/users\/196713191"}],"replies":[{"embeddable":true,"href":"https:\/\/workerchecks.com\/fr\/wp-json\/wp\/v2\/comments?post=7600"}],"version-history":[{"count":0,"href":"https:\/\/workerchecks.com\/fr\/wp-json\/wp\/v2\/pages\/7600\/revisions"}],"wp:featuredmedia":[{"embeddable":true,"href":"https:\/\/workerchecks.com\/fr\/wp-json\/wp\/v2\/media\/6022"}],"wp:attachment":[{"href":"https:\/\/workerchecks.com\/fr\/wp-json\/wp\/v2\/media?parent=7600"}],"curies":[{"name":"wp","href":"https:\/\/api.w.org\/{rel}","templated":true}]}}