{"id":6765,"date":"2024-04-29T12:50:49","date_gmt":"2024-04-29T02:50:49","guid":{"rendered":"https:\/\/workerchecks.com\/?page_id=6765"},"modified":"2025-12-13T20:53:31","modified_gmt":"2025-12-13T09:53:31","slug":"police-check-qld","status":"publish","type":"page","link":"https:\/\/workerchecks.com\/fr\/police-check-qld\/","title":{"rendered":"Police Check QLD"},"content":{"rendered":"<style>.kb-row-layout-id6765_a5b13a-8f > .kt-row-column-wrap{align-content:start;}:where(.kb-row-layout-id6765_a5b13a-8f > .kt-row-column-wrap) > .wp-block-kadence-column{justify-content:start;}.kb-row-layout-id6765_a5b13a-8f > .kt-row-column-wrap{column-gap:var(--global-kb-gap-md, 2rem);row-gap:var(--global-kb-gap-md, 2rem);padding-top:var(--global-kb-spacing-sm, 1.5rem);padding-bottom:var(--global-kb-spacing-sm, 1.5rem);grid-template-columns:minmax(0, 1fr);}.kb-row-layout-id6765_a5b13a-8f > .kt-row-layout-overlay{opacity:0.30;}@media all and (max-width: 1024px){.kb-row-layout-id6765_a5b13a-8f > .kt-row-column-wrap{grid-template-columns:minmax(0, 1fr);}}@media all and (max-width: 767px){.kb-row-layout-id6765_a5b13a-8f > .kt-row-column-wrap{grid-template-columns:minmax(0, 1fr);}}<\/style><div class=\"kb-row-layout-wrap kb-row-layout-id6765_a5b13a-8f alignnone wp-block-kadence-rowlayout\"><div class=\"kt-row-column-wrap kt-has-1-columns kt-row-layout-equal kt-tab-layout-inherit kt-mobile-layout-row kt-row-valign-top\">\n<style>.kadence-column6765_6f5199-e1 > .kt-inside-inner-col{display:flex;}.kadence-column6765_6f5199-e1 > .kt-inside-inner-col,.kadence-column6765_6f5199-e1 > .kt-inside-inner-col:before{border-top-left-radius:0px;border-top-right-radius:0px;border-bottom-right-radius:0px;border-bottom-left-radius:0px;}.kadence-column6765_6f5199-e1 > .kt-inside-inner-col{column-gap:var(--global-kb-gap-sm, 1rem);}.kadence-column6765_6f5199-e1 > .kt-inside-inner-col{flex-direction:column;align-items:center;}.kadence-column6765_6f5199-e1 > .kt-inside-inner-col > .kb-image-is-ratio-size{align-self:stretch;}.kadence-column6765_6f5199-e1 > .kt-inside-inner-col > .wp-block-kadence-advancedgallery{align-self:stretch;}.kadence-column6765_6f5199-e1 > .kt-inside-inner-col > .aligncenter{width:100%;}.kadence-column6765_6f5199-e1 > .kt-inside-inner-col:before{opacity:0.3;}.kadence-column6765_6f5199-e1{text-align:center;}.kadence-column6765_6f5199-e1{position:relative;}@media all and (max-width: 1024px){.kadence-column6765_6f5199-e1 > .kt-inside-inner-col{flex-direction:column;justify-content:center;align-items:center;}}@media all and (max-width: 767px){.kadence-column6765_6f5199-e1 > .kt-inside-inner-col{flex-direction:column;justify-content:center;align-items:center;}}<\/style>\n<div class=\"wp-block-kadence-column kadence-column6765_6f5199-e1\"><div class=\"kt-inside-inner-col\">\n<figure class=\"wp-block-image size-large has-lightbox\"><a href=\"https:\/\/workerchecks.com\/fr\/product-category\/controles-de-police\/?add-to-cart=2804\"><img decoding=\"async\" width=\"1024\" height=\"576\" src=\"https:\/\/workerchecks.com\/wp-content\/uploads\/2021\/08\/QLD-PC-1024x576.png\" alt=\"Police Check QLD\" class=\"wp-image-2432\" title=\"\" srcset=\"https:\/\/workerchecks.com\/wp-content\/uploads\/2021\/08\/QLD-PC-1024x576.png 1024w, https:\/\/workerchecks.com\/wp-content\/uploads\/2021\/08\/QLD-PC-600x338.png 600w, https:\/\/workerchecks.com\/wp-content\/uploads\/2021\/08\/QLD-PC-300x169.png 300w, https:\/\/workerchecks.com\/wp-content\/uploads\/2021\/08\/QLD-PC-768x432.png 768w, https:\/\/workerchecks.com\/wp-content\/uploads\/2021\/08\/QLD-PC-1200x675.png 1200w, https:\/\/workerchecks.com\/wp-content\/uploads\/2021\/08\/QLD-PC.png 1280w\" sizes=\"(max-width: 1024px) 100vw, 1024px\" \/><\/a><\/figure>\n<\/div><\/div>\n\n<\/div><\/div>\n\n<style>.kb-row-layout-id6765_32578f-15 > .kt-row-column-wrap{align-content:start;}:where(.kb-row-layout-id6765_32578f-15 > .kt-row-column-wrap) > .wp-block-kadence-column{justify-content:start;}.kb-row-layout-id6765_32578f-15 > .kt-row-column-wrap{column-gap:var(--global-kb-gap-md, 2rem);row-gap:var(--global-kb-gap-md, 2rem);padding-top:var(--global-kb-spacing-sm, 1.5rem);padding-bottom:var(--global-kb-spacing-sm, 1.5rem);grid-template-columns:minmax(0, 1fr);}.kb-row-layout-id6765_32578f-15 > .kt-row-layout-overlay{opacity:0.30;}@media all and (max-width: 1024px){.kb-row-layout-id6765_32578f-15 > .kt-row-column-wrap{grid-template-columns:minmax(0, 1fr);}}@media all and (max-width: 767px){.kb-row-layout-id6765_32578f-15 > .kt-row-column-wrap{grid-template-columns:minmax(0, 1fr);}}<\/style><div class=\"kb-row-layout-wrap kb-row-layout-id6765_32578f-15 alignnone wp-block-kadence-rowlayout\"><div class=\"kt-row-column-wrap kt-has-1-columns kt-row-layout-equal kt-tab-layout-inherit kt-mobile-layout-row kt-row-valign-top\">\n<style>.kadence-column6765_2556d5-97 > .kt-inside-inner-col{display:flex;}.kadence-column6765_2556d5-97 > .kt-inside-inner-col,.kadence-column6765_2556d5-97 > .kt-inside-inner-col:before{border-top-left-radius:0px;border-top-right-radius:0px;border-bottom-right-radius:0px;border-bottom-left-radius:0px;}.kadence-column6765_2556d5-97 > .kt-inside-inner-col{column-gap:var(--global-kb-gap-sm, 1rem);}.kadence-column6765_2556d5-97 > .kt-inside-inner-col{flex-direction:column;align-items:center;}.kadence-column6765_2556d5-97 > .kt-inside-inner-col > .kb-image-is-ratio-size{align-self:stretch;}.kadence-column6765_2556d5-97 > .kt-inside-inner-col > .wp-block-kadence-advancedgallery{align-self:stretch;}.kadence-column6765_2556d5-97 > .kt-inside-inner-col > .aligncenter{width:100%;}.kadence-column6765_2556d5-97 > .kt-inside-inner-col:before{opacity:0.3;}.kadence-column6765_2556d5-97{text-align:center;}.kadence-column6765_2556d5-97{position:relative;}@media all and (max-width: 1024px){.kadence-column6765_2556d5-97 > .kt-inside-inner-col{flex-direction:column;justify-content:center;align-items:center;}}@media all and (max-width: 767px){.kadence-column6765_2556d5-97 > .kt-inside-inner-col{flex-direction:column;justify-content:center;align-items:center;}}<\/style>\n<div class=\"wp-block-kadence-column kadence-column6765_2556d5-97\"><div class=\"kt-inside-inner-col\">\n<div class=\"wp-block-buttons is-layout-flex wp-block-buttons-is-layout-flex\">\n<div class=\"wp-block-button\"><a class=\"wp-block-button__link wp-element-button\" href=\"https:\/\/workerchecks.com\/fr\/product-category\/controles-de-police\/?add-to-cart=2804\">Get Police Check QLD<\/a><\/div>\n<\/div>\n<\/div><\/div>\n\n<\/div><\/div>\n\n<style>.kb-row-layout-id6765_a8e8e7-93 > .kt-row-column-wrap{align-content:start;}:where(.kb-row-layout-id6765_a8e8e7-93 > .kt-row-column-wrap) > .wp-block-kadence-column{justify-content:start;}.kb-row-layout-id6765_a8e8e7-93 > .kt-row-column-wrap{column-gap:var(--global-kb-gap-md, 2rem);row-gap:var(--global-kb-gap-md, 2rem);padding-top:var(--global-kb-spacing-sm, 1.5rem);padding-bottom:var(--global-kb-spacing-sm, 1.5rem);grid-template-columns:minmax(0, 1fr);}.kb-row-layout-id6765_a8e8e7-93 > .kt-row-layout-overlay{opacity:0.30;}@media all and (max-width: 1024px){.kb-row-layout-id6765_a8e8e7-93 > .kt-row-column-wrap{grid-template-columns:minmax(0, 1fr);}}@media all and (max-width: 767px){.kb-row-layout-id6765_a8e8e7-93 > .kt-row-column-wrap{grid-template-columns:minmax(0, 1fr);}}<\/style><div class=\"kb-row-layout-wrap kb-row-layout-id6765_a8e8e7-93 alignnone wp-block-kadence-rowlayout\"><div class=\"kt-row-column-wrap kt-has-1-columns kt-row-layout-equal kt-tab-layout-inherit kt-mobile-layout-row kt-row-valign-top\">\n<style>.kadence-column6765_f9a530-ce > .kt-inside-inner-col,.kadence-column6765_f9a530-ce > .kt-inside-inner-col:before{border-top-left-radius:0px;border-top-right-radius:0px;border-bottom-right-radius:0px;border-bottom-left-radius:0px;}.kadence-column6765_f9a530-ce > .kt-inside-inner-col{column-gap:var(--global-kb-gap-sm, 1rem);}.kadence-column6765_f9a530-ce > .kt-inside-inner-col{flex-direction:column;}.kadence-column6765_f9a530-ce > .kt-inside-inner-col > .aligncenter{width:100%;}.kadence-column6765_f9a530-ce > .kt-inside-inner-col:before{opacity:0.3;}.kadence-column6765_f9a530-ce{position:relative;}@media all and (max-width: 1024px){.kadence-column6765_f9a530-ce > .kt-inside-inner-col{flex-direction:column;justify-content:center;}}@media all and (max-width: 767px){.kadence-column6765_f9a530-ce > .kt-inside-inner-col{flex-direction:column;justify-content:center;}}<\/style>\n<div class=\"wp-block-kadence-column kadence-column6765_f9a530-ce\"><div class=\"kt-inside-inner-col\">\n<h2 class=\"wp-block-heading\" id=\"howtogetapolicecheckqld\">Comment obtenir un contr\u00f4le de police QLD<\/h2>\n\n\n\n<h3 class=\"wp-block-heading\" id=\"lookingtoobtainapolicecheckqld\">Vous souhaitez obtenir un contr\u00f4le de police ?<\/h3>\n\n\n\n<p>Que vous en ayez besoin pour un emploi, un travail b\u00e9n\u00e9vole ou pour des raisons personnelles, il est facile d'obtenir un Police Check QLD. Voici tout ce que vous devez savoir pour obtenir votre Police Check QLD.<\/p>\n\n\n\n<p>Worker Checks propose le contr\u00f4le de police le moins cher pour QLD pour <span class=\"woocommerce-Price-amount amount\"><bdi><span class=\"woocommerce-Price-currencySymbol\">&#36;<\/span>21.00<\/bdi><\/span> pour le contr\u00f4le des volontaires et <span class=\"woocommerce-Price-amount amount\"><bdi><span class=\"woocommerce-Price-currencySymbol\">&#36;<\/span>49.00<\/bdi><\/span> pour les contr\u00f4les de police en mati\u00e8re d'emploi.Worker Checks propose un processus de demande en ligne 100% pour votre contr\u00f4le en une heure seulement.<\/p>\n\n\n\n<h3 class=\"wp-block-heading\" id=\"optionsforobtainingapolicecheckqld\">Options pour obtenir un contr\u00f4le de police QLD<\/h3>\n\n\n\n<h4 class=\"wp-block-heading\"><strong>Online Police Check QLD<\/strong><\/h4>\n\n\n\n<p>Worker Checks propose une proc\u00e9dure de candidature en ligne 100% dont les r\u00e9sultats sont disponibles en une heure seulement.<\/p>\n\n\n\n<ul class=\"wp-block-list\">\n<li><strong>Traitement rapide<\/strong>75% des ch\u00e8ques sont trait\u00e9s dans un d\u00e9lai d'une heure. Certains peuvent n\u00e9cessiter un traitement plus approfondi (examen manuel).<\/li>\n\n\n\n<li><strong>Portail s\u00e9curis\u00e9<\/strong>: Stockez et partagez vos autorisations de police en toute s\u00e9curit\u00e9 gr\u00e2ce \u00e0 notre technologie blockchain priv\u00e9e.<\/li>\n\n\n\n<li><strong>Organisme accr\u00e9dit\u00e9<\/strong>: Worker Checks est accr\u00e9dit\u00e9 par l'Australian Criminal Intelligence Commission (ACIC).<\/li>\n<\/ul>\n\n\n\n<h4 class=\"wp-block-heading\" id=\"applicationprocess\"><strong>Processus de candidature<\/strong><\/h4>\n\n\n\n<ol class=\"wp-block-list\">\n<li><strong>Soumettre votre demande<\/strong>: Recevoir un courriel de confirmation.<\/li>\n\n\n\n<li><strong>Suivi de votre demande<\/strong>: D\u00e9tails disponibles sur votre portail en ligne.<\/li>\n\n\n\n<li><strong>Recevez votre certificat<\/strong>: Recevez une notification lorsque votre contr\u00f4le est termin\u00e9.<\/li>\n<\/ol>\n\n\n\n<h3 class=\"wp-block-heading\" id=\"whocanrequestaqldpolicecheck\">Qui peut demander un contr\u00f4le de la police du QLD ?<\/h3>\n\n\n\n<ul class=\"wp-block-list\">\n<li><strong>Individus<\/strong>: Pour l'emploi, le b\u00e9n\u00e9volat ou les demandes de visa.<\/li>\n\n\n\n<li><strong>Employeurs<\/strong>: Pour la v\u00e9rification des ant\u00e9c\u00e9dents des employ\u00e9s.<\/li>\n\n\n\n<li><strong>\u00c9tablissements d'enseignement et organismes de certification<\/strong>: Pour les \u00e9tudiants ou les professionnels dans certains domaines.<\/li>\n<\/ul>\n\n\n\n<p><em>Remarque : le consentement \u00e9clair\u00e9 est n\u00e9cessaire pour obtenir une v\u00e9rification de la police du QLD.<\/em><\/p>\n\n\n\n<h2 class=\"wp-block-heading\">Le contr\u00f4le de police le moins cher pour QLD ?<\/h2>\n\n\n\n<p>Worker Checks propose le contr\u00f4le de police le moins cher pour QLD pour <span class=\"woocommerce-Price-amount amount\"><bdi><span class=\"woocommerce-Price-currencySymbol\">&#36;<\/span>21.00<\/bdi><\/span> pour le contr\u00f4le des volontaires et <span class=\"woocommerce-Price-amount amount\"><bdi><span class=\"woocommerce-Price-currencySymbol\">&#36;<\/span>49.00<\/bdi><\/span> pour les contr\u00f4les de police en mati\u00e8re d'emploi. Worker Checks propose une proc\u00e9dure de demande en ligne 100% pour votre contr\u00f4le en une heure seulement.<\/p>\n\n\n\n<h3 class=\"wp-block-heading\" id=\"validityofaqldpolicecheck\">Validit\u00e9 d'un contr\u00f4le de police dans le QLD<\/h3>\n\n\n\n<p>Les contr\u00f4les de police n'expirent pas mais sont consid\u00e9r\u00e9s comme des contr\u00f4les ponctuels. Les informations sont exactes jusqu'\u00e0 la date de d\u00e9livrance. Les organisations doivent d\u00e9terminer le d\u00e9lai acceptable pour une mise \u00e0 jour du contr\u00f4le en fonction de leurs politiques.<\/p>\n\n\n\n<h3 class=\"wp-block-heading\" id=\"whatisincludedinaqldpolicecheckcertificate\">Que contient un certificat de contr\u00f4le de la police du QLD ?<\/h3>\n\n\n\n<p>Votre certificat comprendra<\/p>\n\n\n\n<ul class=\"wp-block-list\">\n<li>Informations personnelles<\/li>\n\n\n\n<li>Tout ant\u00e9c\u00e9dent criminel divulgu\u00e9<\/li>\n\n\n\n<li>R\u00e9sultats judiciaires divulgu\u00e9s<\/li>\n<\/ul>\n\n\n\n<p>Pour un contr\u00f4le de police rapide et fiable, choisissez Worker Checks !<\/p>\n<\/div><\/div>\n\n<\/div><\/div>\n\n<style>.kb-row-layout-id6765_0712c7-e6 > .kt-row-column-wrap{align-content:start;}:where(.kb-row-layout-id6765_0712c7-e6 > .kt-row-column-wrap) > .wp-block-kadence-column{justify-content:start;}.kb-row-layout-id6765_0712c7-e6 > .kt-row-column-wrap{column-gap:var(--global-kb-gap-md, 2rem);row-gap:var(--global-kb-gap-md, 2rem);padding-top:var(--global-kb-spacing-sm, 1.5rem);padding-bottom:var(--global-kb-spacing-sm, 1.5rem);grid-template-columns:minmax(0, 1fr);}.kb-row-layout-id6765_0712c7-e6 > .kt-row-layout-overlay{opacity:0.30;}@media all and (max-width: 1024px){.kb-row-layout-id6765_0712c7-e6 > .kt-row-column-wrap{grid-template-columns:minmax(0, 1fr);}}@media all and (max-width: 767px){.kb-row-layout-id6765_0712c7-e6 > .kt-row-column-wrap{grid-template-columns:minmax(0, 1fr);}}<\/style><div class=\"kb-row-layout-wrap kb-row-layout-id6765_0712c7-e6 alignnone wp-block-kadence-rowlayout\"><div class=\"kt-row-column-wrap kt-has-1-columns kt-row-layout-equal kt-tab-layout-inherit kt-mobile-layout-row kt-row-valign-top\">\n<style>.kadence-column6765_a9280e-3a > .kt-inside-inner-col{display:flex;}.kadence-column6765_a9280e-3a > .kt-inside-inner-col,.kadence-column6765_a9280e-3a > .kt-inside-inner-col:before{border-top-left-radius:0px;border-top-right-radius:0px;border-bottom-right-radius:0px;border-bottom-left-radius:0px;}.kadence-column6765_a9280e-3a > .kt-inside-inner-col{column-gap:var(--global-kb-gap-sm, 1rem);}.kadence-column6765_a9280e-3a > .kt-inside-inner-col{flex-direction:column;align-items:center;}.kadence-column6765_a9280e-3a > .kt-inside-inner-col > .kb-image-is-ratio-size{align-self:stretch;}.kadence-column6765_a9280e-3a > .kt-inside-inner-col > .wp-block-kadence-advancedgallery{align-self:stretch;}.kadence-column6765_a9280e-3a > .kt-inside-inner-col > .aligncenter{width:100%;}.kadence-column6765_a9280e-3a > .kt-inside-inner-col:before{opacity:0.3;}.kadence-column6765_a9280e-3a{text-align:center;}.kadence-column6765_a9280e-3a{position:relative;}@media all and (max-width: 1024px){.kadence-column6765_a9280e-3a > .kt-inside-inner-col{flex-direction:column;justify-content:center;align-items:center;}}@media all and (max-width: 767px){.kadence-column6765_a9280e-3a > .kt-inside-inner-col{flex-direction:column;justify-content:center;align-items:center;}}<\/style>\n<div class=\"wp-block-kadence-column kadence-column6765_a9280e-3a\"><div class=\"kt-inside-inner-col\">\n<div class=\"wp-block-buttons is-layout-flex wp-block-buttons-is-layout-flex\">\n<div class=\"wp-block-button\"><a class=\"wp-block-button__link wp-element-button\" href=\"https:\/\/workerchecks.com\/fr\/product-category\/controles-de-police\/?add-to-cart=2804\">Get Police Check QLD<\/a><\/div>\n<\/div>\n<\/div><\/div>\n\n<\/div><\/div>","protected":false},"excerpt":{"rendered":"<p>How to Get a Police Check QLD Looking to Obtain a Police Check QLD? Whether you need it for employment, volunteer work, or personal reasons, getting a Police Check QLD is straightforward. Here\u2019s everything you need to know about obtaining your Police Check QLD. Worker Checks provide the cheapest police check for QLD for for&#8230;<\/p>","protected":false},"author":196713191,"featured_media":2432,"parent":0,"menu_order":0,"comment_status":"closed","ping_status":"closed","template":"","meta":{"_kadence_starter_templates_imported_post":false,"_kad_post_transparent":"","_kad_post_title":"","_kad_post_layout":"","_kad_post_sidebar_id":"","_kad_post_content_style":"","_kad_post_vertical_padding":"","_kad_post_feature":"","_kad_post_feature_position":"","_kad_post_header":false,"_kad_post_footer":false,"_kad_post_classname":"","footnotes":""},"class_list":["post-6765","page","type-page","status-publish","has-post-thumbnail","hentry"],"_links":{"self":[{"href":"https:\/\/workerchecks.com\/fr\/wp-json\/wp\/v2\/pages\/6765","targetHints":{"allow":["GET"]}}],"collection":[{"href":"https:\/\/workerchecks.com\/fr\/wp-json\/wp\/v2\/pages"}],"about":[{"href":"https:\/\/workerchecks.com\/fr\/wp-json\/wp\/v2\/types\/page"}],"author":[{"embeddable":true,"href":"https:\/\/workerchecks.com\/fr\/wp-json\/wp\/v2\/users\/196713191"}],"replies":[{"embeddable":true,"href":"https:\/\/workerchecks.com\/fr\/wp-json\/wp\/v2\/comments?post=6765"}],"version-history":[{"count":0,"href":"https:\/\/workerchecks.com\/fr\/wp-json\/wp\/v2\/pages\/6765\/revisions"}],"wp:featuredmedia":[{"embeddable":true,"href":"https:\/\/workerchecks.com\/fr\/wp-json\/wp\/v2\/media\/2432"}],"wp:attachment":[{"href":"https:\/\/workerchecks.com\/fr\/wp-json\/wp\/v2\/media?parent=6765"}],"curies":[{"name":"wp","href":"https:\/\/api.w.org\/{rel}","templated":true}]}}