{"id":2546,"date":"2022-08-02T14:51:39","date_gmt":"2022-08-02T04:51:39","guid":{"rendered":"https:\/\/workerchecks.com\/?page_id=2546"},"modified":"2026-04-20T15:41:33","modified_gmt":"2026-04-20T05:41:33","slug":"informations-sur-les-controles-de-police","status":"publish","type":"page","link":"https:\/\/workerchecks.com\/fr\/police-check-information\/","title":{"rendered":"Informations sur les contr\u00f4les de police"},"content":{"rendered":"<style>.kb-row-layout-id2546_976f34-87 > .kt-row-column-wrap{align-content:start;}:where(.kb-row-layout-id2546_976f34-87 > .kt-row-column-wrap) > .wp-block-kadence-column{justify-content:start;}.kb-row-layout-id2546_976f34-87 > .kt-row-column-wrap{column-gap:var(--global-kb-gap-md, 2rem);row-gap:var(--global-kb-gap-md, 2rem);padding-top:var(--global-kb-spacing-sm, 1.5rem);padding-bottom:var(--global-kb-spacing-sm, 1.5rem);grid-template-columns:minmax(0, 1fr);}.kb-row-layout-id2546_976f34-87 > .kt-row-layout-overlay{opacity:0.30;}@media all and (max-width: 1024px){.kb-row-layout-id2546_976f34-87 > .kt-row-column-wrap{grid-template-columns:minmax(0, 1fr);}}@media all and (max-width: 767px){.kb-row-layout-id2546_976f34-87 > .kt-row-column-wrap{grid-template-columns:minmax(0, 1fr);}}<\/style><div class=\"kb-row-layout-wrap kb-row-layout-id2546_976f34-87 alignnone wp-block-kadence-rowlayout\"><div class=\"kt-row-column-wrap kt-has-1-columns kt-row-layout-equal kt-tab-layout-inherit kt-mobile-layout-row kt-row-valign-top\">\n<style>.kadence-column2546_962800-21 > .kt-inside-inner-col,.kadence-column2546_962800-21 > .kt-inside-inner-col:before{border-top-left-radius:0px;border-top-right-radius:0px;border-bottom-right-radius:0px;border-bottom-left-radius:0px;}.kadence-column2546_962800-21 > .kt-inside-inner-col{column-gap:var(--global-kb-gap-sm, 1rem);}.kadence-column2546_962800-21 > .kt-inside-inner-col{flex-direction:column;}.kadence-column2546_962800-21 > .kt-inside-inner-col > .aligncenter{width:100%;}.kadence-column2546_962800-21 > .kt-inside-inner-col:before{opacity:0.3;}.kadence-column2546_962800-21{position:relative;}@media all and (max-width: 1024px){.kadence-column2546_962800-21 > .kt-inside-inner-col{flex-direction:column;justify-content:center;}}@media all and (max-width: 767px){.kadence-column2546_962800-21 > .kt-inside-inner-col{flex-direction:column;justify-content:center;}}<\/style>\n<div class=\"wp-block-kadence-column kadence-column2546_962800-21\"><div class=\"kt-inside-inner-col\">\n<!DOCTYPE html>\n<html lang=\"en\">\n<head>\n    <meta charset=\"UTF-8\">\n    <meta name=\"viewport\" content=\"width=device-width, initial-scale=1.0\">\n    <title>V\u00e9rifications de la police australienne | Rapides, accr\u00e9dit\u00e9es ACIC et solutions d'affaires | Worker Checks<\/title>\n    <meta name=\"description\" content=\"Workerchecks.com is a leading ACIC Accredited Body for Nationally Coordinated Criminal History Checks. 80% of checks completed within 1\u20133 minutes. Free business management suite included.\">\n    \n    <style>\n        \/* --- Brand Colors --- *\/\n        :root {\n            --worker-royal-blue: #005bab;\n            --worker-sky-blue: #bde4f7;\n            --text-dark: #333333;\n        }\n\n        body {\n            font-family: 'Arial', sans-serif;\n            line-height: 1.6;\n            color: var(--text-dark);\n            margin: 0;\n            padding: 20px;\n        }\n\n        h1, h2, h3 {\n            color: var(--worker-royal-blue);\n            font-weight: 700;\n        }\n\n        h1 {\n            border-bottom: 3px solid var(--worker-royal-blue);\n            padding-bottom: 10px;\n            margin-bottom: 30px;\n        }\n\n        .cta-primary {\n            background-color: var(--worker-royal-blue);\n            color: white !important;\n            padding: 15px 30px;\n            text-align: center;\n            border-radius: 5px;\n            font-weight: bold;\n            font-size: 1.25em;\n            display: block;\n            text-decoration: none;\n            margin-top: 25px;\n            margin-bottom: 25px;\n            box-shadow: 0 4px 6px rgba(0, 0, 0, 0.1);\n            transition: background-color 0.3s;\n        }\n        .cta-primary:hover {\n             background-color: #00458a;\n        }\n\n        .cta-secondary {\n            border: 2px solid var(--worker-royal-blue);\n            color: var(--worker-royal-blue) !important;\n            padding: 10px 20px;\n            text-align: center;\n            border-radius: 5px;\n            margin-top: 15px;\n            display: inline-block;\n            text-decoration: none;\n            font-weight: bold;\n            transition: background-color 0.3s;\n        }\n        .cta-secondary:hover {\n            background-color: var(--worker-sky-blue);\n        }\n\n        table {\n            width: 100%;\n            border-collapse: collapse;\n            margin: 20px 0;\n        }\n\n        th, td {\n            border: 1px solid #ddd;\n            padding: 15px;\n            text-align: left;\n        }\n\n        th {\n            background-color: var(--worker-royal-blue);\n            color: white; \n            font-weight: 700;\n        }\n        \n        .price-cell {\n            font-size: 1.2em;\n            font-weight: bold;\n            color: var(--worker-royal-blue);\n        }\n\n        .benefits-box {\n            background-color: var(--worker-sky-blue);\n            padding: 20px;\n            border-radius: 5px;\n            margin-top: 15px;\n        }\n        .benefits-box ul {\n            list-style-type: '\ud83d\udc49';\n            padding-left: 20px;\n        }\n        .benefits-box li {\n            padding-left: 10px;\n            margin-bottom: 10px;\n        }\n\n        .acic-link {\n            color: inherit;\n            text-decoration: underline;\n            font-weight: bold;\n        }\n\n        \/* --- Chat Prompt Section --- *\/\n        .chat-prompt {\n            background-color: var(--worker-sky-blue);\n            border-left: 5px solid var(--worker-royal-blue);\n            border-radius: 8px;\n            padding: 25px 30px;\n            margin-top: 40px;\n            display: flex;\n            align-items: center;\n            gap: 20px;\n        }\n\n        .chat-prompt-icon {\n            font-size: 2.5em;\n            flex-shrink: 0;\n        }\n\n        .chat-prompt-text h3 {\n            margin: 0 0 6px 0;\n            font-size: 1.1em;\n        }\n\n        .chat-prompt-text p {\n            margin: 0;\n            font-size: 0.95em;\n            color: #444;\n        }\n\n        @media (max-width: 480px) {\n            .chat-prompt {\n                flex-direction: column;\n                text-align: center;\n            }\n        }\n    <\/style>\n<\/head>\n<body>\n\n    <header>\n        <h1>\ud83d\udc6e Worker Checks : Votre solution fiable et rapide pour les contr\u00f4les de police<\/h1>\n    <\/header>\n\n    <p>Workerchecks.com is one of Australia&#8217;s leading platforms, simplifying and accelerating Nationally Coordinated Criminal History Checks (police checks) for businesses and individuals nationwide. Whether you&#8217;re an employer needing a seamless solution or an applicant requiring a check fast, we deliver <a href=\"https:\/\/www.acic.gov.au\/accredited-bodies\" target=\"_blank\" class=\"acic-link\" rel=\"noopener\">Accr\u00e9ditation ACIC<\/a> results \u2014 80% of checks are completed within 1\u20133 minutes.<\/p>\n\n    <section>\n        <h2>\u2705 Obtenez aujourd'hui votre v\u00e9rification des ant\u00e9c\u00e9dents criminels coordonn\u00e9e \u00e0 l'\u00e9chelle nationale<\/h2>\n\n        <table>\n            <thead>\n                <tr>\n                    <th>Type de contr\u00f4le<\/th>\n                    <th>Price (inc GST)<\/th>\n                    <th>Est. D\u00e9lai d'ach\u00e8vement<\/th>\n                    <th>Id\u00e9al pour<\/th>\n                <\/tr>\n            <\/thead>\n            <tbody>\n                <tr>\n                    <td>V\u00e9rification des ant\u00e9c\u00e9dents criminels des volontaires coordonn\u00e9e au niveau national<\/td>\n                    <td class=\"price-cell\">$21<\/td>\n                    <td>80% within 1\u20133 minutes<\/td>\n                    <td>Les fonctions \u00e0 but non lucratif, caritatives ou non r\u00e9mun\u00e9r\u00e9es.<\/td>\n                <\/tr>\n                <tr>\n                    <td>Ch\u00e8que emploi plein<\/td>\n                    <td class=\"price-cell\">$49<\/td>\n                    <td>80% within 1\u20133 minutes<\/td>\n                    <td>Emploi, licences, accr\u00e9ditations et objectifs g\u00e9n\u00e9raux.<\/td>\n                <\/tr>\n            <\/tbody>\n        <\/table>\n\n        <p class=\"small text-muted\"><em>Pricing accurate as of April 2026. All prices include GST. Some checks <a href=\"https:\/\/workerchecks.com\/fr\/documents\/raisons-pour-lesquelles-un-controle-de-police-est-retarde\/\">flagged for manual review<\/a> by police agencies may take up to 15 business days.<\/em><\/p>\n\n        <a href=\"https:\/\/workerchecks.com\/fr\/product\/verification-des-antecedents-criminels-coordonnee-au-niveau-national\/\" class=\"cta-primary\">\n            OBTENEZ VOTRE CH\u00c8QUE MAINTENANT\n        <\/a>\n    <\/section>\n\n    <hr style=\"border: 0; height: 1px; background: #eee; margin: 30px 0;\">\n\n    <section>\n        <h2>\ud83d\udcbc La solution ultime pour la gestion des contr\u00f4les de police des entreprises<\/h2>\n\n        <p>Arr\u00eatez de jongler avec les feuilles de calcul et de courir apr\u00e8s le papier ! Worker Checks propose une **Suite de gestion compl\u00e8te et gratuite** con\u00e7ue pour g\u00e9rer toutes les v\u00e9rifications de conformit\u00e9 et d'ant\u00e9c\u00e9dents des travailleurs de votre organisation. Rationalisez l'ensemble de votre processus de contr\u00f4le de la main-d'\u0153uvre gr\u00e2ce \u00e0 notre puissante plateforme :<\/p>\n\n        <h3>Avantages de la Core Management Suite<\/h3>\n        <div class=\"benefits-box\">\n            <ul>\n                <li>Options de paiement employ\u00e9\/employeur : Commandez des contr\u00f4les de police pr\u00e9pay\u00e9s \u00e0 partir du portail de votre entreprise ou invitez vos employ\u00e9s \u00e0 effectuer et \u00e0 payer leurs propres contr\u00f4les.<\/li>\n                <li>Alertes de conformit\u00e9 et de risque : Suite de gestion des alertes et de la non-conformit\u00e9 des contr\u00f4les des travailleurs.<\/li>\n                <li>Marquage personnalis\u00e9 : Votre marque sur la correspondance \u00e9lectronique envoy\u00e9e aux candidats.<\/li>\n                <li>Centralized Portal View: Real-time portal view of all your worker&#8217;s status.<\/li>\n                <li>Applicabilit\u00e9 universelle : Disponible pour toute organisation souhaitant un contr\u00f4le simplifi\u00e9 de la main-d'\u0153uvre.<\/li>\n            <\/ul>\n        <\/div>\n\n        <a href=\"https:\/\/workerchecks.com\/fr\/solution-commerciale-pour-les-controles-de-police\/\" class=\"cta-secondary\">\n            Pour en savoir plus sur les solutions pour les entreprises, cliquez ici\n        <\/a>\n    <\/section>\n\n    <hr style=\"border: 0; height: 1px; background: #eee; margin: 30px 0;\">\n\n    <section>\n        <h2>\ud83d\udd12 Pourquoi choisir Worker Checks ?<\/h2>\n\n        <h3>1. Accr\u00e9dit\u00e9 et s\u00e9curis\u00e9 par le gouvernement<\/h3>\n        <p>Worker Checks Pty Ltd est un organisme accr\u00e9dit\u00e9 aupr\u00e8s de l'Organisation mondiale de la sant\u00e9 (OMS). <a href=\"https:\/\/www.acic.gov.au\/accredited-bodies\" target=\"_blank\" class=\"acic-link\" rel=\"noopener\">Commission australienne du renseignement criminel (ACIC)<\/a>. Notre processus est enti\u00e8rement conforme, s\u00e9curis\u00e9 et reconnu au niveau national.<\/p>\n        <p><a href=\"https:\/\/www.acic.gov.au\/accredited-bodies\" target=\"_blank\" class=\"cta-secondary\" style=\"display: inline-block;\" rel=\"noopener\">Voir l'accr\u00e9ditation<\/a><\/p>\n\n        <h3>2. Une vitesse \u00e0 la pointe de l'industrie<\/h3>\n        <p>80% of checks are completed within 1\u20133 minutes. Applicants or employees can share or print their Police Checks from their personal portal (CheckHub). The remaining 20% of applications may be <a href=\"https:\/\/workerchecks.com\/fr\/documents\/raisons-pour-lesquelles-un-controle-de-police-est-retarde\/\">flagged for manual review<\/a> by police agencies, which can take up to 15 business days.<\/p>\n\n        <h3>3. Assistance locale en Australie, 7 jours sur 7<\/h3>\n        <p>Notre \u00e9quipe d'assistance \u00e0 la client\u00e8le, bas\u00e9e en Australie, est l\u00e0 pour vous aider \u00e0 chaque \u00e9tape.<\/p>\n        <p><strong>Heures de soutien :<\/strong> 7am \u2013 10pm (7 Days a week)<\/p>\n    <\/section>\n\n    <!-- Chat Prompt -->\n    <div class=\"chat-prompt\">\n        <div class=\"chat-prompt-icon\">\ud83d\udcac<\/div>\n        <div class=\"chat-prompt-text\">\n            <h3>Have a question? We&#8217;re here to help.<\/h3>\n            <p>Cliquez sur le bouton <strong>Chat et recherche<\/strong> button in the bottom right corner to talk to our team or search our Help Hub \u2014 available 7am\u201310pm, 7 days a week.<\/p>\n        <\/div>\n    <\/div>\n\n<\/body>\n<\/html>\n<\/div><\/div>\n\n<\/div><\/div>\n\n<style>.wp-block-kadence-advancedbtn.kb-btns9816_6145f4-87{gap:var(--global-kb-gap-xs, 0.5rem );justify-content:center;align-items:center;}.kt-btns9816_6145f4-87 .kt-button{font-weight:normal;font-style:normal;}.kt-btns9816_6145f4-87 .kt-btn-wrap-0{margin-right:5px;}.wp-block-kadence-advancedbtn.kt-btns9816_6145f4-87 .kt-btn-wrap-0 .kt-button{color:#555555;border-color:#555555;}.wp-block-kadence-advancedbtn.kt-btns9816_6145f4-87 .kt-btn-wrap-0 .kt-button:hover, .wp-block-kadence-advancedbtn.kt-btns9816_6145f4-87 .kt-btn-wrap-0 .kt-button:focus{color:#ffffff;border-color:#444444;}.wp-block-kadence-advancedbtn.kt-btns9816_6145f4-87 .kt-btn-wrap-0 .kt-button::before{display:none;}.wp-block-kadence-advancedbtn.kt-btns9816_6145f4-87 .kt-btn-wrap-0 .kt-button:hover, .wp-block-kadence-advancedbtn.kt-btns9816_6145f4-87 .kt-btn-wrap-0 .kt-button:focus{background:#444444;}<\/style>\n<div class=\"wp-block-kadence-advancedbtn kb-buttons-wrap kb-btns9816_6145f4-87\"><style>ul.menu .wp-block-kadence-advancedbtn .kb-btn9816_556ad2-a0.kb-button{width:initial;}<\/style><a class=\"kb-button kt-button button kb-btn9816_556ad2-a0 kt-btn-size-standard kt-btn-width-type-auto kb-btn-global-fill  kt-btn-has-text-true kt-btn-has-svg-true  wp-block-kadence-singlebtn\" href=\"https:\/\/workerchecks.com\/fr\/police-check-providers-australia\/\"><span class=\"kt-btn-inner-text\">Comparison police check providers in Australia <\/span><span class=\"kb-svg-icon-wrap kb-svg-icon-fe_checkSquare kt-btn-icon-side-right\"><svg viewbox=\"0 0 24 24\"  fill=\"none\" stroke=\"currentColor\" stroke-width=\"2\" stroke-linecap=\"round\" stroke-linejoin=\"round\" xmlns=\"http:\/\/www.w3.org\/2000\/svg\"  aria-hidden=\"true\"><polyline points=\"9 11 12 14 22 4\"\/><path d=\"M21 12v7a2 2 0 0 1-2 2H5a2 2 0 0 1-2-2V5a2 2 0 0 1 2-2h11\"\/><\/svg><\/span><\/a><\/div>","protected":false},"excerpt":{"rendered":"<p>Australian Police Checks | Fast, ACIC Accredited &#038; Business Solutions | Worker Checks \ud83d\udc6e Worker Checks: Your Trusted &#038; Fast Police Check Solution Workerchecks.com is one of Australia&#8217;s leading platforms, simplifying and accelerating Nationally Coordinated Criminal History Checks (police checks) for businesses and individuals nationwide. Whether you&#8217;re an employer needing a seamless solution or an&#8230;<\/p>","protected":false},"author":196713191,"featured_media":2618,"parent":0,"menu_order":0,"comment_status":"closed","ping_status":"closed","template":"","meta":{"_kadence_starter_templates_imported_post":false,"_kad_post_transparent":"","_kad_post_title":"","_kad_post_layout":"","_kad_post_sidebar_id":"","_kad_post_content_style":"","_kad_post_vertical_padding":"","_kad_post_feature":"","_kad_post_feature_position":"","_kad_post_header":false,"_kad_post_footer":false,"_kad_post_classname":"","footnotes":""},"class_list":["post-2546","page","type-page","status-publish","has-post-thumbnail","hentry"],"_links":{"self":[{"href":"https:\/\/workerchecks.com\/fr\/wp-json\/wp\/v2\/pages\/2546","targetHints":{"allow":["GET"]}}],"collection":[{"href":"https:\/\/workerchecks.com\/fr\/wp-json\/wp\/v2\/pages"}],"about":[{"href":"https:\/\/workerchecks.com\/fr\/wp-json\/wp\/v2\/types\/page"}],"author":[{"embeddable":true,"href":"https:\/\/workerchecks.com\/fr\/wp-json\/wp\/v2\/users\/196713191"}],"replies":[{"embeddable":true,"href":"https:\/\/workerchecks.com\/fr\/wp-json\/wp\/v2\/comments?post=2546"}],"version-history":[{"count":0,"href":"https:\/\/workerchecks.com\/fr\/wp-json\/wp\/v2\/pages\/2546\/revisions"}],"wp:featuredmedia":[{"embeddable":true,"href":"https:\/\/workerchecks.com\/fr\/wp-json\/wp\/v2\/media\/2618"}],"wp:attachment":[{"href":"https:\/\/workerchecks.com\/fr\/wp-json\/wp\/v2\/media?parent=2546"}],"curies":[{"name":"wp","href":"https:\/\/api.w.org\/{rel}","templated":true}]}}