{"id":1829,"date":"2021-06-07T13:07:19","date_gmt":"2021-06-07T03:07:19","guid":{"rendered":"https:\/\/workerchecks.com\/?page_id=1829"},"modified":"2025-12-01T20:16:18","modified_gmt":"2025-12-01T09:16:18","slug":"controle-de-police-de-demirs","status":"publish","type":"page","link":"https:\/\/workerchecks.com\/fr\/industries\/demirs-police-check\/","title":{"rendered":"Autorisation de la police - DEMIRS Police Check"},"content":{"rendered":"<style>.kb-row-layout-id1829_e2108c-d0 > .kt-row-column-wrap{align-content:start;}:where(.kb-row-layout-id1829_e2108c-d0 > .kt-row-column-wrap) > .wp-block-kadence-column{justify-content:start;}.kb-row-layout-id1829_e2108c-d0 > .kt-row-column-wrap{column-gap:var(--global-kb-gap-md, 2rem);row-gap:var(--global-kb-gap-md, 2rem);padding-top:var(--global-kb-spacing-sm, 1.5rem);padding-bottom:var(--global-kb-spacing-sm, 1.5rem);grid-template-columns:minmax(0, 1fr);}.kb-row-layout-id1829_e2108c-d0 > .kt-row-layout-overlay{opacity:0.30;}@media all and (max-width: 1024px){.kb-row-layout-id1829_e2108c-d0 > .kt-row-column-wrap{grid-template-columns:minmax(0, 1fr);}}@media all and (max-width: 767px){.kb-row-layout-id1829_e2108c-d0 > .kt-row-column-wrap{grid-template-columns:minmax(0, 1fr);}}<\/style><div class=\"kb-row-layout-wrap kb-row-layout-id1829_e2108c-d0 alignnone wp-block-kadence-rowlayout\"><div class=\"kt-row-column-wrap kt-has-1-columns kt-row-layout-equal kt-tab-layout-inherit kt-mobile-layout-row kt-row-valign-top\">\n<style>.kadence-column1829_b51eae-d1 > .kt-inside-inner-col{display:flex;}.kadence-column1829_b51eae-d1 > .kt-inside-inner-col,.kadence-column1829_b51eae-d1 > .kt-inside-inner-col:before{border-top-left-radius:0px;border-top-right-radius:0px;border-bottom-right-radius:0px;border-bottom-left-radius:0px;}.kadence-column1829_b51eae-d1 > .kt-inside-inner-col{column-gap:var(--global-kb-gap-sm, 1rem);}.kadence-column1829_b51eae-d1 > .kt-inside-inner-col{flex-direction:column;align-items:center;}.kadence-column1829_b51eae-d1 > .kt-inside-inner-col > .kb-image-is-ratio-size{align-self:stretch;}.kadence-column1829_b51eae-d1 > .kt-inside-inner-col > .wp-block-kadence-advancedgallery{align-self:stretch;}.kadence-column1829_b51eae-d1 > .kt-inside-inner-col > .aligncenter{width:100%;}.kadence-column1829_b51eae-d1 > .kt-inside-inner-col:before{opacity:0.3;}.kadence-column1829_b51eae-d1{position:relative;}@media all and (max-width: 1024px){.kadence-column1829_b51eae-d1 > .kt-inside-inner-col{flex-direction:column;justify-content:center;align-items:center;}}@media all and (max-width: 767px){.kadence-column1829_b51eae-d1 > .kt-inside-inner-col{flex-direction:column;justify-content:center;align-items:center;}}<\/style>\n<div class=\"wp-block-kadence-column kadence-column1829_b51eae-d1\"><div class=\"kt-inside-inner-col\">\n<figure class=\"wp-block-image size-full\"><img decoding=\"async\" width=\"1280\" height=\"720\" src=\"https:\/\/workerchecks.com\/wp-content\/uploads\/2024\/04\/DEMIRS-Check-1.jpg\" alt=\"Contr\u00f4le de police DEMIRS\" class=\"wp-image-6782\" title=\"\" srcset=\"https:\/\/workerchecks.com\/wp-content\/uploads\/2024\/04\/DEMIRS-Check-1.jpg 1280w, https:\/\/workerchecks.com\/wp-content\/uploads\/2024\/04\/DEMIRS-Check-1-300x169.jpg 300w, https:\/\/workerchecks.com\/wp-content\/uploads\/2024\/04\/DEMIRS-Check-1-1024x576.jpg 1024w, https:\/\/workerchecks.com\/wp-content\/uploads\/2024\/04\/DEMIRS-Check-1-768x432.jpg 768w, https:\/\/workerchecks.com\/wp-content\/uploads\/2024\/04\/DEMIRS-Check-1-1200x675.jpg 1200w, https:\/\/workerchecks.com\/wp-content\/uploads\/2024\/04\/DEMIRS-Check-1-600x338.jpg 600w\" sizes=\"(max-width: 1280px) 100vw, 1280px\" \/><\/figure>\n<\/div><\/div>\n\n<\/div><\/div>\n\n<style>.kb-row-layout-id1829_e87708-68 > .kt-row-column-wrap{align-content:start;}:where(.kb-row-layout-id1829_e87708-68 > .kt-row-column-wrap) > .wp-block-kadence-column{justify-content:start;}.kb-row-layout-id1829_e87708-68 > .kt-row-column-wrap{column-gap:var(--global-kb-gap-md, 2rem);row-gap:var(--global-kb-gap-md, 2rem);padding-top:var(--global-kb-spacing-sm, 1.5rem);padding-bottom:var(--global-kb-spacing-sm, 1.5rem);grid-template-columns:minmax(0, 1fr);}.kb-row-layout-id1829_e87708-68 > .kt-row-layout-overlay{opacity:0.30;}@media all and (max-width: 1024px){.kb-row-layout-id1829_e87708-68 > .kt-row-column-wrap{grid-template-columns:minmax(0, 1fr);}}@media all and (max-width: 767px){.kb-row-layout-id1829_e87708-68 > .kt-row-column-wrap{grid-template-columns:minmax(0, 1fr);}}<\/style><div class=\"kb-row-layout-wrap kb-row-layout-id1829_e87708-68 alignnone wp-block-kadence-rowlayout\"><div class=\"kt-row-column-wrap kt-has-1-columns kt-row-layout-equal kt-tab-layout-inherit kt-mobile-layout-row kt-row-valign-top\">\n<style>.kadence-column1829_07bf45-45 > .kt-inside-inner-col{display:flex;}.kadence-column1829_07bf45-45 > .kt-inside-inner-col,.kadence-column1829_07bf45-45 > .kt-inside-inner-col:before{border-top-left-radius:0px;border-top-right-radius:0px;border-bottom-right-radius:0px;border-bottom-left-radius:0px;}.kadence-column1829_07bf45-45 > .kt-inside-inner-col{column-gap:var(--global-kb-gap-sm, 1rem);}.kadence-column1829_07bf45-45 > .kt-inside-inner-col{flex-direction:column;align-items:center;}.kadence-column1829_07bf45-45 > .kt-inside-inner-col > .kb-image-is-ratio-size{align-self:stretch;}.kadence-column1829_07bf45-45 > .kt-inside-inner-col > .wp-block-kadence-advancedgallery{align-self:stretch;}.kadence-column1829_07bf45-45 > .kt-inside-inner-col > .aligncenter{width:100%;}.kadence-column1829_07bf45-45 > .kt-inside-inner-col:before{opacity:0.3;}.kadence-column1829_07bf45-45{position:relative;}@media all and (max-width: 1024px){.kadence-column1829_07bf45-45 > .kt-inside-inner-col{flex-direction:column;justify-content:center;align-items:center;}}@media all and (max-width: 767px){.kadence-column1829_07bf45-45 > .kt-inside-inner-col{flex-direction:column;justify-content:center;align-items:center;}}<\/style>\n<div class=\"wp-block-kadence-column kadence-column1829_07bf45-45\"><div class=\"kt-inside-inner-col\">\n<div class=\"wp-block-buttons is-layout-flex wp-block-buttons-is-layout-flex\">\n<div class=\"wp-block-button\"><a class=\"wp-block-button__link wp-element-button\" href=\"https:\/\/workerchecks.com\/fr\/checkout-link\/?products=2804\"><strong>OBTENIR UN CONTR\u00d4LE DE POLICE DE DEMIRS<\/strong><\/a><\/div>\n<\/div>\n<\/div><\/div>\n\n<\/div><\/div>\n\n<style>.kb-row-layout-id1829_b6f71b-cf > .kt-row-column-wrap{align-content:start;}:where(.kb-row-layout-id1829_b6f71b-cf > .kt-row-column-wrap) > .wp-block-kadence-column{justify-content:start;}.kb-row-layout-id1829_b6f71b-cf > .kt-row-column-wrap{column-gap:var(--global-kb-gap-md, 2rem);row-gap:var(--global-kb-gap-md, 2rem);padding-top:var(--global-kb-spacing-sm, 1.5rem);padding-bottom:var(--global-kb-spacing-sm, 1.5rem);grid-template-columns:minmax(0, 1fr);}.kb-row-layout-id1829_b6f71b-cf > .kt-row-layout-overlay{opacity:0.30;}@media all and (max-width: 1024px){.kb-row-layout-id1829_b6f71b-cf > .kt-row-column-wrap{grid-template-columns:minmax(0, 1fr);}}@media all and (max-width: 767px){.kb-row-layout-id1829_b6f71b-cf > .kt-row-column-wrap{grid-template-columns:minmax(0, 1fr);}}<\/style><div class=\"kb-row-layout-wrap kb-row-layout-id1829_b6f71b-cf alignnone wp-block-kadence-rowlayout\"><div class=\"kt-row-column-wrap kt-has-1-columns kt-row-layout-equal kt-tab-layout-inherit kt-mobile-layout-row kt-row-valign-top\">\n<style>.kadence-column1829_5cb917-63 > .kt-inside-inner-col,.kadence-column1829_5cb917-63 > .kt-inside-inner-col:before{border-top-left-radius:0px;border-top-right-radius:0px;border-bottom-right-radius:0px;border-bottom-left-radius:0px;}.kadence-column1829_5cb917-63 > .kt-inside-inner-col{column-gap:var(--global-kb-gap-sm, 1rem);}.kadence-column1829_5cb917-63 > .kt-inside-inner-col{flex-direction:column;}.kadence-column1829_5cb917-63 > .kt-inside-inner-col > .aligncenter{width:100%;}.kadence-column1829_5cb917-63 > .kt-inside-inner-col:before{opacity:0.3;}.kadence-column1829_5cb917-63{position:relative;}@media all and (max-width: 1024px){.kadence-column1829_5cb917-63 > .kt-inside-inner-col{flex-direction:column;justify-content:center;}}@media all and (max-width: 767px){.kadence-column1829_5cb917-63 > .kt-inside-inner-col{flex-direction:column;justify-content:center;}}<\/style>\n<div class=\"wp-block-kadence-column kadence-column1829_5cb917-63\"><div class=\"kt-inside-inner-col\">\n<h2 class=\"wp-block-heading\">Obtenir rapidement en ligne un permis de police - DEMIRS Police Check<br><\/h2>\n\n\n\n<p>Besoin d'un certificat de police pour l'obtention d'un permis ? Contr\u00f4le de police DEMIRS pour l'obtention d'un permis ? Worker Checks est un fournisseur accr\u00e9dit\u00e9 de v\u00e9rifications des ant\u00e9c\u00e9dents criminels coordonn\u00e9es au niveau national par le minist\u00e8re de l'\u00e9nergie, des mines, de la r\u00e9glementation industrielle et de la s\u00e9curit\u00e9 (DEMIRS).<br><br><\/p>\n<\/div><\/div>\n\n<\/div><\/div>\n\n<style>.kb-row-layout-id1829_0956b5-18 > .kt-row-column-wrap{align-content:start;}:where(.kb-row-layout-id1829_0956b5-18 > .kt-row-column-wrap) > .wp-block-kadence-column{justify-content:start;}.kb-row-layout-id1829_0956b5-18 > .kt-row-column-wrap{column-gap:var(--global-kb-gap-md, 2rem);row-gap:var(--global-kb-gap-md, 2rem);padding-top:var(--global-kb-spacing-sm, 1.5rem);padding-bottom:var(--global-kb-spacing-sm, 1.5rem);grid-template-columns:minmax(0, 1fr);}.kb-row-layout-id1829_0956b5-18 > .kt-row-layout-overlay{opacity:0.30;}@media all and (max-width: 1024px){.kb-row-layout-id1829_0956b5-18 > .kt-row-column-wrap{grid-template-columns:minmax(0, 1fr);}}@media all and (max-width: 767px){.kb-row-layout-id1829_0956b5-18 > .kt-row-column-wrap{grid-template-columns:minmax(0, 1fr);}}<\/style><div class=\"kb-row-layout-wrap kb-row-layout-id1829_0956b5-18 alignnone wp-block-kadence-rowlayout\"><div class=\"kt-row-column-wrap kt-has-1-columns kt-row-layout-equal kt-tab-layout-inherit kt-mobile-layout-row kt-row-valign-top\">\n<style>.kadence-column1829_3b391b-13 > .kt-inside-inner-col,.kadence-column1829_3b391b-13 > .kt-inside-inner-col:before{border-top-left-radius:0px;border-top-right-radius:0px;border-bottom-right-radius:0px;border-bottom-left-radius:0px;}.kadence-column1829_3b391b-13 > .kt-inside-inner-col{column-gap:var(--global-kb-gap-sm, 1rem);}.kadence-column1829_3b391b-13 > .kt-inside-inner-col{flex-direction:column;}.kadence-column1829_3b391b-13 > .kt-inside-inner-col > .aligncenter{width:100%;}.kadence-column1829_3b391b-13 > .kt-inside-inner-col:before{opacity:0.3;}.kadence-column1829_3b391b-13{position:relative;}@media all and (max-width: 1024px){.kadence-column1829_3b391b-13 > .kt-inside-inner-col{flex-direction:column;justify-content:center;}}@media all and (max-width: 767px){.kadence-column1829_3b391b-13 > .kt-inside-inner-col{flex-direction:column;justify-content:center;}}<\/style>\n<div class=\"wp-block-kadence-column kadence-column1829_3b391b-13\"><div class=\"kt-inside-inner-col\">\n<p><strong>Informations importantes :<\/strong><br><\/p>\n\n\n\n<p>Pour \u00eatre accept\u00e9, le certificat doit pr\u00e9ciser \"<strong>Permis de mines, de r\u00e9glementation industrielle et de s\u00e9curit\u00e9<\/strong>\"en tant qu'autorit\u00e9 \u00e9mettrice du ch\u00e8que.<\/p>\n\n\n\n<ul class=\"wp-block-list\">\n<li><strong>Permis de mines, de r\u00e9glementation industrielle et de s\u00e9curit\u00e9 <\/strong>doit figurer sur votre certificat de contr\u00f4le de police, faute de quoi il ne sera pas accept\u00e9. Vous devrez alors obtenir un autre contr\u00f4le \u00e0 vos frais.<\/li>\n<\/ul>\n\n\n\n<p>Veillez \u00e0 ajouter les \u00e9l\u00e9ments suivants \u00e0 l'autorit\u00e9 de d\u00e9livrance lors de l'introduction de votre demande :<br><\/p>\n\n\n\n<figure class=\"wp-block-image size-full\"><img decoding=\"async\" width=\"984\" height=\"718\" src=\"https:\/\/workerchecks.com\/wp-content\/uploads\/2024\/03\/DMIRS-Application-Screenshot.jpg\" alt=\"Demande de contr\u00f4le de police DMIRS\" class=\"wp-image-6443\" title=\"\" srcset=\"https:\/\/workerchecks.com\/wp-content\/uploads\/2024\/03\/DMIRS-Application-Screenshot.jpg 984w, https:\/\/workerchecks.com\/wp-content\/uploads\/2024\/03\/DMIRS-Application-Screenshot-300x219.jpg 300w, https:\/\/workerchecks.com\/wp-content\/uploads\/2024\/03\/DMIRS-Application-Screenshot-768x560.jpg 768w, https:\/\/workerchecks.com\/wp-content\/uploads\/2024\/03\/DMIRS-Application-Screenshot-600x438.jpg 600w\" sizes=\"(max-width: 984px) 100vw, 984px\" \/><\/figure>\n<\/div><\/div>\n\n<\/div><\/div>\n\n<style>.kb-row-layout-id1829_edcfbf-09 > .kt-row-column-wrap{align-content:start;}:where(.kb-row-layout-id1829_edcfbf-09 > .kt-row-column-wrap) > .wp-block-kadence-column{justify-content:start;}.kb-row-layout-id1829_edcfbf-09 > .kt-row-column-wrap{column-gap:var(--global-kb-gap-md, 2rem);row-gap:var(--global-kb-gap-md, 2rem);padding-top:var(--global-kb-spacing-sm, 1.5rem);padding-bottom:var(--global-kb-spacing-sm, 1.5rem);grid-template-columns:minmax(0, 1fr);}.kb-row-layout-id1829_edcfbf-09 > .kt-row-layout-overlay{opacity:0.30;}@media all and (max-width: 1024px){.kb-row-layout-id1829_edcfbf-09 > .kt-row-column-wrap{grid-template-columns:minmax(0, 1fr);}}@media all and (max-width: 767px){.kb-row-layout-id1829_edcfbf-09 > .kt-row-column-wrap{grid-template-columns:minmax(0, 1fr);}}<\/style><div class=\"kb-row-layout-wrap kb-row-layout-id1829_edcfbf-09 alignnone wp-block-kadence-rowlayout\"><div class=\"kt-row-column-wrap kt-has-1-columns kt-row-layout-equal kt-tab-layout-inherit kt-mobile-layout-row kt-row-valign-top\">\n<style>.kadence-column1829_620e1e-bd > .kt-inside-inner-col,.kadence-column1829_620e1e-bd > .kt-inside-inner-col:before{border-top-left-radius:0px;border-top-right-radius:0px;border-bottom-right-radius:0px;border-bottom-left-radius:0px;}.kadence-column1829_620e1e-bd > .kt-inside-inner-col{column-gap:var(--global-kb-gap-sm, 1rem);}.kadence-column1829_620e1e-bd > .kt-inside-inner-col{flex-direction:column;}.kadence-column1829_620e1e-bd > .kt-inside-inner-col > .aligncenter{width:100%;}.kadence-column1829_620e1e-bd > .kt-inside-inner-col:before{opacity:0.3;}.kadence-column1829_620e1e-bd{position:relative;}@media all and (max-width: 1024px){.kadence-column1829_620e1e-bd > .kt-inside-inner-col{flex-direction:column;justify-content:center;}}@media all and (max-width: 767px){.kadence-column1829_620e1e-bd > .kt-inside-inner-col{flex-direction:column;justify-content:center;}}<\/style>\n<div class=\"wp-block-kadence-column kadence-column1829_620e1e-bd\"><div class=\"kt-inside-inner-col\">\n<div class=\"wp-block-buttons is-layout-flex wp-block-buttons-is-layout-flex\">\n<div class=\"wp-block-button\"><a class=\"wp-block-button__link wp-element-button\" href=\"https:\/\/workerchecks.com\/fr\/checkout-link\/?products=2804\"><strong>OBTENIR UN CONTR\u00d4LE DE POLICE DE DEMIRS<\/strong><\/a><\/div>\n<\/div>\n\n\n<style>.kadence-column1829_038c0c-49 > .kt-inside-inner-col,.kadence-column1829_038c0c-49 > .kt-inside-inner-col:before{border-top-left-radius:0px;border-top-right-radius:0px;border-bottom-right-radius:0px;border-bottom-left-radius:0px;}.kadence-column1829_038c0c-49 > .kt-inside-inner-col{column-gap:var(--global-kb-gap-sm, 1rem);}.kadence-column1829_038c0c-49 > .kt-inside-inner-col{flex-direction:column;}.kadence-column1829_038c0c-49 > .kt-inside-inner-col > .aligncenter{width:100%;}.kadence-column1829_038c0c-49 > .kt-inside-inner-col:before{opacity:0.3;}.kadence-column1829_038c0c-49{position:relative;}@media all and (max-width: 1024px){.kadence-column1829_038c0c-49 > .kt-inside-inner-col{flex-direction:column;justify-content:center;}}@media all and (max-width: 767px){.kadence-column1829_038c0c-49 > .kt-inside-inner-col{flex-direction:column;justify-content:center;}}<\/style>\n<div class=\"wp-block-kadence-column kadence-column1829_038c0c-49\"><div class=\"kt-inside-inner-col\">\n<h2 class=\"wp-block-heading\"><strong>DEMIRS Licensing Police Check - D\u00e9partement des mines, de l'industrie, de la r\u00e9glementation et de la s\u00e9curit\u00e9 (WA)<\/strong><\/h2>\n<\/div><\/div>\n\n\n\n<h2 class=\"wp-block-heading\"><strong>Qui doit faire l'objet d'un contr\u00f4le de police DMIRS ?<\/strong><\/h2>\n\n\n\n<p>Un contr\u00f4le de police est requis pour de nombreuses licences professionnelles d\u00e9livr\u00e9es ou supervis\u00e9es par le DEMIRS, notamment<\/p>\n\n\n\n<ul class=\"wp-block-list\">\n<li>Commissaire \u00e0 la protection des consommateurs<\/li>\n\n\n\n<li>Directeur de la s\u00e9curit\u00e9 \u00e9nerg\u00e9tique<\/li>\n\n\n\n<li>Commission d'habilitation \u00e9lectrique<\/li>\n\n\n\n<li>Commission des licences de plombiers<\/li>\n\n\n\n<li>Conseil des services de construction<\/li>\n<\/ul>\n\n\n\n<p>Si vous demandez, renouvelez ou restaurez une licence professionnelle en vertu de l'une de ces autorit\u00e9s, vous devez fournir une attestation de v\u00e9rification de la police nationale australienne (Australian National Police Check) conforme.<\/p>\n\n\n\n<hr class=\"wp-block-separator has-alpha-channel-opacity\"\/>\n\n\n\n<h2 class=\"wp-block-heading\"><strong>Quand un contr\u00f4le de police est-il n\u00e9cessaire pour l'obtention d'un permis du minist\u00e8re des Mines ?<\/strong><\/h2>\n\n\n\n<p>La plupart des permis r\u00e9glement\u00e9s par le DEMIRS exigent un contr\u00f4le de police. Les exigences varient en fonction du type de licence. <strong>formulaire de demande<\/strong> pour votre profession sp\u00e9cifique.<\/p>\n\n\n\n<p>Les contr\u00f4les de police sont g\u00e9n\u00e9ralement exig\u00e9s pour :<\/p>\n\n\n\n<ul class=\"wp-block-list\">\n<li>Nouvelles demandes de licences<\/li>\n\n\n\n<li>Renouvellement des licences<\/li>\n\n\n\n<li>R\u00e9tablissement des licences expir\u00e9es<\/li>\n\n\n\n<li>Applications de reconnaissance mutuelle<\/li>\n<\/ul>\n\n\n\n<p>En cas de doute, consultez le formulaire de demande de licence DEMIRS pour confirmer les exigences en mati\u00e8re de v\u00e9rification polici\u00e8re.<\/p>\n\n\n\n<hr class=\"wp-block-separator has-alpha-channel-opacity\"\/>\n\n\n\n<h2 class=\"wp-block-heading\"><strong>Contr\u00f4les de police en vertu de la loi de 2004 sur la s\u00e9curit\u00e9 des marchandises dangereuses<\/strong><\/h2>\n\n\n\n<p>Si vous demandez une licence dans le cadre de la <strong>Loi de 2004 sur la s\u00e9curit\u00e9 des marchandises dangereuses<\/strong>, Le DMIRS pr\u00e9cise quels contr\u00f4les de police sont accept\u00e9s.<\/p>\n\n\n\n<p>Se r\u00e9f\u00e9rer \u00e0 la <strong>Autorisation de transport de marchandises dangereuses<\/strong> pour plus de d\u00e9tails.<\/p>\n\n\n\n<hr class=\"wp-block-separator has-alpha-channel-opacity\"\/>\n\n\n\n<h2 class=\"wp-block-heading\"><strong>Avez-vous besoin d'un contr\u00f4le de police international ?<\/strong><\/h2>\n\n\n\n<p>Si vous avez v\u00e9cu en dehors de l'Australie, le DMIRS peut exiger un <strong>Contr\u00f4le international de police<\/strong> en plus du contr\u00f4le de la police nationale australienne.<\/p>\n\n\n\n<p>Si vous avez besoin d'un contr\u00f4le de police \u00e0 l'\u00e9tranger :<br>\ud83d\udc49 <a href=\"https:\/\/workerchecks.com\/fr\/product\/controle-international-de-police\/\">https:\/\/workerchecks.com\/product\/international-police-check\/<\/a><\/p>\n\n\n\n<hr class=\"wp-block-separator has-alpha-channel-opacity\"\/>\n\n\n\n<h2 class=\"wp-block-heading\"><strong>Pourquoi choisir Worker Checks ?<\/strong><\/h2>\n\n\n\n<ul class=\"wp-block-list\">\n<li>Contr\u00f4les de la police nationale accr\u00e9dit\u00e9s par ACIC<\/li>\n\n\n\n<li>D\u00e9lai d'ex\u00e9cution rapide - 75% r\u00e9alis\u00e9 en 1 heure<\/li>\n\n\n\n<li>100% application en ligne avec capture mobile de documents<\/li>\n\n\n\n<li>Certificat instantan\u00e9 disponible sur votre portail s\u00e9curis\u00e9 Worker Checks<\/li>\n\n\n\n<li>Acceptation de la licence DEMIRS pour l'ensemble de l'Australie occidentale<\/li>\n<\/ul>\n\n\n\n<p><strong>Commencez d\u00e8s aujourd'hui votre contr\u00f4le de police pr\u00eat pour DEMIRS et recevez rapidement votre r\u00e9sultat.<\/strong><\/p>\n<\/div><\/div>\n\n<\/div><\/div>\n\n<style>.kb-row-layout-id1829_96dcf3-8d > .kt-row-column-wrap{align-content:start;}:where(.kb-row-layout-id1829_96dcf3-8d > .kt-row-column-wrap) > .wp-block-kadence-column{justify-content:start;}.kb-row-layout-id1829_96dcf3-8d > .kt-row-column-wrap{column-gap:var(--global-kb-gap-md, 2rem);row-gap:var(--global-kb-gap-md, 2rem);padding-top:var(--global-kb-spacing-sm, 1.5rem);padding-bottom:var(--global-kb-spacing-sm, 1.5rem);grid-template-columns:minmax(0, 1fr);}.kb-row-layout-id1829_96dcf3-8d > .kt-row-layout-overlay{opacity:0.30;}@media all and (max-width: 1024px){.kb-row-layout-id1829_96dcf3-8d > .kt-row-column-wrap{grid-template-columns:minmax(0, 1fr);}}@media all and (max-width: 767px){.kb-row-layout-id1829_96dcf3-8d > .kt-row-column-wrap{grid-template-columns:minmax(0, 1fr);}}<\/style><div class=\"kb-row-layout-wrap kb-row-layout-id1829_96dcf3-8d alignnone wp-block-kadence-rowlayout\"><div class=\"kt-row-column-wrap kt-has-1-columns kt-row-layout-equal kt-tab-layout-inherit kt-mobile-layout-row kt-row-valign-top\">\n<style>.kadence-column1829_63ebc9-37 > .kt-inside-inner-col,.kadence-column1829_63ebc9-37 > .kt-inside-inner-col:before{border-top-left-radius:0px;border-top-right-radius:0px;border-bottom-right-radius:0px;border-bottom-left-radius:0px;}.kadence-column1829_63ebc9-37 > .kt-inside-inner-col{column-gap:var(--global-kb-gap-sm, 1rem);}.kadence-column1829_63ebc9-37 > .kt-inside-inner-col{flex-direction:column;}.kadence-column1829_63ebc9-37 > .kt-inside-inner-col > .aligncenter{width:100%;}.kadence-column1829_63ebc9-37 > .kt-inside-inner-col:before{opacity:0.3;}.kadence-column1829_63ebc9-37{position:relative;}@media all and (max-width: 1024px){.kadence-column1829_63ebc9-37 > .kt-inside-inner-col{flex-direction:column;justify-content:center;}}@media all and (max-width: 767px){.kadence-column1829_63ebc9-37 > .kt-inside-inner-col{flex-direction:column;justify-content:center;}}<\/style>\n<div class=\"wp-block-kadence-column kadence-column1829_63ebc9-37\"><div class=\"kt-inside-inner-col\">\n<div class=\"wp-block-buttons is-layout-flex wp-block-buttons-is-layout-flex\">\n<div class=\"wp-block-button\"><a class=\"wp-block-button__link wp-element-button\" href=\"https:\/\/workerchecks.com\/fr\/checkout-link\/?products=2804\"><strong>OBTENIR L'AUTORISATION DE LA POLICE<\/strong><\/a><\/div>\n<\/div>\n<\/div><\/div>\n\n<\/div><\/div>","protected":false},"excerpt":{"rendered":"<p>Obtenez rapidement un certificat de police en ligne - DEMIRS Police Check Besoin d'un certificat de police pour l'obtention d'un permis ? V\u00e9rification polici\u00e8re DEMIRS pour l'obtention d'un permis ? Worker Checks est un fournisseur accr\u00e9dit\u00e9 de v\u00e9rifications des ant\u00e9c\u00e9dents criminels coordonn\u00e9es au niveau national par le minist\u00e8re de l'\u00e9nergie, des mines, de la r\u00e9glementation industrielle et de la s\u00e9curit\u00e9 (DEMIRS). Informations importantes : Pour \u00eatre accept\u00e9, le certificat...<\/p>","protected":false},"author":196713191,"featured_media":0,"parent":1842,"menu_order":0,"comment_status":"closed","ping_status":"closed","template":"","meta":{"_kadence_starter_templates_imported_post":false,"_kad_post_transparent":"","_kad_post_title":"","_kad_post_layout":"","_kad_post_sidebar_id":"","_kad_post_content_style":"","_kad_post_vertical_padding":"","_kad_post_feature":"","_kad_post_feature_position":"","_kad_post_header":false,"_kad_post_footer":false,"_kad_post_classname":"","footnotes":""},"class_list":["post-1829","page","type-page","status-publish","hentry"],"_links":{"self":[{"href":"https:\/\/workerchecks.com\/fr\/wp-json\/wp\/v2\/pages\/1829","targetHints":{"allow":["GET"]}}],"collection":[{"href":"https:\/\/workerchecks.com\/fr\/wp-json\/wp\/v2\/pages"}],"about":[{"href":"https:\/\/workerchecks.com\/fr\/wp-json\/wp\/v2\/types\/page"}],"author":[{"embeddable":true,"href":"https:\/\/workerchecks.com\/fr\/wp-json\/wp\/v2\/users\/196713191"}],"replies":[{"embeddable":true,"href":"https:\/\/workerchecks.com\/fr\/wp-json\/wp\/v2\/comments?post=1829"}],"version-history":[{"count":0,"href":"https:\/\/workerchecks.com\/fr\/wp-json\/wp\/v2\/pages\/1829\/revisions"}],"up":[{"embeddable":true,"href":"https:\/\/workerchecks.com\/fr\/wp-json\/wp\/v2\/pages\/1842"}],"wp:attachment":[{"href":"https:\/\/workerchecks.com\/fr\/wp-json\/wp\/v2\/media?parent=1829"}],"curies":[{"name":"wp","href":"https:\/\/api.w.org\/{rel}","templated":true}]}}