{"id":8943,"date":"2025-03-27T17:49:12","date_gmt":"2025-03-27T06:49:12","guid":{"rendered":"https:\/\/workerchecks.com\/?post_type=product&#038;p=8943"},"modified":"2025-11-17T13:37:31","modified_gmt":"2025-11-17T02:37:31","slug":"verificacion-de-identidad","status":"publish","type":"product","link":"https:\/\/workerchecks.com\/es\/product\/verification-of-identity\/","title":{"rendered":"Verificaci\u00f3n de identidad"},"content":{"rendered":"<div>\n<h3 id=\"verificationofidentityvoicheck\">Verificaci\u00f3n de identidad (VOI) - Verificaci\u00f3n biom\u00e9trica de identidad en l\u00ednea<\/h3>\n<h4 id=\"howdoesworkerchecksverifymyidentity\">\u00bfC\u00f3mo verifica Worker Checks mi identidad en l\u00ednea?<\/h4>\n<p>\n    Worker Checks utiliza la verificaci\u00f3n biom\u00e9trica de identidad segura para cotejar su rostro con un documento de identidad verificado.<br \/>\n    Todo el proceso de Verificaci\u00f3n de Identidad (VOI) se completa en l\u00ednea utilizando su tel\u00e9fono m\u00f3vil.\n  <\/p>\n<ol>\n<li><strong>Iniciar verificaci\u00f3n<\/strong>: Reciba un enlace SMS y comience el proceso VOI en su tel\u00e9fono m\u00f3vil o tableta.<\/li>\n<li><strong>Tomarse selfies en directo<\/strong>: Captura un selfie est\u00e1ndar y un selfie sonriente para que nuestro sistema pueda confirmar la \u201cvitalidad\u201d y evitar la suplantaci\u00f3n de identidad.<\/li>\n<li><strong>Suba su documento de identidad<\/strong>: Fotograf\u00ede su pasaporte o permiso de conducir. El documento se coteja con el Servicio de Verificaci\u00f3n de Documentos (DVS) del Gobierno australiano y se comprueba su autenticidad.<\/li>\n<li><strong>Recibir el resultado del VOI<\/strong>: Una vez verificado, recibir\u00e1 un SMS y un correo electr\u00f3nico. El resultado de su VOI se almacena en su portal seguro Worker Checks para imprimir o compartir electr\u00f3nicamente con los empleadores y organizaciones.<\/li>\n<\/ol>\n<h4 id=\"mobilephonerequirement\">Se requiere tel\u00e9fono m\u00f3vil o tableta<\/h4>\n<p>\n    Se necesita un tel\u00e9fono m\u00f3vil o una tableta con una c\u00e1mara que funcione para completar su Verificaci\u00f3n de Identidad en l\u00ednea.<br \/>\n    Su dispositivo se utiliza para capturar fotos de sus documentos de identidad y sus selfies, que se procesan mediante biometr\u00eda facial y tecnolog\u00eda OCR (reconocimiento \u00f3ptico de caracteres) para confirmar su identidad.\n  <\/p>\n<h4 id=\"whyverifyyouridentityonline\">\u00bfPor qu\u00e9 realizar un VOI en l\u00ednea?<\/h4>\n<p>\n    Los empleadores, las agencias de contrataci\u00f3n, los centros de ense\u00f1anza y otras organizaciones australianas exigen cada vez m\u00e1s una verificaci\u00f3n de identidad.<br \/>\n    para confirmar la identidad de una persona como parte de la selecci\u00f3n previa a la contrataci\u00f3n, la incorporaci\u00f3n, la contrataci\u00f3n a distancia y la creaci\u00f3n de perfiles en l\u00ednea.<br \/>\n    Un VOI en l\u00ednea con Worker Checks hace que este proceso sea m\u00e1s r\u00e1pido, m\u00e1s seguro y totalmente digital.\n  <\/p>\n<h4 id=\"requireddocuments\">Documentos requeridos - Uno de los siguientes<\/h4>\n<ul>\n<li><strong>Pasaporte australiano<\/strong> (se aceptan los caducados hasta 3 a\u00f1os)<\/li>\n<li><strong>Pasaporte extranjero<\/strong> (s\u00f3lo actual)<\/li>\n<li><strong>Permiso de conducir australiano<\/strong>, Permiso de aprendizaje o permiso provisional<\/li>\n<\/ul>\n<h4 id=\"verificationdetails\">\u00bfQu\u00e9 incluye el resultado de la verificaci\u00f3n de identidad?<\/h4>\n<p>Su informe VOI incluye una imagen del documento de identidad biom\u00e9trico utilizado m\u00e1s los siguientes datos verificados:<\/p>\n<ul>\n<li>Nombre(s) legal(es) completo(s)<\/li>\n<li>Fecha de nacimiento<\/li>\n<li>Direcci\u00f3n (si procede)<\/li>\n<li>Documento utilizado para la comparaci\u00f3n biom\u00e9trica<\/li>\n<li>Fecha y hora validadas<\/li>\n<\/ul>\n<h4 id=\"aboutworkerchecks\">Acerca de Worker Checks - Identidad de confianza y control de empleo<\/h4>\n<p>\n    Worker Checks Pty Ltd, con sede en Melbourne (Australia), es un proveedor especializado en comprobaciones policiales y servicios de selecci\u00f3n relacionados con el empleo, entre los que se incluyen:\n  <\/p>\n<ul>\n<li>Control de antecedentes penales coordinado a escala nacional (NCCHC)<\/li>\n<li>Controles policiales AFP<\/li>\n<li>Controles policiales internacionales<\/li>\n<li>VEVO Comprobaciones del derecho al trabajo (VISA)<\/li>\n<li>Verificaci\u00f3n de identidad (VOI) en l\u00ednea<\/li>\n<\/ul>\n<p>\n    Para una verificaci\u00f3n de identidad r\u00e1pida, fiable y totalmente en l\u00ednea, elija Worker Checks para su verificaci\u00f3n de identidad (VOI).\n  <\/p>\n<p>  [button text=\"A\u00f1adir a la cesta &gt;\" radius=\"28\u2033 expand=\"true\" icon=\"icon-angle-right\" link=\"<a href=\"https:\/\/workerchecks.com\/es\/product-category\/identity-checks\/?add-to-cart=8995&#8243;%5D\">https:\/\/workerchecks.com\/product-category\/identity-checks\/?add-to-cart=8995&#8243;%5D<\/a>\n<\/p><\/div>","protected":false},"excerpt":{"rendered":"<p>Verificaci\u00f3n de identidad (VOI) - Verificaci\u00f3n biom\u00e9trica de identidad en l\u00ednea \u00bfC\u00f3mo verifica Worker Checks mi identidad en l\u00ednea? Worker Checks utiliza la verificaci\u00f3n biom\u00e9trica de identidad segura para cotejar su rostro con un documento de identidad verificado. Todo el proceso de Verificaci\u00f3n de Identidad (VOI) se completa en l\u00ednea utilizando su tel\u00e9fono m\u00f3vil. Inicie la verificaci\u00f3n: Reciba un enlace SMS y...<\/p>","protected":false},"featured_media":8942,"template":"","meta":{"_kadence_starter_templates_imported_post":false,"_kad_post_transparent":"default","_kad_post_title":"","_kad_post_layout":"default","_kad_post_sidebar_id":"","_kad_post_content_style":"default","_kad_post_vertical_padding":"default","_kad_post_feature":"","_kad_post_feature_position":"","_kad_post_header":false,"_kad_post_footer":false,"_kad_post_classname":""},"product_brand":[],"product_cat":[1353627],"product_tag":[1353593],"class_list":{"0":"post-8943","1":"product","2":"type-product","3":"status-publish","4":"has-post-thumbnail","6":"product_cat-identity-eligibility-checks","7":"product_tag-verification-of-identity","9":"first","10":"instock","11":"virtual","12":"taxable","13":"purchasable","14":"product-type-simple","15":"entry","16":"content-bg","17":"loop-entry"},"_links":{"self":[{"href":"https:\/\/workerchecks.com\/es\/wp-json\/wp\/v2\/product\/8943","targetHints":{"allow":["GET"]}}],"collection":[{"href":"https:\/\/workerchecks.com\/es\/wp-json\/wp\/v2\/product"}],"about":[{"href":"https:\/\/workerchecks.com\/es\/wp-json\/wp\/v2\/types\/product"}],"wp:featuredmedia":[{"embeddable":true,"href":"https:\/\/workerchecks.com\/es\/wp-json\/wp\/v2\/media\/8942"}],"wp:attachment":[{"href":"https:\/\/workerchecks.com\/es\/wp-json\/wp\/v2\/media?parent=8943"}],"wp:term":[{"taxonomy":"product_brand","embeddable":true,"href":"https:\/\/workerchecks.com\/es\/wp-json\/wp\/v2\/product_brand?post=8943"},{"taxonomy":"product_cat","embeddable":true,"href":"https:\/\/workerchecks.com\/es\/wp-json\/wp\/v2\/product_cat?post=8943"},{"taxonomy":"product_tag","embeddable":true,"href":"https:\/\/workerchecks.com\/es\/wp-json\/wp\/v2\/product_tag?post=8943"}],"curies":[{"name":"wp","href":"https:\/\/api.w.org\/{rel}","templated":true}]}}