{"id":6106,"date":"2024-02-23T23:42:11","date_gmt":"2024-02-23T12:42:11","guid":{"rendered":"https:\/\/workerchecks.com\/?post_type=product&#038;p=6106"},"modified":"2025-11-17T13:45:29","modified_gmt":"2025-11-17T02:45:29","slug":"vevo-check","status":"publish","type":"product","link":"https:\/\/workerchecks.com\/es\/product\/vevo-check\/","title":{"rendered":"Comprobaci\u00f3n VEVO"},"content":{"rendered":"<div>\n<h3 id=\"vevocheck\">Comprobaci\u00f3n VEVO<\/h3>\n<h4 id=\"needavevochecktoviewyourvisastatus\">\u00bfNecesita una comprobaci\u00f3n VEVO para ver el estado de su VISADO?<\/h4>\n<p>Una comprobaci\u00f3n VEVO (Visa Entitlement Verification Online) es esencial para que las empresas y organizaciones australianas verifiquen las condiciones del visado y los derechos laborales de los trabajadores en Australia. Com\u00fanmente conocida como \u201ccomprobaci\u00f3n del derecho a trabajar\u201d, garantiza que los ciudadanos no australianos est\u00e1n legalmente autorizados a trabajar en Australia.<\/p>\n<h4 id=\"benefitsofavevovisacheck\">Ventajas de un cheque VISA VEVO<\/h4>\n<p>Mientras que los controles policiales revelan los antecedentes penales, un control VEVO confirma el derecho de una persona a trabajar en Australia, lo que ayuda a los empresarios a tomar decisiones de contrataci\u00f3n con conocimiento de causa.<\/p>\n<h4 id=\"whatdoesavevocheckshow\">\u00bfQu\u00e9 muestra un cheque VEVO?<\/h4>\n<ul>\n<li>Naturaleza y fecha de expiraci\u00f3n del visado<\/li>\n<li>\u201cNo debe llegar despu\u00e9s de\u201d la fecha<\/li>\n<li>Condiciones legales y periodo de estancia<\/li>\n<li>Limitaciones de visado<\/li>\n<li>Horas de trabajo permitidas seg\u00fan el tipo de visado<\/li>\n<\/ul>\n<h4 id=\"penaltiesforemployingillegalworkers\">Sanciones por emplear a trabajadores ilegales<\/h4>\n<p>Emplear a trabajadores ilegales puede acarrear multas de hasta $315.000 para las empresas y de hasta $63.000 o penas de c\u00e1rcel para los particulares. Garantiza el cumplimiento realizando controles VEVO.<\/p>\n<h4 id=\"whoneedsavevocheck\">\u00bfQui\u00e9n necesita un control VEVO?<\/h4>\n<p>Todos los ciudadanos no australianos deben someterse a un control VEVO antes de trabajar. Los ciudadanos australianos o neozelandeses no necesitan someterse al control VEVO, pero deben acreditar su nacionalidad.<\/p>\n<h4 id=\"howtoobtainavevocheck\">C\u00f3mo obtener un cheque VEVO<\/h4>\n<p>El Ministerio del Interior gestiona los controles VEVO. Puedes solicitarlo a trav\u00e9s de su p\u00e1gina web o utilizar Worker Checks para agilizar el proceso.<\/p>\n<h4 id=\"requiredinformationforvevoapplication\">Informaci\u00f3n necesaria para la solicitud VEVO<\/h4>\n<ul>\n<li>Fecha de nacimiento<\/li>\n<li>N\u00famero de pasaporte\/ImmiCard<\/li>\n<li>Pa\u00eds de expedici\u00f3n del pasaporte<\/li>\n<\/ul>\n<h4 id=\"vevocheckforexpiredvisas\">VEVO Comprobaci\u00f3n de visados caducados<\/h4>\n<p>Si su visado ha caducado o no est\u00e1 en vigor, no podr\u00e1 obtener los datos VEVO. Aseg\u00farate de que tu visado est\u00e1 en vigor o solicita un visado puente E (BE).<\/p>\n<h4 id=\"industrysectorsrequiringvevochecks\">Sectores industriales que requieren controles VEVO<\/h4>\n<p>Los controles VEVO son necesarios en varios sectores, entre ellos:<\/p>\n<ul>\n<li>Legal<\/li>\n<li>M\u00e9dico<\/li>\n<li>Transporte p\u00fablico<\/li>\n<li>Contabilidad<\/li>\n<li>Ingenier\u00eda<\/li>\n<li>Cuidado de ni\u00f1os<\/li>\n<li>Hosteler\u00eda<\/li>\n<\/ul>\n<h4 id=\"benefitsofapplyingforavevocheck\">Ventajas de solicitar un control VEVO<\/h4>\n<ul>\n<li>Sin necesidad de etiqueta de visado en el pasaporte<\/li>\n<li>Consultar los datos del visado en l\u00ednea en cualquier momento<\/li>\n<li>Seguimiento m\u00e1s sencillo de las solicitudes de visado o nacionalidad<\/li>\n<li>Proceso de contrataci\u00f3n m\u00e1s r\u00e1pido con los resultados del control VEVO<\/li>\n<\/ul>\n<h4 id=\"aboutworkerchecks\">Acerca de Worker Checks<\/h4>\n<p>Worker Checks ayuda a empresas y particulares con comprobaciones precisas, entre otras:<\/p>\n<ul>\n<li>Control de antecedentes penales coordinado a escala nacional<\/li>\n<li>Controles policiales AFP<\/li>\n<li>Controles policiales internacionales<\/li>\n<li>Cheques VISA VEVO<\/li>\n<\/ul>\n<p>Para comprobaciones VEVO r\u00e1pidas y fiables, \u00a1elija Worker Checks!\n<\/p><\/div>","protected":false},"excerpt":{"rendered":"<p>VEVO Check - Right to Work VEVO VISA Check for Non-Australian Passport Holders. 100% Solicitud en l\u00ednea.<\/p>","protected":false},"featured_media":6023,"template":"","meta":{"_kadence_starter_templates_imported_post":false,"_kad_post_transparent":"default","_kad_post_title":"","_kad_post_layout":"default","_kad_post_sidebar_id":"","_kad_post_content_style":"default","_kad_post_vertical_padding":"default","_kad_post_feature":"","_kad_post_feature_position":"","_kad_post_header":false,"_kad_post_footer":false,"_kad_post_classname":""},"product_brand":[],"product_cat":[1353627],"product_tag":[1353582,1353218,1353581],"class_list":{"0":"post-6106","1":"product","2":"type-product","3":"status-publish","4":"has-post-thumbnail","6":"product_cat-identity-eligibility-checks","7":"product_tag-right-to-work-check","8":"product_tag-vevo-check","9":"product_tag-visa-check","11":"first","12":"instock","13":"virtual","14":"sold-individually","15":"taxable","16":"purchasable","17":"product-type-simple","18":"entry","19":"content-bg","20":"loop-entry"},"_links":{"self":[{"href":"https:\/\/workerchecks.com\/es\/wp-json\/wp\/v2\/product\/6106","targetHints":{"allow":["GET"]}}],"collection":[{"href":"https:\/\/workerchecks.com\/es\/wp-json\/wp\/v2\/product"}],"about":[{"href":"https:\/\/workerchecks.com\/es\/wp-json\/wp\/v2\/types\/product"}],"wp:featuredmedia":[{"embeddable":true,"href":"https:\/\/workerchecks.com\/es\/wp-json\/wp\/v2\/media\/6023"}],"wp:attachment":[{"href":"https:\/\/workerchecks.com\/es\/wp-json\/wp\/v2\/media?parent=6106"}],"wp:term":[{"taxonomy":"product_brand","embeddable":true,"href":"https:\/\/workerchecks.com\/es\/wp-json\/wp\/v2\/product_brand?post=6106"},{"taxonomy":"product_cat","embeddable":true,"href":"https:\/\/workerchecks.com\/es\/wp-json\/wp\/v2\/product_cat?post=6106"},{"taxonomy":"product_tag","embeddable":true,"href":"https:\/\/workerchecks.com\/es\/wp-json\/wp\/v2\/product_tag?post=6106"}],"curies":[{"name":"wp","href":"https:\/\/api.w.org\/{rel}","templated":true}]}}