{"id":12351,"date":"2025-12-02T15:10:32","date_gmt":"2025-12-02T04:10:32","guid":{"rendered":"https:\/\/workerchecks.com\/?post_type=product&#038;p=12351"},"modified":"2026-04-30T11:29:39","modified_gmt":"2026-04-30T01:29:39","slug":"qualification-verification","status":"publish","type":"product","link":"https:\/\/workerchecks.com\/es\/product\/qualification-verification\/","title":{"rendered":"Verificaci\u00f3n de calificaciones"},"content":{"rendered":"<h3 data-start=\"1719\" data-end=\"1771\"><strong data-start=\"1723\" data-end=\"1771\">Australian Qualification &amp; Education Verification Check<\/strong><\/h3>\n<p data-start=\"1773\" data-end=\"2038\">Verify academic and professional qualifications from Australian institutions quickly and securely with Worker Checks. Our Qualification &amp; Education Verification Check confirms the authenticity of Australian certificates, diplomas, degrees, accreditations and training records directly with issuing bodies.<\/p>\n<p data-start=\"2040\" data-end=\"2066\">Este servicio es ideal para:<\/p>\n<ul data-start=\"2067\" data-end=\"2268\">\n<li data-start=\"2067\" data-end=\"2091\">\n<p data-start=\"2069\" data-end=\"2091\">Selecci\u00f3n de personal<\/p>\n<\/li>\n<li data-start=\"2092\" data-end=\"2133\">\n<p data-start=\"2094\" data-end=\"2133\">Cumplimiento normativo por parte de contratistas y empresas de trabajo temporal<\/p>\n<\/li>\n<li data-start=\"2134\" data-end=\"2165\">\n<p data-start=\"2136\" data-end=\"2165\">Licencias y registros<\/p>\n<\/li>\n<li data-start=\"2166\" data-end=\"2215\">\n<p data-start=\"2168\" data-end=\"2215\">Verificaci\u00f3n de antecedentes para industrias reguladas<\/p>\n<\/li>\n<li data-start=\"2216\" data-end=\"2268\">\n<p data-start=\"2218\" data-end=\"2268\">Verificaci\u00f3n cruzada de documentos de capacitaci\u00f3n y competencia<\/p>\n<\/li>\n<\/ul>\n<hr data-start=\"2270\" data-end=\"2273\" \/>\n<h3 data-start=\"2275\" data-end=\"2297\"><strong data-start=\"2279\" data-end=\"2297\">What We Verify (Australian Institutions Only)<\/strong><\/h3>\n<ul data-start=\"2298\" data-end=\"2547\">\n<li data-start=\"2298\" data-end=\"2340\">\n<p data-start=\"2300\" data-end=\"2340\">Certificados (Certificado II, III, IV)<\/p>\n<\/li>\n<li data-start=\"2341\" data-end=\"2373\">\n<p data-start=\"2343\" data-end=\"2373\">Diplomas y diplomas avanzados<\/p>\n<\/li>\n<li data-start=\"2374\" data-end=\"2396\">\n<p data-start=\"2376\" data-end=\"2396\">T\u00edtulos universitarios<\/p>\n<\/li>\n<li data-start=\"2397\" data-end=\"2434\">\n<p data-start=\"2399\" data-end=\"2434\">Cualificaciones profesionales y comerciales<\/p>\n<\/li>\n<li data-start=\"2435\" data-end=\"2462\">\n<p data-start=\"2437\" data-end=\"2462\">Acreditaciones del sector<\/p>\n<\/li>\n<li data-start=\"2463\" data-end=\"2499\">\n<p data-start=\"2465\" data-end=\"2499\">Cursos cortos y registros de capacitaci\u00f3n<\/p>\n<\/li>\n<li data-start=\"2500\" data-end=\"2547\">\n<p data-start=\"2502\" data-end=\"2547\">Afiliaciones profesionales (cuando sean verificables)<\/p>\n<\/li>\n<\/ul>\n<hr data-start=\"2549\" data-end=\"2552\" \/>\n<h3 data-start=\"2554\" data-end=\"2585\"><strong data-start=\"2558\" data-end=\"2585\">R\u00e1pido, seguro y confiable<\/strong><\/h3>\n<ul data-start=\"2586\" data-end=\"2811\">\n<li data-start=\"2586\" data-end=\"2643\">\n<p data-start=\"2588\" data-end=\"2643\"><strong data-start=\"2588\" data-end=\"2611\">Verificaci\u00f3n directa<\/strong> with the Australian issuing organisation<\/p>\n<\/li>\n<li data-start=\"2644\" data-end=\"2706\">\n<p data-start=\"2646\" data-end=\"2706\"><strong data-start=\"2646\" data-end=\"2665\">Resultados digitales<\/strong> suministrado a trav\u00e9s de su portal Worker Checks<\/p>\n<\/li>\n<li data-start=\"2707\" data-end=\"2763\">\n<p data-start=\"2709\" data-end=\"2763\"><strong data-start=\"2709\" data-end=\"2733\">Manejo seguro de datos<\/strong> y almacenamiento de datos en Australia<\/p>\n<\/li>\n<li data-start=\"2764\" data-end=\"2811\">\n<p data-start=\"2766\" data-end=\"2811\"><strong data-start=\"2766\" data-end=\"2788\">Historial completo de auditor\u00edas<\/strong> para equipos de cumplimiento normativo<\/p>\n<\/li>\n<\/ul>\n<hr data-start=\"2813\" data-end=\"2816\" \/>\n<h3 data-start=\"2818\" data-end=\"2838\"><strong data-start=\"2822\" data-end=\"2838\">C\u00f3mo funciona<\/strong><\/h3>\n<ol data-start=\"2839\" data-end=\"3148\">\n<li data-start=\"2839\" data-end=\"2910\">\n<p data-start=\"2842\" data-end=\"2910\"><strong data-start=\"2842\" data-end=\"2862\">Subir pruebas:<\/strong> Provide a copy or photo of the Australian qualification.<\/p>\n<\/li>\n<li data-start=\"2911\" data-end=\"2983\">\n<p data-start=\"2914\" data-end=\"2983\"><strong data-start=\"2914\" data-end=\"2934\">Proporcione detalles:<\/strong> Add the Australian issuing body, year, student ID (if known).<\/p>\n<\/li>\n<li data-start=\"2984\" data-end=\"3068\">\n<p data-start=\"2987\" data-end=\"3068\"><strong data-start=\"2987\" data-end=\"3001\">Verificamos:<\/strong> Worker Checks contacts the Australian issuing body to confirm authenticity.<\/p>\n<\/li>\n<li data-start=\"3069\" data-end=\"3148\">\n<p data-start=\"3072\" data-end=\"3148\"><strong data-start=\"3072\" data-end=\"3092\">Recibir resultados:<\/strong> Tu informe de verificaci\u00f3n est\u00e1 disponible en tu portal.<\/p>\n<\/li>\n<\/ol>\n<hr data-start=\"3150\" data-end=\"3153\" \/>\n<h3 data-start=\"3155\" data-end=\"3213\"><strong data-start=\"3159\" data-end=\"3213\">Sectores que requieren la verificaci\u00f3n de las calificaciones<\/strong><\/h3>\n<ul data-start=\"3214\" data-end=\"3400\">\n<li data-start=\"3214\" data-end=\"3252\">\n<p data-start=\"3216\" data-end=\"3252\">Cuidado de personas mayores, discapacidad y atenci\u00f3n m\u00e9dica<\/p>\n<\/li>\n<li data-start=\"3253\" data-end=\"3283\">\n<p data-start=\"3255\" data-end=\"3283\">Construcci\u00f3n y contrataci\u00f3n de mano de obra<\/p>\n<\/li>\n<li data-start=\"3284\" data-end=\"3315\">\n<p data-start=\"3286\" data-end=\"3315\">Educaci\u00f3n y primera infancia<\/p>\n<\/li>\n<li data-start=\"3316\" data-end=\"3346\">\n<p data-start=\"3318\" data-end=\"3346\">Servicios comerciales y t\u00e9cnicos<\/p>\n<\/li>\n<li data-start=\"3347\" data-end=\"3369\">\n<p data-start=\"3349\" data-end=\"3369\">Proveedores de seguridad<\/p>\n<\/li>\n<li data-start=\"3370\" data-end=\"3400\">\n<p data-start=\"3372\" data-end=\"3400\">Reclutamiento y recursos humanos corporativos<\/p>\n<\/li>\n<\/ul>\n<hr data-start=\"3402\" data-end=\"3405\" \/>\n<h3 data-start=\"3407\" data-end=\"3431\"><strong data-start=\"3411\" data-end=\"3431\">Lo que usted recibe<\/strong><\/h3>\n<ul data-start=\"3432\" data-end=\"3571\">\n<li data-start=\"3432\" data-end=\"3469\">\n<p data-start=\"3434\" data-end=\"3469\">Estado confirmado o no confirmado<\/p>\n<\/li>\n<li data-start=\"3470\" data-end=\"3497\">\n<p data-start=\"3472\" data-end=\"3497\">Australian issuing body validation<\/p>\n<\/li>\n<li data-start=\"3498\" data-end=\"3522\">\n<p data-start=\"3500\" data-end=\"3522\">Fecha de verificaci\u00f3n<\/p>\n<\/li>\n<li data-start=\"3523\" data-end=\"3545\">\n<p data-start=\"3525\" data-end=\"3545\">In Portal PDF available for printing  &#8211; or e-share  directly from your Worker Checks portal<\/p>\n<\/li>\n<li data-start=\"3546\" data-end=\"3571\">\n<p data-start=\"3548\" data-end=\"3571\">Acceso al portal durante 12 meses<\/p>\n<\/li>\n<\/ul>\n<hr data-start=\"3935\" data-end=\"3938\" \/>","protected":false},"excerpt":{"rendered":"<p><strong data-start=\"1327\" data-end=\"1406\">Verifique las calificaciones y los t\u00edtulos acad\u00e9micos en l\u00ednea, de forma r\u00e1pida y segura.<\/strong><br data-start=\"1406\" data-end=\"1409\" \/>Worker Checks confirma certificados, diplomas, t\u00edtulos, registros de formaci\u00f3n y acreditaciones directamente con los organismos emisores. Cuenta con la confianza de empleadores, contratistas y equipos de cumplimiento normativo de toda Australia.<\/p>","protected":false},"featured_media":12352,"template":"","meta":{"_kadence_starter_templates_imported_post":false,"_kad_post_transparent":"default","_kad_post_title":"","_kad_post_layout":"default","_kad_post_sidebar_id":"","_kad_post_content_style":"default","_kad_post_vertical_padding":"default","_kad_post_feature":"","_kad_post_feature_position":"","_kad_post_header":false,"_kad_post_footer":false,"_kad_post_classname":""},"product_brand":[],"product_cat":[1353624],"product_tag":[],"class_list":{"0":"post-12351","1":"product","2":"type-product","3":"status-publish","4":"has-post-thumbnail","6":"product_cat-education-qualification-checks","8":"first","9":"instock","10":"virtual","11":"taxable","12":"purchasable","13":"product-type-simple","14":"entry","15":"content-bg","16":"loop-entry"},"_links":{"self":[{"href":"https:\/\/workerchecks.com\/es\/wp-json\/wp\/v2\/product\/12351","targetHints":{"allow":["GET"]}}],"collection":[{"href":"https:\/\/workerchecks.com\/es\/wp-json\/wp\/v2\/product"}],"about":[{"href":"https:\/\/workerchecks.com\/es\/wp-json\/wp\/v2\/types\/product"}],"wp:featuredmedia":[{"embeddable":true,"href":"https:\/\/workerchecks.com\/es\/wp-json\/wp\/v2\/media\/12352"}],"wp:attachment":[{"href":"https:\/\/workerchecks.com\/es\/wp-json\/wp\/v2\/media?parent=12351"}],"wp:term":[{"taxonomy":"product_brand","embeddable":true,"href":"https:\/\/workerchecks.com\/es\/wp-json\/wp\/v2\/product_brand?post=12351"},{"taxonomy":"product_cat","embeddable":true,"href":"https:\/\/workerchecks.com\/es\/wp-json\/wp\/v2\/product_cat?post=12351"},{"taxonomy":"product_tag","embeddable":true,"href":"https:\/\/workerchecks.com\/es\/wp-json\/wp\/v2\/product_tag?post=12351"}],"curies":[{"name":"wp","href":"https:\/\/api.w.org\/{rel}","templated":true}]}}