{"id":12345,"date":"2025-11-27T09:06:52","date_gmt":"2025-11-26T22:06:52","guid":{"rendered":"https:\/\/workerchecks.com\/?post_type=product&#038;p=12345"},"modified":"2025-11-27T09:06:52","modified_gmt":"2025-11-26T22:06:52","slug":"verificacion-de-insolvencia-por-quiebra","status":"publish","type":"product","link":"https:\/\/workerchecks.com\/es\/product\/bankruptcy-insolvency-check\/","title":{"rendered":"Verificaci\u00f3n de quiebras e insolvencias"},"content":{"rendered":"<p>La verificaci\u00f3n de quiebras e insolvencias consulta el registro de insolvencias de la Autoridad Australiana de Seguridad Financiera (AFSA) para confirmar si una persona se encuentra actualmente en quiebra o tiene antecedentes de insolvencia financiera. Esta verificaci\u00f3n es esencial para puestos que implican responsabilidad financiera, manejo de fondos de la empresa, informaci\u00f3n financiera confidencial o que se desempe\u00f1an en cargos de confianza.<\/p>\n<p>Nuestra verificaci\u00f3n proporciona:<br \/>\n\u2022 Situaci\u00f3n de quiebra activa<br \/>\n\u2022 Listados de quiebras anteriores<br \/>\n\u2022 Registros de insolvencia personal<br \/>\n\u2022 Acuerdos de deuda y detalles de la Parte IX \/ Parte X.<br \/>\n\u2022 Fechas y estado de cualquier evento de insolvencia.<\/p>\n<p>Worker Checks ofrece resultados r\u00e1pidos, seguros y verificados por el gobierno que ayudan a las organizaciones a tomar decisiones seguras en materia de contrataci\u00f3n y riesgos.<\/p>\n<h3>Preguntas frecuentes<\/h3>\n<p><strong>\u00bfQu\u00e9 muestra este cheque?<\/strong><br \/>\nMuestra el estado de quiebra, el historial de insolvencia, los acuerdos de deuda y todos los registros que figuran en el registro de insolvencia de la AFSA.<\/p>\n<p><strong>\u00bfQu\u00e9 tan r\u00e1pidos son los resultados?<\/strong><br \/>\nLos resultados suelen ser inmediatos.<\/p>\n<p><strong>\u00bfNecesito consentimiento para realizar la verificaci\u00f3n?<\/strong><br \/>\nS\u00ed. La persona debe dar su consentimiento antes de que se complete la verificaci\u00f3n.<\/p>\n<p><strong>\u00bfEsto incluye la calificaci\u00f3n crediticia?<\/strong><br \/>\nNo. El cheque solo cubre casos de insolvencia de la AFSA.<\/p>\n<p><strong>\u00bfSon datos oficiales?<\/strong><br \/>\nS\u00ed. Todos los datos proceden directamente de la Autoridad Australiana de Seguridad Financiera (AFSA).<\/p>","protected":false},"excerpt":{"rendered":"<p>Verifique si una persona se encuentra actualmente en quiebra o figura en el registro de insolvencia de la Autoridad Australiana de Seguridad Financiera (AFSA). Los resultados incluyen el estado de quiebra, el historial de insolvencia y cualquier acuerdo de deuda activo. R\u00e1pido, seguro e ideal para empleadores, contratistas y evaluaci\u00f3n de riesgos financieros.<\/p>","protected":false},"featured_media":12348,"template":"","meta":{"_kadence_starter_templates_imported_post":false,"_kad_post_transparent":"default","_kad_post_title":"","_kad_post_layout":"default","_kad_post_sidebar_id":"","_kad_post_content_style":"default","_kad_post_vertical_padding":"default","_kad_post_feature":"","_kad_post_feature_position":"","_kad_post_header":false,"_kad_post_footer":false,"_kad_post_classname":""},"product_brand":[],"product_cat":[1353625],"product_tag":[],"class_list":{"0":"post-12345","1":"product","2":"type-product","3":"status-publish","4":"has-post-thumbnail","6":"product_cat-financial-insolvency-checks","8":"first","9":"instock","10":"virtual","11":"taxable","12":"purchasable","13":"product-type-simple","14":"entry","15":"content-bg","16":"loop-entry"},"_links":{"self":[{"href":"https:\/\/workerchecks.com\/es\/wp-json\/wp\/v2\/product\/12345","targetHints":{"allow":["GET"]}}],"collection":[{"href":"https:\/\/workerchecks.com\/es\/wp-json\/wp\/v2\/product"}],"about":[{"href":"https:\/\/workerchecks.com\/es\/wp-json\/wp\/v2\/types\/product"}],"wp:featuredmedia":[{"embeddable":true,"href":"https:\/\/workerchecks.com\/es\/wp-json\/wp\/v2\/media\/12348"}],"wp:attachment":[{"href":"https:\/\/workerchecks.com\/es\/wp-json\/wp\/v2\/media?parent=12345"}],"wp:term":[{"taxonomy":"product_brand","embeddable":true,"href":"https:\/\/workerchecks.com\/es\/wp-json\/wp\/v2\/product_brand?post=12345"},{"taxonomy":"product_cat","embeddable":true,"href":"https:\/\/workerchecks.com\/es\/wp-json\/wp\/v2\/product_cat?post=12345"},{"taxonomy":"product_tag","embeddable":true,"href":"https:\/\/workerchecks.com\/es\/wp-json\/wp\/v2\/product_tag?post=12345"}],"curies":[{"name":"wp","href":"https:\/\/api.w.org\/{rel}","templated":true}]}}