{"id":7600,"date":"2025-04-14T22:08:53","date_gmt":"2025-04-14T12:08:53","guid":{"rendered":"https:\/\/workerchecks.com\/?page_id=7600"},"modified":"2025-11-27T16:21:47","modified_gmt":"2025-11-27T05:21:47","slug":"control-policial-de-nueva-zelanda","status":"publish","type":"page","link":"https:\/\/workerchecks.com\/es\/new-zealand-police-check\/","title":{"rendered":"Control policial de Nueva Zelanda"},"content":{"rendered":"<style>.kb-row-layout-id7600_aa01f4-d6 > .kt-row-column-wrap{align-content:start;}:where(.kb-row-layout-id7600_aa01f4-d6 > .kt-row-column-wrap) > .wp-block-kadence-column{justify-content:start;}.kb-row-layout-id7600_aa01f4-d6 > .kt-row-column-wrap{column-gap:var(--global-kb-gap-md, 2rem);row-gap:var(--global-kb-gap-md, 2rem);padding-top:var(--global-kb-spacing-sm, 1.5rem);padding-bottom:var(--global-kb-spacing-sm, 1.5rem);grid-template-columns:minmax(0, 1fr);}.kb-row-layout-id7600_aa01f4-d6 > .kt-row-layout-overlay{opacity:0.30;}@media all and (max-width: 1024px){.kb-row-layout-id7600_aa01f4-d6 > .kt-row-column-wrap{grid-template-columns:minmax(0, 1fr);}}@media all and (max-width: 767px){.kb-row-layout-id7600_aa01f4-d6 > .kt-row-column-wrap{grid-template-columns:minmax(0, 1fr);}}<\/style><div class=\"kb-row-layout-wrap kb-row-layout-id7600_aa01f4-d6 alignnone wp-block-kadence-rowlayout\"><div class=\"kt-row-column-wrap kt-has-1-columns kt-row-layout-equal kt-tab-layout-inherit kt-mobile-layout-row kt-row-valign-top\">\n<style>.kadence-column7600_970116-1c > .kt-inside-inner-col{display:flex;}.kadence-column7600_970116-1c > .kt-inside-inner-col,.kadence-column7600_970116-1c > .kt-inside-inner-col:before{border-top-left-radius:0px;border-top-right-radius:0px;border-bottom-right-radius:0px;border-bottom-left-radius:0px;}.kadence-column7600_970116-1c > .kt-inside-inner-col{column-gap:var(--global-kb-gap-sm, 1rem);}.kadence-column7600_970116-1c > .kt-inside-inner-col{flex-direction:column;align-items:center;}.kadence-column7600_970116-1c > .kt-inside-inner-col > .kb-image-is-ratio-size{align-self:stretch;}.kadence-column7600_970116-1c > .kt-inside-inner-col > .wp-block-kadence-advancedgallery{align-self:stretch;}.kadence-column7600_970116-1c > .kt-inside-inner-col > .aligncenter{width:100%;}.kadence-column7600_970116-1c > .kt-inside-inner-col:before{opacity:0.3;}.kadence-column7600_970116-1c{text-align:center;}.kadence-column7600_970116-1c{position:relative;}@media all and (max-width: 1024px){.kadence-column7600_970116-1c > .kt-inside-inner-col{flex-direction:column;justify-content:center;align-items:center;}}@media all and (max-width: 767px){.kadence-column7600_970116-1c > .kt-inside-inner-col{flex-direction:column;justify-content:center;align-items:center;}}<\/style>\n<div class=\"wp-block-kadence-column kadence-column7600_970116-1c\"><div class=\"kt-inside-inner-col\">\n<figure class=\"wp-block-image size-full has-lightbox\"><a href=\"https:\/\/workerchecks.com\/es\/product\/control-policial-internacional\/\"><img decoding=\"async\" width=\"1000\" height=\"563\" src=\"https:\/\/workerchecks.com\/wp-content\/uploads\/2022\/03\/NZ-Check-Grey-Border-1.jpg\" alt=\"Control policial de Nueva Zelanda\" class=\"wp-image-6022\" title=\"\" srcset=\"https:\/\/workerchecks.com\/wp-content\/uploads\/2022\/03\/NZ-Check-Grey-Border-1.jpg 1000w, https:\/\/workerchecks.com\/wp-content\/uploads\/2022\/03\/NZ-Check-Grey-Border-1-600x338.jpg 600w\" sizes=\"(max-width: 1000px) 100vw, 1000px\" \/><\/a><\/figure>\n\n\n\n<div class=\"wp-block-buttons is-layout-flex wp-block-buttons-is-layout-flex\">\n<div class=\"wp-block-button\"><a class=\"wp-block-button__link wp-element-button\" href=\"https:\/\/workerchecks.com\/es\/product\/control-policial-internacional\/\">CONTROL POLICIAL DE NUEVA ZELANDA<\/a><\/div>\n<\/div>\n<\/div><\/div>\n\n<\/div><\/div>\n\n<style>.kb-row-layout-id7600_8918db-99 > .kt-row-column-wrap{align-content:start;}:where(.kb-row-layout-id7600_8918db-99 > .kt-row-column-wrap) > .wp-block-kadence-column{justify-content:start;}.kb-row-layout-id7600_8918db-99 > .kt-row-column-wrap{column-gap:var(--global-kb-gap-md, 2rem);row-gap:var(--global-kb-gap-md, 2rem);padding-top:var(--global-kb-spacing-sm, 1.5rem);padding-bottom:var(--global-kb-spacing-sm, 1.5rem);grid-template-columns:minmax(0, 1fr);}.kb-row-layout-id7600_8918db-99 > .kt-row-layout-overlay{opacity:0.30;}@media all and (max-width: 1024px){.kb-row-layout-id7600_8918db-99 > .kt-row-column-wrap{grid-template-columns:minmax(0, 1fr);}}@media all and (max-width: 767px){.kb-row-layout-id7600_8918db-99 > .kt-row-column-wrap{grid-template-columns:minmax(0, 1fr);}}<\/style><div class=\"kb-row-layout-wrap kb-row-layout-id7600_8918db-99 alignnone wp-block-kadence-rowlayout\"><div class=\"kt-row-column-wrap kt-has-1-columns kt-row-layout-equal kt-tab-layout-inherit kt-mobile-layout-row kt-row-valign-top\">\n<style>.kadence-column7600_7ad4cb-a8 > .kt-inside-inner-col{display:flex;}.kadence-column7600_7ad4cb-a8 > .kt-inside-inner-col,.kadence-column7600_7ad4cb-a8 > .kt-inside-inner-col:before{border-top-left-radius:0px;border-top-right-radius:0px;border-bottom-right-radius:0px;border-bottom-left-radius:0px;}.kadence-column7600_7ad4cb-a8 > .kt-inside-inner-col{column-gap:var(--global-kb-gap-sm, 1rem);}.kadence-column7600_7ad4cb-a8 > .kt-inside-inner-col{flex-direction:column;align-items:flex-start;}.kadence-column7600_7ad4cb-a8 > .kt-inside-inner-col > .kb-image-is-ratio-size{align-self:stretch;}.kadence-column7600_7ad4cb-a8 > .kt-inside-inner-col > .wp-block-kadence-advancedgallery{align-self:stretch;}.kadence-column7600_7ad4cb-a8 > .kt-inside-inner-col > .aligncenter{width:100%;}.kadence-column7600_7ad4cb-a8 > .kt-inside-inner-col:before{opacity:0.3;}.kadence-column7600_7ad4cb-a8{text-align:left;}.kadence-column7600_7ad4cb-a8{position:relative;}@media all and (max-width: 1024px){.kadence-column7600_7ad4cb-a8 > .kt-inside-inner-col{flex-direction:column;justify-content:center;align-items:flex-start;}}@media all and (max-width: 767px){.kadence-column7600_7ad4cb-a8 > .kt-inside-inner-col{flex-direction:column;justify-content:center;align-items:flex-start;}}<\/style>\n<div class=\"wp-block-kadence-column kadence-column7600_7ad4cb-a8\"><div class=\"kt-inside-inner-col\">\n<h2 class=\"wp-block-heading\">Control de la polic\u00eda de Nueva Zelanda - R\u00e1pido, 100% Online<\/h2>\n\n\n\n<h3 class=\"wp-block-heading\"><strong>\u00bfNecesita un control policial en l\u00ednea de Nueva Zelanda?<\/strong><\/h3>\n\n\n\n<p>Si es usted nuevo en Australia o ha pasado m\u00e1s de seis meses en el extranjero, es posible que un posible empleador le solicite un Certificado de Control Policial de Nueva Zelanda como parte de su investigaci\u00f3n previa a la contrataci\u00f3n. Worker Checks es el lugar adecuado para su Control Policial de Nueva Zelanda. Nuestro proceso cumple con los m\u00e1s altos est\u00e1ndares internacionales requeridos para estudiantes internacionales, profesores, trabajadores de la tercera edad y discapacitados, y profesionales de la salud, y se realiza 100% en l\u00ednea.<\/p>\n\n\n\n<h3 class=\"wp-block-heading\">\u00bfPor qu\u00e9 obtener un certificado de antecedentes penales de Nueva Zelanda?<\/h3>\n\n\n\n<p>Si es usted estudiante internacional, profesor, m\u00e9dico, cuidador de ni\u00f1os o ha vivido o trabajado en el extranjero durante m\u00e1s de seis meses, es posible que necesite un examen de antecedentes penales en el extranjero.<\/p>\n\n\n\n<h3 class=\"wp-block-heading\">Identificaci\u00f3n necesaria para la verificaci\u00f3n de antecedentes penales en NZ<\/h3>\n\n\n\n<ul class=\"wp-block-list\">\n<li><strong>Pasaporte v\u00e1lido<\/strong>: Debe estar vigente y no haber caducado.<\/li>\n\n\n\n<li><strong>Detalles a juego<\/strong>: Aseg\u00farese de que todos los datos de sus documentos de identidad coinciden con los de su solicitud. Presente la documentaci\u00f3n de cambio de nombre si es necesario.<\/li>\n<\/ul>\n\n\n\n<h3 class=\"wp-block-heading\">C\u00f3mo solicitar un control policial de Nueva Zelanda desde Australia<\/h3>\n\n\n\n<ol class=\"wp-block-list\">\n<li><strong>Seleccione <a href=\"http:\/\/1.        Select International Police Check: From the Worker Checks product page. 2.        Select Nepal and pay for check: from the drop-down menu for Country selection 3.        Complete Application: Enter data, give consent, upload IDs, and take a selfie with your passport. 4.        Submit: You will receive an email confirming check submission.  Your Worker Checks portal will display your pending check and how many days since submission 5.        When check is completed and ready: You will Get an email and text when your check is available in your Worker Checks portal. 6.        Access Your Certificate: Print or electronically share your Police Check from your personal portal.\" title=\"\">Control policial internacional<\/a><\/strong> De la p\u00e1gina del producto Worker Checks.<\/li>\n\n\n\n<li><strong>Seleccione Nueva Zelanda<\/strong> y pagar por cheque: en el men\u00fa desplegable para la selecci\u00f3n del pa\u00eds<\/li>\n\n\n\n<li>Completa la solicitud: Introduce datos, da tu consentimiento, sube documentos de identidad y hazte un selfie con tu pasaporte.<\/li>\n\n\n\n<li>Enviar: Recibir\u00e1 un correo electr\u00f3nico confirmando el env\u00edo del cheque.  Su portal Worker Checks mostrar\u00e1 su cheque pendiente y cu\u00e1ntos d\u00edas han transcurrido desde su env\u00edo.<\/li>\n\n\n\n<li>Cuando el cheque est\u00e9 completado y listo: Recibir\u00e1 un correo electr\u00f3nico y un mensaje de texto cuando su cheque est\u00e9 disponible en su portal Worker Checks.<\/li>\n\n\n\n<li>Acceda a su certificado: Imprima o comparta electr\u00f3nicamente su Control de Polic\u00eda desde su portal personal.<\/li>\n<\/ol>\n\n\n\n<h3 class=\"wp-block-heading\">Tiempo de tramitaci\u00f3n del control policial de NZ<\/h3>\n\n\n\n<ul class=\"wp-block-list\">\n<li><strong>De 3 a 7 d\u00edas laborables<\/strong>: Normalmente est\u00e1n listos en este plazo. Algunos cheques pueden tardar m\u00e1s en funci\u00f3n de los plazos de tramitaci\u00f3n de los organismos p\u00fablicos.<\/li>\n<\/ul>\n\n\n\n<h3 class=\"wp-block-heading\">Nota<\/h3>\n\n\n\n<p>Nuestros controles son adecuados para la investigaci\u00f3n de antecedentes (empleo, contrataci\u00f3n, alquiler). Compruebe los requisitos espec\u00edficos a efectos de visado e inmigraci\u00f3n con las autoridades pertinentes. No garantizamos la idoneidad a efectos de visado e inmigraci\u00f3n.<\/p>\n\n\n\n<p>Para un control policial r\u00e1pido y fiable de Nueva Zelanda, elija Worker Checks.<\/p>\n<\/div><\/div>\n\n<\/div><\/div>\n\n<style>.kb-row-layout-id7600_9739c3-39 > .kt-row-column-wrap{align-content:start;}:where(.kb-row-layout-id7600_9739c3-39 > .kt-row-column-wrap) > .wp-block-kadence-column{justify-content:start;}.kb-row-layout-id7600_9739c3-39 > .kt-row-column-wrap{column-gap:var(--global-kb-gap-md, 2rem);row-gap:var(--global-kb-gap-md, 2rem);padding-top:var(--global-kb-spacing-sm, 1.5rem);padding-bottom:var(--global-kb-spacing-sm, 1.5rem);grid-template-columns:minmax(0, 1fr);}.kb-row-layout-id7600_9739c3-39 > .kt-row-layout-overlay{opacity:0.30;}@media all and (max-width: 1024px){.kb-row-layout-id7600_9739c3-39 > .kt-row-column-wrap{grid-template-columns:minmax(0, 1fr);}}@media all and (max-width: 767px){.kb-row-layout-id7600_9739c3-39 > .kt-row-column-wrap{grid-template-columns:minmax(0, 1fr);}}<\/style><div class=\"kb-row-layout-wrap kb-row-layout-id7600_9739c3-39 alignnone wp-block-kadence-rowlayout\"><div class=\"kt-row-column-wrap kt-has-1-columns kt-row-layout-equal kt-tab-layout-inherit kt-mobile-layout-row kt-row-valign-top\">\n<style>.kadence-column7600_62fa58-ea > .kt-inside-inner-col{display:flex;}.kadence-column7600_62fa58-ea > .kt-inside-inner-col,.kadence-column7600_62fa58-ea > .kt-inside-inner-col:before{border-top-left-radius:0px;border-top-right-radius:0px;border-bottom-right-radius:0px;border-bottom-left-radius:0px;}.kadence-column7600_62fa58-ea > .kt-inside-inner-col{column-gap:var(--global-kb-gap-sm, 1rem);}.kadence-column7600_62fa58-ea > .kt-inside-inner-col{flex-direction:column;align-items:flex-start;}.kadence-column7600_62fa58-ea > .kt-inside-inner-col > .kb-image-is-ratio-size{align-self:stretch;}.kadence-column7600_62fa58-ea > .kt-inside-inner-col > .wp-block-kadence-advancedgallery{align-self:stretch;}.kadence-column7600_62fa58-ea > .kt-inside-inner-col > .aligncenter{width:100%;}.kadence-column7600_62fa58-ea > .kt-inside-inner-col:before{opacity:0.3;}.kadence-column7600_62fa58-ea{text-align:left;}.kadence-column7600_62fa58-ea{position:relative;}@media all and (max-width: 1024px){.kadence-column7600_62fa58-ea > .kt-inside-inner-col{flex-direction:column;justify-content:center;align-items:flex-start;}}@media all and (max-width: 767px){.kadence-column7600_62fa58-ea > .kt-inside-inner-col{flex-direction:column;justify-content:center;align-items:flex-start;}}<\/style>\n<div class=\"wp-block-kadence-column kadence-column7600_62fa58-ea\"><div class=\"kt-inside-inner-col\">\n<h2 class=\"wp-block-heading\">\u00bfCu\u00e1nto dura un control policial en Nueva Zelanda?<\/h2>\n\n\n\n<h3 class=\"wp-block-heading\"><strong>Los controles policiales de Nueva Zelanda suelen entregarse en un plazo de 3 a 7 d\u00edas laborables.<\/strong><\/h3>\n\n\n\n<p>La mayor\u00eda Worker Checks&nbsp;<a href=\"https:\/\/workerchecks.com\/es\/police-check-product\/control-policial-internacional\/\">Control policial internacional<\/a>&nbsp;suelen estar listos en un plazo de 5 a 15 d\u00edas laborables. En algunos casos, tardar\u00e1 m\u00e1s, dependiendo de los plazos de tramitaci\u00f3n de los organismos gubernamentales que coordinan los controles en cada pa\u00eds.<\/p>\n\n\n\n<h3 class=\"wp-block-heading\">\u00bfNecesita acceder r\u00e1pidamente a un certificado de control policial de Nueva Zelanda?<\/h3>\n\n\n\n<h3 class=\"wp-block-heading\">\u00bfSe encuentra en Australia y necesita un control policial en Nueva Zelanda?<\/h3>\n\n\n\n<p>Tanto si es nuevo en Australia como si ha pasado m\u00e1s de seis meses en el extranjero. Worker Checks le ofrece la soluci\u00f3n ideal para su control policial de Nueva Zelanda. Nuestro proceso integral cumple con las normas internacionales m\u00e1s estrictas, esenciales para los estudiantes internacionales, profesores, profesionales de la tercera edad, trabajadores de apoyo a la discapacidad y profesionales de la salud. Cumplimente c\u00f3modamente el 100% en l\u00ednea.<\/p>\n\n\n\n<h3 class=\"wp-block-heading\">Agilizaci\u00f3n del proceso de control policial en Nueva Zelanda con Worker Checks<\/h3>\n\n\n\n<p>Worker Checks simplifica la obtenci\u00f3n de sus antecedentes penales en un pa\u00eds extranjero. Nuestro riguroso proceso garantiza el cumplimiento de los m\u00e1s altos est\u00e1ndares mundiales, lo que simplifica la tarea.<\/p>\n<\/div><\/div>\n\n<\/div><\/div>\n\n<style>.kb-row-layout-id7600_d34720-c1 > .kt-row-column-wrap{align-content:start;}:where(.kb-row-layout-id7600_d34720-c1 > .kt-row-column-wrap) > .wp-block-kadence-column{justify-content:start;}.kb-row-layout-id7600_d34720-c1 > .kt-row-column-wrap{column-gap:var(--global-kb-gap-md, 2rem);row-gap:var(--global-kb-gap-md, 2rem);padding-top:var(--global-kb-spacing-sm, 1.5rem);padding-bottom:var(--global-kb-spacing-sm, 1.5rem);grid-template-columns:minmax(0, 1fr);}.kb-row-layout-id7600_d34720-c1 > .kt-row-layout-overlay{opacity:0.30;}@media all and (max-width: 1024px){.kb-row-layout-id7600_d34720-c1 > .kt-row-column-wrap{grid-template-columns:minmax(0, 1fr);}}@media all and (max-width: 767px){.kb-row-layout-id7600_d34720-c1 > .kt-row-column-wrap{grid-template-columns:minmax(0, 1fr);}}<\/style><div class=\"kb-row-layout-wrap kb-row-layout-id7600_d34720-c1 alignnone wp-block-kadence-rowlayout\"><div class=\"kt-row-column-wrap kt-has-1-columns kt-row-layout-equal kt-tab-layout-inherit kt-mobile-layout-row kt-row-valign-top\">\n<style>.kadence-column7600_202d78-68 > .kt-inside-inner-col{display:flex;}.kadence-column7600_202d78-68 > .kt-inside-inner-col,.kadence-column7600_202d78-68 > .kt-inside-inner-col:before{border-top-left-radius:0px;border-top-right-radius:0px;border-bottom-right-radius:0px;border-bottom-left-radius:0px;}.kadence-column7600_202d78-68 > .kt-inside-inner-col{column-gap:var(--global-kb-gap-sm, 1rem);}.kadence-column7600_202d78-68 > .kt-inside-inner-col{flex-direction:column;align-items:center;}.kadence-column7600_202d78-68 > .kt-inside-inner-col > .kb-image-is-ratio-size{align-self:stretch;}.kadence-column7600_202d78-68 > .kt-inside-inner-col > .wp-block-kadence-advancedgallery{align-self:stretch;}.kadence-column7600_202d78-68 > .kt-inside-inner-col > .aligncenter{width:100%;}.kadence-column7600_202d78-68 > .kt-inside-inner-col:before{opacity:0.3;}.kadence-column7600_202d78-68{text-align:left;}.kadence-column7600_202d78-68{position:relative;}@media all and (max-width: 1024px){.kadence-column7600_202d78-68 > .kt-inside-inner-col{flex-direction:column;justify-content:center;align-items:center;}}@media all and (max-width: 767px){.kadence-column7600_202d78-68 > .kt-inside-inner-col{flex-direction:column;justify-content:center;align-items:center;}}<\/style>\n<div class=\"wp-block-kadence-column kadence-column7600_202d78-68\"><div class=\"kt-inside-inner-col\">\n<div class=\"wp-block-buttons is-layout-flex wp-block-buttons-is-layout-flex\">\n<div class=\"wp-block-button\"><a class=\"wp-block-button__link wp-element-button\" href=\"https:\/\/workerchecks.com\/es\/product\/control-policial-internacional\/\">CONTROL POLICIAL DE NUEVA ZELANDA<\/a><\/div>\n<\/div>\n<\/div><\/div>\n\n<\/div><\/div>","protected":false},"excerpt":{"rendered":"<p>Control policial de Nueva Zelanda - R\u00e1pido, 100% en l\u00ednea \u00bfNecesita un Control policial de Nueva Zelanda en l\u00ednea? Si usted es nuevo en Australia o ha pasado m\u00e1s de seis meses en el extranjero, un empleador potencial puede solicitar un Certificado de Control de Polic\u00eda de Nueva Zelanda como parte de su investigaci\u00f3n previa al empleo. Worker Checks es el lugar adecuado para...<\/p>","protected":false},"author":196713191,"featured_media":6022,"parent":0,"menu_order":0,"comment_status":"closed","ping_status":"closed","template":"","meta":{"_kadence_starter_templates_imported_post":false,"_kad_post_transparent":"","_kad_post_title":"","_kad_post_layout":"","_kad_post_sidebar_id":"","_kad_post_content_style":"","_kad_post_vertical_padding":"","_kad_post_feature":"","_kad_post_feature_position":"","_kad_post_header":false,"_kad_post_footer":false,"_kad_post_classname":"","footnotes":""},"class_list":["post-7600","page","type-page","status-publish","has-post-thumbnail","hentry"],"_links":{"self":[{"href":"https:\/\/workerchecks.com\/es\/wp-json\/wp\/v2\/pages\/7600","targetHints":{"allow":["GET"]}}],"collection":[{"href":"https:\/\/workerchecks.com\/es\/wp-json\/wp\/v2\/pages"}],"about":[{"href":"https:\/\/workerchecks.com\/es\/wp-json\/wp\/v2\/types\/page"}],"author":[{"embeddable":true,"href":"https:\/\/workerchecks.com\/es\/wp-json\/wp\/v2\/users\/196713191"}],"replies":[{"embeddable":true,"href":"https:\/\/workerchecks.com\/es\/wp-json\/wp\/v2\/comments?post=7600"}],"version-history":[{"count":0,"href":"https:\/\/workerchecks.com\/es\/wp-json\/wp\/v2\/pages\/7600\/revisions"}],"wp:featuredmedia":[{"embeddable":true,"href":"https:\/\/workerchecks.com\/es\/wp-json\/wp\/v2\/media\/6022"}],"wp:attachment":[{"href":"https:\/\/workerchecks.com\/es\/wp-json\/wp\/v2\/media?parent=7600"}],"curies":[{"name":"wp","href":"https:\/\/api.w.org\/{rel}","templated":true}]}}