{"id":6769,"date":"2024-04-29T13:14:39","date_gmt":"2024-04-29T03:14:39","guid":{"rendered":"https:\/\/workerchecks.com\/?page_id=6769"},"modified":"2026-04-21T11:54:23","modified_gmt":"2026-04-21T01:54:23","slug":"control-policial-internacional","status":"publish","type":"page","link":"https:\/\/workerchecks.com\/es\/police-check-types\/international-police-check\/","title":{"rendered":"Verificaci\u00f3n policial internacional \u2013 100% en l\u00ednea con Worker Checks"},"content":{"rendered":"<style>.kb-row-layout-id6769_1eb46a-c6 > .kt-row-column-wrap{align-content:start;}:where(.kb-row-layout-id6769_1eb46a-c6 > .kt-row-column-wrap) > .wp-block-kadence-column{justify-content:start;}.kb-row-layout-id6769_1eb46a-c6 > .kt-row-column-wrap{column-gap:var(--global-kb-gap-md, 2rem);row-gap:var(--global-kb-gap-md, 2rem);padding-top:var(--global-kb-spacing-sm, 1.5rem);padding-bottom:var(--global-kb-spacing-sm, 1.5rem);grid-template-columns:minmax(0, 1fr);}.kb-row-layout-id6769_1eb46a-c6 > .kt-row-layout-overlay{opacity:0.30;}@media all and (max-width: 1024px){.kb-row-layout-id6769_1eb46a-c6 > .kt-row-column-wrap{grid-template-columns:minmax(0, 1fr);}}@media all and (max-width: 767px){.kb-row-layout-id6769_1eb46a-c6 > .kt-row-column-wrap{grid-template-columns:minmax(0, 1fr);}}<\/style><div class=\"kb-row-layout-wrap kb-row-layout-id6769_1eb46a-c6 alignnone wp-block-kadence-rowlayout\"><div class=\"kt-row-column-wrap kt-has-1-columns kt-row-layout-equal kt-tab-layout-inherit kt-mobile-layout-row kt-row-valign-top\">\n<style>.kadence-column6769_2175f3-66 > .kt-inside-inner-col{display:flex;}.kadence-column6769_2175f3-66 > .kt-inside-inner-col,.kadence-column6769_2175f3-66 > .kt-inside-inner-col:before{border-top-left-radius:0px;border-top-right-radius:0px;border-bottom-right-radius:0px;border-bottom-left-radius:0px;}.kadence-column6769_2175f3-66 > .kt-inside-inner-col{column-gap:var(--global-kb-gap-sm, 1rem);}.kadence-column6769_2175f3-66 > .kt-inside-inner-col{flex-direction:column;align-items:center;}.kadence-column6769_2175f3-66 > .kt-inside-inner-col > .kb-image-is-ratio-size{align-self:stretch;}.kadence-column6769_2175f3-66 > .kt-inside-inner-col > .wp-block-kadence-advancedgallery{align-self:stretch;}.kadence-column6769_2175f3-66 > .kt-inside-inner-col > .aligncenter{width:100%;}.kadence-column6769_2175f3-66 > .kt-inside-inner-col:before{opacity:0.3;}.kadence-column6769_2175f3-66{text-align:center;}.kadence-column6769_2175f3-66{position:relative;}@media all and (max-width: 1024px){.kadence-column6769_2175f3-66 > .kt-inside-inner-col{flex-direction:column;justify-content:center;align-items:center;}}@media all and (max-width: 767px){.kadence-column6769_2175f3-66 > .kt-inside-inner-col{flex-direction:column;justify-content:center;align-items:center;}}<\/style>\n<div class=\"wp-block-kadence-column kadence-column6769_2175f3-66\"><div class=\"kt-inside-inner-col\">\n<figure class=\"wp-block-image size-full has-lightbox\"><img decoding=\"async\" width=\"1000\" height=\"563\" src=\"https:\/\/workerchecks.com\/wp-content\/uploads\/2022\/03\/INTL-Check-Grey-Border-1.jpg\" alt=\"Worker Checks ofrece comprobaciones policiales internacionales seguras y conformes con la normativa para la investigaci\u00f3n global de antecedentes, en las que conf\u00edan empleadores e instituciones de toda Australia.\" class=\"wp-image-6020\" title=\"\" srcset=\"https:\/\/workerchecks.com\/wp-content\/uploads\/2022\/03\/INTL-Check-Grey-Border-1.jpg 1000w, https:\/\/workerchecks.com\/wp-content\/uploads\/2022\/03\/INTL-Check-Grey-Border-1-600x338.jpg 600w\" sizes=\"(max-width: 1000px) 100vw, 1000px\" \/><\/figure>\n<\/div><\/div>\n\n<\/div><\/div>\n\n<style>.kb-row-layout-id6769_1970ad-e5 > .kt-row-column-wrap{align-content:start;}:where(.kb-row-layout-id6769_1970ad-e5 > .kt-row-column-wrap) > .wp-block-kadence-column{justify-content:start;}.kb-row-layout-id6769_1970ad-e5 > .kt-row-column-wrap{column-gap:var(--global-kb-gap-md, 2rem);row-gap:var(--global-kb-gap-md, 2rem);padding-top:var(--global-kb-spacing-sm, 1.5rem);padding-bottom:var(--global-kb-spacing-sm, 1.5rem);grid-template-columns:minmax(0, 1fr);}.kb-row-layout-id6769_1970ad-e5 > .kt-row-layout-overlay{opacity:0.30;}@media all and (max-width: 1024px){.kb-row-layout-id6769_1970ad-e5 > .kt-row-column-wrap{grid-template-columns:minmax(0, 1fr);}}@media all and (max-width: 767px){.kb-row-layout-id6769_1970ad-e5 > .kt-row-column-wrap{grid-template-columns:minmax(0, 1fr);}}<\/style><div class=\"kb-row-layout-wrap kb-row-layout-id6769_1970ad-e5 alignnone wp-block-kadence-rowlayout\"><div class=\"kt-row-column-wrap kt-has-1-columns kt-row-layout-equal kt-tab-layout-inherit kt-mobile-layout-row kt-row-valign-top\">\n<style>.kadence-column6769_e1e2a6-9d > .kt-inside-inner-col,.kadence-column6769_e1e2a6-9d > .kt-inside-inner-col:before{border-top-left-radius:0px;border-top-right-radius:0px;border-bottom-right-radius:0px;border-bottom-left-radius:0px;}.kadence-column6769_e1e2a6-9d > .kt-inside-inner-col{column-gap:var(--global-kb-gap-sm, 1rem);}.kadence-column6769_e1e2a6-9d > .kt-inside-inner-col{flex-direction:column;}.kadence-column6769_e1e2a6-9d > .kt-inside-inner-col > .aligncenter{width:100%;}.kadence-column6769_e1e2a6-9d > .kt-inside-inner-col:before{opacity:0.3;}.kadence-column6769_e1e2a6-9d{position:relative;}@media all and (max-width: 1024px){.kadence-column6769_e1e2a6-9d > .kt-inside-inner-col{flex-direction:column;justify-content:center;}}@media all and (max-width: 767px){.kadence-column6769_e1e2a6-9d > .kt-inside-inner-col{flex-direction:column;justify-content:center;}}<\/style>\n<div class=\"wp-block-kadence-column kadence-column6769_e1e2a6-9d\"><div class=\"kt-inside-inner-col\">\n<h2 class=\"wp-block-heading\">\u00bfPor qu\u00e9 someterse a un control policial internacional?<\/h2>\n\n\n\n<p>Si eres nuevo en Australia o has vivido en el extranjero durante m\u00e1s de seis meses, los empleadores pueden solicitar una verificaci\u00f3n policial internacional como parte de su proceso de selecci\u00f3n previo al empleo. Muchos solicitantes que completan la selecci\u00f3n en el extranjero tambi\u00e9n necesitan un <a href=\"https:\/\/workerchecks.com\/es\/tipos-de-control-policial\/ncchc\/\">Control de antecedentes penales coordinado a escala nacional<\/a> para puestos de trabajo en Australia. Tambi\u00e9n conocido como certificado de antecedentes penales en el extranjero, verificaci\u00f3n internacional de antecedentes penales o certificado policial extranjero, realizar la verificaci\u00f3n a trav\u00e9s de Worker Checks agiliza el proceso, lo hace m\u00e1s seguro y permite realizarlo \u00edntegramente en l\u00ednea.<\/p>\n\n\n\n<h2 class=\"wp-block-heading\">\u00bfPor qu\u00e9 elegir Worker Checks para su control policial internacional?<\/h2>\n\n\n\n<h3 class=\"wp-block-heading\">Cumple las normas internacionales m\u00e1s exigentes<\/h3>\n\n\n\n<p>Nuestro proceso de comprobaci\u00f3n sigue las normas de verificaci\u00f3n y selecci\u00f3n aceptadas en todo el mundo. Esto es especialmente importante para estudiantes internacionales, profesionales sanitarios, profesores y cualquier persona que se someta a un proceso de registro profesional o de selecci\u00f3n para un empleo.<\/p>\n\n\n\n<h3 class=\"wp-block-heading\">100% Solicitud en l\u00ednea<\/h3>\n\n\n\n<p>Complete toda su <strong>Control internacional de antecedentes penales<\/strong> en l\u00ednea utilizando la carga segura de documentos y su portal personal Worker Checks.<\/p>\n\n\n\n<h3 class=\"wp-block-heading\">Se requiere VOI biom\u00e9trico m\u00f3vil<\/h3>\n\n\n\n<p>Su <strong><a href=\"https:\/\/workerchecks.com\/es\/product\/verificacion-de-identidad\/\">Verificaci\u00f3n de identidad (VOI)<\/a><\/strong> se completa en su dispositivo m\u00f3vil utilizando su c\u00e1mara para el cotejo biom\u00e9trico de identidad. Debe utilizar su pasaporte real, no capturas de pantalla, fotos o copias impresas.<\/p>\n\n\n\n<h3 class=\"wp-block-heading\">Entrega r\u00e1pida y fiable<\/h3>\n\n\n\n<p>El resultado suele estar listo en <strong>5-15 d\u00edas laborables<\/strong>, dependiendo del tiempo de tramitaci\u00f3n de los organismos gubernamentales de cada pa\u00eds.<\/p>\n\n\n\n<div class=\"wp-block-group\"><div class=\"wp-block-group__inner-container is-layout-constrained wp-block-group-is-layout-constrained\">\n<div style=\"background:#EBF5FF;padding:28px;border-radius:10px;border:1px solid #D6E8FF;margin:35px 0;\">\n    <h3 style=\"margin-top:0;font-size:22px;font-weight:700;color:#003F7D;\">\n        \ud83d\udc65 \u00bfNecesitas verificaciones policiales para varios trabajadores?\n    <\/h3>\n\n    <p style=\"font-size:16px;margin-bottom:15px;line-height:1.6;\">\n        Actualizar a <strong>Centro de negocios<\/strong> \u2014 our workforce screening platform for\n        bulk police checks, volunteers, overseas hires + ongoing compliance management.\n        Perfect for providers completing <strong>M\u00e1s de 20 cheques al mes.<\/strong>\n    <\/p>\n\n    <ul style=\"margin-top:0;font-size:16px;line-height:1.6;\">\n        <li>Carga masiva de trabajadores e incorporaci\u00f3n<\/li>\n        <li>Opciones de pago por parte del empleador, pago por parte del trabajador o facturaci\u00f3n mensual.<\/li>\n        <li>Seguimiento del cumplimiento de Live Police Check, VEVO, WWCC y NDIS<\/li>\n        <li>Recordatorios autom\u00e1ticos y notificaciones de vencimiento<\/li>\n    <\/ul>\n\n    <a href=\"https:\/\/workerchecks.com\/es\/control-policial-solucion-empresarial\/\"\n       style=\"display:inline-block;margin-top:15px;background:#005BAB;color:#fff;padding:14px 22px;              border-radius:6px;font-size:17px;text-decoration:none;font-weight:600;\">\n       Ver verificaciones policiales para empresas \u2192\n    <\/a>\n<\/div>\n<\/div><\/div>\n\n\n\n<h2 class=\"wp-block-heading\">Informaci\u00f3n importante antes de presentar la solicitud<\/h2>\n\n\n\n<p>Los controles policiales internacionales Worker Checks son adecuados para el empleo, la investigaci\u00f3n de antecedentes, la contrataci\u00f3n y los controles de alquiler. Son <strong>no apto a efectos de visado o inmigraci\u00f3n<\/strong>. Consulte con el Ministerio del Interior si necesita una autorizaci\u00f3n policial para solicitar un visado o un visado de migraci\u00f3n. Algunas industrias y organizaciones tienen requisitos espec\u00edficos en materia de certificados, por lo que recomendamos confirmar sus necesidades antes de presentar la solicitud.<\/p>\n\n\n\n<h2 class=\"wp-block-heading\">C\u00f3mo solicitar el control policial internacional<\/h2>\n\n\n\n<ol class=\"wp-block-list\">\n<li><strong>Pedir y pagar en l\u00ednea<\/strong><br>Inicie su Control Internacional de Antecedentes Penales de forma segura en el sitio web Worker Checks.<\/li>\n\n\n\n<li><strong>Verificaci\u00f3n de identidad m\u00f3vil completa (VOI)<\/strong><br>Utilice su tel\u00e9fono m\u00f3vil con c\u00e1mara para cumplimentar el VOI biom\u00e9trico. Debe utilizar su pasaporte original; no se aceptar\u00e1n copias digitales ni impresiones.<\/li>\n\n\n\n<li><strong>Env\u00ede su solicitud<\/strong><br>Proporcione datos personales precisos y cargue los documentos necesarios a trav\u00e9s de su portal seguro Worker Checks.<\/li>\n\n\n\n<li><strong>Reciba sus resultados<\/strong><br>Recibir\u00e1s un SMS y un correo electr\u00f3nico una vez que se haya completado tu verificaci\u00f3n. Accede a tu certificado en cualquier momento a trav\u00e9s de la <a href=\"https:\/\/workerchecks.com\/es\/el-trabajador-comprueba-el-pasaporte\/\">Worker Checks Checkhub,<\/a> Desc\u00e1rguelo en formato PDF o comp\u00e1rtalo electr\u00f3nicamente.<\/li>\n<\/ol>\n\n\n\n<h2 class=\"wp-block-heading\">Requisitos de identificaci\u00f3n para un control policial internacional<\/h2>\n\n\n\n<ul class=\"wp-block-list\">\n<li><strong>Pasaporte en vigor (australiano o extranjero):<\/strong> deben ser originales y actuales.<\/li>\n\n\n\n<li><strong>Sin copias ni capturas de pantalla:<\/strong> necesarios para la verificaci\u00f3n biom\u00e9trica.<\/li>\n\n\n\n<li><strong>Detalles coherentes:<\/strong> sus datos de identidad deben coincidir en todos los documentos. Presente documentos de cambio de nombre si los nombres difieren.<\/li>\n<\/ul>\n\n\n\n<h2 class=\"wp-block-heading\">\u00bfQu\u00e9 es un control policial internacional?<\/h2>\n\n\n\n<p>En <strong>Control policial internacional<\/strong>, tambi\u00e9n conocido como <strong>Control internacional de antecedentes penales<\/strong>, proporciona informaci\u00f3n sobre los antecedentes penales de m\u00e1s de <strong>190 pa\u00edses y territorios de ultramar<\/strong>. Puede incluir condenas por delitos graves, condenas por delitos menores, asuntos judiciales pendientes y, en algunos pa\u00edses, registros de detenciones.<\/p>\n\n\n\n<h2 class=\"wp-block-heading\">\u00bfQui\u00e9n necesita un control policial internacional?<\/h2>\n\n\n\n<p>Es posible que necesite un Control Policial Internacional si acaba de llegar a Australia, ha vivido en el extranjero durante seis meses o m\u00e1s, solicita puestos que requieren una investigaci\u00f3n de antecedentes o su profesi\u00f3n requiere una autorizaci\u00f3n internacional (como la sanidad, la ense\u00f1anza o las pr\u00e1cticas para estudiantes).<\/p>\n\n\n\n<h2 class=\"wp-block-heading\">Su Certificado Internacional de Control Policial - Imprimir y compartir<\/h2>\n\n\n\n<p>Imprima su certificado directamente desde su portal Worker Checks. Cada certificado incluye una funci\u00f3n de autenticaci\u00f3n para verificar la integridad. Recibir\u00e1 una notificaci\u00f3n por correo electr\u00f3nico cuando sus resultados est\u00e9n disponibles. Puede compartir su certificado de forma segura directamente desde su portal introduciendo la direcci\u00f3n de correo electr\u00f3nico del destinatario y concedi\u00e9ndole permiso.<\/p>\n\n\n\n<h2 class=\"wp-block-heading\">Pol\u00edtica de reembolso<\/h2>\n\n\n\n<p>Una vez presentada la solicitud e iniciada la tramitaci\u00f3n, no se reembolsar\u00e1n las tasas. Consulte nuestra <a href=\"https:\/\/workerchecks.com\/es\/devoluciones_devolucion\/\">Pol\u00edtica de devoluciones y reembolsos<\/a> para m\u00e1s detalles.<\/p>\n\n\n\n<h2 class=\"wp-block-heading\">Solicite su control policial internacional desde cualquier lugar de Australia<\/h2>\n\n\n\n<p>Nuestro servicio es <strong>100% en l\u00ednea<\/strong> y se puede completar desde cualquier lugar. Todo lo que necesita es un <strong>dispositivo m\u00f3vil con c\u00e1mara<\/strong> para completar la verificaci\u00f3n biom\u00e9trica de la identidad (VOI).<\/p>\n\n\n\n<h2 class=\"wp-block-heading\">Validez de su control policial internacional<\/h2>\n\n\n\n<p>Worker Checks Los controles policiales internacionales no tienen fecha de caducidad, pero son un <strong>punto en el tiempo<\/strong> verificaci\u00f3n. Los empleadores pueden exigir un certificado m\u00e1s reciente en funci\u00f3n de sus pol\u00edticas.<\/p>\n<\/div><\/div>\n\n<\/div><\/div>\n\n\n<div class=\"wp-block-buttons is-layout-flex wp-block-buttons-is-layout-flex\">\n<div class=\"wp-block-button\"><a class=\"wp-block-button__link wp-element-button\" href=\"https:\/\/workerchecks.com\/es\/product\/control-policial-internacional\/\"><strong>Obtenga una verificaci\u00f3n policial internacional &gt;<\/strong><\/a><\/div>\n<\/div>\n\n\n\n<p><\/p>","protected":false},"excerpt":{"rendered":"<p>Why Get an International Police Check? If you are new to Australia or have lived overseas for more than six months, employers may request an International Police Check as part of their pre-employment screening. Many applicants completing overseas screening also require a Nationally Coordinated Criminal History Check for Australian roles. Also known as an overseas&#8230;<\/p>","protected":false},"author":196713191,"featured_media":0,"parent":8135,"menu_order":0,"comment_status":"closed","ping_status":"closed","template":"","meta":{"_kadence_starter_templates_imported_post":false,"_kad_post_transparent":"","_kad_post_title":"","_kad_post_layout":"","_kad_post_sidebar_id":"","_kad_post_content_style":"","_kad_post_vertical_padding":"","_kad_post_feature":"","_kad_post_feature_position":"","_kad_post_header":false,"_kad_post_footer":false,"_kad_post_classname":"","footnotes":""},"class_list":["post-6769","page","type-page","status-publish","hentry"],"_links":{"self":[{"href":"https:\/\/workerchecks.com\/es\/wp-json\/wp\/v2\/pages\/6769","targetHints":{"allow":["GET"]}}],"collection":[{"href":"https:\/\/workerchecks.com\/es\/wp-json\/wp\/v2\/pages"}],"about":[{"href":"https:\/\/workerchecks.com\/es\/wp-json\/wp\/v2\/types\/page"}],"author":[{"embeddable":true,"href":"https:\/\/workerchecks.com\/es\/wp-json\/wp\/v2\/users\/196713191"}],"replies":[{"embeddable":true,"href":"https:\/\/workerchecks.com\/es\/wp-json\/wp\/v2\/comments?post=6769"}],"version-history":[{"count":0,"href":"https:\/\/workerchecks.com\/es\/wp-json\/wp\/v2\/pages\/6769\/revisions"}],"up":[{"embeddable":true,"href":"https:\/\/workerchecks.com\/es\/wp-json\/wp\/v2\/pages\/8135"}],"wp:attachment":[{"href":"https:\/\/workerchecks.com\/es\/wp-json\/wp\/v2\/media?parent=6769"}],"curies":[{"name":"wp","href":"https:\/\/api.w.org\/{rel}","templated":true}]}}