{"id":6708,"date":"2024-04-26T21:12:32","date_gmt":"2024-04-26T11:12:32","guid":{"rendered":"https:\/\/workerchecks.com\/?page_id=6708"},"modified":"2025-07-15T04:03:35","modified_gmt":"2025-07-14T18:03:35","slug":"control-policial-nt","status":"publish","type":"page","link":"https:\/\/workerchecks.com\/es\/police-check-nt\/","title":{"rendered":"Control policial NT"},"content":{"rendered":"<style>.kb-row-layout-id6708_8bf834-7c > .kt-row-column-wrap{align-content:start;}:where(.kb-row-layout-id6708_8bf834-7c > .kt-row-column-wrap) > .wp-block-kadence-column{justify-content:start;}.kb-row-layout-id6708_8bf834-7c > .kt-row-column-wrap{column-gap:var(--global-kb-gap-md, 2rem);row-gap:var(--global-kb-gap-md, 2rem);padding-top:var(--global-kb-spacing-sm, 1.5rem);padding-bottom:var(--global-kb-spacing-sm, 1.5rem);grid-template-columns:minmax(0, 1fr);}.kb-row-layout-id6708_8bf834-7c > .kt-row-layout-overlay{opacity:0.30;}@media all and (max-width: 1024px){.kb-row-layout-id6708_8bf834-7c > .kt-row-column-wrap{grid-template-columns:minmax(0, 1fr);}}@media all and (max-width: 767px){.kb-row-layout-id6708_8bf834-7c > .kt-row-column-wrap{grid-template-columns:minmax(0, 1fr);}}<\/style><div class=\"kb-row-layout-wrap kb-row-layout-id6708_8bf834-7c alignnone wp-block-kadence-rowlayout\"><div class=\"kt-row-column-wrap kt-has-1-columns kt-row-layout-equal kt-tab-layout-inherit kt-mobile-layout-row kt-row-valign-top\">\n<style>.kadence-column6708_acbf80-0e > .kt-inside-inner-col{display:flex;}.kadence-column6708_acbf80-0e > .kt-inside-inner-col,.kadence-column6708_acbf80-0e > .kt-inside-inner-col:before{border-top-left-radius:0px;border-top-right-radius:0px;border-bottom-right-radius:0px;border-bottom-left-radius:0px;}.kadence-column6708_acbf80-0e > .kt-inside-inner-col{column-gap:var(--global-kb-gap-sm, 1rem);}.kadence-column6708_acbf80-0e > .kt-inside-inner-col{flex-direction:column;align-items:center;}.kadence-column6708_acbf80-0e > .kt-inside-inner-col > .kb-image-is-ratio-size{align-self:stretch;}.kadence-column6708_acbf80-0e > .kt-inside-inner-col > .wp-block-kadence-advancedgallery{align-self:stretch;}.kadence-column6708_acbf80-0e > .kt-inside-inner-col > .aligncenter{width:100%;}.kadence-column6708_acbf80-0e > .kt-inside-inner-col:before{opacity:0.3;}.kadence-column6708_acbf80-0e{text-align:center;}.kadence-column6708_acbf80-0e{position:relative;}@media all and (max-width: 1024px){.kadence-column6708_acbf80-0e > .kt-inside-inner-col{flex-direction:column;justify-content:center;align-items:center;}}@media all and (max-width: 767px){.kadence-column6708_acbf80-0e > .kt-inside-inner-col{flex-direction:column;justify-content:center;align-items:center;}}<\/style>\n<div class=\"wp-block-kadence-column kadence-column6708_acbf80-0e\"><div class=\"kt-inside-inner-col\">\n<figure class=\"wp-block-image size-large has-lightbox\"><a href=\"https:\/\/workerchecks.com\/es\/product-category\/controles-policiales\/?add-to-cart=2804\"><img decoding=\"async\" width=\"1024\" height=\"576\" src=\"https:\/\/workerchecks.com\/wp-content\/uploads\/2021\/08\/NT-PC-Copy-1024x576.png\" alt=\"Control policial NT\" class=\"wp-image-2429\" title=\"\" srcset=\"https:\/\/workerchecks.com\/wp-content\/uploads\/2021\/08\/NT-PC-Copy-1024x576.png 1024w, https:\/\/workerchecks.com\/wp-content\/uploads\/2021\/08\/NT-PC-Copy-600x338.png 600w, https:\/\/workerchecks.com\/wp-content\/uploads\/2021\/08\/NT-PC-Copy-300x169.png 300w, https:\/\/workerchecks.com\/wp-content\/uploads\/2021\/08\/NT-PC-Copy-768x432.png 768w, https:\/\/workerchecks.com\/wp-content\/uploads\/2021\/08\/NT-PC-Copy-1200x675.png 1200w, https:\/\/workerchecks.com\/wp-content\/uploads\/2021\/08\/NT-PC-Copy.png 1280w\" sizes=\"(max-width: 1024px) 100vw, 1024px\" \/><\/a><\/figure>\n<\/div><\/div>\n\n<\/div><\/div>\n\n<style>.kb-row-layout-id6708_f06d04-76 > .kt-row-column-wrap{align-content:start;}:where(.kb-row-layout-id6708_f06d04-76 > .kt-row-column-wrap) > .wp-block-kadence-column{justify-content:start;}.kb-row-layout-id6708_f06d04-76 > .kt-row-column-wrap{column-gap:var(--global-kb-gap-md, 2rem);row-gap:var(--global-kb-gap-md, 2rem);padding-top:var(--global-kb-spacing-sm, 1.5rem);padding-bottom:var(--global-kb-spacing-sm, 1.5rem);grid-template-columns:minmax(0, 1fr);}.kb-row-layout-id6708_f06d04-76 > .kt-row-layout-overlay{opacity:0.30;}@media all and (max-width: 1024px){.kb-row-layout-id6708_f06d04-76 > .kt-row-column-wrap{grid-template-columns:minmax(0, 1fr);}}@media all and (max-width: 767px){.kb-row-layout-id6708_f06d04-76 > .kt-row-column-wrap{grid-template-columns:minmax(0, 1fr);}}<\/style><div class=\"kb-row-layout-wrap kb-row-layout-id6708_f06d04-76 alignnone wp-block-kadence-rowlayout\"><div class=\"kt-row-column-wrap kt-has-1-columns kt-row-layout-equal kt-tab-layout-inherit kt-mobile-layout-row kt-row-valign-top\">\n<style>.kadence-column6708_671c71-7f > .kt-inside-inner-col{display:flex;}.kadence-column6708_671c71-7f > .kt-inside-inner-col,.kadence-column6708_671c71-7f > .kt-inside-inner-col:before{border-top-left-radius:0px;border-top-right-radius:0px;border-bottom-right-radius:0px;border-bottom-left-radius:0px;}.kadence-column6708_671c71-7f > .kt-inside-inner-col{column-gap:var(--global-kb-gap-sm, 1rem);}.kadence-column6708_671c71-7f > .kt-inside-inner-col{flex-direction:column;align-items:center;}.kadence-column6708_671c71-7f > .kt-inside-inner-col > .kb-image-is-ratio-size{align-self:stretch;}.kadence-column6708_671c71-7f > .kt-inside-inner-col > .wp-block-kadence-advancedgallery{align-self:stretch;}.kadence-column6708_671c71-7f > .kt-inside-inner-col > .aligncenter{width:100%;}.kadence-column6708_671c71-7f > .kt-inside-inner-col:before{opacity:0.3;}.kadence-column6708_671c71-7f{text-align:center;}.kadence-column6708_671c71-7f{position:relative;}@media all and (max-width: 1024px){.kadence-column6708_671c71-7f > .kt-inside-inner-col{flex-direction:column;justify-content:center;align-items:center;}}@media all and (max-width: 767px){.kadence-column6708_671c71-7f > .kt-inside-inner-col{flex-direction:column;justify-content:center;align-items:center;}}<\/style>\n<div class=\"wp-block-kadence-column kadence-column6708_671c71-7f\"><div class=\"kt-inside-inner-col\">\n<div class=\"wp-block-buttons is-layout-flex wp-block-buttons-is-layout-flex\">\n<div class=\"wp-block-button\"><a class=\"wp-block-button__link wp-element-button\" href=\"https:\/\/workerchecks.com\/es\/product-category\/controles-policiales\/?add-to-cart=2804\">Comprobaci\u00f3n policial NT<\/a><\/div>\n<\/div>\n<\/div><\/div>\n\n<\/div><\/div>\n\n<style>.kb-row-layout-id6708_9902dd-e6 > .kt-row-column-wrap{align-content:start;}:where(.kb-row-layout-id6708_9902dd-e6 > .kt-row-column-wrap) > .wp-block-kadence-column{justify-content:start;}.kb-row-layout-id6708_9902dd-e6 > .kt-row-column-wrap{column-gap:var(--global-kb-gap-md, 2rem);row-gap:var(--global-kb-gap-md, 2rem);padding-top:var(--global-kb-spacing-sm, 1.5rem);padding-bottom:var(--global-kb-spacing-sm, 1.5rem);grid-template-columns:minmax(0, 1fr);}.kb-row-layout-id6708_9902dd-e6 > .kt-row-layout-overlay{opacity:0.30;}@media all and (max-width: 1024px){.kb-row-layout-id6708_9902dd-e6 > .kt-row-column-wrap{grid-template-columns:minmax(0, 1fr);}}@media all and (max-width: 767px){.kb-row-layout-id6708_9902dd-e6 > .kt-row-column-wrap{grid-template-columns:minmax(0, 1fr);}}<\/style><div class=\"kb-row-layout-wrap kb-row-layout-id6708_9902dd-e6 alignnone wp-block-kadence-rowlayout\"><div class=\"kt-row-column-wrap kt-has-1-columns kt-row-layout-equal kt-tab-layout-inherit kt-mobile-layout-row kt-row-valign-top\">\n<style>.kadence-column6708_d7fbe3-93 > .kt-inside-inner-col,.kadence-column6708_d7fbe3-93 > .kt-inside-inner-col:before{border-top-left-radius:0px;border-top-right-radius:0px;border-bottom-right-radius:0px;border-bottom-left-radius:0px;}.kadence-column6708_d7fbe3-93 > .kt-inside-inner-col{column-gap:var(--global-kb-gap-sm, 1rem);}.kadence-column6708_d7fbe3-93 > .kt-inside-inner-col{flex-direction:column;}.kadence-column6708_d7fbe3-93 > .kt-inside-inner-col > .aligncenter{width:100%;}.kadence-column6708_d7fbe3-93 > .kt-inside-inner-col:before{opacity:0.3;}.kadence-column6708_d7fbe3-93{position:relative;}@media all and (max-width: 1024px){.kadence-column6708_d7fbe3-93 > .kt-inside-inner-col{flex-direction:column;justify-content:center;}}@media all and (max-width: 767px){.kadence-column6708_d7fbe3-93 > .kt-inside-inner-col{flex-direction:column;justify-content:center;}}<\/style>\n<div class=\"wp-block-kadence-column kadence-column6708_d7fbe3-93\"><div class=\"kt-inside-inner-col\">\n<h2 class=\"wp-block-heading\" id=\"policechecknt\">Control policial NT<\/h2>\n\n\n\n<h3 class=\"wp-block-heading\" id=\"howtogetapolicechecknt\">C\u00f3mo obtener un control policial NT<\/h3>\n\n\n\n<p>\u00bfDesea obtener un certificado de antecedentes penales? Tanto si lo necesita para un empleo, un trabajo voluntario o por motivos personales, obtener un NT de control policial es sencillo. Aqu\u00ed tiene todo lo que necesita saber para obtener su NT de control policial.<\/p>\n\n\n\n<h3 class=\"wp-block-heading\" id=\"optionsforobtainingapolicechecknt\">Opciones para obtener un control policial NT<\/h3>\n\n\n\n<h4 class=\"wp-block-heading\"><strong>Control policial en l\u00ednea NT<\/strong><\/h4>\n\n\n\n<p>Worker Checks ofrece un proceso de solicitud 100% en l\u00ednea con resultados disponibles en tan s\u00f3lo una hora.<\/p>\n\n\n\n<ul class=\"wp-block-list\">\n<li><strong>Procesamiento r\u00e1pido<\/strong>75% de los cheques se procesan en una hora. Algunos pueden requerir un tratamiento posterior (revisi\u00f3n manual).<\/li>\n\n\n\n<li><strong>Portal seguro<\/strong>: Almacena y comparte tu autorizaci\u00f3n policial de forma segura con nuestra tecnolog\u00eda blockchain privada.<\/li>\n\n\n\n<li><strong>Organismo acreditado<\/strong>: Worker Checks est\u00e1 acreditada por la Comisi\u00f3n Australiana de Inteligencia Criminal (ACIC).<\/li>\n<\/ul>\n\n\n\n<h4 class=\"wp-block-heading\" id=\"applicationprocess\"><strong>Proceso de solicitud del control policial NT<\/strong><\/h4>\n\n\n\n<ol class=\"wp-block-list\">\n<li><strong>Env\u00ede su solicitud<\/strong>: Reciba un correo electr\u00f3nico de confirmaci\u00f3n.<\/li>\n\n\n\n<li><strong>Seguimiento de su solicitud<\/strong>: Detalles disponibles en su portal en l\u00ednea.<\/li>\n\n\n\n<li><strong>Reciba su certificado<\/strong>: Reciba una notificaci\u00f3n cuando se haya completado su comprobaci\u00f3n.<\/li>\n<\/ol>\n\n\n\n<h3 class=\"wp-block-heading\" id=\"whocanrequestantpolicecheck\">\u00bfQui\u00e9n puede solicitar un control policial del TN?<\/h3>\n\n\n\n<ul class=\"wp-block-list\">\n<li><strong>Particulares<\/strong>: Para empleo, puestos de voluntariado o solicitudes de visado.<\/li>\n\n\n\n<li><strong>Empresarios<\/strong>: Para comprobar los antecedentes de los empleados.<\/li>\n\n\n\n<li><strong>Instituciones educativas y organismos que conceden licencias<\/strong>: Para estudiantes o profesionales de determinados campos.<\/li>\n<\/ul>\n\n\n\n<p><em>Nota: Se requiere el consentimiento informado para obtener un NT Police Check.<\/em><\/p>\n\n\n\n<h3 class=\"wp-block-heading\" id=\"validityofantpolicecheck\">Validez de un control policial del TN<\/h3>\n\n\n\n<p>Los controles policiales no caducan, sino que se consideran un control \"puntual\". La informaci\u00f3n es exacta hasta la fecha de emisi\u00f3n. Las organizaciones deben determinar el plazo aceptable para una comprobaci\u00f3n actualizada en funci\u00f3n de sus pol\u00edticas.<\/p>\n\n\n\n<h3 class=\"wp-block-heading\" id=\"whatisincludedinantpolicecheckcertificate\">\u00bfQu\u00e9 incluye un certificado de control policial del TN?<\/h3>\n\n\n\n<p>Su certificado de NT Police Check incluir\u00e1:<\/p>\n\n\n\n<ul class=\"wp-block-list\">\n<li>Informaci\u00f3n personal<\/li>\n\n\n\n<li>Cualquier antecedente penal revelado<\/li>\n\n\n\n<li>Resultados judiciales divulgables<\/li>\n<\/ul>\n\n\n\n<p>Para un control policial NT r\u00e1pido y fiable, \u00a1elija Worker Checks!<\/p>\n<\/div><\/div>\n\n<\/div><\/div>\n\n<style>.kb-row-layout-id6708_d91356-0c > .kt-row-column-wrap{align-content:start;}:where(.kb-row-layout-id6708_d91356-0c > .kt-row-column-wrap) > .wp-block-kadence-column{justify-content:start;}.kb-row-layout-id6708_d91356-0c > .kt-row-column-wrap{column-gap:var(--global-kb-gap-md, 2rem);row-gap:var(--global-kb-gap-md, 2rem);padding-top:var(--global-kb-spacing-sm, 1.5rem);padding-bottom:var(--global-kb-spacing-sm, 1.5rem);grid-template-columns:minmax(0, 1fr);}.kb-row-layout-id6708_d91356-0c > .kt-row-layout-overlay{opacity:0.30;}@media all and (max-width: 1024px){.kb-row-layout-id6708_d91356-0c > .kt-row-column-wrap{grid-template-columns:minmax(0, 1fr);}}@media all and (max-width: 767px){.kb-row-layout-id6708_d91356-0c > .kt-row-column-wrap{grid-template-columns:minmax(0, 1fr);}}<\/style><div class=\"kb-row-layout-wrap kb-row-layout-id6708_d91356-0c alignnone wp-block-kadence-rowlayout\"><div class=\"kt-row-column-wrap kt-has-1-columns kt-row-layout-equal kt-tab-layout-inherit kt-mobile-layout-row kt-row-valign-top\">\n<style>.kadence-column6708_f2fcfa-c3 > .kt-inside-inner-col{display:flex;}.kadence-column6708_f2fcfa-c3 > .kt-inside-inner-col,.kadence-column6708_f2fcfa-c3 > .kt-inside-inner-col:before{border-top-left-radius:0px;border-top-right-radius:0px;border-bottom-right-radius:0px;border-bottom-left-radius:0px;}.kadence-column6708_f2fcfa-c3 > .kt-inside-inner-col{column-gap:var(--global-kb-gap-sm, 1rem);}.kadence-column6708_f2fcfa-c3 > .kt-inside-inner-col{flex-direction:column;align-items:center;}.kadence-column6708_f2fcfa-c3 > .kt-inside-inner-col > .kb-image-is-ratio-size{align-self:stretch;}.kadence-column6708_f2fcfa-c3 > .kt-inside-inner-col > .wp-block-kadence-advancedgallery{align-self:stretch;}.kadence-column6708_f2fcfa-c3 > .kt-inside-inner-col > .aligncenter{width:100%;}.kadence-column6708_f2fcfa-c3 > .kt-inside-inner-col:before{opacity:0.3;}.kadence-column6708_f2fcfa-c3{text-align:center;}.kadence-column6708_f2fcfa-c3{position:relative;}@media all and (max-width: 1024px){.kadence-column6708_f2fcfa-c3 > .kt-inside-inner-col{flex-direction:column;justify-content:center;align-items:center;}}@media all and (max-width: 767px){.kadence-column6708_f2fcfa-c3 > .kt-inside-inner-col{flex-direction:column;justify-content:center;align-items:center;}}<\/style>\n<div class=\"wp-block-kadence-column kadence-column6708_f2fcfa-c3\"><div class=\"kt-inside-inner-col\">\n<div class=\"wp-block-buttons is-layout-flex wp-block-buttons-is-layout-flex\">\n<div class=\"wp-block-button\"><a class=\"wp-block-button__link wp-element-button\" href=\"https:\/\/workerchecks.com\/es\/product-category\/controles-policiales\/?add-to-cart=2804\">Comprobaci\u00f3n policial NT<\/a><\/div>\n<\/div>\n<\/div><\/div>\n\n<\/div><\/div>","protected":false},"excerpt":{"rendered":"<p>Verificaci\u00f3n policial NT C\u00f3mo obtener una verificaci\u00f3n policial NT \u00bfDesea obtener una verificaci\u00f3n policial NT? Ya sea que la necesite para un empleo, trabajo voluntario o motivos personales, obtener una verificaci\u00f3n policial NT es muy sencillo. Aqu\u00ed encontrar\u00e1 todo lo que necesita saber para obtener su verificaci\u00f3n policial NT. Opciones para obtener una verificaci\u00f3n policial NT en l\u00ednea...<\/p>","protected":false},"author":196713191,"featured_media":2429,"parent":0,"menu_order":0,"comment_status":"closed","ping_status":"closed","template":"","meta":{"_kadence_starter_templates_imported_post":false,"_kad_post_transparent":"","_kad_post_title":"","_kad_post_layout":"","_kad_post_sidebar_id":"","_kad_post_content_style":"","_kad_post_vertical_padding":"","_kad_post_feature":"","_kad_post_feature_position":"","_kad_post_header":false,"_kad_post_footer":false,"_kad_post_classname":"","footnotes":""},"class_list":["post-6708","page","type-page","status-publish","has-post-thumbnail","hentry"],"_links":{"self":[{"href":"https:\/\/workerchecks.com\/es\/wp-json\/wp\/v2\/pages\/6708","targetHints":{"allow":["GET"]}}],"collection":[{"href":"https:\/\/workerchecks.com\/es\/wp-json\/wp\/v2\/pages"}],"about":[{"href":"https:\/\/workerchecks.com\/es\/wp-json\/wp\/v2\/types\/page"}],"author":[{"embeddable":true,"href":"https:\/\/workerchecks.com\/es\/wp-json\/wp\/v2\/users\/196713191"}],"replies":[{"embeddable":true,"href":"https:\/\/workerchecks.com\/es\/wp-json\/wp\/v2\/comments?post=6708"}],"version-history":[{"count":0,"href":"https:\/\/workerchecks.com\/es\/wp-json\/wp\/v2\/pages\/6708\/revisions"}],"wp:featuredmedia":[{"embeddable":true,"href":"https:\/\/workerchecks.com\/es\/wp-json\/wp\/v2\/media\/2429"}],"wp:attachment":[{"href":"https:\/\/workerchecks.com\/es\/wp-json\/wp\/v2\/media?parent=6708"}],"curies":[{"name":"wp","href":"https:\/\/api.w.org\/{rel}","templated":true}]}}