{"id":1316,"date":"2025-04-14T23:49:13","date_gmt":"2025-04-14T13:49:13","guid":{"rendered":"https:\/\/workerchecks.com\/?page_id=1316"},"modified":"2026-03-19T11:43:32","modified_gmt":"2026-03-19T00:43:32","slug":"identificacion-policial","status":"publish","type":"page","link":"https:\/\/workerchecks.com\/es\/police-check-id\/","title":{"rendered":"Requisitos de identificaci\u00f3n para verificaciones policiales"},"content":{"rendered":"<style>.kb-row-layout-id1316_cc5615-84 > .kt-row-column-wrap{align-content:start;}:where(.kb-row-layout-id1316_cc5615-84 > .kt-row-column-wrap) > .wp-block-kadence-column{justify-content:start;}.kb-row-layout-id1316_cc5615-84 > .kt-row-column-wrap{column-gap:var(--global-kb-gap-md, 2rem);row-gap:var(--global-kb-gap-md, 2rem);padding-top:var(--global-kb-spacing-sm, 1.5rem);padding-bottom:var(--global-kb-spacing-sm, 1.5rem);grid-template-columns:minmax(0, 1fr);}.kb-row-layout-id1316_cc5615-84 > .kt-row-layout-overlay{opacity:0.30;}@media all and (max-width: 1024px){.kb-row-layout-id1316_cc5615-84 > .kt-row-column-wrap{grid-template-columns:minmax(0, 1fr);}}@media all and (max-width: 767px){.kb-row-layout-id1316_cc5615-84 > .kt-row-column-wrap{grid-template-columns:minmax(0, 1fr);}}<\/style><div class=\"kb-row-layout-wrap kb-row-layout-id1316_cc5615-84 alignnone wp-block-kadence-rowlayout\"><div class=\"kt-row-column-wrap kt-has-1-columns kt-row-layout-equal kt-tab-layout-inherit kt-mobile-layout-row kt-row-valign-top\">\n<style>.kadence-column1316_dc6d17-39 > .kt-inside-inner-col,.kadence-column1316_dc6d17-39 > .kt-inside-inner-col:before{border-top-left-radius:0px;border-top-right-radius:0px;border-bottom-right-radius:0px;border-bottom-left-radius:0px;}.kadence-column1316_dc6d17-39 > .kt-inside-inner-col{column-gap:var(--global-kb-gap-sm, 1rem);}.kadence-column1316_dc6d17-39 > .kt-inside-inner-col{flex-direction:column;}.kadence-column1316_dc6d17-39 > .kt-inside-inner-col > .aligncenter{width:100%;}.kadence-column1316_dc6d17-39 > .kt-inside-inner-col:before{opacity:0.3;}.kadence-column1316_dc6d17-39{position:relative;}@media all and (max-width: 1024px){.kadence-column1316_dc6d17-39 > .kt-inside-inner-col{flex-direction:column;justify-content:center;}}@media all and (max-width: 767px){.kadence-column1316_dc6d17-39 > .kt-inside-inner-col{flex-direction:column;justify-content:center;}}<\/style>\n<div class=\"wp-block-kadence-column kadence-column1316_dc6d17-39\"><div class=\"kt-inside-inner-col\">\n<h2 class=\"wp-block-heading\"><strong>Documento de identificaci\u00f3n para controles policiales<\/strong><\/h2>\n\n\n\n<p><strong>Requisitos del documento de identificaci\u00f3n para un <a href=\"https:\/\/workerchecks.com\/es\/product\/control-de-antecedentes-penales-coordinado-a-escala-nacional\/\">Control de antecedentes penales coordinado a escala nacional<\/a><\/strong><\/p>\n\n\n\n<p>Comprobaci\u00f3n policial Prueba de identidad para un <strong>Control de antecedentes penales coordinado a escala nacional (anteriormente conocido como control policial nacional). <\/strong>Los solicitantes necesitan 3 documentos de identidad, seg\u00fan la tabla que figura a continuaci\u00f3n:<\/p>\n\n\n\n<style>\n    .id-check-container {\n        font-family: 'Segoe UI', Roboto, Helvetica, Arial, sans-serif;\n        color: #2d3436;\n        max-width: 950px;\n        margin: 20px auto;\n        line-height: 1.6;\n    }\n    .id-grid-top {\n        display: grid;\n        grid-template-columns: 1fr 1fr;\n        gap: 25px;\n        margin-bottom: 25px;\n    }\n    .id-card {\n        border: 1px solid #dfe6e9;\n        border-radius: 10px;\n        background: #ffffff;\n        box-shadow: 0 4px 6px rgba(0,0,0,0.05);\n        overflow: hidden;\n    }\n    .id-card-header {\n        background-color: #f1f2f6;\n        padding: 15px;\n        font-weight: 800;\n        text-align: center;\n        border-bottom: 3px solid #0984e3;\n        color: #0984e3;\n        text-transform: uppercase;\n        letter-spacing: 1.2px;\n        font-size: 0.85rem;\n    }\n    .id-list {\n        list-style: none;\n        padding: 0;\n        margin: 0;\n    }\n    .id-list li {\n        padding: 12px 18px;\n        border-bottom: 1px solid #f1f2f6;\n        font-size: 0.95rem;\n    }\n    .id-list li:last-child {\n        border-bottom: none;\n    }\n    .doc-3-grid {\n        display: grid;\n        grid-template-columns: 1fr 1fr;\n    }\n    .border-left {\n        border-left: 1px solid #f1f2f6;\n    }\n    @media (max-width: 768px) {\n        .id-grid-top, .doc-3-grid {\n            grid-template-columns: 1fr;\n        }\n        .border-left {\n            border-left: none;\n            border-top: 1px solid #f1f2f6;\n        }\n    }\n<\/style>\n\n<div class=\"id-check-container\">\n    <div class=\"id-grid-top\">\n        <div class=\"id-card\">\n            <div class=\"id-card-header\">Documento 1<\/div>\n            <ul class=\"id-list\">\n                <li>Pasaporte australiano (se acepta caducado hasta <strong>2 a\u00f1os<\/strong>)<\/li>\n                <li>Pasaporte extranjero (con una visa australiana v\u00e1lida)<\/li>\n                <li>Licencia de conducir australiana, permiso de aprendizaje o licencia provisional.<\/li>\n            <\/ul>\n        <\/div>\n\n        <div class=\"id-card\">\n            <div class=\"id-card-header\">Documento 2<\/div>\n            <ul class=\"id-list\">\n                <li>Pasaporte australiano (se acepta caducado hasta <strong>2 a\u00f1os<\/strong>)<\/li>\n                <li>Pasaporte extranjero (en vigor)<\/li>\n                <li>Licencia de conducir australiana, permiso de aprendizaje o licencia provisional.<\/li>\n                <li>ImmiCard<\/li>\n                <li>Certificado de nacimiento<\/li>\n            <\/ul>\n        <\/div>\n    <\/div>\n\n    <div class=\"id-card\">\n        <div class=\"id-card-header\">Documento 3<\/div>\n        <div class=\"doc-3-grid\">\n            <ul class=\"id-list\">\n                <li>NDIS Comprobaci\u00f3n de antecedentes laborales<\/li>\n                <li>Control de trabajo con ni\u00f1os (o equivalente)<\/li>\n                <li>Factura de servicios p\u00fablicos (que muestre el nombre y la direcci\u00f3n)<\/li>\n                <li>Documento de viaje de la Convenci\u00f3n de las Naciones Unidas<\/li>\n                <li>Documentos de identidad extranjeros (deben estar en ingl\u00e9s)<\/li>\n                <li>N\u00famero de identificaci\u00f3n fiscal<\/li>\n                <li>Tarjeta Medicare<\/li>\n                <li>Inscripci\u00f3n electoral<\/li>\n                <li>Licencia con foto para guardia de seguridad\/control de multitudes<\/li>\n                <li>Tarjeta de identificaci\u00f3n con foto consular<\/li>\n            <\/ul>\n            <ul class=\"id-list border-left\">\n                <li>Tarjeta de identificaci\u00f3n con foto de agente de polic\u00eda<\/li>\n                <li>Tarjeta de identificaci\u00f3n con foto de las Fuerzas Armadas<\/li>\n                <li>Documento de identidad con fotograf\u00eda<\/li>\n                <li>Tarjeta de identificaci\u00f3n de seguridad a\u00e9rea<\/li>\n                <li>Tarjeta de identificaci\u00f3n de seguridad mar\u00edtima<\/li>\n                <li>Licencia de armas<\/li>\n                <li>Verificaci\u00f3n de antecedentes crediticios<\/li>\n                <li>Documento de identidad con fotograf\u00eda de estudiante de educaci\u00f3n terciaria\/secundaria<\/li>\n                <li>Expediente acad\u00e9mico certificado<\/li>\n                <li>Informe de \u00e1rbitros de confianza<\/li>\n                <li>Tarjeta bancaria o tarjeta de cr\u00e9dito<\/li>\n            <\/ul>\n        <\/div>\n    <\/div>\n<\/div>\n<\/div><\/div>\n\n\n<style>.kadence-column1316_afaff0-69 > .kt-inside-inner-col,.kadence-column1316_afaff0-69 > .kt-inside-inner-col:before{border-top-left-radius:0px;border-top-right-radius:0px;border-bottom-right-radius:0px;border-bottom-left-radius:0px;}.kadence-column1316_afaff0-69 > .kt-inside-inner-col{column-gap:var(--global-kb-gap-sm, 1rem);}.kadence-column1316_afaff0-69 > .kt-inside-inner-col{flex-direction:column;}.kadence-column1316_afaff0-69 > .kt-inside-inner-col > .aligncenter{width:100%;}.kadence-column1316_afaff0-69 > .kt-inside-inner-col:before{opacity:0.3;}.kadence-column1316_afaff0-69{position:relative;}@media all and (max-width: 1024px){.kadence-column1316_afaff0-69 > .kt-inside-inner-col{flex-direction:column;justify-content:center;}}@media all and (max-width: 767px){.kadence-column1316_afaff0-69 > .kt-inside-inner-col{flex-direction:column;justify-content:center;}}<\/style>\n<div class=\"wp-block-kadence-column kadence-column1316_afaff0-69\"><div class=\"kt-inside-inner-col\">\n<h2 class=\"wp-block-heading\">\u00bfC\u00f3mo verificar mi identidad?<\/h2>\n\n\n\n<p>Los controles de trabajadores utilizan la correspondencia biom\u00e9trica para cotejar su rostro con un documento verificado.<\/p>\n\n\n\n<p><strong><a href=\"https:\/\/workerchecks.com\/es\/docs\/cual-es-su-producto-de-verificacion-de-identidad\/\">Lea m\u00e1s aqu\u00ed sobre nuestro proceso de verificaci\u00f3n de identidad.<\/a><\/strong><\/p>\n<\/div><\/div>\n\n\n\n\n\n\n<style>.kadence-column1316_713f96-49 > .kt-inside-inner-col,.kadence-column1316_713f96-49 > .kt-inside-inner-col:before{border-top-left-radius:0px;border-top-right-radius:0px;border-bottom-right-radius:0px;border-bottom-left-radius:0px;}.kadence-column1316_713f96-49 > .kt-inside-inner-col{column-gap:var(--global-kb-gap-sm, 1rem);}.kadence-column1316_713f96-49 > .kt-inside-inner-col{flex-direction:column;}.kadence-column1316_713f96-49 > .kt-inside-inner-col > .aligncenter{width:100%;}.kadence-column1316_713f96-49 > .kt-inside-inner-col:before{opacity:0.3;}.kadence-column1316_713f96-49{position:relative;}@media all and (max-width: 1024px){.kadence-column1316_713f96-49 > .kt-inside-inner-col{flex-direction:column;justify-content:center;}}@media all and (max-width: 767px){.kadence-column1316_713f96-49 > .kt-inside-inner-col{flex-direction:column;justify-content:center;}}<\/style>\n<div class=\"wp-block-kadence-column kadence-column1316_713f96-49\"><div class=\"kt-inside-inner-col\">\n<p><strong>Worker Checks verifica al instante los documentos oficiales de identidad mediante el Servicio de Verificaci\u00f3n de Documentos (DVS) del Gobierno australiano.<\/strong><\/p>\n<\/div><\/div>\n\n<\/div><\/div>\n\n\n<style>\n  .wc-devices { font-family: \"Helvetica Neue\", Helvetica, Arial, sans-serif; color: #1a1a2e; max-width: 680px; }\n  .wc-devices h2 { font-size: 20px; font-weight: 700; margin: 0 0 6px; }\n  .wc-devices p { font-size: 14px; color: #5f5e5a; line-height: 1.6; margin: 0 0 24px; }\n  .device-cards { display: flex; gap: 16px; flex-wrap: wrap; margin-bottom: 8px; }\n  .device-card { flex: 1; min-width: 240px; border: 1px solid #e2e8f0; border-radius: 10px; padding: 20px 22px; background: #fff; }\n  .device-card h3 { font-size: 16px; font-weight: 700; margin: 0 0 6px; color: #1a1a2e; }\n  .device-card .rec { font-size: 13px; color: #1D9E75; font-weight: 600; margin-bottom: 12px; }\n  .device-card ul { margin: 0; padding: 0 0 0 18px; font-size: 14px; color: #5f5e5a; line-height: 1.8; }\n  .note { background: #e3f3fc; border-radius: 8px; padding: 14px 18px; font-size: 14px; color: #0c447c; line-height: 1.6; }\n<\/style>\n\n<div class=\"wc-devices\">\n\n  <h2>Dispositivos compatibles con la verificaci\u00f3n de identidad biom\u00e9trica<\/h2>\n  <p>La verificaci\u00f3n de identidad Worker Checks funciona en la mayor\u00eda de los tel\u00e9fonos inteligentes modernos. No es necesario descargar ninguna aplicaci\u00f3n.<\/p>\n\n  <div class=\"device-cards\">\n\n    <div class=\"device-card\">\n      <h3>iPhone y iPad<\/h3>\n      <div class=\"rec\">Navegador recomendado: Safari<\/div>\n      <ul>\n        <li>iPhone 6s y modelos posteriores<\/li>\n        <li>Cualquier iPad con c\u00e1mara frontal<\/li>\n        <li>iOS 11 o superior<\/li>\n      <\/ul>\n    <\/div>\n\n    <div class=\"device-card\">\n      <h3>Android<\/h3>\n      <div class=\"rec\">Navegador recomendado: Chrome<\/div>\n      <ul>\n        <li>Samsung, Google Pixel y la mayor\u00eda de las principales marcas<\/li>\n        <li>Android 5.1 o superior<\/li>\n      <\/ul>\n    <\/div>\n\n  <\/div>\n\n  <div class=\"note\" style=\"margin-bottom:12px;\">\n    <strong>\u00bfUsas otro navegador? No te preocupes, tenemos la soluci\u00f3n.<\/strong> Cuando pulses el enlace de verificaci\u00f3n de identidad que se te envi\u00f3 a tu dispositivo m\u00f3vil, es posible que se abra en tu navegador predeterminado. Si ese navegador no es totalmente compatible, se te redirigir\u00e1 autom\u00e1ticamente al m\u00e1s adecuado para tu dispositivo: Safari en iPhone y Chrome en Android. Solo tienes que seguir las instrucciones y la verificaci\u00f3n continuar\u00e1 de inmediato.\n  <\/div>\n\n  <div class=\"note\" style=\"background:#e1f5ee; color:#085041;\">\n    <strong>\u00bfSigues teniendo problemas?<\/strong> Aseg\u00farate de que tu navegador tenga permiso para acceder a tu c\u00e1mara. Si necesitas ayuda, nuestro equipo de soporte estar\u00e1 encantado de ayudarte.\n  <\/div>\n\n<\/div>","protected":false},"excerpt":{"rendered":"<p>Identification proof for police checks Identification Document Requirements for a Nationally Coordinated Criminal History Check Police Check Proof of Identity for a Nationally Coordinated Criminal History Check (formerly known as a national Police Check). Applicants require 3 pieces of ID, as per the table below: Document 1 Australian Passport (expired OK up to 2 years)&#8230;<\/p>","protected":false},"author":196713191,"featured_media":2630,"parent":0,"menu_order":0,"comment_status":"closed","ping_status":"closed","template":"","meta":{"_kadence_starter_templates_imported_post":false,"_kad_post_transparent":"","_kad_post_title":"","_kad_post_layout":"","_kad_post_sidebar_id":"","_kad_post_content_style":"","_kad_post_vertical_padding":"","_kad_post_feature":"","_kad_post_feature_position":"","_kad_post_header":false,"_kad_post_footer":false,"_kad_post_classname":"","footnotes":""},"class_list":["post-1316","page","type-page","status-publish","has-post-thumbnail","hentry"],"_links":{"self":[{"href":"https:\/\/workerchecks.com\/es\/wp-json\/wp\/v2\/pages\/1316","targetHints":{"allow":["GET"]}}],"collection":[{"href":"https:\/\/workerchecks.com\/es\/wp-json\/wp\/v2\/pages"}],"about":[{"href":"https:\/\/workerchecks.com\/es\/wp-json\/wp\/v2\/types\/page"}],"author":[{"embeddable":true,"href":"https:\/\/workerchecks.com\/es\/wp-json\/wp\/v2\/users\/196713191"}],"replies":[{"embeddable":true,"href":"https:\/\/workerchecks.com\/es\/wp-json\/wp\/v2\/comments?post=1316"}],"version-history":[{"count":0,"href":"https:\/\/workerchecks.com\/es\/wp-json\/wp\/v2\/pages\/1316\/revisions"}],"wp:featuredmedia":[{"embeddable":true,"href":"https:\/\/workerchecks.com\/es\/wp-json\/wp\/v2\/media\/2630"}],"wp:attachment":[{"href":"https:\/\/workerchecks.com\/es\/wp-json\/wp\/v2\/media?parent=1316"}],"curies":[{"name":"wp","href":"https:\/\/api.w.org\/{rel}","templated":true}]}}